{"id":771,"date":"2021-07-14T20:58:41","date_gmt":"2021-07-14T20:58:41","guid":{"rendered":"https:\/\/www.rctkosovo.com\/activities\/mapping-reconciliation-initiatives-and-policies\/"},"modified":"2022-01-26T17:06:51","modified_gmt":"2022-01-26T17:06:51","slug":"mapping-reconciliation-initiatives-and-policies","status":"publish","type":"page","link":"https:\/\/cbmitrovica.org\/sr\/activities\/mapping-reconciliation-initiatives-and-policies\/","title":{"rendered":"Stvaranje registra inicijativa i politika usmerenih na pomirenje"},"content":{"rendered":"\n<p>Svrha festivala kafe je da pokrene dijalog izme\u0111u podeljenih zajednica oko zajedni\u010dkih svakodnevnih tema, koriste\u0107i svakodnevno ispijanje kafe kao naj\u010de\u0161\u0107u dru\u0161tvenu naviku na Kosovu kao metod za olak\u0161avanje po\u010detnog dijaloga. Jo\u0161 jedan doga\u0111aj fokusiran na zajedni\u010dke navike i univerzalne vrednosti svih zajednica je doga\u0111aj Sa\u010duvajmo planetu 22. aprila (Dan planete Zemlje).<\/p>\n","protected":false},"excerpt":{"rendered":"<p>Svrha festivala kafe je da pokrene dijalog izme\u0111u podeljenih zajednica oko zajedni\u010dkih svakodnevnih tema, koriste\u0107i svakodnevno ispijanje kafe kao naj\u010de\u0161\u0107u dru\u0161tvenu naviku na Kosovu kao metod za olak\u0161avanje po\u010detnog dijaloga. Jo\u0161 jedan doga\u0111aj fokusiran na zajedni\u010dke navike i univerzalne vrednosti svih zajednica je doga\u0111aj Sa\u010duvajmo planetu 22. aprila (Dan planete Zemlje).<\/p>\n","protected":false},"author":1,"featured_media":0,"parent":225,"menu_order":0,"comment_status":"closed","ping_status":"closed","template":"template-singleactiviti.php","meta":{"_bbp_topic_count":0,"_bbp_reply_count":0,"_bbp_total_topic_count":0,"_bbp_total_reply_count":0,"_bbp_voice_count":0,"_bbp_anonymous_reply_count":0,"_bbp_topic_count_hidden":0,"_bbp_reply_count_hidden":0,"_bbp_forum_subforum_count":0,"_monsterinsights_skip_tracking":false,"_monsterinsights_sitenote_active":false,"_monsterinsights_sitenote_note":"","_monsterinsights_sitenote_category":0,"footnotes":""},"class_list":["post-771","page","type-page","status-publish","hentry"],"acf":[],"yoast_head":"<!-- This site is optimized with the Yoast SEO plugin v24.2 - https:\/\/yoast.com\/wordpress\/plugins\/seo\/ -->\n<title>Stvaranje registra inicijativa i politika usmerenih na pomirenje - CBM - Community Building Mitrovica<\/title>\n<meta name=\"robots\" content=\"index, follow, max-snippet:-1, max-image-preview:large, max-video-preview:-1\" \/>\n<link rel=\"canonical\" href=\"https:\/\/cbmitrovica.org\/projects\/mapping-reconciliation-initiatives-and-policies\/\" \/>\n<meta property=\"og:locale\" content=\"sr_RS\" \/>\n<meta property=\"og:type\" content=\"article\" \/>\n<meta property=\"og:title\" content=\"Stvaranje registra inicijativa i politika usmerenih na pomirenje - CBM - Community Building Mitrovica\" \/>\n<meta property=\"og:description\" content=\"Svrha festivala kafe je da pokrene dijalog izme\u0111u podeljenih zajednica oko zajedni\u010dkih svakodnevnih tema, koriste\u0107i svakodnevno ispijanje kafe kao naj\u010de\u0161\u0107u dru\u0161tvenu naviku na Kosovu kao metod za olak\u0161avanje po\u010detnog dijaloga. Jo\u0161 jedan doga\u0111aj fokusiran na zajedni\u010dke navike i univerzalne vrednosti svih zajednica je doga\u0111aj Sa\u010duvajmo planetu 22. aprila (Dan planete Zemlje).\" \/>\n<meta property=\"og:url\" content=\"https:\/\/cbmitrovica.org\/projects\/mapping-reconciliation-initiatives-and-policies\/\" \/>\n<meta property=\"og:site_name\" content=\"CBM - Community Building Mitrovica\" \/>\n<meta property=\"article:modified_time\" content=\"2022-01-26T17:06:51+00:00\" \/>\n<meta property=\"og:image\" content=\"https:\/\/cbmitrovica.org\/wp-content\/uploads\/2021\/12\/viber-image-2021-12-21-15-40-54-153.jpg\" \/>\n\t<meta property=\"og:image:width\" content=\"1600\" \/>\n\t<meta property=\"og:image:height\" content=\"900\" \/>\n\t<meta property=\"og:image:type\" content=\"image\/jpeg\" \/>\n<meta name=\"twitter:card\" content=\"summary_large_image\" \/>\n<script type=\"application\/ld+json\" class=\"yoast-schema-graph\">{\"@context\":\"https:\/\/schema.org\",\"@graph\":[{\"@type\":\"WebPage\",\"@id\":\"https:\/\/cbmitrovica.org\/projects\/mapping-reconciliation-initiatives-and-policies\/\",\"url\":\"https:\/\/cbmitrovica.org\/projects\/mapping-reconciliation-initiatives-and-policies\/\",\"name\":\"Stvaranje registra inicijativa i politika usmerenih na pomirenje - CBM - Community Building Mitrovica\",\"isPartOf\":{\"@id\":\"https:\/\/cbmitrovica.org\/#website\"},\"datePublished\":\"2021-07-14T20:58:41+00:00\",\"dateModified\":\"2022-01-26T17:06:51+00:00\",\"breadcrumb\":{\"@id\":\"https:\/\/cbmitrovica.org\/projects\/mapping-reconciliation-initiatives-and-policies\/#breadcrumb\"},\"inLanguage\":\"sr-RS\",\"potentialAction\":[{\"@type\":\"ReadAction\",\"target\":[\"https:\/\/cbmitrovica.org\/projects\/mapping-reconciliation-initiatives-and-policies\/\"]}]},{\"@type\":\"BreadcrumbList\",\"@id\":\"https:\/\/cbmitrovica.org\/projects\/mapping-reconciliation-initiatives-and-policies\/#breadcrumb\",\"itemListElement\":[{\"@type\":\"ListItem\",\"position\":1,\"name\":\"Home\",\"item\":\"https:\/\/cbmitrovica.org\/sr\/\"},{\"@type\":\"ListItem\",\"position\":2,\"name\":\"Aktivnosti\",\"item\":\"https:\/\/cbmitrovica.org\/sr\/activities\/\"},{\"@type\":\"ListItem\",\"position\":3,\"name\":\"Stvaranje registra inicijativa i politika usmerenih na pomirenje\"}]},{\"@type\":\"WebSite\",\"@id\":\"https:\/\/cbmitrovica.org\/#website\",\"url\":\"https:\/\/cbmitrovica.org\/\",\"name\":\"CBM - Community Building Mitrovica\",\"description\":\"\",\"potentialAction\":[{\"@type\":\"SearchAction\",\"target\":{\"@type\":\"EntryPoint\",\"urlTemplate\":\"https:\/\/cbmitrovica.org\/?s={search_term_string}\"},\"query-input\":{\"@type\":\"PropertyValueSpecification\",\"valueRequired\":true,\"valueName\":\"search_term_string\"}}],\"inLanguage\":\"sr-RS\"}]}<\/script>\n<!-- \/ Yoast SEO plugin. -->","yoast_head_json":{"title":"Stvaranje registra inicijativa i politika usmerenih na pomirenje - CBM - Community Building Mitrovica","robots":{"index":"index","follow":"follow","max-snippet":"max-snippet:-1","max-image-preview":"max-image-preview:large","max-video-preview":"max-video-preview:-1"},"canonical":"https:\/\/cbmitrovica.org\/projects\/mapping-reconciliation-initiatives-and-policies\/","og_locale":"sr_RS","og_type":"article","og_title":"Stvaranje registra inicijativa i politika usmerenih na pomirenje - CBM - Community Building Mitrovica","og_description":"Svrha festivala kafe je da pokrene dijalog izme\u0111u podeljenih zajednica oko zajedni\u010dkih svakodnevnih tema, koriste\u0107i svakodnevno ispijanje kafe kao naj\u010de\u0161\u0107u dru\u0161tvenu naviku na Kosovu kao metod za olak\u0161avanje po\u010detnog dijaloga. Jo\u0161 jedan doga\u0111aj fokusiran na zajedni\u010dke navike i univerzalne vrednosti svih zajednica je doga\u0111aj Sa\u010duvajmo planetu 22. aprila (Dan planete Zemlje).","og_url":"https:\/\/cbmitrovica.org\/projects\/mapping-reconciliation-initiatives-and-policies\/","og_site_name":"CBM - Community Building Mitrovica","article_modified_time":"2022-01-26T17:06:51+00:00","og_image":[{"width":1600,"height":900,"url":"https:\/\/cbmitrovica.org\/wp-content\/uploads\/2021\/12\/viber-image-2021-12-21-15-40-54-153.jpg","type":"image\/jpeg"}],"twitter_card":"summary_large_image","schema":{"@context":"https:\/\/schema.org","@graph":[{"@type":"WebPage","@id":"https:\/\/cbmitrovica.org\/projects\/mapping-reconciliation-initiatives-and-policies\/","url":"https:\/\/cbmitrovica.org\/projects\/mapping-reconciliation-initiatives-and-policies\/","name":"Stvaranje registra inicijativa i politika usmerenih na pomirenje - CBM - Community Building Mitrovica","isPartOf":{"@id":"https:\/\/cbmitrovica.org\/#website"},"datePublished":"2021-07-14T20:58:41+00:00","dateModified":"2022-01-26T17:06:51+00:00","breadcrumb":{"@id":"https:\/\/cbmitrovica.org\/projects\/mapping-reconciliation-initiatives-and-policies\/#breadcrumb"},"inLanguage":"sr-RS","potentialAction":[{"@type":"ReadAction","target":["https:\/\/cbmitrovica.org\/projects\/mapping-reconciliation-initiatives-and-policies\/"]}]},{"@type":"BreadcrumbList","@id":"https:\/\/cbmitrovica.org\/projects\/mapping-reconciliation-initiatives-and-policies\/#breadcrumb","itemListElement":[{"@type":"ListItem","position":1,"name":"Home","item":"https:\/\/cbmitrovica.org\/sr\/"},{"@type":"ListItem","position":2,"name":"Aktivnosti","item":"https:\/\/cbmitrovica.org\/sr\/activities\/"},{"@type":"ListItem","position":3,"name":"Stvaranje registra inicijativa i politika usmerenih na pomirenje"}]},{"@type":"WebSite","@id":"https:\/\/cbmitrovica.org\/#website","url":"https:\/\/cbmitrovica.org\/","name":"CBM - Community Building Mitrovica","description":"","potentialAction":[{"@type":"SearchAction","target":{"@type":"EntryPoint","urlTemplate":"https:\/\/cbmitrovica.org\/?s={search_term_string}"},"query-input":{"@type":"PropertyValueSpecification","valueRequired":true,"valueName":"search_term_string"}}],"inLanguage":"sr-RS"}]}},"_links":{"self":[{"href":"https:\/\/cbmitrovica.org\/sr\/wp-json\/wp\/v2\/pages\/771","targetHints":{"allow":["GET"]}}],"collection":[{"href":"https:\/\/cbmitrovica.org\/sr\/wp-json\/wp\/v2\/pages"}],"about":[{"href":"https:\/\/cbmitrovica.org\/sr\/wp-json\/wp\/v2\/types\/page"}],"author":[{"embeddable":true,"href":"https:\/\/cbmitrovica.org\/sr\/wp-json\/wp\/v2\/users\/1"}],"replies":[{"embeddable":true,"href":"https:\/\/cbmitrovica.org\/sr\/wp-json\/wp\/v2\/comments?post=771"}],"version-history":[{"count":10,"href":"https:\/\/cbmitrovica.org\/sr\/wp-json\/wp\/v2\/pages\/771\/revisions"}],"predecessor-version":[{"id":1549,"href":"https:\/\/cbmitrovica.org\/sr\/wp-json\/wp\/v2\/pages\/771\/revisions\/1549"}],"up":[{"embeddable":true,"href":"https:\/\/cbmitrovica.org\/sr\/wp-json\/wp\/v2\/pages\/225"}],"wp:attachment":[{"href":"https:\/\/cbmitrovica.org\/sr\/wp-json\/wp\/v2\/media?parent=771"}],"curies":[{"name":"wp","href":"https:\/\/api.w.org\/{rel}","templated":true}]}}