{"id":770,"date":"2021-07-15T11:26:59","date_gmt":"2021-07-15T11:26:59","guid":{"rendered":"https:\/\/www.rctkosovo.com\/activities\/storytelling-teaching-reconciliation-through-culture-and-arts\/"},"modified":"2021-12-03T13:54:34","modified_gmt":"2021-12-03T13:54:34","slug":"storytelling-teaching-reconciliation-through-culture-and-arts","status":"publish","type":"page","link":"https:\/\/cbmitrovica.org\/sr\/activities\/storytelling-teaching-reconciliation-through-culture-and-arts\/","title":{"rendered":"Umetnost pripovedanja: Kako doprineti pomirenju kroz kulturu i umetnost"},"content":{"rendered":"\n<p>Verujemo da promene u zajednici mogu da donesu samo njeni \u010dlanovi i zato je RCT tim osigurao po\u0161tovanje ovog principa tako \u0161to pru\u017ee podr\u0161ku grupi od 25 mladih osoba iz regiona Mitrovice da upravo oni kroz pri\u010de, grafi\u010dki dizajn, film ili bilo koji drugi umetni\u010dki oblik pripovedanja do\u010daraju svoju viziju pomirenja i uzajamnog po\u0161tovanja.<\/p>\n\n\n\n<p>RCT tim polaznicima obuka, pripoveda\u010dima u nastajanju, omogu\u0107ava pristup digitalnim alatima ali ismo i razvili poseban alat \u2013 ovu veb platformu \u2013 na kojoj delimo pri\u010de i kreativni sadr\u017eaj o svim drugim srodnim aktivnostima sa \u0161irom publikom.<\/p>\n\n\n\n<p>.<\/p>\n","protected":false},"excerpt":{"rendered":"<p>Verujemo da promene u zajednici mogu da donesu samo njeni \u010dlanovi i zato je RCT tim osigurao po\u0161tovanje ovog principa tako \u0161to pru\u017ee podr\u0161ku grupi od 25 mladih osoba iz regiona Mitrovice da upravo oni kroz pri\u010de, grafi\u010dki dizajn, film ili bilo koji drugi umetni\u010dki oblik pripovedanja do\u010daraju svoju viziju pomirenja i uzajamnog po\u0161tovanja. RCT [&hellip;]<\/p>\n","protected":false},"author":1,"featured_media":0,"parent":225,"menu_order":0,"comment_status":"closed","ping_status":"closed","template":"template-singleactiviti.php","meta":{"_bbp_topic_count":0,"_bbp_reply_count":0,"_bbp_total_topic_count":0,"_bbp_total_reply_count":0,"_bbp_voice_count":0,"_bbp_anonymous_reply_count":0,"_bbp_topic_count_hidden":0,"_bbp_reply_count_hidden":0,"_bbp_forum_subforum_count":0,"_monsterinsights_skip_tracking":false,"_monsterinsights_sitenote_active":false,"_monsterinsights_sitenote_note":"","_monsterinsights_sitenote_category":0,"footnotes":""},"class_list":["post-770","page","type-page","status-publish","hentry"],"acf":[],"yoast_head":"<!-- This site is optimized with the Yoast SEO plugin v24.2 - https:\/\/yoast.com\/wordpress\/plugins\/seo\/ -->\n<title>Umetnost pripovedanja: Kako doprineti pomirenju kroz kulturu i umetnost - CBM - Community Building Mitrovica<\/title>\n<meta name=\"robots\" content=\"index, follow, max-snippet:-1, max-image-preview:large, max-video-preview:-1\" \/>\n<link rel=\"canonical\" href=\"https:\/\/cbmitrovica.org\/projects\/storytelling-teaching-reconciliation-through-culture-and-arts\/\" \/>\n<meta property=\"og:locale\" content=\"sr_RS\" \/>\n<meta property=\"og:type\" content=\"article\" \/>\n<meta property=\"og:title\" content=\"Umetnost pripovedanja: Kako doprineti pomirenju kroz kulturu i umetnost - CBM - Community Building Mitrovica\" \/>\n<meta property=\"og:description\" content=\"Verujemo da promene u zajednici mogu da donesu samo njeni \u010dlanovi i zato je RCT tim osigurao po\u0161tovanje ovog principa tako \u0161to pru\u017ee podr\u0161ku grupi od 25 mladih osoba iz regiona Mitrovice da upravo oni kroz pri\u010de, grafi\u010dki dizajn, film ili bilo koji drugi umetni\u010dki oblik pripovedanja do\u010daraju svoju viziju pomirenja i uzajamnog po\u0161tovanja. RCT [&hellip;]\" \/>\n<meta property=\"og:url\" content=\"https:\/\/cbmitrovica.org\/projects\/storytelling-teaching-reconciliation-through-culture-and-arts\/\" \/>\n<meta property=\"og:site_name\" content=\"CBM - Community Building Mitrovica\" \/>\n<meta property=\"article:modified_time\" content=\"2021-12-03T13:54:34+00:00\" \/>\n<meta property=\"og:image\" content=\"https:\/\/cbmitrovica.org\/wp-content\/uploads\/2021\/12\/viber-image-2021-12-21-15-40-54-153.jpg\" \/>\n\t<meta property=\"og:image:width\" content=\"1600\" \/>\n\t<meta property=\"og:image:height\" content=\"900\" \/>\n\t<meta property=\"og:image:type\" content=\"image\/jpeg\" \/>\n<meta name=\"twitter:card\" content=\"summary_large_image\" \/>\n<meta name=\"twitter:label1\" content=\"\u041f\u0440\u043e\u0446\u0435\u045a\u0435\u043d\u043e \u0432\u0440\u0435\u043c\u0435 \u0447\u0438\u0442\u0430\u045a\u0430\" \/>\n\t<meta name=\"twitter:data1\" content=\"1 \u043c\u0438\u043d\u0443\u0442\" \/>\n<script type=\"application\/ld+json\" class=\"yoast-schema-graph\">{\"@context\":\"https:\/\/schema.org\",\"@graph\":[{\"@type\":\"WebPage\",\"@id\":\"https:\/\/cbmitrovica.org\/projects\/storytelling-teaching-reconciliation-through-culture-and-arts\/\",\"url\":\"https:\/\/cbmitrovica.org\/projects\/storytelling-teaching-reconciliation-through-culture-and-arts\/\",\"name\":\"Umetnost pripovedanja: Kako doprineti pomirenju kroz kulturu i umetnost - CBM - Community Building Mitrovica\",\"isPartOf\":{\"@id\":\"https:\/\/cbmitrovica.org\/#website\"},\"datePublished\":\"2021-07-15T11:26:59+00:00\",\"dateModified\":\"2021-12-03T13:54:34+00:00\",\"breadcrumb\":{\"@id\":\"https:\/\/cbmitrovica.org\/projects\/storytelling-teaching-reconciliation-through-culture-and-arts\/#breadcrumb\"},\"inLanguage\":\"sr-RS\",\"potentialAction\":[{\"@type\":\"ReadAction\",\"target\":[\"https:\/\/cbmitrovica.org\/projects\/storytelling-teaching-reconciliation-through-culture-and-arts\/\"]}]},{\"@type\":\"BreadcrumbList\",\"@id\":\"https:\/\/cbmitrovica.org\/projects\/storytelling-teaching-reconciliation-through-culture-and-arts\/#breadcrumb\",\"itemListElement\":[{\"@type\":\"ListItem\",\"position\":1,\"name\":\"Home\",\"item\":\"https:\/\/cbmitrovica.org\/sr\/\"},{\"@type\":\"ListItem\",\"position\":2,\"name\":\"Aktivnosti\",\"item\":\"https:\/\/cbmitrovica.org\/sr\/activities\/\"},{\"@type\":\"ListItem\",\"position\":3,\"name\":\"Umetnost pripovedanja: Kako doprineti pomirenju kroz kulturu i umetnost\"}]},{\"@type\":\"WebSite\",\"@id\":\"https:\/\/cbmitrovica.org\/#website\",\"url\":\"https:\/\/cbmitrovica.org\/\",\"name\":\"CBM - Community Building Mitrovica\",\"description\":\"\",\"potentialAction\":[{\"@type\":\"SearchAction\",\"target\":{\"@type\":\"EntryPoint\",\"urlTemplate\":\"https:\/\/cbmitrovica.org\/?s={search_term_string}\"},\"query-input\":{\"@type\":\"PropertyValueSpecification\",\"valueRequired\":true,\"valueName\":\"search_term_string\"}}],\"inLanguage\":\"sr-RS\"}]}<\/script>\n<!-- \/ Yoast SEO plugin. -->","yoast_head_json":{"title":"Umetnost pripovedanja: Kako doprineti pomirenju kroz kulturu i umetnost - CBM - Community Building Mitrovica","robots":{"index":"index","follow":"follow","max-snippet":"max-snippet:-1","max-image-preview":"max-image-preview:large","max-video-preview":"max-video-preview:-1"},"canonical":"https:\/\/cbmitrovica.org\/projects\/storytelling-teaching-reconciliation-through-culture-and-arts\/","og_locale":"sr_RS","og_type":"article","og_title":"Umetnost pripovedanja: Kako doprineti pomirenju kroz kulturu i umetnost - CBM - Community Building Mitrovica","og_description":"Verujemo da promene u zajednici mogu da donesu samo njeni \u010dlanovi i zato je RCT tim osigurao po\u0161tovanje ovog principa tako \u0161to pru\u017ee podr\u0161ku grupi od 25 mladih osoba iz regiona Mitrovice da upravo oni kroz pri\u010de, grafi\u010dki dizajn, film ili bilo koji drugi umetni\u010dki oblik pripovedanja do\u010daraju svoju viziju pomirenja i uzajamnog po\u0161tovanja. RCT [&hellip;]","og_url":"https:\/\/cbmitrovica.org\/projects\/storytelling-teaching-reconciliation-through-culture-and-arts\/","og_site_name":"CBM - Community Building Mitrovica","article_modified_time":"2021-12-03T13:54:34+00:00","og_image":[{"width":1600,"height":900,"url":"https:\/\/cbmitrovica.org\/wp-content\/uploads\/2021\/12\/viber-image-2021-12-21-15-40-54-153.jpg","type":"image\/jpeg"}],"twitter_card":"summary_large_image","twitter_misc":{"\u041f\u0440\u043e\u0446\u0435\u045a\u0435\u043d\u043e \u0432\u0440\u0435\u043c\u0435 \u0447\u0438\u0442\u0430\u045a\u0430":"1 \u043c\u0438\u043d\u0443\u0442"},"schema":{"@context":"https:\/\/schema.org","@graph":[{"@type":"WebPage","@id":"https:\/\/cbmitrovica.org\/projects\/storytelling-teaching-reconciliation-through-culture-and-arts\/","url":"https:\/\/cbmitrovica.org\/projects\/storytelling-teaching-reconciliation-through-culture-and-arts\/","name":"Umetnost pripovedanja: Kako doprineti pomirenju kroz kulturu i umetnost - CBM - Community Building Mitrovica","isPartOf":{"@id":"https:\/\/cbmitrovica.org\/#website"},"datePublished":"2021-07-15T11:26:59+00:00","dateModified":"2021-12-03T13:54:34+00:00","breadcrumb":{"@id":"https:\/\/cbmitrovica.org\/projects\/storytelling-teaching-reconciliation-through-culture-and-arts\/#breadcrumb"},"inLanguage":"sr-RS","potentialAction":[{"@type":"ReadAction","target":["https:\/\/cbmitrovica.org\/projects\/storytelling-teaching-reconciliation-through-culture-and-arts\/"]}]},{"@type":"BreadcrumbList","@id":"https:\/\/cbmitrovica.org\/projects\/storytelling-teaching-reconciliation-through-culture-and-arts\/#breadcrumb","itemListElement":[{"@type":"ListItem","position":1,"name":"Home","item":"https:\/\/cbmitrovica.org\/sr\/"},{"@type":"ListItem","position":2,"name":"Aktivnosti","item":"https:\/\/cbmitrovica.org\/sr\/activities\/"},{"@type":"ListItem","position":3,"name":"Umetnost pripovedanja: Kako doprineti pomirenju kroz kulturu i umetnost"}]},{"@type":"WebSite","@id":"https:\/\/cbmitrovica.org\/#website","url":"https:\/\/cbmitrovica.org\/","name":"CBM - Community Building Mitrovica","description":"","potentialAction":[{"@type":"SearchAction","target":{"@type":"EntryPoint","urlTemplate":"https:\/\/cbmitrovica.org\/?s={search_term_string}"},"query-input":{"@type":"PropertyValueSpecification","valueRequired":true,"valueName":"search_term_string"}}],"inLanguage":"sr-RS"}]}},"_links":{"self":[{"href":"https:\/\/cbmitrovica.org\/sr\/wp-json\/wp\/v2\/pages\/770","targetHints":{"allow":["GET"]}}],"collection":[{"href":"https:\/\/cbmitrovica.org\/sr\/wp-json\/wp\/v2\/pages"}],"about":[{"href":"https:\/\/cbmitrovica.org\/sr\/wp-json\/wp\/v2\/types\/page"}],"author":[{"embeddable":true,"href":"https:\/\/cbmitrovica.org\/sr\/wp-json\/wp\/v2\/users\/1"}],"replies":[{"embeddable":true,"href":"https:\/\/cbmitrovica.org\/sr\/wp-json\/wp\/v2\/comments?post=770"}],"version-history":[{"count":5,"href":"https:\/\/cbmitrovica.org\/sr\/wp-json\/wp\/v2\/pages\/770\/revisions"}],"predecessor-version":[{"id":1214,"href":"https:\/\/cbmitrovica.org\/sr\/wp-json\/wp\/v2\/pages\/770\/revisions\/1214"}],"up":[{"embeddable":true,"href":"https:\/\/cbmitrovica.org\/sr\/wp-json\/wp\/v2\/pages\/225"}],"wp:attachment":[{"href":"https:\/\/cbmitrovica.org\/sr\/wp-json\/wp\/v2\/media?parent=770"}],"curies":[{"name":"wp","href":"https:\/\/api.w.org\/{rel}","templated":true}]}}