{"id":382566,"date":"2026-01-23T09:54:31","date_gmt":"2026-01-23T09:54:31","guid":{"rendered":"https:\/\/cbmitrovica.org\/?page_id=382566"},"modified":"2026-01-23T09:54:32","modified_gmt":"2026-01-23T09:54:32","slug":"omladinska-aktivnost-u-podrsci-deci-i-mladima-sa-posebnim-potrebama","status":"publish","type":"page","link":"https:\/\/cbmitrovica.org\/sr\/activities\/omladinska-aktivnost-u-podrsci-deci-i-mladima-sa-posebnim-potrebama\/","title":{"rendered":"Omladinska aktivnost u podr\u0161ci deci i mladima sa posebnim potrebama"},"content":{"rendered":"\n<p>U okviru projekta \u201ePodsticanje me\u0111uetni\u010dke saradnje i gra\u0111anskog anga\u017emana mladih\u201c, grupa mladih sa kojima radimo odlu\u010dila je da tokom prazni\u010dne sezone organizuje dru\u0161tvenu aktivnost. Vo\u0111eni sopstvenim idejama i vrednostima, mladi su odlu\u010dili da pripreme i uru\u010de novogodi\u0161nje poklone korisnicima centra \u201ePodr\u017ei me\u201c, koji radi sa decom i mladima sa razvojnim smetnjama. Kroz ovu inicijativu \u017eeleli su da donesu toplinu i ose\u0107aj uklju\u010denosti onima koji su \u010desto na marginama dru\u0161tva. Ova aktivnost odra\u017eava duh empatije i pokazuje kako mladi mogu aktivno doprineti svojim zajednicama kada im se pru\u017ee prostor i poverenje.<br>Zahvaljujemo se NED-u,\u00a0(National Endowment for Democracy \u2013 NED)\u00a0na podr\u0161ci ovom projektu i omogu\u0107avanju realizacije omladinskih inicijativa poput ove.<\/p>\n","protected":false},"excerpt":{"rendered":"<p>U okviru projekta \u201ePodsticanje me\u0111uetni\u010dke saradnje i gra\u0111anskog anga\u017emana mladih\u201c, grupa mladih sa kojima radimo odlu\u010dila je da tokom prazni\u010dne sezone organizuje dru\u0161tvenu aktivnost. Vo\u0111eni sopstvenim idejama i vrednostima, mladi su odlu\u010dili da pripreme i uru\u010de novogodi\u0161nje poklone korisnicima centra \u201ePodr\u017ei me\u201c, koji radi sa decom i mladima sa razvojnim smetnjama. Kroz ovu inicijativu \u017eeleli [&hellip;]<\/p>\n","protected":false},"author":297,"featured_media":0,"parent":225,"menu_order":0,"comment_status":"closed","ping_status":"closed","template":"template-singleactiviti.php","meta":{"_bbp_topic_count":0,"_bbp_reply_count":0,"_bbp_total_topic_count":0,"_bbp_total_reply_count":0,"_bbp_voice_count":0,"_bbp_anonymous_reply_count":0,"_bbp_topic_count_hidden":0,"_bbp_reply_count_hidden":0,"_bbp_forum_subforum_count":0,"_monsterinsights_skip_tracking":false,"_monsterinsights_sitenote_active":false,"_monsterinsights_sitenote_note":"","_monsterinsights_sitenote_category":0,"footnotes":""},"class_list":["post-382566","page","type-page","status-publish","hentry"],"acf":[],"yoast_head":"<!-- This site is optimized with the Yoast SEO plugin v24.2 - https:\/\/yoast.com\/wordpress\/plugins\/seo\/ -->\n<title>Omladinska aktivnost u podr\u0161ci deci i mladima sa posebnim potrebama - CBM - Community Building Mitrovica<\/title>\n<meta name=\"robots\" content=\"index, follow, max-snippet:-1, max-image-preview:large, max-video-preview:-1\" \/>\n<link rel=\"canonical\" href=\"https:\/\/cbmitrovica.org\/sr\/activities\/omladinska-aktivnost-u-podrsci-deci-i-mladima-sa-posebnim-potrebama\/\" \/>\n<meta property=\"og:locale\" content=\"sr_RS\" \/>\n<meta property=\"og:type\" content=\"article\" \/>\n<meta property=\"og:title\" content=\"Omladinska aktivnost u podr\u0161ci deci i mladima sa posebnim potrebama - CBM - Community Building Mitrovica\" \/>\n<meta property=\"og:description\" content=\"U okviru projekta \u201ePodsticanje me\u0111uetni\u010dke saradnje i gra\u0111anskog anga\u017emana mladih\u201c, grupa mladih sa kojima radimo odlu\u010dila je da tokom prazni\u010dne sezone organizuje dru\u0161tvenu aktivnost. Vo\u0111eni sopstvenim idejama i vrednostima, mladi su odlu\u010dili da pripreme i uru\u010de novogodi\u0161nje poklone korisnicima centra \u201ePodr\u017ei me\u201c, koji radi sa decom i mladima sa razvojnim smetnjama. Kroz ovu inicijativu \u017eeleli [&hellip;]\" \/>\n<meta property=\"og:url\" content=\"https:\/\/cbmitrovica.org\/sr\/activities\/omladinska-aktivnost-u-podrsci-deci-i-mladima-sa-posebnim-potrebama\/\" \/>\n<meta property=\"og:site_name\" content=\"CBM - Community Building Mitrovica\" \/>\n<meta property=\"article:modified_time\" content=\"2026-01-23T09:54:32+00:00\" \/>\n<meta property=\"og:image\" content=\"https:\/\/cbmitrovica.org\/wp-content\/uploads\/2021\/12\/viber-image-2021-12-21-15-40-54-153.jpg\" \/>\n\t<meta property=\"og:image:width\" content=\"1600\" \/>\n\t<meta property=\"og:image:height\" content=\"900\" \/>\n\t<meta property=\"og:image:type\" content=\"image\/jpeg\" \/>\n<meta name=\"twitter:card\" content=\"summary_large_image\" \/>\n<meta name=\"twitter:label1\" content=\"\u041f\u0440\u043e\u0446\u0435\u045a\u0435\u043d\u043e \u0432\u0440\u0435\u043c\u0435 \u0447\u0438\u0442\u0430\u045a\u0430\" \/>\n\t<meta name=\"twitter:data1\" content=\"1 \u043c\u0438\u043d\u0443\u0442\" \/>\n<script type=\"application\/ld+json\" class=\"yoast-schema-graph\">{\"@context\":\"https:\/\/schema.org\",\"@graph\":[{\"@type\":\"WebPage\",\"@id\":\"https:\/\/cbmitrovica.org\/sr\/activities\/omladinska-aktivnost-u-podrsci-deci-i-mladima-sa-posebnim-potrebama\/\",\"url\":\"https:\/\/cbmitrovica.org\/sr\/activities\/omladinska-aktivnost-u-podrsci-deci-i-mladima-sa-posebnim-potrebama\/\",\"name\":\"Omladinska aktivnost u podr\u0161ci deci i mladima sa posebnim potrebama - CBM - Community Building Mitrovica\",\"isPartOf\":{\"@id\":\"https:\/\/cbmitrovica.org\/#website\"},\"datePublished\":\"2026-01-23T09:54:31+00:00\",\"dateModified\":\"2026-01-23T09:54:32+00:00\",\"breadcrumb\":{\"@id\":\"https:\/\/cbmitrovica.org\/sr\/activities\/omladinska-aktivnost-u-podrsci-deci-i-mladima-sa-posebnim-potrebama\/#breadcrumb\"},\"inLanguage\":\"sr-RS\",\"potentialAction\":[{\"@type\":\"ReadAction\",\"target\":[\"https:\/\/cbmitrovica.org\/sr\/activities\/omladinska-aktivnost-u-podrsci-deci-i-mladima-sa-posebnim-potrebama\/\"]}]},{\"@type\":\"BreadcrumbList\",\"@id\":\"https:\/\/cbmitrovica.org\/sr\/activities\/omladinska-aktivnost-u-podrsci-deci-i-mladima-sa-posebnim-potrebama\/#breadcrumb\",\"itemListElement\":[{\"@type\":\"ListItem\",\"position\":1,\"name\":\"Home\",\"item\":\"https:\/\/cbmitrovica.org\/sr\/\"},{\"@type\":\"ListItem\",\"position\":2,\"name\":\"Aktivnosti\",\"item\":\"https:\/\/cbmitrovica.org\/sr\/activities\/\"},{\"@type\":\"ListItem\",\"position\":3,\"name\":\"Omladinska aktivnost u podr\u0161ci deci i mladima sa posebnim potrebama\"}]},{\"@type\":\"WebSite\",\"@id\":\"https:\/\/cbmitrovica.org\/#website\",\"url\":\"https:\/\/cbmitrovica.org\/\",\"name\":\"CBM - Community Building Mitrovica\",\"description\":\"\",\"potentialAction\":[{\"@type\":\"SearchAction\",\"target\":{\"@type\":\"EntryPoint\",\"urlTemplate\":\"https:\/\/cbmitrovica.org\/?s={search_term_string}\"},\"query-input\":{\"@type\":\"PropertyValueSpecification\",\"valueRequired\":true,\"valueName\":\"search_term_string\"}}],\"inLanguage\":\"sr-RS\"}]}<\/script>\n<!-- \/ Yoast SEO plugin. -->","yoast_head_json":{"title":"Omladinska aktivnost u podr\u0161ci deci i mladima sa posebnim potrebama - CBM - Community Building Mitrovica","robots":{"index":"index","follow":"follow","max-snippet":"max-snippet:-1","max-image-preview":"max-image-preview:large","max-video-preview":"max-video-preview:-1"},"canonical":"https:\/\/cbmitrovica.org\/sr\/activities\/omladinska-aktivnost-u-podrsci-deci-i-mladima-sa-posebnim-potrebama\/","og_locale":"sr_RS","og_type":"article","og_title":"Omladinska aktivnost u podr\u0161ci deci i mladima sa posebnim potrebama - CBM - Community Building Mitrovica","og_description":"U okviru projekta \u201ePodsticanje me\u0111uetni\u010dke saradnje i gra\u0111anskog anga\u017emana mladih\u201c, grupa mladih sa kojima radimo odlu\u010dila je da tokom prazni\u010dne sezone organizuje dru\u0161tvenu aktivnost. Vo\u0111eni sopstvenim idejama i vrednostima, mladi su odlu\u010dili da pripreme i uru\u010de novogodi\u0161nje poklone korisnicima centra \u201ePodr\u017ei me\u201c, koji radi sa decom i mladima sa razvojnim smetnjama. Kroz ovu inicijativu \u017eeleli [&hellip;]","og_url":"https:\/\/cbmitrovica.org\/sr\/activities\/omladinska-aktivnost-u-podrsci-deci-i-mladima-sa-posebnim-potrebama\/","og_site_name":"CBM - Community Building Mitrovica","article_modified_time":"2026-01-23T09:54:32+00:00","og_image":[{"width":1600,"height":900,"url":"https:\/\/cbmitrovica.org\/wp-content\/uploads\/2021\/12\/viber-image-2021-12-21-15-40-54-153.jpg","type":"image\/jpeg"}],"twitter_card":"summary_large_image","twitter_misc":{"\u041f\u0440\u043e\u0446\u0435\u045a\u0435\u043d\u043e \u0432\u0440\u0435\u043c\u0435 \u0447\u0438\u0442\u0430\u045a\u0430":"1 \u043c\u0438\u043d\u0443\u0442"},"schema":{"@context":"https:\/\/schema.org","@graph":[{"@type":"WebPage","@id":"https:\/\/cbmitrovica.org\/sr\/activities\/omladinska-aktivnost-u-podrsci-deci-i-mladima-sa-posebnim-potrebama\/","url":"https:\/\/cbmitrovica.org\/sr\/activities\/omladinska-aktivnost-u-podrsci-deci-i-mladima-sa-posebnim-potrebama\/","name":"Omladinska aktivnost u podr\u0161ci deci i mladima sa posebnim potrebama - CBM - Community Building Mitrovica","isPartOf":{"@id":"https:\/\/cbmitrovica.org\/#website"},"datePublished":"2026-01-23T09:54:31+00:00","dateModified":"2026-01-23T09:54:32+00:00","breadcrumb":{"@id":"https:\/\/cbmitrovica.org\/sr\/activities\/omladinska-aktivnost-u-podrsci-deci-i-mladima-sa-posebnim-potrebama\/#breadcrumb"},"inLanguage":"sr-RS","potentialAction":[{"@type":"ReadAction","target":["https:\/\/cbmitrovica.org\/sr\/activities\/omladinska-aktivnost-u-podrsci-deci-i-mladima-sa-posebnim-potrebama\/"]}]},{"@type":"BreadcrumbList","@id":"https:\/\/cbmitrovica.org\/sr\/activities\/omladinska-aktivnost-u-podrsci-deci-i-mladima-sa-posebnim-potrebama\/#breadcrumb","itemListElement":[{"@type":"ListItem","position":1,"name":"Home","item":"https:\/\/cbmitrovica.org\/sr\/"},{"@type":"ListItem","position":2,"name":"Aktivnosti","item":"https:\/\/cbmitrovica.org\/sr\/activities\/"},{"@type":"ListItem","position":3,"name":"Omladinska aktivnost u podr\u0161ci deci i mladima sa posebnim potrebama"}]},{"@type":"WebSite","@id":"https:\/\/cbmitrovica.org\/#website","url":"https:\/\/cbmitrovica.org\/","name":"CBM - Community Building Mitrovica","description":"","potentialAction":[{"@type":"SearchAction","target":{"@type":"EntryPoint","urlTemplate":"https:\/\/cbmitrovica.org\/?s={search_term_string}"},"query-input":{"@type":"PropertyValueSpecification","valueRequired":true,"valueName":"search_term_string"}}],"inLanguage":"sr-RS"}]}},"_links":{"self":[{"href":"https:\/\/cbmitrovica.org\/sr\/wp-json\/wp\/v2\/pages\/382566","targetHints":{"allow":["GET"]}}],"collection":[{"href":"https:\/\/cbmitrovica.org\/sr\/wp-json\/wp\/v2\/pages"}],"about":[{"href":"https:\/\/cbmitrovica.org\/sr\/wp-json\/wp\/v2\/types\/page"}],"author":[{"embeddable":true,"href":"https:\/\/cbmitrovica.org\/sr\/wp-json\/wp\/v2\/users\/297"}],"replies":[{"embeddable":true,"href":"https:\/\/cbmitrovica.org\/sr\/wp-json\/wp\/v2\/comments?post=382566"}],"version-history":[{"count":2,"href":"https:\/\/cbmitrovica.org\/sr\/wp-json\/wp\/v2\/pages\/382566\/revisions"}],"predecessor-version":[{"id":382568,"href":"https:\/\/cbmitrovica.org\/sr\/wp-json\/wp\/v2\/pages\/382566\/revisions\/382568"}],"up":[{"embeddable":true,"href":"https:\/\/cbmitrovica.org\/sr\/wp-json\/wp\/v2\/pages\/225"}],"wp:attachment":[{"href":"https:\/\/cbmitrovica.org\/sr\/wp-json\/wp\/v2\/media?parent=382566"}],"curies":[{"name":"wp","href":"https:\/\/api.w.org\/{rel}","templated":true}]}}