{"id":382512,"date":"2026-01-23T09:14:50","date_gmt":"2026-01-23T09:14:50","guid":{"rendered":"https:\/\/cbmitrovica.org\/?page_id=382512"},"modified":"2026-01-23T09:14:50","modified_gmt":"2026-01-23T09:14:50","slug":"skola-gradjanskog-vaspitanja","status":"publish","type":"page","link":"https:\/\/cbmitrovica.org\/sr\/activities\/skola-gradjanskog-vaspitanja\/","title":{"rendered":"\u0160kola gra\u0111anskog vaspitanja"},"content":{"rendered":"\n<p>U okviru projekta \u201eJa\u010danje me\u0111uetni\u010dke saradnje i gra\u0111anskog anga\u017eovanja mladih\u201c, koji je podr\u017eao NED, CBM je realizovao sesije \u0160kole gra\u0111anskog vaspitanja, okupljaju\u0107i 34 mladih iz Severne i Ju\u017ene Mitrovice, Zubinog Potoka, Zve\u010dana i Leposavi\u0107a. Ukupno su organizovane 32 sesije, koje su se odr\u017eavale dva puta nedeljno, a obuhvatile su klju\u010dne teme poput ljudskih prava, nenasilne komunikacije, kriti\u010dkog mi\u0161ljenja, prevencije vr\u0161nja\u010dkog nasilja, medijske pismenosti, rodne ravnopravnosti i interkulturnog dijaloga. Program nije samo unapredio znanja i ve\u0161tine mladih za gra\u0111ansko u\u010de\u0161\u0107e, ve\u0107 je pru\u017eio i zna\u010dajan prostor za me\u0111uetni\u010dku razmenu, poma\u017eu\u0107i u\u010desnicima da izgrade poverenje, me\u0111usobno razumevanje i otpornost kako bi postali aktivni i anga\u017eovani \u010dlanovi svojih zajednica.<\/p>\n\n\n\n<p><\/p>\n","protected":false},"excerpt":{"rendered":"<p>U okviru projekta \u201eJa\u010danje me\u0111uetni\u010dke saradnje i gra\u0111anskog anga\u017eovanja mladih\u201c, koji je podr\u017eao NED, CBM je realizovao sesije \u0160kole gra\u0111anskog vaspitanja, okupljaju\u0107i 34 mladih iz Severne i Ju\u017ene Mitrovice, Zubinog Potoka, Zve\u010dana i Leposavi\u0107a. Ukupno su organizovane 32 sesije, koje su se odr\u017eavale dva puta nedeljno, a obuhvatile su klju\u010dne teme poput ljudskih prava, nenasilne [&hellip;]<\/p>\n","protected":false},"author":297,"featured_media":0,"parent":225,"menu_order":0,"comment_status":"closed","ping_status":"closed","template":"template-singleactiviti.php","meta":{"_bbp_topic_count":0,"_bbp_reply_count":0,"_bbp_total_topic_count":0,"_bbp_total_reply_count":0,"_bbp_voice_count":0,"_bbp_anonymous_reply_count":0,"_bbp_topic_count_hidden":0,"_bbp_reply_count_hidden":0,"_bbp_forum_subforum_count":0,"_monsterinsights_skip_tracking":false,"_monsterinsights_sitenote_active":false,"_monsterinsights_sitenote_note":"","_monsterinsights_sitenote_category":0,"footnotes":""},"class_list":["post-382512","page","type-page","status-publish","hentry"],"acf":[],"yoast_head":"<!-- This site is optimized with the Yoast SEO plugin v24.2 - https:\/\/yoast.com\/wordpress\/plugins\/seo\/ -->\n<title>\u0160kola gra\u0111anskog vaspitanja - CBM - Community Building Mitrovica<\/title>\n<meta name=\"robots\" content=\"index, follow, max-snippet:-1, max-image-preview:large, max-video-preview:-1\" \/>\n<link rel=\"canonical\" href=\"https:\/\/cbmitrovica.org\/sr\/activities\/skola-gradjanskog-vaspitanja\/\" \/>\n<meta property=\"og:locale\" content=\"sr_RS\" \/>\n<meta property=\"og:type\" content=\"article\" \/>\n<meta property=\"og:title\" content=\"\u0160kola gra\u0111anskog vaspitanja - CBM - Community Building Mitrovica\" \/>\n<meta property=\"og:description\" content=\"U okviru projekta \u201eJa\u010danje me\u0111uetni\u010dke saradnje i gra\u0111anskog anga\u017eovanja mladih\u201c, koji je podr\u017eao NED, CBM je realizovao sesije \u0160kole gra\u0111anskog vaspitanja, okupljaju\u0107i 34 mladih iz Severne i Ju\u017ene Mitrovice, Zubinog Potoka, Zve\u010dana i Leposavi\u0107a. Ukupno su organizovane 32 sesije, koje su se odr\u017eavale dva puta nedeljno, a obuhvatile su klju\u010dne teme poput ljudskih prava, nenasilne [&hellip;]\" \/>\n<meta property=\"og:url\" content=\"https:\/\/cbmitrovica.org\/sr\/activities\/skola-gradjanskog-vaspitanja\/\" \/>\n<meta property=\"og:site_name\" content=\"CBM - Community Building Mitrovica\" \/>\n<meta property=\"og:image\" content=\"https:\/\/cbmitrovica.org\/wp-content\/uploads\/2021\/12\/viber-image-2021-12-21-15-40-54-153.jpg\" \/>\n\t<meta property=\"og:image:width\" content=\"1600\" \/>\n\t<meta property=\"og:image:height\" content=\"900\" \/>\n\t<meta property=\"og:image:type\" content=\"image\/jpeg\" \/>\n<meta name=\"twitter:card\" content=\"summary_large_image\" \/>\n<meta name=\"twitter:label1\" content=\"\u041f\u0440\u043e\u0446\u0435\u045a\u0435\u043d\u043e \u0432\u0440\u0435\u043c\u0435 \u0447\u0438\u0442\u0430\u045a\u0430\" \/>\n\t<meta name=\"twitter:data1\" content=\"1 \u043c\u0438\u043d\u0443\u0442\" \/>\n<script type=\"application\/ld+json\" class=\"yoast-schema-graph\">{\"@context\":\"https:\/\/schema.org\",\"@graph\":[{\"@type\":\"WebPage\",\"@id\":\"https:\/\/cbmitrovica.org\/sr\/activities\/skola-gradjanskog-vaspitanja\/\",\"url\":\"https:\/\/cbmitrovica.org\/sr\/activities\/skola-gradjanskog-vaspitanja\/\",\"name\":\"\u0160kola gra\u0111anskog vaspitanja - CBM - Community Building Mitrovica\",\"isPartOf\":{\"@id\":\"https:\/\/cbmitrovica.org\/#website\"},\"datePublished\":\"2026-01-23T09:14:50+00:00\",\"dateModified\":\"2026-01-23T09:14:50+00:00\",\"breadcrumb\":{\"@id\":\"https:\/\/cbmitrovica.org\/sr\/activities\/skola-gradjanskog-vaspitanja\/#breadcrumb\"},\"inLanguage\":\"sr-RS\",\"potentialAction\":[{\"@type\":\"ReadAction\",\"target\":[\"https:\/\/cbmitrovica.org\/sr\/activities\/skola-gradjanskog-vaspitanja\/\"]}]},{\"@type\":\"BreadcrumbList\",\"@id\":\"https:\/\/cbmitrovica.org\/sr\/activities\/skola-gradjanskog-vaspitanja\/#breadcrumb\",\"itemListElement\":[{\"@type\":\"ListItem\",\"position\":1,\"name\":\"Home\",\"item\":\"https:\/\/cbmitrovica.org\/sr\/\"},{\"@type\":\"ListItem\",\"position\":2,\"name\":\"Aktivnosti\",\"item\":\"https:\/\/cbmitrovica.org\/sr\/activities\/\"},{\"@type\":\"ListItem\",\"position\":3,\"name\":\"\u0160kola gra\u0111anskog vaspitanja\"}]},{\"@type\":\"WebSite\",\"@id\":\"https:\/\/cbmitrovica.org\/#website\",\"url\":\"https:\/\/cbmitrovica.org\/\",\"name\":\"CBM - Community Building Mitrovica\",\"description\":\"\",\"potentialAction\":[{\"@type\":\"SearchAction\",\"target\":{\"@type\":\"EntryPoint\",\"urlTemplate\":\"https:\/\/cbmitrovica.org\/?s={search_term_string}\"},\"query-input\":{\"@type\":\"PropertyValueSpecification\",\"valueRequired\":true,\"valueName\":\"search_term_string\"}}],\"inLanguage\":\"sr-RS\"}]}<\/script>\n<!-- \/ Yoast SEO plugin. -->","yoast_head_json":{"title":"\u0160kola gra\u0111anskog vaspitanja - CBM - Community Building Mitrovica","robots":{"index":"index","follow":"follow","max-snippet":"max-snippet:-1","max-image-preview":"max-image-preview:large","max-video-preview":"max-video-preview:-1"},"canonical":"https:\/\/cbmitrovica.org\/sr\/activities\/skola-gradjanskog-vaspitanja\/","og_locale":"sr_RS","og_type":"article","og_title":"\u0160kola gra\u0111anskog vaspitanja - CBM - Community Building Mitrovica","og_description":"U okviru projekta \u201eJa\u010danje me\u0111uetni\u010dke saradnje i gra\u0111anskog anga\u017eovanja mladih\u201c, koji je podr\u017eao NED, CBM je realizovao sesije \u0160kole gra\u0111anskog vaspitanja, okupljaju\u0107i 34 mladih iz Severne i Ju\u017ene Mitrovice, Zubinog Potoka, Zve\u010dana i Leposavi\u0107a. Ukupno su organizovane 32 sesije, koje su se odr\u017eavale dva puta nedeljno, a obuhvatile su klju\u010dne teme poput ljudskih prava, nenasilne [&hellip;]","og_url":"https:\/\/cbmitrovica.org\/sr\/activities\/skola-gradjanskog-vaspitanja\/","og_site_name":"CBM - Community Building Mitrovica","og_image":[{"width":1600,"height":900,"url":"https:\/\/cbmitrovica.org\/wp-content\/uploads\/2021\/12\/viber-image-2021-12-21-15-40-54-153.jpg","type":"image\/jpeg"}],"twitter_card":"summary_large_image","twitter_misc":{"\u041f\u0440\u043e\u0446\u0435\u045a\u0435\u043d\u043e \u0432\u0440\u0435\u043c\u0435 \u0447\u0438\u0442\u0430\u045a\u0430":"1 \u043c\u0438\u043d\u0443\u0442"},"schema":{"@context":"https:\/\/schema.org","@graph":[{"@type":"WebPage","@id":"https:\/\/cbmitrovica.org\/sr\/activities\/skola-gradjanskog-vaspitanja\/","url":"https:\/\/cbmitrovica.org\/sr\/activities\/skola-gradjanskog-vaspitanja\/","name":"\u0160kola gra\u0111anskog vaspitanja - CBM - Community Building Mitrovica","isPartOf":{"@id":"https:\/\/cbmitrovica.org\/#website"},"datePublished":"2026-01-23T09:14:50+00:00","dateModified":"2026-01-23T09:14:50+00:00","breadcrumb":{"@id":"https:\/\/cbmitrovica.org\/sr\/activities\/skola-gradjanskog-vaspitanja\/#breadcrumb"},"inLanguage":"sr-RS","potentialAction":[{"@type":"ReadAction","target":["https:\/\/cbmitrovica.org\/sr\/activities\/skola-gradjanskog-vaspitanja\/"]}]},{"@type":"BreadcrumbList","@id":"https:\/\/cbmitrovica.org\/sr\/activities\/skola-gradjanskog-vaspitanja\/#breadcrumb","itemListElement":[{"@type":"ListItem","position":1,"name":"Home","item":"https:\/\/cbmitrovica.org\/sr\/"},{"@type":"ListItem","position":2,"name":"Aktivnosti","item":"https:\/\/cbmitrovica.org\/sr\/activities\/"},{"@type":"ListItem","position":3,"name":"\u0160kola gra\u0111anskog vaspitanja"}]},{"@type":"WebSite","@id":"https:\/\/cbmitrovica.org\/#website","url":"https:\/\/cbmitrovica.org\/","name":"CBM - Community Building Mitrovica","description":"","potentialAction":[{"@type":"SearchAction","target":{"@type":"EntryPoint","urlTemplate":"https:\/\/cbmitrovica.org\/?s={search_term_string}"},"query-input":{"@type":"PropertyValueSpecification","valueRequired":true,"valueName":"search_term_string"}}],"inLanguage":"sr-RS"}]}},"_links":{"self":[{"href":"https:\/\/cbmitrovica.org\/sr\/wp-json\/wp\/v2\/pages\/382512","targetHints":{"allow":["GET"]}}],"collection":[{"href":"https:\/\/cbmitrovica.org\/sr\/wp-json\/wp\/v2\/pages"}],"about":[{"href":"https:\/\/cbmitrovica.org\/sr\/wp-json\/wp\/v2\/types\/page"}],"author":[{"embeddable":true,"href":"https:\/\/cbmitrovica.org\/sr\/wp-json\/wp\/v2\/users\/297"}],"replies":[{"embeddable":true,"href":"https:\/\/cbmitrovica.org\/sr\/wp-json\/wp\/v2\/comments?post=382512"}],"version-history":[{"count":1,"href":"https:\/\/cbmitrovica.org\/sr\/wp-json\/wp\/v2\/pages\/382512\/revisions"}],"predecessor-version":[{"id":382513,"href":"https:\/\/cbmitrovica.org\/sr\/wp-json\/wp\/v2\/pages\/382512\/revisions\/382513"}],"up":[{"embeddable":true,"href":"https:\/\/cbmitrovica.org\/sr\/wp-json\/wp\/v2\/pages\/225"}],"wp:attachment":[{"href":"https:\/\/cbmitrovica.org\/sr\/wp-json\/wp\/v2\/media?parent=382512"}],"curies":[{"name":"wp","href":"https:\/\/api.w.org\/{rel}","templated":true}]}}