{"id":382508,"date":"2026-01-23T09:13:16","date_gmt":"2026-01-23T09:13:16","guid":{"rendered":"https:\/\/cbmitrovica.org\/?page_id=382508"},"modified":"2026-01-23T09:13:18","modified_gmt":"2026-01-23T09:13:18","slug":"medjunarodni-dan-borbe-protiv-femicida","status":"publish","type":"page","link":"https:\/\/cbmitrovica.org\/sr\/activities\/medjunarodni-dan-borbe-protiv-femicida\/","title":{"rendered":"Me\u0111unarodni dan borbe protiv femicida"},"content":{"rendered":"\n<p>Mladi iz Mitrovice su, u okviru projekta koji podr\u017eava <a href=\"https:\/\/www.facebook.com\/watch\/hashtag\/ned?__eep__=6%2F&amp;__cft__[0]=AZb0XD23UIqvg58JqqCIjo3srKBHXavo0u4keotQ7eaU8ipaPxAWPzR6G6NTshr_3D0kOvZJZuCxbsGqMwGzMMSQlr1C-RCNRWyVgxkgbJ-qQh2V9olR_g0yxQ-l0gZEU5NgHAnBszqbsHVYh1-smUoyWb61ztQRzzSmSsUTl3ucSqCqM-Wen2waOL9baQ9FQEiu700hp7WvaLtbInEHcTHK&amp;__tn__=*NK-R\">#NED<\/a> pod nazivom \u201ePodsticane me\u0111uetni\u010dke saradnje i gra\u0111anskog anga\u017emana me\u0111u mladima&#8220;, sproveli omladinsku zagovara\u010dku aktivnost povodom obele\u017eavanja Me\u0111unarodnog dana borbe protiv femicida. Kroz diskusiju o rodno zasnovanom nasilju i alarmantnim statistikama femicida, podigli su svoj glas u znak solidarnosti. Aktivnost je zavr\u0161ena slanjem javnih poruka i simboli\u010dnim pravljenjem crvenih narukvica i crvenih traka u \u010dast \u017eena koje su izgubile \u017eivote, ali i u znak po\u0161tovanja prema snazi i otpornosti \u017eena u na\u0161em dru\u0161tvu.<br>Ova aktivnost je deo projekta podr\u017eanog od strane NED-a: \u201ePodsticanje me\u0111uetni\u010dke saradnje i gra\u0111anskog anga\u017eovanja me\u0111u mladima\u201c.<\/p>\n\n\n\n<p><\/p>\n","protected":false},"excerpt":{"rendered":"<p>Mladi iz Mitrovice su, u okviru projekta koji podr\u017eava #NED pod nazivom \u201ePodsticane me\u0111uetni\u010dke saradnje i gra\u0111anskog anga\u017emana me\u0111u mladima&#8220;, sproveli omladinsku zagovara\u010dku aktivnost povodom obele\u017eavanja Me\u0111unarodnog dana borbe protiv femicida. Kroz diskusiju o rodno zasnovanom nasilju i alarmantnim statistikama femicida, podigli su svoj glas u znak solidarnosti. Aktivnost je zavr\u0161ena slanjem javnih poruka i [&hellip;]<\/p>\n","protected":false},"author":297,"featured_media":0,"parent":225,"menu_order":0,"comment_status":"closed","ping_status":"closed","template":"template-singleactiviti.php","meta":{"_bbp_topic_count":0,"_bbp_reply_count":0,"_bbp_total_topic_count":0,"_bbp_total_reply_count":0,"_bbp_voice_count":0,"_bbp_anonymous_reply_count":0,"_bbp_topic_count_hidden":0,"_bbp_reply_count_hidden":0,"_bbp_forum_subforum_count":0,"_monsterinsights_skip_tracking":false,"_monsterinsights_sitenote_active":false,"_monsterinsights_sitenote_note":"","_monsterinsights_sitenote_category":0,"footnotes":""},"class_list":["post-382508","page","type-page","status-publish","hentry"],"acf":[],"yoast_head":"<!-- This site is optimized with the Yoast SEO plugin v24.2 - https:\/\/yoast.com\/wordpress\/plugins\/seo\/ -->\n<title>Me\u0111unarodni dan borbe protiv femicida - CBM - Community Building Mitrovica<\/title>\n<meta name=\"robots\" content=\"index, follow, max-snippet:-1, max-image-preview:large, max-video-preview:-1\" \/>\n<link rel=\"canonical\" href=\"https:\/\/cbmitrovica.org\/sr\/activities\/medjunarodni-dan-borbe-protiv-femicida\/\" \/>\n<meta property=\"og:locale\" content=\"sr_RS\" \/>\n<meta property=\"og:type\" content=\"article\" \/>\n<meta property=\"og:title\" content=\"Me\u0111unarodni dan borbe protiv femicida - CBM - Community Building Mitrovica\" \/>\n<meta property=\"og:description\" content=\"Mladi iz Mitrovice su, u okviru projekta koji podr\u017eava #NED pod nazivom \u201ePodsticane me\u0111uetni\u010dke saradnje i gra\u0111anskog anga\u017emana me\u0111u mladima&#8220;, sproveli omladinsku zagovara\u010dku aktivnost povodom obele\u017eavanja Me\u0111unarodnog dana borbe protiv femicida. Kroz diskusiju o rodno zasnovanom nasilju i alarmantnim statistikama femicida, podigli su svoj glas u znak solidarnosti. Aktivnost je zavr\u0161ena slanjem javnih poruka i [&hellip;]\" \/>\n<meta property=\"og:url\" content=\"https:\/\/cbmitrovica.org\/sr\/activities\/medjunarodni-dan-borbe-protiv-femicida\/\" \/>\n<meta property=\"og:site_name\" content=\"CBM - Community Building Mitrovica\" \/>\n<meta property=\"article:modified_time\" content=\"2026-01-23T09:13:18+00:00\" \/>\n<meta property=\"og:image\" content=\"https:\/\/cbmitrovica.org\/wp-content\/uploads\/2021\/12\/viber-image-2021-12-21-15-40-54-153.jpg\" \/>\n\t<meta property=\"og:image:width\" content=\"1600\" \/>\n\t<meta property=\"og:image:height\" content=\"900\" \/>\n\t<meta property=\"og:image:type\" content=\"image\/jpeg\" \/>\n<meta name=\"twitter:card\" content=\"summary_large_image\" \/>\n<meta name=\"twitter:label1\" content=\"\u041f\u0440\u043e\u0446\u0435\u045a\u0435\u043d\u043e \u0432\u0440\u0435\u043c\u0435 \u0447\u0438\u0442\u0430\u045a\u0430\" \/>\n\t<meta name=\"twitter:data1\" content=\"1 \u043c\u0438\u043d\u0443\u0442\" \/>\n<script type=\"application\/ld+json\" class=\"yoast-schema-graph\">{\"@context\":\"https:\/\/schema.org\",\"@graph\":[{\"@type\":\"WebPage\",\"@id\":\"https:\/\/cbmitrovica.org\/sr\/activities\/medjunarodni-dan-borbe-protiv-femicida\/\",\"url\":\"https:\/\/cbmitrovica.org\/sr\/activities\/medjunarodni-dan-borbe-protiv-femicida\/\",\"name\":\"Me\u0111unarodni dan borbe protiv femicida - CBM - Community Building Mitrovica\",\"isPartOf\":{\"@id\":\"https:\/\/cbmitrovica.org\/#website\"},\"datePublished\":\"2026-01-23T09:13:16+00:00\",\"dateModified\":\"2026-01-23T09:13:18+00:00\",\"breadcrumb\":{\"@id\":\"https:\/\/cbmitrovica.org\/sr\/activities\/medjunarodni-dan-borbe-protiv-femicida\/#breadcrumb\"},\"inLanguage\":\"sr-RS\",\"potentialAction\":[{\"@type\":\"ReadAction\",\"target\":[\"https:\/\/cbmitrovica.org\/sr\/activities\/medjunarodni-dan-borbe-protiv-femicida\/\"]}]},{\"@type\":\"BreadcrumbList\",\"@id\":\"https:\/\/cbmitrovica.org\/sr\/activities\/medjunarodni-dan-borbe-protiv-femicida\/#breadcrumb\",\"itemListElement\":[{\"@type\":\"ListItem\",\"position\":1,\"name\":\"Home\",\"item\":\"https:\/\/cbmitrovica.org\/sr\/\"},{\"@type\":\"ListItem\",\"position\":2,\"name\":\"Aktivnosti\",\"item\":\"https:\/\/cbmitrovica.org\/sr\/activities\/\"},{\"@type\":\"ListItem\",\"position\":3,\"name\":\"Me\u0111unarodni dan borbe protiv femicida\"}]},{\"@type\":\"WebSite\",\"@id\":\"https:\/\/cbmitrovica.org\/#website\",\"url\":\"https:\/\/cbmitrovica.org\/\",\"name\":\"CBM - Community Building Mitrovica\",\"description\":\"\",\"potentialAction\":[{\"@type\":\"SearchAction\",\"target\":{\"@type\":\"EntryPoint\",\"urlTemplate\":\"https:\/\/cbmitrovica.org\/?s={search_term_string}\"},\"query-input\":{\"@type\":\"PropertyValueSpecification\",\"valueRequired\":true,\"valueName\":\"search_term_string\"}}],\"inLanguage\":\"sr-RS\"}]}<\/script>\n<!-- \/ Yoast SEO plugin. -->","yoast_head_json":{"title":"Me\u0111unarodni dan borbe protiv femicida - CBM - Community Building Mitrovica","robots":{"index":"index","follow":"follow","max-snippet":"max-snippet:-1","max-image-preview":"max-image-preview:large","max-video-preview":"max-video-preview:-1"},"canonical":"https:\/\/cbmitrovica.org\/sr\/activities\/medjunarodni-dan-borbe-protiv-femicida\/","og_locale":"sr_RS","og_type":"article","og_title":"Me\u0111unarodni dan borbe protiv femicida - CBM - Community Building Mitrovica","og_description":"Mladi iz Mitrovice su, u okviru projekta koji podr\u017eava #NED pod nazivom \u201ePodsticane me\u0111uetni\u010dke saradnje i gra\u0111anskog anga\u017emana me\u0111u mladima&#8220;, sproveli omladinsku zagovara\u010dku aktivnost povodom obele\u017eavanja Me\u0111unarodnog dana borbe protiv femicida. Kroz diskusiju o rodno zasnovanom nasilju i alarmantnim statistikama femicida, podigli su svoj glas u znak solidarnosti. Aktivnost je zavr\u0161ena slanjem javnih poruka i [&hellip;]","og_url":"https:\/\/cbmitrovica.org\/sr\/activities\/medjunarodni-dan-borbe-protiv-femicida\/","og_site_name":"CBM - Community Building Mitrovica","article_modified_time":"2026-01-23T09:13:18+00:00","og_image":[{"width":1600,"height":900,"url":"https:\/\/cbmitrovica.org\/wp-content\/uploads\/2021\/12\/viber-image-2021-12-21-15-40-54-153.jpg","type":"image\/jpeg"}],"twitter_card":"summary_large_image","twitter_misc":{"\u041f\u0440\u043e\u0446\u0435\u045a\u0435\u043d\u043e \u0432\u0440\u0435\u043c\u0435 \u0447\u0438\u0442\u0430\u045a\u0430":"1 \u043c\u0438\u043d\u0443\u0442"},"schema":{"@context":"https:\/\/schema.org","@graph":[{"@type":"WebPage","@id":"https:\/\/cbmitrovica.org\/sr\/activities\/medjunarodni-dan-borbe-protiv-femicida\/","url":"https:\/\/cbmitrovica.org\/sr\/activities\/medjunarodni-dan-borbe-protiv-femicida\/","name":"Me\u0111unarodni dan borbe protiv femicida - CBM - Community Building Mitrovica","isPartOf":{"@id":"https:\/\/cbmitrovica.org\/#website"},"datePublished":"2026-01-23T09:13:16+00:00","dateModified":"2026-01-23T09:13:18+00:00","breadcrumb":{"@id":"https:\/\/cbmitrovica.org\/sr\/activities\/medjunarodni-dan-borbe-protiv-femicida\/#breadcrumb"},"inLanguage":"sr-RS","potentialAction":[{"@type":"ReadAction","target":["https:\/\/cbmitrovica.org\/sr\/activities\/medjunarodni-dan-borbe-protiv-femicida\/"]}]},{"@type":"BreadcrumbList","@id":"https:\/\/cbmitrovica.org\/sr\/activities\/medjunarodni-dan-borbe-protiv-femicida\/#breadcrumb","itemListElement":[{"@type":"ListItem","position":1,"name":"Home","item":"https:\/\/cbmitrovica.org\/sr\/"},{"@type":"ListItem","position":2,"name":"Aktivnosti","item":"https:\/\/cbmitrovica.org\/sr\/activities\/"},{"@type":"ListItem","position":3,"name":"Me\u0111unarodni dan borbe protiv femicida"}]},{"@type":"WebSite","@id":"https:\/\/cbmitrovica.org\/#website","url":"https:\/\/cbmitrovica.org\/","name":"CBM - Community Building Mitrovica","description":"","potentialAction":[{"@type":"SearchAction","target":{"@type":"EntryPoint","urlTemplate":"https:\/\/cbmitrovica.org\/?s={search_term_string}"},"query-input":{"@type":"PropertyValueSpecification","valueRequired":true,"valueName":"search_term_string"}}],"inLanguage":"sr-RS"}]}},"_links":{"self":[{"href":"https:\/\/cbmitrovica.org\/sr\/wp-json\/wp\/v2\/pages\/382508","targetHints":{"allow":["GET"]}}],"collection":[{"href":"https:\/\/cbmitrovica.org\/sr\/wp-json\/wp\/v2\/pages"}],"about":[{"href":"https:\/\/cbmitrovica.org\/sr\/wp-json\/wp\/v2\/types\/page"}],"author":[{"embeddable":true,"href":"https:\/\/cbmitrovica.org\/sr\/wp-json\/wp\/v2\/users\/297"}],"replies":[{"embeddable":true,"href":"https:\/\/cbmitrovica.org\/sr\/wp-json\/wp\/v2\/comments?post=382508"}],"version-history":[{"count":1,"href":"https:\/\/cbmitrovica.org\/sr\/wp-json\/wp\/v2\/pages\/382508\/revisions"}],"predecessor-version":[{"id":382509,"href":"https:\/\/cbmitrovica.org\/sr\/wp-json\/wp\/v2\/pages\/382508\/revisions\/382509"}],"up":[{"embeddable":true,"href":"https:\/\/cbmitrovica.org\/sr\/wp-json\/wp\/v2\/pages\/225"}],"wp:attachment":[{"href":"https:\/\/cbmitrovica.org\/sr\/wp-json\/wp\/v2\/media?parent=382508"}],"curies":[{"name":"wp","href":"https:\/\/api.w.org\/{rel}","templated":true}]}}