{"id":382502,"date":"2026-01-22T10:45:24","date_gmt":"2026-01-22T10:45:24","guid":{"rendered":"https:\/\/cbmitrovica.org\/?page_id=382502"},"modified":"2026-01-22T10:45:25","modified_gmt":"2026-01-22T10:45:25","slug":"cbm-docekuje-delegaciju-svajcarske-ambasade-poseta-koja-obelezava-kontinuitet-i-saradnju","status":"publish","type":"page","link":"https:\/\/cbmitrovica.org\/sr\/activities\/cbm-docekuje-delegaciju-svajcarske-ambasade-poseta-koja-obelezava-kontinuitet-i-saradnju\/","title":{"rendered":"CBM do\u010dekuje delegaciju \u0160vajcarske ambasade: Poseta koja obele\u017eava kontinuitet i saradnju"},"content":{"rendered":"\n<p>Imali smo zadovoljstvo da ugostimo predstavnike \u0160vajcarske ambasade u CBM-u. Kako Sarah Jaqueiry privodi kraju svoju misiju na Kosovu, posetila je CBM zajedno sa svojom naslednicom, Julijom Agosti, kako bi se obezbedila nesmetana tranzicija i pru\u017eila podr\u0161ka Juliji u preuzimanju nove uloge. Tokom sastanka osvrnuli smo se na uspe\u0161nu saradnju sa \u0160vajcarskom ambasadom, istakli CBM-ovu metodologiju rada u slo\u017eenom kontekstu Kosova, posebno u Mitrovici, i razgovarali o mogu\u0107nostima za ja\u010danje budu\u0107eg partnerstva.<\/p>\n\n\n\n<p><\/p>\n","protected":false},"excerpt":{"rendered":"<p>Imali smo zadovoljstvo da ugostimo predstavnike \u0160vajcarske ambasade u CBM-u. Kako Sarah Jaqueiry privodi kraju svoju misiju na Kosovu, posetila je CBM zajedno sa svojom naslednicom, Julijom Agosti, kako bi se obezbedila nesmetana tranzicija i pru\u017eila podr\u0161ka Juliji u preuzimanju nove uloge. Tokom sastanka osvrnuli smo se na uspe\u0161nu saradnju sa \u0160vajcarskom ambasadom, istakli CBM-ovu [&hellip;]<\/p>\n","protected":false},"author":297,"featured_media":0,"parent":225,"menu_order":0,"comment_status":"closed","ping_status":"closed","template":"template-singleactiviti.php","meta":{"_bbp_topic_count":0,"_bbp_reply_count":0,"_bbp_total_topic_count":0,"_bbp_total_reply_count":0,"_bbp_voice_count":0,"_bbp_anonymous_reply_count":0,"_bbp_topic_count_hidden":0,"_bbp_reply_count_hidden":0,"_bbp_forum_subforum_count":0,"_monsterinsights_skip_tracking":false,"_monsterinsights_sitenote_active":false,"_monsterinsights_sitenote_note":"","_monsterinsights_sitenote_category":0,"footnotes":""},"class_list":["post-382502","page","type-page","status-publish","hentry"],"acf":[],"yoast_head":"<!-- This site is optimized with the Yoast SEO plugin v24.2 - https:\/\/yoast.com\/wordpress\/plugins\/seo\/ -->\n<title>CBM do\u010dekuje delegaciju \u0160vajcarske ambasade: Poseta koja obele\u017eava kontinuitet i saradnju - CBM - Community Building Mitrovica<\/title>\n<meta name=\"robots\" content=\"index, follow, max-snippet:-1, max-image-preview:large, max-video-preview:-1\" \/>\n<link rel=\"canonical\" href=\"https:\/\/cbmitrovica.org\/sr\/activities\/cbm-docekuje-delegaciju-svajcarske-ambasade-poseta-koja-obelezava-kontinuitet-i-saradnju\/\" \/>\n<meta property=\"og:locale\" content=\"sr_RS\" \/>\n<meta property=\"og:type\" content=\"article\" \/>\n<meta property=\"og:title\" content=\"CBM do\u010dekuje delegaciju \u0160vajcarske ambasade: Poseta koja obele\u017eava kontinuitet i saradnju - CBM - Community Building Mitrovica\" \/>\n<meta property=\"og:description\" content=\"Imali smo zadovoljstvo da ugostimo predstavnike \u0160vajcarske ambasade u CBM-u. Kako Sarah Jaqueiry privodi kraju svoju misiju na Kosovu, posetila je CBM zajedno sa svojom naslednicom, Julijom Agosti, kako bi se obezbedila nesmetana tranzicija i pru\u017eila podr\u0161ka Juliji u preuzimanju nove uloge. Tokom sastanka osvrnuli smo se na uspe\u0161nu saradnju sa \u0160vajcarskom ambasadom, istakli CBM-ovu [&hellip;]\" \/>\n<meta property=\"og:url\" content=\"https:\/\/cbmitrovica.org\/sr\/activities\/cbm-docekuje-delegaciju-svajcarske-ambasade-poseta-koja-obelezava-kontinuitet-i-saradnju\/\" \/>\n<meta property=\"og:site_name\" content=\"CBM - Community Building Mitrovica\" \/>\n<meta property=\"article:modified_time\" content=\"2026-01-22T10:45:25+00:00\" \/>\n<meta property=\"og:image\" content=\"https:\/\/cbmitrovica.org\/wp-content\/uploads\/2021\/12\/viber-image-2021-12-21-15-40-54-153.jpg\" \/>\n\t<meta property=\"og:image:width\" content=\"1600\" \/>\n\t<meta property=\"og:image:height\" content=\"900\" \/>\n\t<meta property=\"og:image:type\" content=\"image\/jpeg\" \/>\n<meta name=\"twitter:card\" content=\"summary_large_image\" \/>\n<meta name=\"twitter:label1\" content=\"\u041f\u0440\u043e\u0446\u0435\u045a\u0435\u043d\u043e \u0432\u0440\u0435\u043c\u0435 \u0447\u0438\u0442\u0430\u045a\u0430\" \/>\n\t<meta name=\"twitter:data1\" content=\"1 \u043c\u0438\u043d\u0443\u0442\" \/>\n<script type=\"application\/ld+json\" class=\"yoast-schema-graph\">{\"@context\":\"https:\/\/schema.org\",\"@graph\":[{\"@type\":\"WebPage\",\"@id\":\"https:\/\/cbmitrovica.org\/sr\/activities\/cbm-docekuje-delegaciju-svajcarske-ambasade-poseta-koja-obelezava-kontinuitet-i-saradnju\/\",\"url\":\"https:\/\/cbmitrovica.org\/sr\/activities\/cbm-docekuje-delegaciju-svajcarske-ambasade-poseta-koja-obelezava-kontinuitet-i-saradnju\/\",\"name\":\"CBM do\u010dekuje delegaciju \u0160vajcarske ambasade: Poseta koja obele\u017eava kontinuitet i saradnju - CBM - Community Building Mitrovica\",\"isPartOf\":{\"@id\":\"https:\/\/cbmitrovica.org\/#website\"},\"datePublished\":\"2026-01-22T10:45:24+00:00\",\"dateModified\":\"2026-01-22T10:45:25+00:00\",\"breadcrumb\":{\"@id\":\"https:\/\/cbmitrovica.org\/sr\/activities\/cbm-docekuje-delegaciju-svajcarske-ambasade-poseta-koja-obelezava-kontinuitet-i-saradnju\/#breadcrumb\"},\"inLanguage\":\"sr-RS\",\"potentialAction\":[{\"@type\":\"ReadAction\",\"target\":[\"https:\/\/cbmitrovica.org\/sr\/activities\/cbm-docekuje-delegaciju-svajcarske-ambasade-poseta-koja-obelezava-kontinuitet-i-saradnju\/\"]}]},{\"@type\":\"BreadcrumbList\",\"@id\":\"https:\/\/cbmitrovica.org\/sr\/activities\/cbm-docekuje-delegaciju-svajcarske-ambasade-poseta-koja-obelezava-kontinuitet-i-saradnju\/#breadcrumb\",\"itemListElement\":[{\"@type\":\"ListItem\",\"position\":1,\"name\":\"Home\",\"item\":\"https:\/\/cbmitrovica.org\/sr\/\"},{\"@type\":\"ListItem\",\"position\":2,\"name\":\"Aktivnosti\",\"item\":\"https:\/\/cbmitrovica.org\/sr\/activities\/\"},{\"@type\":\"ListItem\",\"position\":3,\"name\":\"CBM do\u010dekuje delegaciju \u0160vajcarske ambasade: Poseta koja obele\u017eava kontinuitet i saradnju\"}]},{\"@type\":\"WebSite\",\"@id\":\"https:\/\/cbmitrovica.org\/#website\",\"url\":\"https:\/\/cbmitrovica.org\/\",\"name\":\"CBM - Community Building Mitrovica\",\"description\":\"\",\"potentialAction\":[{\"@type\":\"SearchAction\",\"target\":{\"@type\":\"EntryPoint\",\"urlTemplate\":\"https:\/\/cbmitrovica.org\/?s={search_term_string}\"},\"query-input\":{\"@type\":\"PropertyValueSpecification\",\"valueRequired\":true,\"valueName\":\"search_term_string\"}}],\"inLanguage\":\"sr-RS\"}]}<\/script>\n<!-- \/ Yoast SEO plugin. -->","yoast_head_json":{"title":"CBM do\u010dekuje delegaciju \u0160vajcarske ambasade: Poseta koja obele\u017eava kontinuitet i saradnju - CBM - Community Building Mitrovica","robots":{"index":"index","follow":"follow","max-snippet":"max-snippet:-1","max-image-preview":"max-image-preview:large","max-video-preview":"max-video-preview:-1"},"canonical":"https:\/\/cbmitrovica.org\/sr\/activities\/cbm-docekuje-delegaciju-svajcarske-ambasade-poseta-koja-obelezava-kontinuitet-i-saradnju\/","og_locale":"sr_RS","og_type":"article","og_title":"CBM do\u010dekuje delegaciju \u0160vajcarske ambasade: Poseta koja obele\u017eava kontinuitet i saradnju - CBM - Community Building Mitrovica","og_description":"Imali smo zadovoljstvo da ugostimo predstavnike \u0160vajcarske ambasade u CBM-u. Kako Sarah Jaqueiry privodi kraju svoju misiju na Kosovu, posetila je CBM zajedno sa svojom naslednicom, Julijom Agosti, kako bi se obezbedila nesmetana tranzicija i pru\u017eila podr\u0161ka Juliji u preuzimanju nove uloge. Tokom sastanka osvrnuli smo se na uspe\u0161nu saradnju sa \u0160vajcarskom ambasadom, istakli CBM-ovu [&hellip;]","og_url":"https:\/\/cbmitrovica.org\/sr\/activities\/cbm-docekuje-delegaciju-svajcarske-ambasade-poseta-koja-obelezava-kontinuitet-i-saradnju\/","og_site_name":"CBM - Community Building Mitrovica","article_modified_time":"2026-01-22T10:45:25+00:00","og_image":[{"width":1600,"height":900,"url":"https:\/\/cbmitrovica.org\/wp-content\/uploads\/2021\/12\/viber-image-2021-12-21-15-40-54-153.jpg","type":"image\/jpeg"}],"twitter_card":"summary_large_image","twitter_misc":{"\u041f\u0440\u043e\u0446\u0435\u045a\u0435\u043d\u043e \u0432\u0440\u0435\u043c\u0435 \u0447\u0438\u0442\u0430\u045a\u0430":"1 \u043c\u0438\u043d\u0443\u0442"},"schema":{"@context":"https:\/\/schema.org","@graph":[{"@type":"WebPage","@id":"https:\/\/cbmitrovica.org\/sr\/activities\/cbm-docekuje-delegaciju-svajcarske-ambasade-poseta-koja-obelezava-kontinuitet-i-saradnju\/","url":"https:\/\/cbmitrovica.org\/sr\/activities\/cbm-docekuje-delegaciju-svajcarske-ambasade-poseta-koja-obelezava-kontinuitet-i-saradnju\/","name":"CBM do\u010dekuje delegaciju \u0160vajcarske ambasade: Poseta koja obele\u017eava kontinuitet i saradnju - CBM - Community Building Mitrovica","isPartOf":{"@id":"https:\/\/cbmitrovica.org\/#website"},"datePublished":"2026-01-22T10:45:24+00:00","dateModified":"2026-01-22T10:45:25+00:00","breadcrumb":{"@id":"https:\/\/cbmitrovica.org\/sr\/activities\/cbm-docekuje-delegaciju-svajcarske-ambasade-poseta-koja-obelezava-kontinuitet-i-saradnju\/#breadcrumb"},"inLanguage":"sr-RS","potentialAction":[{"@type":"ReadAction","target":["https:\/\/cbmitrovica.org\/sr\/activities\/cbm-docekuje-delegaciju-svajcarske-ambasade-poseta-koja-obelezava-kontinuitet-i-saradnju\/"]}]},{"@type":"BreadcrumbList","@id":"https:\/\/cbmitrovica.org\/sr\/activities\/cbm-docekuje-delegaciju-svajcarske-ambasade-poseta-koja-obelezava-kontinuitet-i-saradnju\/#breadcrumb","itemListElement":[{"@type":"ListItem","position":1,"name":"Home","item":"https:\/\/cbmitrovica.org\/sr\/"},{"@type":"ListItem","position":2,"name":"Aktivnosti","item":"https:\/\/cbmitrovica.org\/sr\/activities\/"},{"@type":"ListItem","position":3,"name":"CBM do\u010dekuje delegaciju \u0160vajcarske ambasade: Poseta koja obele\u017eava kontinuitet i saradnju"}]},{"@type":"WebSite","@id":"https:\/\/cbmitrovica.org\/#website","url":"https:\/\/cbmitrovica.org\/","name":"CBM - Community Building Mitrovica","description":"","potentialAction":[{"@type":"SearchAction","target":{"@type":"EntryPoint","urlTemplate":"https:\/\/cbmitrovica.org\/?s={search_term_string}"},"query-input":{"@type":"PropertyValueSpecification","valueRequired":true,"valueName":"search_term_string"}}],"inLanguage":"sr-RS"}]}},"_links":{"self":[{"href":"https:\/\/cbmitrovica.org\/sr\/wp-json\/wp\/v2\/pages\/382502","targetHints":{"allow":["GET"]}}],"collection":[{"href":"https:\/\/cbmitrovica.org\/sr\/wp-json\/wp\/v2\/pages"}],"about":[{"href":"https:\/\/cbmitrovica.org\/sr\/wp-json\/wp\/v2\/types\/page"}],"author":[{"embeddable":true,"href":"https:\/\/cbmitrovica.org\/sr\/wp-json\/wp\/v2\/users\/297"}],"replies":[{"embeddable":true,"href":"https:\/\/cbmitrovica.org\/sr\/wp-json\/wp\/v2\/comments?post=382502"}],"version-history":[{"count":1,"href":"https:\/\/cbmitrovica.org\/sr\/wp-json\/wp\/v2\/pages\/382502\/revisions"}],"predecessor-version":[{"id":382503,"href":"https:\/\/cbmitrovica.org\/sr\/wp-json\/wp\/v2\/pages\/382502\/revisions\/382503"}],"up":[{"embeddable":true,"href":"https:\/\/cbmitrovica.org\/sr\/wp-json\/wp\/v2\/pages\/225"}],"wp:attachment":[{"href":"https:\/\/cbmitrovica.org\/sr\/wp-json\/wp\/v2\/media?parent=382502"}],"curies":[{"name":"wp","href":"https:\/\/api.w.org\/{rel}","templated":true}]}}