{"id":382499,"date":"2026-01-22T10:44:06","date_gmt":"2026-01-22T10:44:06","guid":{"rendered":"https:\/\/cbmitrovica.org\/?page_id=382499"},"modified":"2026-01-22T10:44:06","modified_gmt":"2026-01-22T10:44:06","slug":"sastanak-sa-opstinskim-zvanicnicima-predstavnicima-organizacija-civilnog-drustva-i-mladima","status":"publish","type":"page","link":"https:\/\/cbmitrovica.org\/sr\/activities\/sastanak-sa-opstinskim-zvanicnicima-predstavnicima-organizacija-civilnog-drustva-i-mladima\/","title":{"rendered":"Sastanak sa op\u0161tinskim zvani\u010dnicima, predstavnicima organizacija civilnog dru\u0161tva i mladima"},"content":{"rendered":"\n<p>CBM nastavlja da odr\u017eava sastanke sa predstavnicima civilnog dru\u0161tva i mladima iz Ju\u017ene i Severne Mitrovice. Tokom sastanka, predstavnici organizacija civilnog dru\u0161tva i mladi podelili su svoja iskustva u vezi sa radom koji obavljaju u korist zajednice, izazovima sa kojima se suo\u010davaju, kao i svojim planovima za ostatak godine. Mladi su tako\u0111e predstavili ideje<img loading=\"lazy\" decoding=\"async\" height=\"16\" width=\"16\" src=\"https:\/\/static.xx.fbcdn.net\/images\/emoji.php\/v9\/t3c\/1\/16\/1f4a1.png\" alt=\"\ud83d\udca1\">i aktivnosti koje su realizovali na sopstvenu inicijativu i uz podr\u0161ku CBM-a. Jedna od glavnih tema sastanka bila je ideja o zajedni\u010dkoj aktivnosti mladih i organizacija REC, S\u00eb Bashku i Handikos, sa fokusom na brigu o \u017eivotnoj sredini i podizanju svesti o njenom o\u010duvanju. Me\u0111u mnogobrojnim idejama koje su podeljene tokom sastanka, ova inicijativa se izdvojila kao konkretan primer saradnje izme\u0111u mladih i organizacija civilnog dru\u0161tva. Sastanak je poslu\u017eio kao va\u017ean prostor za saradnju, razmenu iskustava i ja\u010danje veza me\u0111u u\u010desnicima.<\/p>\n\n\n\n<p>Ova aktivnost se realizuje u okviru programa \u201eResilient and Inclusive Communities Program\u201c, uz podr\u0161ku Global Community Engagement and Resilience Fund (GCERF).<\/p>\n\n\n\n<p><\/p>\n\n\n\n<p><\/p>\n","protected":false},"excerpt":{"rendered":"<p>CBM nastavlja da odr\u017eava sastanke sa predstavnicima civilnog dru\u0161tva i mladima iz Ju\u017ene i Severne Mitrovice. Tokom sastanka, predstavnici organizacija civilnog dru\u0161tva i mladi podelili su svoja iskustva u vezi sa radom koji obavljaju u korist zajednice, izazovima sa kojima se suo\u010davaju, kao i svojim planovima za ostatak godine. Mladi su tako\u0111e predstavili idejei aktivnosti [&hellip;]<\/p>\n","protected":false},"author":297,"featured_media":0,"parent":225,"menu_order":0,"comment_status":"closed","ping_status":"closed","template":"template-singleactiviti.php","meta":{"_bbp_topic_count":0,"_bbp_reply_count":0,"_bbp_total_topic_count":0,"_bbp_total_reply_count":0,"_bbp_voice_count":0,"_bbp_anonymous_reply_count":0,"_bbp_topic_count_hidden":0,"_bbp_reply_count_hidden":0,"_bbp_forum_subforum_count":0,"_monsterinsights_skip_tracking":false,"_monsterinsights_sitenote_active":false,"_monsterinsights_sitenote_note":"","_monsterinsights_sitenote_category":0,"footnotes":""},"class_list":["post-382499","page","type-page","status-publish","hentry"],"acf":[],"yoast_head":"<!-- This site is optimized with the Yoast SEO plugin v24.2 - https:\/\/yoast.com\/wordpress\/plugins\/seo\/ -->\n<title>Sastanak sa op\u0161tinskim zvani\u010dnicima, predstavnicima organizacija civilnog dru\u0161tva i mladima - CBM - Community Building Mitrovica<\/title>\n<meta name=\"robots\" content=\"index, follow, max-snippet:-1, max-image-preview:large, max-video-preview:-1\" \/>\n<link rel=\"canonical\" href=\"https:\/\/cbmitrovica.org\/sr\/activities\/sastanak-sa-opstinskim-zvanicnicima-predstavnicima-organizacija-civilnog-drustva-i-mladima\/\" \/>\n<meta property=\"og:locale\" content=\"sr_RS\" \/>\n<meta property=\"og:type\" content=\"article\" \/>\n<meta property=\"og:title\" content=\"Sastanak sa op\u0161tinskim zvani\u010dnicima, predstavnicima organizacija civilnog dru\u0161tva i mladima - CBM - Community Building Mitrovica\" \/>\n<meta property=\"og:description\" content=\"CBM nastavlja da odr\u017eava sastanke sa predstavnicima civilnog dru\u0161tva i mladima iz Ju\u017ene i Severne Mitrovice. Tokom sastanka, predstavnici organizacija civilnog dru\u0161tva i mladi podelili su svoja iskustva u vezi sa radom koji obavljaju u korist zajednice, izazovima sa kojima se suo\u010davaju, kao i svojim planovima za ostatak godine. Mladi su tako\u0111e predstavili idejei aktivnosti [&hellip;]\" \/>\n<meta property=\"og:url\" content=\"https:\/\/cbmitrovica.org\/sr\/activities\/sastanak-sa-opstinskim-zvanicnicima-predstavnicima-organizacija-civilnog-drustva-i-mladima\/\" \/>\n<meta property=\"og:site_name\" content=\"CBM - Community Building Mitrovica\" \/>\n<meta property=\"og:image\" content=\"https:\/\/static.xx.fbcdn.net\/images\/emoji.php\/v9\/t3c\/1\/16\/1f4a1.png\" \/>\n<meta name=\"twitter:card\" content=\"summary_large_image\" \/>\n<meta name=\"twitter:label1\" content=\"\u041f\u0440\u043e\u0446\u0435\u045a\u0435\u043d\u043e \u0432\u0440\u0435\u043c\u0435 \u0447\u0438\u0442\u0430\u045a\u0430\" \/>\n\t<meta name=\"twitter:data1\" content=\"1 \u043c\u0438\u043d\u0443\u0442\" \/>\n<script type=\"application\/ld+json\" class=\"yoast-schema-graph\">{\"@context\":\"https:\/\/schema.org\",\"@graph\":[{\"@type\":\"WebPage\",\"@id\":\"https:\/\/cbmitrovica.org\/sr\/activities\/sastanak-sa-opstinskim-zvanicnicima-predstavnicima-organizacija-civilnog-drustva-i-mladima\/\",\"url\":\"https:\/\/cbmitrovica.org\/sr\/activities\/sastanak-sa-opstinskim-zvanicnicima-predstavnicima-organizacija-civilnog-drustva-i-mladima\/\",\"name\":\"Sastanak sa op\u0161tinskim zvani\u010dnicima, predstavnicima organizacija civilnog dru\u0161tva i mladima - CBM - Community Building Mitrovica\",\"isPartOf\":{\"@id\":\"https:\/\/cbmitrovica.org\/#website\"},\"primaryImageOfPage\":{\"@id\":\"https:\/\/cbmitrovica.org\/sr\/activities\/sastanak-sa-opstinskim-zvanicnicima-predstavnicima-organizacija-civilnog-drustva-i-mladima\/#primaryimage\"},\"image\":{\"@id\":\"https:\/\/cbmitrovica.org\/sr\/activities\/sastanak-sa-opstinskim-zvanicnicima-predstavnicima-organizacija-civilnog-drustva-i-mladima\/#primaryimage\"},\"thumbnailUrl\":\"https:\/\/static.xx.fbcdn.net\/images\/emoji.php\/v9\/t3c\/1\/16\/1f4a1.png\",\"datePublished\":\"2026-01-22T10:44:06+00:00\",\"dateModified\":\"2026-01-22T10:44:06+00:00\",\"breadcrumb\":{\"@id\":\"https:\/\/cbmitrovica.org\/sr\/activities\/sastanak-sa-opstinskim-zvanicnicima-predstavnicima-organizacija-civilnog-drustva-i-mladima\/#breadcrumb\"},\"inLanguage\":\"sr-RS\",\"potentialAction\":[{\"@type\":\"ReadAction\",\"target\":[\"https:\/\/cbmitrovica.org\/sr\/activities\/sastanak-sa-opstinskim-zvanicnicima-predstavnicima-organizacija-civilnog-drustva-i-mladima\/\"]}]},{\"@type\":\"ImageObject\",\"inLanguage\":\"sr-RS\",\"@id\":\"https:\/\/cbmitrovica.org\/sr\/activities\/sastanak-sa-opstinskim-zvanicnicima-predstavnicima-organizacija-civilnog-drustva-i-mladima\/#primaryimage\",\"url\":\"https:\/\/static.xx.fbcdn.net\/images\/emoji.php\/v9\/t3c\/1\/16\/1f4a1.png\",\"contentUrl\":\"https:\/\/static.xx.fbcdn.net\/images\/emoji.php\/v9\/t3c\/1\/16\/1f4a1.png\"},{\"@type\":\"BreadcrumbList\",\"@id\":\"https:\/\/cbmitrovica.org\/sr\/activities\/sastanak-sa-opstinskim-zvanicnicima-predstavnicima-organizacija-civilnog-drustva-i-mladima\/#breadcrumb\",\"itemListElement\":[{\"@type\":\"ListItem\",\"position\":1,\"name\":\"Home\",\"item\":\"https:\/\/cbmitrovica.org\/sr\/\"},{\"@type\":\"ListItem\",\"position\":2,\"name\":\"Aktivnosti\",\"item\":\"https:\/\/cbmitrovica.org\/sr\/activities\/\"},{\"@type\":\"ListItem\",\"position\":3,\"name\":\"Sastanak sa op\u0161tinskim zvani\u010dnicima, predstavnicima organizacija civilnog dru\u0161tva i mladima\"}]},{\"@type\":\"WebSite\",\"@id\":\"https:\/\/cbmitrovica.org\/#website\",\"url\":\"https:\/\/cbmitrovica.org\/\",\"name\":\"CBM - Community Building Mitrovica\",\"description\":\"\",\"potentialAction\":[{\"@type\":\"SearchAction\",\"target\":{\"@type\":\"EntryPoint\",\"urlTemplate\":\"https:\/\/cbmitrovica.org\/?s={search_term_string}\"},\"query-input\":{\"@type\":\"PropertyValueSpecification\",\"valueRequired\":true,\"valueName\":\"search_term_string\"}}],\"inLanguage\":\"sr-RS\"}]}<\/script>\n<!-- \/ Yoast SEO plugin. -->","yoast_head_json":{"title":"Sastanak sa op\u0161tinskim zvani\u010dnicima, predstavnicima organizacija civilnog dru\u0161tva i mladima - CBM - Community Building Mitrovica","robots":{"index":"index","follow":"follow","max-snippet":"max-snippet:-1","max-image-preview":"max-image-preview:large","max-video-preview":"max-video-preview:-1"},"canonical":"https:\/\/cbmitrovica.org\/sr\/activities\/sastanak-sa-opstinskim-zvanicnicima-predstavnicima-organizacija-civilnog-drustva-i-mladima\/","og_locale":"sr_RS","og_type":"article","og_title":"Sastanak sa op\u0161tinskim zvani\u010dnicima, predstavnicima organizacija civilnog dru\u0161tva i mladima - CBM - Community Building Mitrovica","og_description":"CBM nastavlja da odr\u017eava sastanke sa predstavnicima civilnog dru\u0161tva i mladima iz Ju\u017ene i Severne Mitrovice. Tokom sastanka, predstavnici organizacija civilnog dru\u0161tva i mladi podelili su svoja iskustva u vezi sa radom koji obavljaju u korist zajednice, izazovima sa kojima se suo\u010davaju, kao i svojim planovima za ostatak godine. Mladi su tako\u0111e predstavili idejei aktivnosti [&hellip;]","og_url":"https:\/\/cbmitrovica.org\/sr\/activities\/sastanak-sa-opstinskim-zvanicnicima-predstavnicima-organizacija-civilnog-drustva-i-mladima\/","og_site_name":"CBM - Community Building Mitrovica","og_image":[{"url":"https:\/\/static.xx.fbcdn.net\/images\/emoji.php\/v9\/t3c\/1\/16\/1f4a1.png","type":"","width":"","height":""}],"twitter_card":"summary_large_image","twitter_misc":{"\u041f\u0440\u043e\u0446\u0435\u045a\u0435\u043d\u043e \u0432\u0440\u0435\u043c\u0435 \u0447\u0438\u0442\u0430\u045a\u0430":"1 \u043c\u0438\u043d\u0443\u0442"},"schema":{"@context":"https:\/\/schema.org","@graph":[{"@type":"WebPage","@id":"https:\/\/cbmitrovica.org\/sr\/activities\/sastanak-sa-opstinskim-zvanicnicima-predstavnicima-organizacija-civilnog-drustva-i-mladima\/","url":"https:\/\/cbmitrovica.org\/sr\/activities\/sastanak-sa-opstinskim-zvanicnicima-predstavnicima-organizacija-civilnog-drustva-i-mladima\/","name":"Sastanak sa op\u0161tinskim zvani\u010dnicima, predstavnicima organizacija civilnog dru\u0161tva i mladima - CBM - Community Building Mitrovica","isPartOf":{"@id":"https:\/\/cbmitrovica.org\/#website"},"primaryImageOfPage":{"@id":"https:\/\/cbmitrovica.org\/sr\/activities\/sastanak-sa-opstinskim-zvanicnicima-predstavnicima-organizacija-civilnog-drustva-i-mladima\/#primaryimage"},"image":{"@id":"https:\/\/cbmitrovica.org\/sr\/activities\/sastanak-sa-opstinskim-zvanicnicima-predstavnicima-organizacija-civilnog-drustva-i-mladima\/#primaryimage"},"thumbnailUrl":"https:\/\/static.xx.fbcdn.net\/images\/emoji.php\/v9\/t3c\/1\/16\/1f4a1.png","datePublished":"2026-01-22T10:44:06+00:00","dateModified":"2026-01-22T10:44:06+00:00","breadcrumb":{"@id":"https:\/\/cbmitrovica.org\/sr\/activities\/sastanak-sa-opstinskim-zvanicnicima-predstavnicima-organizacija-civilnog-drustva-i-mladima\/#breadcrumb"},"inLanguage":"sr-RS","potentialAction":[{"@type":"ReadAction","target":["https:\/\/cbmitrovica.org\/sr\/activities\/sastanak-sa-opstinskim-zvanicnicima-predstavnicima-organizacija-civilnog-drustva-i-mladima\/"]}]},{"@type":"ImageObject","inLanguage":"sr-RS","@id":"https:\/\/cbmitrovica.org\/sr\/activities\/sastanak-sa-opstinskim-zvanicnicima-predstavnicima-organizacija-civilnog-drustva-i-mladima\/#primaryimage","url":"https:\/\/static.xx.fbcdn.net\/images\/emoji.php\/v9\/t3c\/1\/16\/1f4a1.png","contentUrl":"https:\/\/static.xx.fbcdn.net\/images\/emoji.php\/v9\/t3c\/1\/16\/1f4a1.png"},{"@type":"BreadcrumbList","@id":"https:\/\/cbmitrovica.org\/sr\/activities\/sastanak-sa-opstinskim-zvanicnicima-predstavnicima-organizacija-civilnog-drustva-i-mladima\/#breadcrumb","itemListElement":[{"@type":"ListItem","position":1,"name":"Home","item":"https:\/\/cbmitrovica.org\/sr\/"},{"@type":"ListItem","position":2,"name":"Aktivnosti","item":"https:\/\/cbmitrovica.org\/sr\/activities\/"},{"@type":"ListItem","position":3,"name":"Sastanak sa op\u0161tinskim zvani\u010dnicima, predstavnicima organizacija civilnog dru\u0161tva i mladima"}]},{"@type":"WebSite","@id":"https:\/\/cbmitrovica.org\/#website","url":"https:\/\/cbmitrovica.org\/","name":"CBM - Community Building Mitrovica","description":"","potentialAction":[{"@type":"SearchAction","target":{"@type":"EntryPoint","urlTemplate":"https:\/\/cbmitrovica.org\/?s={search_term_string}"},"query-input":{"@type":"PropertyValueSpecification","valueRequired":true,"valueName":"search_term_string"}}],"inLanguage":"sr-RS"}]}},"_links":{"self":[{"href":"https:\/\/cbmitrovica.org\/sr\/wp-json\/wp\/v2\/pages\/382499","targetHints":{"allow":["GET"]}}],"collection":[{"href":"https:\/\/cbmitrovica.org\/sr\/wp-json\/wp\/v2\/pages"}],"about":[{"href":"https:\/\/cbmitrovica.org\/sr\/wp-json\/wp\/v2\/types\/page"}],"author":[{"embeddable":true,"href":"https:\/\/cbmitrovica.org\/sr\/wp-json\/wp\/v2\/users\/297"}],"replies":[{"embeddable":true,"href":"https:\/\/cbmitrovica.org\/sr\/wp-json\/wp\/v2\/comments?post=382499"}],"version-history":[{"count":1,"href":"https:\/\/cbmitrovica.org\/sr\/wp-json\/wp\/v2\/pages\/382499\/revisions"}],"predecessor-version":[{"id":382500,"href":"https:\/\/cbmitrovica.org\/sr\/wp-json\/wp\/v2\/pages\/382499\/revisions\/382500"}],"up":[{"embeddable":true,"href":"https:\/\/cbmitrovica.org\/sr\/wp-json\/wp\/v2\/pages\/225"}],"wp:attachment":[{"href":"https:\/\/cbmitrovica.org\/sr\/wp-json\/wp\/v2\/media?parent=382499"}],"curies":[{"name":"wp","href":"https:\/\/api.w.org\/{rel}","templated":true}]}}