{"id":382496,"date":"2026-01-22T10:42:28","date_gmt":"2026-01-22T10:42:28","guid":{"rendered":"https:\/\/cbmitrovica.org\/?page_id=382496"},"modified":"2026-01-22T10:42:28","modified_gmt":"2026-01-22T10:42:28","slug":"skola-gradjanskog-obrazovanja-alumni-dogadjaj-3","status":"publish","type":"page","link":"https:\/\/cbmitrovica.org\/sr\/activities\/skola-gradjanskog-obrazovanja-alumni-dogadjaj-3\/","title":{"rendered":"\u0160kola gra\u0111anskog obrazovanja \u2013 Alumni doga\u0111aj"},"content":{"rendered":"\n<p>Kao nastavak \u0160kole gra\u0111anskog obrazovanja, CBM je organizovao Alumni doga\u0111aj, okupljaju\u0107i u\u010denike iz Ju\u017ene i Severne Mitrovice iz razli\u010ditih zajednica. Prvi dan kampa bio je posve\u0107en uvodnim aktivnostima kroz igre, razgovore i rad u grupama, koje su pomogle u\u010denicima da se bolje upoznaju. Drugog dana, sociolog Ramadan Be\u0161iri vodio je sesiju na temu \u201eDevijantno pona\u0161anje i multikulturalizam\u201c, podsti\u010du\u0107i dubinske i reflektivne diskusije.<\/p>\n\n\n\n<p>U\u010denici su tako\u0111e razmenjivali pozitivne poruke napisane rukom i sme\u0161tene u li\u010dne koverte, kao na\u010din da ohrabre jedni druge i oja\u010daju ose\u0107aj zajedni\u0161tva. Prva dva dana zavr\u0161ena su grupnim aktivnostima koje su promovisale kreativnost, povezivanje i ose\u0107aj pripadnosti iznad dru\u0161tvenih i kulturnih razlika.<\/p>\n\n\n\n<p>Poslednja dva dana Letnjeg kampa \u0160kole gra\u0111anskog obrazovanja bila su ispunjena smislenim i uticajnim aktivnostima. U\u010denici su u\u010destvovali u simulaciji \u201eMoje ostrvo\u201c, gde su osmi\u0161ljavali sopstvena dru\u0161tva defini\u0161u\u0107i zakone, vrednosti i principe, podsti\u010du\u0107i odgovornost, kriti\u010dko razmi\u0161ljanje i razmi\u0161ljanje o zajednici u kojoj \u017eele da \u017eive. Projekcija filma dodatno je podstakla dijalog o prevazila\u017eenju razlika, razbijanju stereotipa i prihvatanju inkluzije.<\/p>\n\n\n\n<p>Poslednjeg dana, u\u010desnici su se okupili u krugu refleksije kako bi podelili svoja u\u010denja i utiske sa kampa, dok je zavr\u0161etak aktivnosti \u201eTajni prijatelj\u201c stvorio trenutke zahvalnosti, ohrabrenja i pozitivnih veza. Program je zavr\u0161en ceremonijom dodele sertifikata, tokom koje su u\u010denicima uru\u010deni sertifikati kao priznanje za njihov anga\u017eman i doprinos \u0160koli gra\u0111anskog obrazovanja i Letnjem kampu.<\/p>\n\n\n\n<p>Ovu aktivnost sprovodi Community Building Mitrovica u okviru programa \u201eOtporne i inkluzivne zajednice\u201c, uz podr\u0161ku Global Community Engagement and Resilience Fund-a<\/p>\n\n\n\n<p><\/p>\n","protected":false},"excerpt":{"rendered":"<p>Kao nastavak \u0160kole gra\u0111anskog obrazovanja, CBM je organizovao Alumni doga\u0111aj, okupljaju\u0107i u\u010denike iz Ju\u017ene i Severne Mitrovice iz razli\u010ditih zajednica. Prvi dan kampa bio je posve\u0107en uvodnim aktivnostima kroz igre, razgovore i rad u grupama, koje su pomogle u\u010denicima da se bolje upoznaju. Drugog dana, sociolog Ramadan Be\u0161iri vodio je sesiju na temu \u201eDevijantno pona\u0161anje [&hellip;]<\/p>\n","protected":false},"author":297,"featured_media":0,"parent":225,"menu_order":0,"comment_status":"closed","ping_status":"closed","template":"template-singleactiviti.php","meta":{"_bbp_topic_count":0,"_bbp_reply_count":0,"_bbp_total_topic_count":0,"_bbp_total_reply_count":0,"_bbp_voice_count":0,"_bbp_anonymous_reply_count":0,"_bbp_topic_count_hidden":0,"_bbp_reply_count_hidden":0,"_bbp_forum_subforum_count":0,"_monsterinsights_skip_tracking":false,"_monsterinsights_sitenote_active":false,"_monsterinsights_sitenote_note":"","_monsterinsights_sitenote_category":0,"footnotes":""},"class_list":["post-382496","page","type-page","status-publish","hentry"],"acf":[],"yoast_head":"<!-- This site is optimized with the Yoast SEO plugin v24.2 - https:\/\/yoast.com\/wordpress\/plugins\/seo\/ -->\n<title>\u0160kola gra\u0111anskog obrazovanja \u2013 Alumni doga\u0111aj - CBM - Community Building Mitrovica<\/title>\n<meta name=\"robots\" content=\"index, follow, max-snippet:-1, max-image-preview:large, max-video-preview:-1\" \/>\n<link rel=\"canonical\" href=\"https:\/\/cbmitrovica.org\/sr\/activities\/skola-gradjanskog-obrazovanja-alumni-dogadjaj-3\/\" \/>\n<meta property=\"og:locale\" content=\"sr_RS\" \/>\n<meta property=\"og:type\" content=\"article\" \/>\n<meta property=\"og:title\" content=\"\u0160kola gra\u0111anskog obrazovanja \u2013 Alumni doga\u0111aj - CBM - Community Building Mitrovica\" \/>\n<meta property=\"og:description\" content=\"Kao nastavak \u0160kole gra\u0111anskog obrazovanja, CBM je organizovao Alumni doga\u0111aj, okupljaju\u0107i u\u010denike iz Ju\u017ene i Severne Mitrovice iz razli\u010ditih zajednica. Prvi dan kampa bio je posve\u0107en uvodnim aktivnostima kroz igre, razgovore i rad u grupama, koje su pomogle u\u010denicima da se bolje upoznaju. Drugog dana, sociolog Ramadan Be\u0161iri vodio je sesiju na temu \u201eDevijantno pona\u0161anje [&hellip;]\" \/>\n<meta property=\"og:url\" content=\"https:\/\/cbmitrovica.org\/sr\/activities\/skola-gradjanskog-obrazovanja-alumni-dogadjaj-3\/\" \/>\n<meta property=\"og:site_name\" content=\"CBM - Community Building Mitrovica\" \/>\n<meta property=\"og:image\" content=\"https:\/\/cbmitrovica.org\/wp-content\/uploads\/2021\/12\/viber-image-2021-12-21-15-40-54-153.jpg\" \/>\n\t<meta property=\"og:image:width\" content=\"1600\" \/>\n\t<meta property=\"og:image:height\" content=\"900\" \/>\n\t<meta property=\"og:image:type\" content=\"image\/jpeg\" \/>\n<meta name=\"twitter:card\" content=\"summary_large_image\" \/>\n<meta name=\"twitter:label1\" content=\"\u041f\u0440\u043e\u0446\u0435\u045a\u0435\u043d\u043e \u0432\u0440\u0435\u043c\u0435 \u0447\u0438\u0442\u0430\u045a\u0430\" \/>\n\t<meta name=\"twitter:data1\" content=\"2 \u043c\u0438\u043d\u0443\u0442\u0430\" \/>\n<script type=\"application\/ld+json\" class=\"yoast-schema-graph\">{\"@context\":\"https:\/\/schema.org\",\"@graph\":[{\"@type\":\"WebPage\",\"@id\":\"https:\/\/cbmitrovica.org\/sr\/activities\/skola-gradjanskog-obrazovanja-alumni-dogadjaj-3\/\",\"url\":\"https:\/\/cbmitrovica.org\/sr\/activities\/skola-gradjanskog-obrazovanja-alumni-dogadjaj-3\/\",\"name\":\"\u0160kola gra\u0111anskog obrazovanja \u2013 Alumni doga\u0111aj - CBM - Community Building Mitrovica\",\"isPartOf\":{\"@id\":\"https:\/\/cbmitrovica.org\/#website\"},\"datePublished\":\"2026-01-22T10:42:28+00:00\",\"dateModified\":\"2026-01-22T10:42:28+00:00\",\"breadcrumb\":{\"@id\":\"https:\/\/cbmitrovica.org\/sr\/activities\/skola-gradjanskog-obrazovanja-alumni-dogadjaj-3\/#breadcrumb\"},\"inLanguage\":\"sr-RS\",\"potentialAction\":[{\"@type\":\"ReadAction\",\"target\":[\"https:\/\/cbmitrovica.org\/sr\/activities\/skola-gradjanskog-obrazovanja-alumni-dogadjaj-3\/\"]}]},{\"@type\":\"BreadcrumbList\",\"@id\":\"https:\/\/cbmitrovica.org\/sr\/activities\/skola-gradjanskog-obrazovanja-alumni-dogadjaj-3\/#breadcrumb\",\"itemListElement\":[{\"@type\":\"ListItem\",\"position\":1,\"name\":\"Home\",\"item\":\"https:\/\/cbmitrovica.org\/sr\/\"},{\"@type\":\"ListItem\",\"position\":2,\"name\":\"Aktivnosti\",\"item\":\"https:\/\/cbmitrovica.org\/sr\/activities\/\"},{\"@type\":\"ListItem\",\"position\":3,\"name\":\"\u0160kola gra\u0111anskog obrazovanja \u2013 Alumni doga\u0111aj\"}]},{\"@type\":\"WebSite\",\"@id\":\"https:\/\/cbmitrovica.org\/#website\",\"url\":\"https:\/\/cbmitrovica.org\/\",\"name\":\"CBM - Community Building Mitrovica\",\"description\":\"\",\"potentialAction\":[{\"@type\":\"SearchAction\",\"target\":{\"@type\":\"EntryPoint\",\"urlTemplate\":\"https:\/\/cbmitrovica.org\/?s={search_term_string}\"},\"query-input\":{\"@type\":\"PropertyValueSpecification\",\"valueRequired\":true,\"valueName\":\"search_term_string\"}}],\"inLanguage\":\"sr-RS\"}]}<\/script>\n<!-- \/ Yoast SEO plugin. -->","yoast_head_json":{"title":"\u0160kola gra\u0111anskog obrazovanja \u2013 Alumni doga\u0111aj - CBM - Community Building Mitrovica","robots":{"index":"index","follow":"follow","max-snippet":"max-snippet:-1","max-image-preview":"max-image-preview:large","max-video-preview":"max-video-preview:-1"},"canonical":"https:\/\/cbmitrovica.org\/sr\/activities\/skola-gradjanskog-obrazovanja-alumni-dogadjaj-3\/","og_locale":"sr_RS","og_type":"article","og_title":"\u0160kola gra\u0111anskog obrazovanja \u2013 Alumni doga\u0111aj - CBM - Community Building Mitrovica","og_description":"Kao nastavak \u0160kole gra\u0111anskog obrazovanja, CBM je organizovao Alumni doga\u0111aj, okupljaju\u0107i u\u010denike iz Ju\u017ene i Severne Mitrovice iz razli\u010ditih zajednica. Prvi dan kampa bio je posve\u0107en uvodnim aktivnostima kroz igre, razgovore i rad u grupama, koje su pomogle u\u010denicima da se bolje upoznaju. Drugog dana, sociolog Ramadan Be\u0161iri vodio je sesiju na temu \u201eDevijantno pona\u0161anje [&hellip;]","og_url":"https:\/\/cbmitrovica.org\/sr\/activities\/skola-gradjanskog-obrazovanja-alumni-dogadjaj-3\/","og_site_name":"CBM - Community Building Mitrovica","og_image":[{"width":1600,"height":900,"url":"https:\/\/cbmitrovica.org\/wp-content\/uploads\/2021\/12\/viber-image-2021-12-21-15-40-54-153.jpg","type":"image\/jpeg"}],"twitter_card":"summary_large_image","twitter_misc":{"\u041f\u0440\u043e\u0446\u0435\u045a\u0435\u043d\u043e \u0432\u0440\u0435\u043c\u0435 \u0447\u0438\u0442\u0430\u045a\u0430":"2 \u043c\u0438\u043d\u0443\u0442\u0430"},"schema":{"@context":"https:\/\/schema.org","@graph":[{"@type":"WebPage","@id":"https:\/\/cbmitrovica.org\/sr\/activities\/skola-gradjanskog-obrazovanja-alumni-dogadjaj-3\/","url":"https:\/\/cbmitrovica.org\/sr\/activities\/skola-gradjanskog-obrazovanja-alumni-dogadjaj-3\/","name":"\u0160kola gra\u0111anskog obrazovanja \u2013 Alumni doga\u0111aj - CBM - Community Building Mitrovica","isPartOf":{"@id":"https:\/\/cbmitrovica.org\/#website"},"datePublished":"2026-01-22T10:42:28+00:00","dateModified":"2026-01-22T10:42:28+00:00","breadcrumb":{"@id":"https:\/\/cbmitrovica.org\/sr\/activities\/skola-gradjanskog-obrazovanja-alumni-dogadjaj-3\/#breadcrumb"},"inLanguage":"sr-RS","potentialAction":[{"@type":"ReadAction","target":["https:\/\/cbmitrovica.org\/sr\/activities\/skola-gradjanskog-obrazovanja-alumni-dogadjaj-3\/"]}]},{"@type":"BreadcrumbList","@id":"https:\/\/cbmitrovica.org\/sr\/activities\/skola-gradjanskog-obrazovanja-alumni-dogadjaj-3\/#breadcrumb","itemListElement":[{"@type":"ListItem","position":1,"name":"Home","item":"https:\/\/cbmitrovica.org\/sr\/"},{"@type":"ListItem","position":2,"name":"Aktivnosti","item":"https:\/\/cbmitrovica.org\/sr\/activities\/"},{"@type":"ListItem","position":3,"name":"\u0160kola gra\u0111anskog obrazovanja \u2013 Alumni doga\u0111aj"}]},{"@type":"WebSite","@id":"https:\/\/cbmitrovica.org\/#website","url":"https:\/\/cbmitrovica.org\/","name":"CBM - Community Building Mitrovica","description":"","potentialAction":[{"@type":"SearchAction","target":{"@type":"EntryPoint","urlTemplate":"https:\/\/cbmitrovica.org\/?s={search_term_string}"},"query-input":{"@type":"PropertyValueSpecification","valueRequired":true,"valueName":"search_term_string"}}],"inLanguage":"sr-RS"}]}},"_links":{"self":[{"href":"https:\/\/cbmitrovica.org\/sr\/wp-json\/wp\/v2\/pages\/382496","targetHints":{"allow":["GET"]}}],"collection":[{"href":"https:\/\/cbmitrovica.org\/sr\/wp-json\/wp\/v2\/pages"}],"about":[{"href":"https:\/\/cbmitrovica.org\/sr\/wp-json\/wp\/v2\/types\/page"}],"author":[{"embeddable":true,"href":"https:\/\/cbmitrovica.org\/sr\/wp-json\/wp\/v2\/users\/297"}],"replies":[{"embeddable":true,"href":"https:\/\/cbmitrovica.org\/sr\/wp-json\/wp\/v2\/comments?post=382496"}],"version-history":[{"count":1,"href":"https:\/\/cbmitrovica.org\/sr\/wp-json\/wp\/v2\/pages\/382496\/revisions"}],"predecessor-version":[{"id":382497,"href":"https:\/\/cbmitrovica.org\/sr\/wp-json\/wp\/v2\/pages\/382496\/revisions\/382497"}],"up":[{"embeddable":true,"href":"https:\/\/cbmitrovica.org\/sr\/wp-json\/wp\/v2\/pages\/225"}],"wp:attachment":[{"href":"https:\/\/cbmitrovica.org\/sr\/wp-json\/wp\/v2\/media?parent=382496"}],"curies":[{"name":"wp","href":"https:\/\/api.w.org\/{rel}","templated":true}]}}