{"id":382474,"date":"2026-01-22T09:20:17","date_gmt":"2026-01-22T09:20:17","guid":{"rendered":"https:\/\/cbmitrovica.org\/?page_id=382474"},"modified":"2026-01-22T09:20:17","modified_gmt":"2026-01-22T09:20:17","slug":"uvodna-informativna-sesija-o-resursnom-centru-za-civilno-drustvo-odrzana-je-u-severnoj-mitrovici","status":"publish","type":"page","link":"https:\/\/cbmitrovica.org\/sr\/projects\/uvodna-informativna-sesija-o-resursnom-centru-za-civilno-drustvo-odrzana-je-u-severnoj-mitrovici\/","title":{"rendered":"Uvodna informativna sesija o Resursnom centru za civilno dru\u0161tvo odr\u017eana je u Severnoj Mitrovici"},"content":{"rendered":"\n<p>Uvodna informativna sesija o Resursnom centru za civilno dru\u0161tvo na Kosovu odr\u017eana je u Centru za civilnu energiju u Severnoj Mitrovici, u okviru inicijative Resursnog centra koja se sprovodi u partnerstvu sa KCSF-om.<\/p>\n\n\n\n<p>Lokalne organizacije civilnog dru\u0161tva i aktivisti upoznati su sa misijom i uslugama Centra, uklju\u010duju\u0107i pristup informacijama i resursima, podr\u0161ku u zagovaranju javnih politika, razvoj kapaciteta, mogu\u0107nosti umre\u017eavanja i inicijative gra\u0111anskog aktivizma. Diskusija je bila usmerena na prilago\u0111avanje podr\u0161ke stvarnim potrebama civilnog dru\u0161tva \u0161irom Kosova, kako bi se obezbedila smislena i delotvorna pomo\u0107.<\/p>\n\n\n\n<p><\/p>\n\n\n\n<p><\/p>\n","protected":false},"excerpt":{"rendered":"<p>Uvodna informativna sesija o Resursnom centru za civilno dru\u0161tvo na Kosovu odr\u017eana je u Centru za civilnu energiju u Severnoj Mitrovici, u okviru inicijative Resursnog centra koja se sprovodi u partnerstvu sa KCSF-om. Lokalne organizacije civilnog dru\u0161tva i aktivisti upoznati su sa misijom i uslugama Centra, uklju\u010duju\u0107i pristup informacijama i resursima, podr\u0161ku u zagovaranju javnih [&hellip;]<\/p>\n","protected":false},"author":297,"featured_media":0,"parent":83,"menu_order":0,"comment_status":"closed","ping_status":"closed","template":"template-singleactiviti.php","meta":{"_bbp_topic_count":0,"_bbp_reply_count":0,"_bbp_total_topic_count":0,"_bbp_total_reply_count":0,"_bbp_voice_count":0,"_bbp_anonymous_reply_count":0,"_bbp_topic_count_hidden":0,"_bbp_reply_count_hidden":0,"_bbp_forum_subforum_count":0,"_monsterinsights_skip_tracking":false,"_monsterinsights_sitenote_active":false,"_monsterinsights_sitenote_note":"","_monsterinsights_sitenote_category":0,"footnotes":""},"class_list":["post-382474","page","type-page","status-publish","hentry"],"acf":[],"yoast_head":"<!-- This site is optimized with the Yoast SEO plugin v24.2 - https:\/\/yoast.com\/wordpress\/plugins\/seo\/ -->\n<title>Uvodna informativna sesija o Resursnom centru za civilno dru\u0161tvo odr\u017eana je u Severnoj Mitrovici - CBM - Community Building Mitrovica<\/title>\n<meta name=\"robots\" content=\"index, follow, max-snippet:-1, max-image-preview:large, max-video-preview:-1\" \/>\n<link rel=\"canonical\" href=\"https:\/\/cbmitrovica.org\/sr\/projects\/uvodna-informativna-sesija-o-resursnom-centru-za-civilno-drustvo-odrzana-je-u-severnoj-mitrovici\/\" \/>\n<meta property=\"og:locale\" content=\"sr_RS\" \/>\n<meta property=\"og:type\" content=\"article\" \/>\n<meta property=\"og:title\" content=\"Uvodna informativna sesija o Resursnom centru za civilno dru\u0161tvo odr\u017eana je u Severnoj Mitrovici - CBM - Community Building Mitrovica\" \/>\n<meta property=\"og:description\" content=\"Uvodna informativna sesija o Resursnom centru za civilno dru\u0161tvo na Kosovu odr\u017eana je u Centru za civilnu energiju u Severnoj Mitrovici, u okviru inicijative Resursnog centra koja se sprovodi u partnerstvu sa KCSF-om. Lokalne organizacije civilnog dru\u0161tva i aktivisti upoznati su sa misijom i uslugama Centra, uklju\u010duju\u0107i pristup informacijama i resursima, podr\u0161ku u zagovaranju javnih [&hellip;]\" \/>\n<meta property=\"og:url\" content=\"https:\/\/cbmitrovica.org\/sr\/projects\/uvodna-informativna-sesija-o-resursnom-centru-za-civilno-drustvo-odrzana-je-u-severnoj-mitrovici\/\" \/>\n<meta property=\"og:site_name\" content=\"CBM - Community Building Mitrovica\" \/>\n<meta property=\"og:image\" content=\"https:\/\/cbmitrovica.org\/wp-content\/uploads\/2021\/12\/viber-image-2021-12-21-15-40-54-153.jpg\" \/>\n\t<meta property=\"og:image:width\" content=\"1600\" \/>\n\t<meta property=\"og:image:height\" content=\"900\" \/>\n\t<meta property=\"og:image:type\" content=\"image\/jpeg\" \/>\n<meta name=\"twitter:card\" content=\"summary_large_image\" \/>\n<meta name=\"twitter:label1\" content=\"\u041f\u0440\u043e\u0446\u0435\u045a\u0435\u043d\u043e \u0432\u0440\u0435\u043c\u0435 \u0447\u0438\u0442\u0430\u045a\u0430\" \/>\n\t<meta name=\"twitter:data1\" content=\"1 \u043c\u0438\u043d\u0443\u0442\" \/>\n<script type=\"application\/ld+json\" class=\"yoast-schema-graph\">{\"@context\":\"https:\/\/schema.org\",\"@graph\":[{\"@type\":\"WebPage\",\"@id\":\"https:\/\/cbmitrovica.org\/sr\/projects\/uvodna-informativna-sesija-o-resursnom-centru-za-civilno-drustvo-odrzana-je-u-severnoj-mitrovici\/\",\"url\":\"https:\/\/cbmitrovica.org\/sr\/projects\/uvodna-informativna-sesija-o-resursnom-centru-za-civilno-drustvo-odrzana-je-u-severnoj-mitrovici\/\",\"name\":\"Uvodna informativna sesija o Resursnom centru za civilno dru\u0161tvo odr\u017eana je u Severnoj Mitrovici - CBM - Community Building Mitrovica\",\"isPartOf\":{\"@id\":\"https:\/\/cbmitrovica.org\/#website\"},\"datePublished\":\"2026-01-22T09:20:17+00:00\",\"dateModified\":\"2026-01-22T09:20:17+00:00\",\"breadcrumb\":{\"@id\":\"https:\/\/cbmitrovica.org\/sr\/projects\/uvodna-informativna-sesija-o-resursnom-centru-za-civilno-drustvo-odrzana-je-u-severnoj-mitrovici\/#breadcrumb\"},\"inLanguage\":\"sr-RS\",\"potentialAction\":[{\"@type\":\"ReadAction\",\"target\":[\"https:\/\/cbmitrovica.org\/sr\/projects\/uvodna-informativna-sesija-o-resursnom-centru-za-civilno-drustvo-odrzana-je-u-severnoj-mitrovici\/\"]}]},{\"@type\":\"BreadcrumbList\",\"@id\":\"https:\/\/cbmitrovica.org\/sr\/projects\/uvodna-informativna-sesija-o-resursnom-centru-za-civilno-drustvo-odrzana-je-u-severnoj-mitrovici\/#breadcrumb\",\"itemListElement\":[{\"@type\":\"ListItem\",\"position\":1,\"name\":\"Home\",\"item\":\"https:\/\/cbmitrovica.org\/sr\/\"},{\"@type\":\"ListItem\",\"position\":2,\"name\":\"Activities\",\"item\":\"https:\/\/cbmitrovica.org\/projects\/\"},{\"@type\":\"ListItem\",\"position\":3,\"name\":\"Uvodna informativna sesija o Resursnom centru za civilno dru\u0161tvo odr\u017eana je u Severnoj Mitrovici\"}]},{\"@type\":\"WebSite\",\"@id\":\"https:\/\/cbmitrovica.org\/#website\",\"url\":\"https:\/\/cbmitrovica.org\/\",\"name\":\"CBM - Community Building Mitrovica\",\"description\":\"\",\"potentialAction\":[{\"@type\":\"SearchAction\",\"target\":{\"@type\":\"EntryPoint\",\"urlTemplate\":\"https:\/\/cbmitrovica.org\/?s={search_term_string}\"},\"query-input\":{\"@type\":\"PropertyValueSpecification\",\"valueRequired\":true,\"valueName\":\"search_term_string\"}}],\"inLanguage\":\"sr-RS\"}]}<\/script>\n<!-- \/ Yoast SEO plugin. -->","yoast_head_json":{"title":"Uvodna informativna sesija o Resursnom centru za civilno dru\u0161tvo odr\u017eana je u Severnoj Mitrovici - CBM - Community Building Mitrovica","robots":{"index":"index","follow":"follow","max-snippet":"max-snippet:-1","max-image-preview":"max-image-preview:large","max-video-preview":"max-video-preview:-1"},"canonical":"https:\/\/cbmitrovica.org\/sr\/projects\/uvodna-informativna-sesija-o-resursnom-centru-za-civilno-drustvo-odrzana-je-u-severnoj-mitrovici\/","og_locale":"sr_RS","og_type":"article","og_title":"Uvodna informativna sesija o Resursnom centru za civilno dru\u0161tvo odr\u017eana je u Severnoj Mitrovici - CBM - Community Building Mitrovica","og_description":"Uvodna informativna sesija o Resursnom centru za civilno dru\u0161tvo na Kosovu odr\u017eana je u Centru za civilnu energiju u Severnoj Mitrovici, u okviru inicijative Resursnog centra koja se sprovodi u partnerstvu sa KCSF-om. Lokalne organizacije civilnog dru\u0161tva i aktivisti upoznati su sa misijom i uslugama Centra, uklju\u010duju\u0107i pristup informacijama i resursima, podr\u0161ku u zagovaranju javnih [&hellip;]","og_url":"https:\/\/cbmitrovica.org\/sr\/projects\/uvodna-informativna-sesija-o-resursnom-centru-za-civilno-drustvo-odrzana-je-u-severnoj-mitrovici\/","og_site_name":"CBM - Community Building Mitrovica","og_image":[{"width":1600,"height":900,"url":"https:\/\/cbmitrovica.org\/wp-content\/uploads\/2021\/12\/viber-image-2021-12-21-15-40-54-153.jpg","type":"image\/jpeg"}],"twitter_card":"summary_large_image","twitter_misc":{"\u041f\u0440\u043e\u0446\u0435\u045a\u0435\u043d\u043e \u0432\u0440\u0435\u043c\u0435 \u0447\u0438\u0442\u0430\u045a\u0430":"1 \u043c\u0438\u043d\u0443\u0442"},"schema":{"@context":"https:\/\/schema.org","@graph":[{"@type":"WebPage","@id":"https:\/\/cbmitrovica.org\/sr\/projects\/uvodna-informativna-sesija-o-resursnom-centru-za-civilno-drustvo-odrzana-je-u-severnoj-mitrovici\/","url":"https:\/\/cbmitrovica.org\/sr\/projects\/uvodna-informativna-sesija-o-resursnom-centru-za-civilno-drustvo-odrzana-je-u-severnoj-mitrovici\/","name":"Uvodna informativna sesija o Resursnom centru za civilno dru\u0161tvo odr\u017eana je u Severnoj Mitrovici - CBM - Community Building Mitrovica","isPartOf":{"@id":"https:\/\/cbmitrovica.org\/#website"},"datePublished":"2026-01-22T09:20:17+00:00","dateModified":"2026-01-22T09:20:17+00:00","breadcrumb":{"@id":"https:\/\/cbmitrovica.org\/sr\/projects\/uvodna-informativna-sesija-o-resursnom-centru-za-civilno-drustvo-odrzana-je-u-severnoj-mitrovici\/#breadcrumb"},"inLanguage":"sr-RS","potentialAction":[{"@type":"ReadAction","target":["https:\/\/cbmitrovica.org\/sr\/projects\/uvodna-informativna-sesija-o-resursnom-centru-za-civilno-drustvo-odrzana-je-u-severnoj-mitrovici\/"]}]},{"@type":"BreadcrumbList","@id":"https:\/\/cbmitrovica.org\/sr\/projects\/uvodna-informativna-sesija-o-resursnom-centru-za-civilno-drustvo-odrzana-je-u-severnoj-mitrovici\/#breadcrumb","itemListElement":[{"@type":"ListItem","position":1,"name":"Home","item":"https:\/\/cbmitrovica.org\/sr\/"},{"@type":"ListItem","position":2,"name":"Activities","item":"https:\/\/cbmitrovica.org\/projects\/"},{"@type":"ListItem","position":3,"name":"Uvodna informativna sesija o Resursnom centru za civilno dru\u0161tvo odr\u017eana je u Severnoj Mitrovici"}]},{"@type":"WebSite","@id":"https:\/\/cbmitrovica.org\/#website","url":"https:\/\/cbmitrovica.org\/","name":"CBM - Community Building Mitrovica","description":"","potentialAction":[{"@type":"SearchAction","target":{"@type":"EntryPoint","urlTemplate":"https:\/\/cbmitrovica.org\/?s={search_term_string}"},"query-input":{"@type":"PropertyValueSpecification","valueRequired":true,"valueName":"search_term_string"}}],"inLanguage":"sr-RS"}]}},"_links":{"self":[{"href":"https:\/\/cbmitrovica.org\/sr\/wp-json\/wp\/v2\/pages\/382474","targetHints":{"allow":["GET"]}}],"collection":[{"href":"https:\/\/cbmitrovica.org\/sr\/wp-json\/wp\/v2\/pages"}],"about":[{"href":"https:\/\/cbmitrovica.org\/sr\/wp-json\/wp\/v2\/types\/page"}],"author":[{"embeddable":true,"href":"https:\/\/cbmitrovica.org\/sr\/wp-json\/wp\/v2\/users\/297"}],"replies":[{"embeddable":true,"href":"https:\/\/cbmitrovica.org\/sr\/wp-json\/wp\/v2\/comments?post=382474"}],"version-history":[{"count":1,"href":"https:\/\/cbmitrovica.org\/sr\/wp-json\/wp\/v2\/pages\/382474\/revisions"}],"predecessor-version":[{"id":382475,"href":"https:\/\/cbmitrovica.org\/sr\/wp-json\/wp\/v2\/pages\/382474\/revisions\/382475"}],"up":[{"embeddable":true,"href":"https:\/\/cbmitrovica.org\/sr\/wp-json\/wp\/v2\/pages\/83"}],"wp:attachment":[{"href":"https:\/\/cbmitrovica.org\/sr\/wp-json\/wp\/v2\/media?parent=382474"}],"curies":[{"name":"wp","href":"https:\/\/api.w.org\/{rel}","templated":true}]}}