{"id":382470,"date":"2026-01-22T09:19:25","date_gmt":"2026-01-22T09:19:25","guid":{"rendered":"https:\/\/cbmitrovica.org\/?page_id=382470"},"modified":"2026-01-22T09:19:25","modified_gmt":"2026-01-22T09:19:25","slug":"osnazivanje-mladih-kroz-trening-iz-digitalnog-marketinga-3","status":"publish","type":"page","link":"https:\/\/cbmitrovica.org\/sr\/activities\/osnazivanje-mladih-kroz-trening-iz-digitalnog-marketinga-3\/","title":{"rendered":"Osna\u017eivanje Mladih Kroz Trening iz Digitalnog Marketinga"},"content":{"rendered":"\n<p>Kao deo svojih napora za osna\u017eivanje mladih, CBM je realizovao obuku <strong>\u201eOsnove Digitalnog Marketinga\u201c<\/strong>, koju je vodila Ardita Krasniqi, uz u\u010de\u0161\u0107e 10 mladih ljudi.<\/p>\n\n\n\n<p>Tokom pet dana, u\u010desnici su stekli prakti\u010dno znanje u kreiranju anga\u017euju\u0107eg digitalnog sadr\u017eaja, dizajniranju vizuala pomo\u0107u Canve, upravljanju Facebook i Instagram stranicama, vo\u0111enju online reklama, unapre\u0111enju SEO-a i kori\u0161\u0107enju Google Business Profile-a za ja\u010danje online prisutnosti biznisa.<\/p>\n\n\n\n<p>Obuka je kombinovala teoriju i praksu, jer je svaki u\u010desnik razvio imaginarni poslovni plan, \u0161to im je omogu\u0107ilo da primene novoste\u010dene ve\u0161tine na prakti\u010dan na\u010din. Ovaj pristup opremio je u\u010desnike vrednim kompetencijama i pove\u0107ao njihovu spremnost za budu\u0107e prilike u oblasti digitalnog marketinga.<\/p>\n\n\n\n<p><\/p>\n","protected":false},"excerpt":{"rendered":"<p>Kao deo svojih napora za osna\u017eivanje mladih, CBM je realizovao obuku \u201eOsnove Digitalnog Marketinga\u201c, koju je vodila Ardita Krasniqi, uz u\u010de\u0161\u0107e 10 mladih ljudi. Tokom pet dana, u\u010desnici su stekli prakti\u010dno znanje u kreiranju anga\u017euju\u0107eg digitalnog sadr\u017eaja, dizajniranju vizuala pomo\u0107u Canve, upravljanju Facebook i Instagram stranicama, vo\u0111enju online reklama, unapre\u0111enju SEO-a i kori\u0161\u0107enju Google Business [&hellip;]<\/p>\n","protected":false},"author":297,"featured_media":0,"parent":225,"menu_order":0,"comment_status":"closed","ping_status":"closed","template":"template-singleactiviti.php","meta":{"_bbp_topic_count":0,"_bbp_reply_count":0,"_bbp_total_topic_count":0,"_bbp_total_reply_count":0,"_bbp_voice_count":0,"_bbp_anonymous_reply_count":0,"_bbp_topic_count_hidden":0,"_bbp_reply_count_hidden":0,"_bbp_forum_subforum_count":0,"_monsterinsights_skip_tracking":false,"_monsterinsights_sitenote_active":false,"_monsterinsights_sitenote_note":"","_monsterinsights_sitenote_category":0,"footnotes":""},"class_list":["post-382470","page","type-page","status-publish","hentry"],"acf":[],"yoast_head":"<!-- This site is optimized with the Yoast SEO plugin v24.2 - https:\/\/yoast.com\/wordpress\/plugins\/seo\/ -->\n<title>Osna\u017eivanje Mladih Kroz Trening iz Digitalnog Marketinga - CBM - Community Building Mitrovica<\/title>\n<meta name=\"robots\" content=\"index, follow, max-snippet:-1, max-image-preview:large, max-video-preview:-1\" \/>\n<link rel=\"canonical\" href=\"https:\/\/cbmitrovica.org\/sr\/activities\/osnazivanje-mladih-kroz-trening-iz-digitalnog-marketinga-3\/\" \/>\n<meta property=\"og:locale\" content=\"sr_RS\" \/>\n<meta property=\"og:type\" content=\"article\" \/>\n<meta property=\"og:title\" content=\"Osna\u017eivanje Mladih Kroz Trening iz Digitalnog Marketinga - CBM - Community Building Mitrovica\" \/>\n<meta property=\"og:description\" content=\"Kao deo svojih napora za osna\u017eivanje mladih, CBM je realizovao obuku \u201eOsnove Digitalnog Marketinga\u201c, koju je vodila Ardita Krasniqi, uz u\u010de\u0161\u0107e 10 mladih ljudi. Tokom pet dana, u\u010desnici su stekli prakti\u010dno znanje u kreiranju anga\u017euju\u0107eg digitalnog sadr\u017eaja, dizajniranju vizuala pomo\u0107u Canve, upravljanju Facebook i Instagram stranicama, vo\u0111enju online reklama, unapre\u0111enju SEO-a i kori\u0161\u0107enju Google Business [&hellip;]\" \/>\n<meta property=\"og:url\" content=\"https:\/\/cbmitrovica.org\/sr\/activities\/osnazivanje-mladih-kroz-trening-iz-digitalnog-marketinga-3\/\" \/>\n<meta property=\"og:site_name\" content=\"CBM - Community Building Mitrovica\" \/>\n<meta property=\"og:image\" content=\"https:\/\/cbmitrovica.org\/wp-content\/uploads\/2021\/12\/viber-image-2021-12-21-15-40-54-153.jpg\" \/>\n\t<meta property=\"og:image:width\" content=\"1600\" \/>\n\t<meta property=\"og:image:height\" content=\"900\" \/>\n\t<meta property=\"og:image:type\" content=\"image\/jpeg\" \/>\n<meta name=\"twitter:card\" content=\"summary_large_image\" \/>\n<meta name=\"twitter:label1\" content=\"\u041f\u0440\u043e\u0446\u0435\u045a\u0435\u043d\u043e \u0432\u0440\u0435\u043c\u0435 \u0447\u0438\u0442\u0430\u045a\u0430\" \/>\n\t<meta name=\"twitter:data1\" content=\"1 \u043c\u0438\u043d\u0443\u0442\" \/>\n<script type=\"application\/ld+json\" class=\"yoast-schema-graph\">{\"@context\":\"https:\/\/schema.org\",\"@graph\":[{\"@type\":\"WebPage\",\"@id\":\"https:\/\/cbmitrovica.org\/sr\/activities\/osnazivanje-mladih-kroz-trening-iz-digitalnog-marketinga-3\/\",\"url\":\"https:\/\/cbmitrovica.org\/sr\/activities\/osnazivanje-mladih-kroz-trening-iz-digitalnog-marketinga-3\/\",\"name\":\"Osna\u017eivanje Mladih Kroz Trening iz Digitalnog Marketinga - CBM - Community Building Mitrovica\",\"isPartOf\":{\"@id\":\"https:\/\/cbmitrovica.org\/#website\"},\"datePublished\":\"2026-01-22T09:19:25+00:00\",\"dateModified\":\"2026-01-22T09:19:25+00:00\",\"breadcrumb\":{\"@id\":\"https:\/\/cbmitrovica.org\/sr\/activities\/osnazivanje-mladih-kroz-trening-iz-digitalnog-marketinga-3\/#breadcrumb\"},\"inLanguage\":\"sr-RS\",\"potentialAction\":[{\"@type\":\"ReadAction\",\"target\":[\"https:\/\/cbmitrovica.org\/sr\/activities\/osnazivanje-mladih-kroz-trening-iz-digitalnog-marketinga-3\/\"]}]},{\"@type\":\"BreadcrumbList\",\"@id\":\"https:\/\/cbmitrovica.org\/sr\/activities\/osnazivanje-mladih-kroz-trening-iz-digitalnog-marketinga-3\/#breadcrumb\",\"itemListElement\":[{\"@type\":\"ListItem\",\"position\":1,\"name\":\"Home\",\"item\":\"https:\/\/cbmitrovica.org\/sr\/\"},{\"@type\":\"ListItem\",\"position\":2,\"name\":\"Aktivnosti\",\"item\":\"https:\/\/cbmitrovica.org\/sr\/activities\/\"},{\"@type\":\"ListItem\",\"position\":3,\"name\":\"Osna\u017eivanje Mladih Kroz Trening iz Digitalnog Marketinga\"}]},{\"@type\":\"WebSite\",\"@id\":\"https:\/\/cbmitrovica.org\/#website\",\"url\":\"https:\/\/cbmitrovica.org\/\",\"name\":\"CBM - Community Building Mitrovica\",\"description\":\"\",\"potentialAction\":[{\"@type\":\"SearchAction\",\"target\":{\"@type\":\"EntryPoint\",\"urlTemplate\":\"https:\/\/cbmitrovica.org\/?s={search_term_string}\"},\"query-input\":{\"@type\":\"PropertyValueSpecification\",\"valueRequired\":true,\"valueName\":\"search_term_string\"}}],\"inLanguage\":\"sr-RS\"}]}<\/script>\n<!-- \/ Yoast SEO plugin. -->","yoast_head_json":{"title":"Osna\u017eivanje Mladih Kroz Trening iz Digitalnog Marketinga - CBM - Community Building Mitrovica","robots":{"index":"index","follow":"follow","max-snippet":"max-snippet:-1","max-image-preview":"max-image-preview:large","max-video-preview":"max-video-preview:-1"},"canonical":"https:\/\/cbmitrovica.org\/sr\/activities\/osnazivanje-mladih-kroz-trening-iz-digitalnog-marketinga-3\/","og_locale":"sr_RS","og_type":"article","og_title":"Osna\u017eivanje Mladih Kroz Trening iz Digitalnog Marketinga - CBM - Community Building Mitrovica","og_description":"Kao deo svojih napora za osna\u017eivanje mladih, CBM je realizovao obuku \u201eOsnove Digitalnog Marketinga\u201c, koju je vodila Ardita Krasniqi, uz u\u010de\u0161\u0107e 10 mladih ljudi. Tokom pet dana, u\u010desnici su stekli prakti\u010dno znanje u kreiranju anga\u017euju\u0107eg digitalnog sadr\u017eaja, dizajniranju vizuala pomo\u0107u Canve, upravljanju Facebook i Instagram stranicama, vo\u0111enju online reklama, unapre\u0111enju SEO-a i kori\u0161\u0107enju Google Business [&hellip;]","og_url":"https:\/\/cbmitrovica.org\/sr\/activities\/osnazivanje-mladih-kroz-trening-iz-digitalnog-marketinga-3\/","og_site_name":"CBM - Community Building Mitrovica","og_image":[{"width":1600,"height":900,"url":"https:\/\/cbmitrovica.org\/wp-content\/uploads\/2021\/12\/viber-image-2021-12-21-15-40-54-153.jpg","type":"image\/jpeg"}],"twitter_card":"summary_large_image","twitter_misc":{"\u041f\u0440\u043e\u0446\u0435\u045a\u0435\u043d\u043e \u0432\u0440\u0435\u043c\u0435 \u0447\u0438\u0442\u0430\u045a\u0430":"1 \u043c\u0438\u043d\u0443\u0442"},"schema":{"@context":"https:\/\/schema.org","@graph":[{"@type":"WebPage","@id":"https:\/\/cbmitrovica.org\/sr\/activities\/osnazivanje-mladih-kroz-trening-iz-digitalnog-marketinga-3\/","url":"https:\/\/cbmitrovica.org\/sr\/activities\/osnazivanje-mladih-kroz-trening-iz-digitalnog-marketinga-3\/","name":"Osna\u017eivanje Mladih Kroz Trening iz Digitalnog Marketinga - CBM - Community Building Mitrovica","isPartOf":{"@id":"https:\/\/cbmitrovica.org\/#website"},"datePublished":"2026-01-22T09:19:25+00:00","dateModified":"2026-01-22T09:19:25+00:00","breadcrumb":{"@id":"https:\/\/cbmitrovica.org\/sr\/activities\/osnazivanje-mladih-kroz-trening-iz-digitalnog-marketinga-3\/#breadcrumb"},"inLanguage":"sr-RS","potentialAction":[{"@type":"ReadAction","target":["https:\/\/cbmitrovica.org\/sr\/activities\/osnazivanje-mladih-kroz-trening-iz-digitalnog-marketinga-3\/"]}]},{"@type":"BreadcrumbList","@id":"https:\/\/cbmitrovica.org\/sr\/activities\/osnazivanje-mladih-kroz-trening-iz-digitalnog-marketinga-3\/#breadcrumb","itemListElement":[{"@type":"ListItem","position":1,"name":"Home","item":"https:\/\/cbmitrovica.org\/sr\/"},{"@type":"ListItem","position":2,"name":"Aktivnosti","item":"https:\/\/cbmitrovica.org\/sr\/activities\/"},{"@type":"ListItem","position":3,"name":"Osna\u017eivanje Mladih Kroz Trening iz Digitalnog Marketinga"}]},{"@type":"WebSite","@id":"https:\/\/cbmitrovica.org\/#website","url":"https:\/\/cbmitrovica.org\/","name":"CBM - Community Building Mitrovica","description":"","potentialAction":[{"@type":"SearchAction","target":{"@type":"EntryPoint","urlTemplate":"https:\/\/cbmitrovica.org\/?s={search_term_string}"},"query-input":{"@type":"PropertyValueSpecification","valueRequired":true,"valueName":"search_term_string"}}],"inLanguage":"sr-RS"}]}},"_links":{"self":[{"href":"https:\/\/cbmitrovica.org\/sr\/wp-json\/wp\/v2\/pages\/382470","targetHints":{"allow":["GET"]}}],"collection":[{"href":"https:\/\/cbmitrovica.org\/sr\/wp-json\/wp\/v2\/pages"}],"about":[{"href":"https:\/\/cbmitrovica.org\/sr\/wp-json\/wp\/v2\/types\/page"}],"author":[{"embeddable":true,"href":"https:\/\/cbmitrovica.org\/sr\/wp-json\/wp\/v2\/users\/297"}],"replies":[{"embeddable":true,"href":"https:\/\/cbmitrovica.org\/sr\/wp-json\/wp\/v2\/comments?post=382470"}],"version-history":[{"count":2,"href":"https:\/\/cbmitrovica.org\/sr\/wp-json\/wp\/v2\/pages\/382470\/revisions"}],"predecessor-version":[{"id":382472,"href":"https:\/\/cbmitrovica.org\/sr\/wp-json\/wp\/v2\/pages\/382470\/revisions\/382472"}],"up":[{"embeddable":true,"href":"https:\/\/cbmitrovica.org\/sr\/wp-json\/wp\/v2\/pages\/225"}],"wp:attachment":[{"href":"https:\/\/cbmitrovica.org\/sr\/wp-json\/wp\/v2\/media?parent=382470"}],"curies":[{"name":"wp","href":"https:\/\/api.w.org\/{rel}","templated":true}]}}