{"id":382463,"date":"2026-01-22T09:13:46","date_gmt":"2026-01-22T09:13:46","guid":{"rendered":"https:\/\/cbmitrovica.org\/?page_id=382463"},"modified":"2026-01-22T09:13:47","modified_gmt":"2026-01-22T09:13:47","slug":"osnazivanje-mladih-kroz-volonterizam-i-angazman-u-zajednici","status":"publish","type":"page","link":"https:\/\/cbmitrovica.org\/sr\/activities\/osnazivanje-mladih-kroz-volonterizam-i-angazman-u-zajednici\/","title":{"rendered":"Osna\u017eivanje Mladih Kroz Volonterizam i Anga\u017eman u Zajednici"},"content":{"rendered":"\n<p><strong>CBM nastavlja da podr\u017eava inicijative koje vode mladi \u2013 ovog puta sa fokusom na va\u017enost volonterskog rada i svakodnevne izazove sa kojima se suo\u010dava Ashkali zajednica.<\/strong><\/p>\n\n\n\n<p>Sesiju je vodila Hamide Hyseni, posve\u0107ena aktivistkinja civilnog dru\u0161tva iz Mitrovice, \u0161iroko prepoznata po svom dugogodi\u0161njem anga\u017emanu u volonterizmu. Tokom sesije, u\u010desnici su istra\u017eivali vrednost volonterizma, u\u010de\u0107i o njegovoj ulozi u li\u010dnom i profesionalnom razvoju, kao i va\u017enosti aktivnog anga\u017emana u zajednici. Hamide je tako\u0111e podelila korisna razmi\u0161ljanja o izazovima sa kojima se njen zajednica suo\u010dava svakog dana.<\/p>\n\n\n\n<p>Ovaj workshop je ohrabrio mlade da preduzmu akciju i doprinesu kroz volonterizam kako bi stvorili pozitivne promene u dru\u0161tvu.<\/p>\n\n\n\n<p>Ova aktivnost se sprovodi u okviru Programa za Otporne i Inkluzivne Zajednice, koji podr\u017eava Globalni Fond za Anga\u017eman i Otpornost Zajednice.<\/p>\n\n\n\n<p><\/p>\n\n\n\n<p><\/p>\n","protected":false},"excerpt":{"rendered":"<p>CBM nastavlja da podr\u017eava inicijative koje vode mladi \u2013 ovog puta sa fokusom na va\u017enost volonterskog rada i svakodnevne izazove sa kojima se suo\u010dava Ashkali zajednica. Sesiju je vodila Hamide Hyseni, posve\u0107ena aktivistkinja civilnog dru\u0161tva iz Mitrovice, \u0161iroko prepoznata po svom dugogodi\u0161njem anga\u017emanu u volonterizmu. Tokom sesije, u\u010desnici su istra\u017eivali vrednost volonterizma, u\u010de\u0107i o njegovoj [&hellip;]<\/p>\n","protected":false},"author":297,"featured_media":0,"parent":225,"menu_order":0,"comment_status":"closed","ping_status":"closed","template":"template-singleactiviti.php","meta":{"_bbp_topic_count":0,"_bbp_reply_count":0,"_bbp_total_topic_count":0,"_bbp_total_reply_count":0,"_bbp_voice_count":0,"_bbp_anonymous_reply_count":0,"_bbp_topic_count_hidden":0,"_bbp_reply_count_hidden":0,"_bbp_forum_subforum_count":0,"_monsterinsights_skip_tracking":false,"_monsterinsights_sitenote_active":false,"_monsterinsights_sitenote_note":"","_monsterinsights_sitenote_category":0,"footnotes":""},"class_list":["post-382463","page","type-page","status-publish","hentry"],"acf":[],"yoast_head":"<!-- This site is optimized with the Yoast SEO plugin v24.2 - https:\/\/yoast.com\/wordpress\/plugins\/seo\/ -->\n<title>Osna\u017eivanje Mladih Kroz Volonterizam i Anga\u017eman u Zajednici - CBM - Community Building Mitrovica<\/title>\n<meta name=\"robots\" content=\"index, follow, max-snippet:-1, max-image-preview:large, max-video-preview:-1\" \/>\n<link rel=\"canonical\" href=\"https:\/\/cbmitrovica.org\/sr\/activities\/osnazivanje-mladih-kroz-volonterizam-i-angazman-u-zajednici\/\" \/>\n<meta property=\"og:locale\" content=\"sr_RS\" \/>\n<meta property=\"og:type\" content=\"article\" \/>\n<meta property=\"og:title\" content=\"Osna\u017eivanje Mladih Kroz Volonterizam i Anga\u017eman u Zajednici - CBM - Community Building Mitrovica\" \/>\n<meta property=\"og:description\" content=\"CBM nastavlja da podr\u017eava inicijative koje vode mladi \u2013 ovog puta sa fokusom na va\u017enost volonterskog rada i svakodnevne izazove sa kojima se suo\u010dava Ashkali zajednica. Sesiju je vodila Hamide Hyseni, posve\u0107ena aktivistkinja civilnog dru\u0161tva iz Mitrovice, \u0161iroko prepoznata po svom dugogodi\u0161njem anga\u017emanu u volonterizmu. Tokom sesije, u\u010desnici su istra\u017eivali vrednost volonterizma, u\u010de\u0107i o njegovoj [&hellip;]\" \/>\n<meta property=\"og:url\" content=\"https:\/\/cbmitrovica.org\/sr\/activities\/osnazivanje-mladih-kroz-volonterizam-i-angazman-u-zajednici\/\" \/>\n<meta property=\"og:site_name\" content=\"CBM - Community Building Mitrovica\" \/>\n<meta property=\"article:modified_time\" content=\"2026-01-22T09:13:47+00:00\" \/>\n<meta property=\"og:image\" content=\"https:\/\/cbmitrovica.org\/wp-content\/uploads\/2021\/12\/viber-image-2021-12-21-15-40-54-153.jpg\" \/>\n\t<meta property=\"og:image:width\" content=\"1600\" \/>\n\t<meta property=\"og:image:height\" content=\"900\" \/>\n\t<meta property=\"og:image:type\" content=\"image\/jpeg\" \/>\n<meta name=\"twitter:card\" content=\"summary_large_image\" \/>\n<meta name=\"twitter:label1\" content=\"\u041f\u0440\u043e\u0446\u0435\u045a\u0435\u043d\u043e \u0432\u0440\u0435\u043c\u0435 \u0447\u0438\u0442\u0430\u045a\u0430\" \/>\n\t<meta name=\"twitter:data1\" content=\"1 \u043c\u0438\u043d\u0443\u0442\" \/>\n<script type=\"application\/ld+json\" class=\"yoast-schema-graph\">{\"@context\":\"https:\/\/schema.org\",\"@graph\":[{\"@type\":\"WebPage\",\"@id\":\"https:\/\/cbmitrovica.org\/sr\/activities\/osnazivanje-mladih-kroz-volonterizam-i-angazman-u-zajednici\/\",\"url\":\"https:\/\/cbmitrovica.org\/sr\/activities\/osnazivanje-mladih-kroz-volonterizam-i-angazman-u-zajednici\/\",\"name\":\"Osna\u017eivanje Mladih Kroz Volonterizam i Anga\u017eman u Zajednici - CBM - Community Building Mitrovica\",\"isPartOf\":{\"@id\":\"https:\/\/cbmitrovica.org\/#website\"},\"datePublished\":\"2026-01-22T09:13:46+00:00\",\"dateModified\":\"2026-01-22T09:13:47+00:00\",\"breadcrumb\":{\"@id\":\"https:\/\/cbmitrovica.org\/sr\/activities\/osnazivanje-mladih-kroz-volonterizam-i-angazman-u-zajednici\/#breadcrumb\"},\"inLanguage\":\"sr-RS\",\"potentialAction\":[{\"@type\":\"ReadAction\",\"target\":[\"https:\/\/cbmitrovica.org\/sr\/activities\/osnazivanje-mladih-kroz-volonterizam-i-angazman-u-zajednici\/\"]}]},{\"@type\":\"BreadcrumbList\",\"@id\":\"https:\/\/cbmitrovica.org\/sr\/activities\/osnazivanje-mladih-kroz-volonterizam-i-angazman-u-zajednici\/#breadcrumb\",\"itemListElement\":[{\"@type\":\"ListItem\",\"position\":1,\"name\":\"Home\",\"item\":\"https:\/\/cbmitrovica.org\/sr\/\"},{\"@type\":\"ListItem\",\"position\":2,\"name\":\"Aktivnosti\",\"item\":\"https:\/\/cbmitrovica.org\/sr\/activities\/\"},{\"@type\":\"ListItem\",\"position\":3,\"name\":\"Osna\u017eivanje Mladih Kroz Volonterizam i Anga\u017eman u Zajednici\"}]},{\"@type\":\"WebSite\",\"@id\":\"https:\/\/cbmitrovica.org\/#website\",\"url\":\"https:\/\/cbmitrovica.org\/\",\"name\":\"CBM - Community Building Mitrovica\",\"description\":\"\",\"potentialAction\":[{\"@type\":\"SearchAction\",\"target\":{\"@type\":\"EntryPoint\",\"urlTemplate\":\"https:\/\/cbmitrovica.org\/?s={search_term_string}\"},\"query-input\":{\"@type\":\"PropertyValueSpecification\",\"valueRequired\":true,\"valueName\":\"search_term_string\"}}],\"inLanguage\":\"sr-RS\"}]}<\/script>\n<!-- \/ Yoast SEO plugin. -->","yoast_head_json":{"title":"Osna\u017eivanje Mladih Kroz Volonterizam i Anga\u017eman u Zajednici - CBM - Community Building Mitrovica","robots":{"index":"index","follow":"follow","max-snippet":"max-snippet:-1","max-image-preview":"max-image-preview:large","max-video-preview":"max-video-preview:-1"},"canonical":"https:\/\/cbmitrovica.org\/sr\/activities\/osnazivanje-mladih-kroz-volonterizam-i-angazman-u-zajednici\/","og_locale":"sr_RS","og_type":"article","og_title":"Osna\u017eivanje Mladih Kroz Volonterizam i Anga\u017eman u Zajednici - CBM - Community Building Mitrovica","og_description":"CBM nastavlja da podr\u017eava inicijative koje vode mladi \u2013 ovog puta sa fokusom na va\u017enost volonterskog rada i svakodnevne izazove sa kojima se suo\u010dava Ashkali zajednica. Sesiju je vodila Hamide Hyseni, posve\u0107ena aktivistkinja civilnog dru\u0161tva iz Mitrovice, \u0161iroko prepoznata po svom dugogodi\u0161njem anga\u017emanu u volonterizmu. Tokom sesije, u\u010desnici su istra\u017eivali vrednost volonterizma, u\u010de\u0107i o njegovoj [&hellip;]","og_url":"https:\/\/cbmitrovica.org\/sr\/activities\/osnazivanje-mladih-kroz-volonterizam-i-angazman-u-zajednici\/","og_site_name":"CBM - Community Building Mitrovica","article_modified_time":"2026-01-22T09:13:47+00:00","og_image":[{"width":1600,"height":900,"url":"https:\/\/cbmitrovica.org\/wp-content\/uploads\/2021\/12\/viber-image-2021-12-21-15-40-54-153.jpg","type":"image\/jpeg"}],"twitter_card":"summary_large_image","twitter_misc":{"\u041f\u0440\u043e\u0446\u0435\u045a\u0435\u043d\u043e \u0432\u0440\u0435\u043c\u0435 \u0447\u0438\u0442\u0430\u045a\u0430":"1 \u043c\u0438\u043d\u0443\u0442"},"schema":{"@context":"https:\/\/schema.org","@graph":[{"@type":"WebPage","@id":"https:\/\/cbmitrovica.org\/sr\/activities\/osnazivanje-mladih-kroz-volonterizam-i-angazman-u-zajednici\/","url":"https:\/\/cbmitrovica.org\/sr\/activities\/osnazivanje-mladih-kroz-volonterizam-i-angazman-u-zajednici\/","name":"Osna\u017eivanje Mladih Kroz Volonterizam i Anga\u017eman u Zajednici - CBM - Community Building Mitrovica","isPartOf":{"@id":"https:\/\/cbmitrovica.org\/#website"},"datePublished":"2026-01-22T09:13:46+00:00","dateModified":"2026-01-22T09:13:47+00:00","breadcrumb":{"@id":"https:\/\/cbmitrovica.org\/sr\/activities\/osnazivanje-mladih-kroz-volonterizam-i-angazman-u-zajednici\/#breadcrumb"},"inLanguage":"sr-RS","potentialAction":[{"@type":"ReadAction","target":["https:\/\/cbmitrovica.org\/sr\/activities\/osnazivanje-mladih-kroz-volonterizam-i-angazman-u-zajednici\/"]}]},{"@type":"BreadcrumbList","@id":"https:\/\/cbmitrovica.org\/sr\/activities\/osnazivanje-mladih-kroz-volonterizam-i-angazman-u-zajednici\/#breadcrumb","itemListElement":[{"@type":"ListItem","position":1,"name":"Home","item":"https:\/\/cbmitrovica.org\/sr\/"},{"@type":"ListItem","position":2,"name":"Aktivnosti","item":"https:\/\/cbmitrovica.org\/sr\/activities\/"},{"@type":"ListItem","position":3,"name":"Osna\u017eivanje Mladih Kroz Volonterizam i Anga\u017eman u Zajednici"}]},{"@type":"WebSite","@id":"https:\/\/cbmitrovica.org\/#website","url":"https:\/\/cbmitrovica.org\/","name":"CBM - Community Building Mitrovica","description":"","potentialAction":[{"@type":"SearchAction","target":{"@type":"EntryPoint","urlTemplate":"https:\/\/cbmitrovica.org\/?s={search_term_string}"},"query-input":{"@type":"PropertyValueSpecification","valueRequired":true,"valueName":"search_term_string"}}],"inLanguage":"sr-RS"}]}},"_links":{"self":[{"href":"https:\/\/cbmitrovica.org\/sr\/wp-json\/wp\/v2\/pages\/382463","targetHints":{"allow":["GET"]}}],"collection":[{"href":"https:\/\/cbmitrovica.org\/sr\/wp-json\/wp\/v2\/pages"}],"about":[{"href":"https:\/\/cbmitrovica.org\/sr\/wp-json\/wp\/v2\/types\/page"}],"author":[{"embeddable":true,"href":"https:\/\/cbmitrovica.org\/sr\/wp-json\/wp\/v2\/users\/297"}],"replies":[{"embeddable":true,"href":"https:\/\/cbmitrovica.org\/sr\/wp-json\/wp\/v2\/comments?post=382463"}],"version-history":[{"count":1,"href":"https:\/\/cbmitrovica.org\/sr\/wp-json\/wp\/v2\/pages\/382463\/revisions"}],"predecessor-version":[{"id":382464,"href":"https:\/\/cbmitrovica.org\/sr\/wp-json\/wp\/v2\/pages\/382463\/revisions\/382464"}],"up":[{"embeddable":true,"href":"https:\/\/cbmitrovica.org\/sr\/wp-json\/wp\/v2\/pages\/225"}],"wp:attachment":[{"href":"https:\/\/cbmitrovica.org\/sr\/wp-json\/wp\/v2\/media?parent=382463"}],"curies":[{"name":"wp","href":"https:\/\/api.w.org\/{rel}","templated":true}]}}