{"id":382460,"date":"2026-01-22T09:10:31","date_gmt":"2026-01-22T09:10:31","guid":{"rendered":"https:\/\/cbmitrovica.org\/?page_id=382460"},"modified":"2026-01-22T09:10:32","modified_gmt":"2026-01-22T09:10:32","slug":"dinner-without-borders","status":"publish","type":"page","link":"https:\/\/cbmitrovica.org\/sr\/projects\/dinner-without-borders\/","title":{"rendered":"Dinner Without Borders"},"content":{"rendered":"\n<p>Glavni most u Mitrovici je pretvoren u prostor povezivanja i zajedni\u010dke radosti. Kroz saradnju izme\u0111u <strong>Cuisine sans Fronti\u00e8res<\/strong> i <strong>Community Building Mitrovica<\/strong>, oko 20 mladih ljudi iz razli\u010ditih etni\u010dkih zajednica okupilo se da pripremi tradicionalna jela iz svojih porodi\u010dnih kuhinja.<\/p>\n\n\n\n<p>Od slanih pita i sve\u017eih salata do ro\u0161tilja, sezonskog vo\u0107a i doma\u0107ih kola\u010da, okupljanje je postalo proslava kulture, zajednice i zajedni\u0161tva. Kasnije se pridru\u017eilo jo\u0161 vi\u0161e od 50 mladih ljudi za ve\u010derom, a ukupno je vi\u0161e od 100 ljudi u\u010destvovalo u doga\u0111aju, uklju\u010duju\u0107i porodice, kom\u0161ije, predstavnike civilnog dru\u0161tva i prolaznike, stvaraju\u0107i toplu i festnu atmosferu.<\/p>\n\n\n\n<p>Doga\u0111aj je poslu\u017eio kao jednostavan, ali sna\u017ean podsetnik da hrana mo\u017ee povezivati ljude, podsticati dijalog i razvijati me\u0111usobno razumevanje. Pretvaraju\u0107i most u mesto jedinstva, ova inicijativa koju su predvodili mladi ljudi pokazala je kako mali trenuci povezivanja mogu pomo\u0107i u prevazila\u017eenju \u010dak i najve\u0107ih podela.<\/p>\n\n\n\n<p>Iskrena zahvalnost svima koji su u\u010destvovali, podr\u017eali i dokumentovali ovo zna\u010dajno okupljanje.<\/p>\n\n\n\n<p><\/p>\n\n\n\n<p><\/p>\n","protected":false},"excerpt":{"rendered":"<p>Glavni most u Mitrovici je pretvoren u prostor povezivanja i zajedni\u010dke radosti. Kroz saradnju izme\u0111u Cuisine sans Fronti\u00e8res i Community Building Mitrovica, oko 20 mladih ljudi iz razli\u010ditih etni\u010dkih zajednica okupilo se da pripremi tradicionalna jela iz svojih porodi\u010dnih kuhinja. Od slanih pita i sve\u017eih salata do ro\u0161tilja, sezonskog vo\u0107a i doma\u0107ih kola\u010da, okupljanje je [&hellip;]<\/p>\n","protected":false},"author":297,"featured_media":0,"parent":83,"menu_order":0,"comment_status":"closed","ping_status":"closed","template":"template-singleactiviti.php","meta":{"_bbp_topic_count":0,"_bbp_reply_count":0,"_bbp_total_topic_count":0,"_bbp_total_reply_count":0,"_bbp_voice_count":0,"_bbp_anonymous_reply_count":0,"_bbp_topic_count_hidden":0,"_bbp_reply_count_hidden":0,"_bbp_forum_subforum_count":0,"_monsterinsights_skip_tracking":false,"_monsterinsights_sitenote_active":false,"_monsterinsights_sitenote_note":"","_monsterinsights_sitenote_category":0,"footnotes":""},"class_list":["post-382460","page","type-page","status-publish","hentry"],"acf":[],"yoast_head":"<!-- This site is optimized with the Yoast SEO plugin v24.2 - https:\/\/yoast.com\/wordpress\/plugins\/seo\/ -->\n<title>Dinner Without Borders - CBM - Community Building Mitrovica<\/title>\n<meta name=\"robots\" content=\"index, follow, max-snippet:-1, max-image-preview:large, max-video-preview:-1\" \/>\n<link rel=\"canonical\" href=\"https:\/\/cbmitrovica.org\/sr\/projects\/dinner-without-borders\/\" \/>\n<meta property=\"og:locale\" content=\"sr_RS\" \/>\n<meta property=\"og:type\" content=\"article\" \/>\n<meta property=\"og:title\" content=\"Dinner Without Borders - CBM - Community Building Mitrovica\" \/>\n<meta property=\"og:description\" content=\"Glavni most u Mitrovici je pretvoren u prostor povezivanja i zajedni\u010dke radosti. Kroz saradnju izme\u0111u Cuisine sans Fronti\u00e8res i Community Building Mitrovica, oko 20 mladih ljudi iz razli\u010ditih etni\u010dkih zajednica okupilo se da pripremi tradicionalna jela iz svojih porodi\u010dnih kuhinja. Od slanih pita i sve\u017eih salata do ro\u0161tilja, sezonskog vo\u0107a i doma\u0107ih kola\u010da, okupljanje je [&hellip;]\" \/>\n<meta property=\"og:url\" content=\"https:\/\/cbmitrovica.org\/sr\/projects\/dinner-without-borders\/\" \/>\n<meta property=\"og:site_name\" content=\"CBM - Community Building Mitrovica\" \/>\n<meta property=\"article:modified_time\" content=\"2026-01-22T09:10:32+00:00\" \/>\n<meta property=\"og:image\" content=\"https:\/\/cbmitrovica.org\/wp-content\/uploads\/2021\/12\/viber-image-2021-12-21-15-40-54-153.jpg\" \/>\n\t<meta property=\"og:image:width\" content=\"1600\" \/>\n\t<meta property=\"og:image:height\" content=\"900\" \/>\n\t<meta property=\"og:image:type\" content=\"image\/jpeg\" \/>\n<meta name=\"twitter:card\" content=\"summary_large_image\" \/>\n<meta name=\"twitter:label1\" content=\"\u041f\u0440\u043e\u0446\u0435\u045a\u0435\u043d\u043e \u0432\u0440\u0435\u043c\u0435 \u0447\u0438\u0442\u0430\u045a\u0430\" \/>\n\t<meta name=\"twitter:data1\" content=\"1 \u043c\u0438\u043d\u0443\u0442\" \/>\n<script type=\"application\/ld+json\" class=\"yoast-schema-graph\">{\"@context\":\"https:\/\/schema.org\",\"@graph\":[{\"@type\":\"WebPage\",\"@id\":\"https:\/\/cbmitrovica.org\/sr\/projects\/dinner-without-borders\/\",\"url\":\"https:\/\/cbmitrovica.org\/sr\/projects\/dinner-without-borders\/\",\"name\":\"Dinner Without Borders - CBM - Community Building Mitrovica\",\"isPartOf\":{\"@id\":\"https:\/\/cbmitrovica.org\/#website\"},\"datePublished\":\"2026-01-22T09:10:31+00:00\",\"dateModified\":\"2026-01-22T09:10:32+00:00\",\"breadcrumb\":{\"@id\":\"https:\/\/cbmitrovica.org\/sr\/projects\/dinner-without-borders\/#breadcrumb\"},\"inLanguage\":\"sr-RS\",\"potentialAction\":[{\"@type\":\"ReadAction\",\"target\":[\"https:\/\/cbmitrovica.org\/sr\/projects\/dinner-without-borders\/\"]}]},{\"@type\":\"BreadcrumbList\",\"@id\":\"https:\/\/cbmitrovica.org\/sr\/projects\/dinner-without-borders\/#breadcrumb\",\"itemListElement\":[{\"@type\":\"ListItem\",\"position\":1,\"name\":\"Home\",\"item\":\"https:\/\/cbmitrovica.org\/sr\/\"},{\"@type\":\"ListItem\",\"position\":2,\"name\":\"Activities\",\"item\":\"https:\/\/cbmitrovica.org\/projects\/\"},{\"@type\":\"ListItem\",\"position\":3,\"name\":\"Dinner Without Borders\"}]},{\"@type\":\"WebSite\",\"@id\":\"https:\/\/cbmitrovica.org\/#website\",\"url\":\"https:\/\/cbmitrovica.org\/\",\"name\":\"CBM - Community Building Mitrovica\",\"description\":\"\",\"potentialAction\":[{\"@type\":\"SearchAction\",\"target\":{\"@type\":\"EntryPoint\",\"urlTemplate\":\"https:\/\/cbmitrovica.org\/?s={search_term_string}\"},\"query-input\":{\"@type\":\"PropertyValueSpecification\",\"valueRequired\":true,\"valueName\":\"search_term_string\"}}],\"inLanguage\":\"sr-RS\"}]}<\/script>\n<!-- \/ Yoast SEO plugin. -->","yoast_head_json":{"title":"Dinner Without Borders - CBM - Community Building Mitrovica","robots":{"index":"index","follow":"follow","max-snippet":"max-snippet:-1","max-image-preview":"max-image-preview:large","max-video-preview":"max-video-preview:-1"},"canonical":"https:\/\/cbmitrovica.org\/sr\/projects\/dinner-without-borders\/","og_locale":"sr_RS","og_type":"article","og_title":"Dinner Without Borders - CBM - Community Building Mitrovica","og_description":"Glavni most u Mitrovici je pretvoren u prostor povezivanja i zajedni\u010dke radosti. Kroz saradnju izme\u0111u Cuisine sans Fronti\u00e8res i Community Building Mitrovica, oko 20 mladih ljudi iz razli\u010ditih etni\u010dkih zajednica okupilo se da pripremi tradicionalna jela iz svojih porodi\u010dnih kuhinja. Od slanih pita i sve\u017eih salata do ro\u0161tilja, sezonskog vo\u0107a i doma\u0107ih kola\u010da, okupljanje je [&hellip;]","og_url":"https:\/\/cbmitrovica.org\/sr\/projects\/dinner-without-borders\/","og_site_name":"CBM - Community Building Mitrovica","article_modified_time":"2026-01-22T09:10:32+00:00","og_image":[{"width":1600,"height":900,"url":"https:\/\/cbmitrovica.org\/wp-content\/uploads\/2021\/12\/viber-image-2021-12-21-15-40-54-153.jpg","type":"image\/jpeg"}],"twitter_card":"summary_large_image","twitter_misc":{"\u041f\u0440\u043e\u0446\u0435\u045a\u0435\u043d\u043e \u0432\u0440\u0435\u043c\u0435 \u0447\u0438\u0442\u0430\u045a\u0430":"1 \u043c\u0438\u043d\u0443\u0442"},"schema":{"@context":"https:\/\/schema.org","@graph":[{"@type":"WebPage","@id":"https:\/\/cbmitrovica.org\/sr\/projects\/dinner-without-borders\/","url":"https:\/\/cbmitrovica.org\/sr\/projects\/dinner-without-borders\/","name":"Dinner Without Borders - CBM - Community Building Mitrovica","isPartOf":{"@id":"https:\/\/cbmitrovica.org\/#website"},"datePublished":"2026-01-22T09:10:31+00:00","dateModified":"2026-01-22T09:10:32+00:00","breadcrumb":{"@id":"https:\/\/cbmitrovica.org\/sr\/projects\/dinner-without-borders\/#breadcrumb"},"inLanguage":"sr-RS","potentialAction":[{"@type":"ReadAction","target":["https:\/\/cbmitrovica.org\/sr\/projects\/dinner-without-borders\/"]}]},{"@type":"BreadcrumbList","@id":"https:\/\/cbmitrovica.org\/sr\/projects\/dinner-without-borders\/#breadcrumb","itemListElement":[{"@type":"ListItem","position":1,"name":"Home","item":"https:\/\/cbmitrovica.org\/sr\/"},{"@type":"ListItem","position":2,"name":"Activities","item":"https:\/\/cbmitrovica.org\/projects\/"},{"@type":"ListItem","position":3,"name":"Dinner Without Borders"}]},{"@type":"WebSite","@id":"https:\/\/cbmitrovica.org\/#website","url":"https:\/\/cbmitrovica.org\/","name":"CBM - Community Building Mitrovica","description":"","potentialAction":[{"@type":"SearchAction","target":{"@type":"EntryPoint","urlTemplate":"https:\/\/cbmitrovica.org\/?s={search_term_string}"},"query-input":{"@type":"PropertyValueSpecification","valueRequired":true,"valueName":"search_term_string"}}],"inLanguage":"sr-RS"}]}},"_links":{"self":[{"href":"https:\/\/cbmitrovica.org\/sr\/wp-json\/wp\/v2\/pages\/382460","targetHints":{"allow":["GET"]}}],"collection":[{"href":"https:\/\/cbmitrovica.org\/sr\/wp-json\/wp\/v2\/pages"}],"about":[{"href":"https:\/\/cbmitrovica.org\/sr\/wp-json\/wp\/v2\/types\/page"}],"author":[{"embeddable":true,"href":"https:\/\/cbmitrovica.org\/sr\/wp-json\/wp\/v2\/users\/297"}],"replies":[{"embeddable":true,"href":"https:\/\/cbmitrovica.org\/sr\/wp-json\/wp\/v2\/comments?post=382460"}],"version-history":[{"count":1,"href":"https:\/\/cbmitrovica.org\/sr\/wp-json\/wp\/v2\/pages\/382460\/revisions"}],"predecessor-version":[{"id":382461,"href":"https:\/\/cbmitrovica.org\/sr\/wp-json\/wp\/v2\/pages\/382460\/revisions\/382461"}],"up":[{"embeddable":true,"href":"https:\/\/cbmitrovica.org\/sr\/wp-json\/wp\/v2\/pages\/83"}],"wp:attachment":[{"href":"https:\/\/cbmitrovica.org\/sr\/wp-json\/wp\/v2\/media?parent=382460"}],"curies":[{"name":"wp","href":"https:\/\/api.w.org\/{rel}","templated":true}]}}