{"id":382456,"date":"2026-01-21T13:24:55","date_gmt":"2026-01-21T13:24:55","guid":{"rendered":"https:\/\/cbmitrovica.org\/?page_id=382456"},"modified":"2026-01-21T13:24:56","modified_gmt":"2026-01-21T13:24:56","slug":"promovisanje-medjunacionalne-saradnje-kroz-streljastvo","status":"publish","type":"page","link":"https:\/\/cbmitrovica.org\/sr\/projects\/promovisanje-medjunacionalne-saradnje-kroz-streljastvo\/","title":{"rendered":"Promovisanje me\u0111unacionalne saradnje kroz strelja\u0161tvo"},"content":{"rendered":"\n<p>U okviru svojih teku\u0107ih aktivnosti, CBM je organizovao inkluzivnu sportsku inicijativu koja je okupila mlade iz razli\u010ditih etni\u010dkih zajednica, stvaraju\u0107i siguran i prijatan prostor za dru\u017eenje i interakciju.<\/p>\n\n\n\n<p>Aktivnost je obezbedila jednake \u0161anse za sve u\u010desnike i aktivno promovisala me\u0111unacionalnu saradnju kroz sport. U\u010desnici su upoznati sa osnovama strelja\u0161tva, uklju\u010duju\u0107i pravilno dr\u017eanje, tehnike cil\u0458anja i zna\u010daj koncentracije i strpljenja.<\/p>\n\n\n\n<p>Tokom sesija poseban naglasak stavljen je na timski rad, ohrabrivanje i me\u0111usobnu podr\u0161ku. Aktivnost je uklju\u010divala i prijateljsko takmi\u010denje, isti\u010du\u0107i kako individualne ve\u0161tine, tako i saradnju.<\/p>\n\n\n\n<p>Inicijativa je zavr\u0161ena priznavanjem izuzetnih u\u010dinka i ja\u010danjem klju\u010dnih vrednosti kao \u0161to su saradnja, me\u0111usobno po\u0161tovanje i jednakost kroz sport.<\/p>\n\n\n\n<p><\/p>\n\n\n\n<p><\/p>\n\n\n\n<p><\/p>\n","protected":false},"excerpt":{"rendered":"<p>U okviru svojih teku\u0107ih aktivnosti, CBM je organizovao inkluzivnu sportsku inicijativu koja je okupila mlade iz razli\u010ditih etni\u010dkih zajednica, stvaraju\u0107i siguran i prijatan prostor za dru\u017eenje i interakciju. Aktivnost je obezbedila jednake \u0161anse za sve u\u010desnike i aktivno promovisala me\u0111unacionalnu saradnju kroz sport. U\u010desnici su upoznati sa osnovama strelja\u0161tva, uklju\u010duju\u0107i pravilno dr\u017eanje, tehnike cil\u0458anja i [&hellip;]<\/p>\n","protected":false},"author":297,"featured_media":0,"parent":83,"menu_order":0,"comment_status":"closed","ping_status":"closed","template":"template-singleactiviti.php","meta":{"_bbp_topic_count":0,"_bbp_reply_count":0,"_bbp_total_topic_count":0,"_bbp_total_reply_count":0,"_bbp_voice_count":0,"_bbp_anonymous_reply_count":0,"_bbp_topic_count_hidden":0,"_bbp_reply_count_hidden":0,"_bbp_forum_subforum_count":0,"_monsterinsights_skip_tracking":false,"_monsterinsights_sitenote_active":false,"_monsterinsights_sitenote_note":"","_monsterinsights_sitenote_category":0,"footnotes":""},"class_list":["post-382456","page","type-page","status-publish","hentry"],"acf":[],"yoast_head":"<!-- This site is optimized with the Yoast SEO plugin v24.2 - https:\/\/yoast.com\/wordpress\/plugins\/seo\/ -->\n<title>Promovisanje me\u0111unacionalne saradnje kroz strelja\u0161tvo - CBM - Community Building Mitrovica<\/title>\n<meta name=\"robots\" content=\"index, follow, max-snippet:-1, max-image-preview:large, max-video-preview:-1\" \/>\n<link rel=\"canonical\" href=\"https:\/\/cbmitrovica.org\/sr\/projects\/promovisanje-medjunacionalne-saradnje-kroz-streljastvo\/\" \/>\n<meta property=\"og:locale\" content=\"sr_RS\" \/>\n<meta property=\"og:type\" content=\"article\" \/>\n<meta property=\"og:title\" content=\"Promovisanje me\u0111unacionalne saradnje kroz strelja\u0161tvo - CBM - Community Building Mitrovica\" \/>\n<meta property=\"og:description\" content=\"U okviru svojih teku\u0107ih aktivnosti, CBM je organizovao inkluzivnu sportsku inicijativu koja je okupila mlade iz razli\u010ditih etni\u010dkih zajednica, stvaraju\u0107i siguran i prijatan prostor za dru\u017eenje i interakciju. Aktivnost je obezbedila jednake \u0161anse za sve u\u010desnike i aktivno promovisala me\u0111unacionalnu saradnju kroz sport. U\u010desnici su upoznati sa osnovama strelja\u0161tva, uklju\u010duju\u0107i pravilno dr\u017eanje, tehnike cil\u0458anja i [&hellip;]\" \/>\n<meta property=\"og:url\" content=\"https:\/\/cbmitrovica.org\/sr\/projects\/promovisanje-medjunacionalne-saradnje-kroz-streljastvo\/\" \/>\n<meta property=\"og:site_name\" content=\"CBM - Community Building Mitrovica\" \/>\n<meta property=\"article:modified_time\" content=\"2026-01-21T13:24:56+00:00\" \/>\n<meta property=\"og:image\" content=\"https:\/\/cbmitrovica.org\/wp-content\/uploads\/2021\/12\/viber-image-2021-12-21-15-40-54-153.jpg\" \/>\n\t<meta property=\"og:image:width\" content=\"1600\" \/>\n\t<meta property=\"og:image:height\" content=\"900\" \/>\n\t<meta property=\"og:image:type\" content=\"image\/jpeg\" \/>\n<meta name=\"twitter:card\" content=\"summary_large_image\" \/>\n<meta name=\"twitter:label1\" content=\"\u041f\u0440\u043e\u0446\u0435\u045a\u0435\u043d\u043e \u0432\u0440\u0435\u043c\u0435 \u0447\u0438\u0442\u0430\u045a\u0430\" \/>\n\t<meta name=\"twitter:data1\" content=\"1 \u043c\u0438\u043d\u0443\u0442\" \/>\n<script type=\"application\/ld+json\" class=\"yoast-schema-graph\">{\"@context\":\"https:\/\/schema.org\",\"@graph\":[{\"@type\":\"WebPage\",\"@id\":\"https:\/\/cbmitrovica.org\/sr\/projects\/promovisanje-medjunacionalne-saradnje-kroz-streljastvo\/\",\"url\":\"https:\/\/cbmitrovica.org\/sr\/projects\/promovisanje-medjunacionalne-saradnje-kroz-streljastvo\/\",\"name\":\"Promovisanje me\u0111unacionalne saradnje kroz strelja\u0161tvo - CBM - Community Building Mitrovica\",\"isPartOf\":{\"@id\":\"https:\/\/cbmitrovica.org\/#website\"},\"datePublished\":\"2026-01-21T13:24:55+00:00\",\"dateModified\":\"2026-01-21T13:24:56+00:00\",\"breadcrumb\":{\"@id\":\"https:\/\/cbmitrovica.org\/sr\/projects\/promovisanje-medjunacionalne-saradnje-kroz-streljastvo\/#breadcrumb\"},\"inLanguage\":\"sr-RS\",\"potentialAction\":[{\"@type\":\"ReadAction\",\"target\":[\"https:\/\/cbmitrovica.org\/sr\/projects\/promovisanje-medjunacionalne-saradnje-kroz-streljastvo\/\"]}]},{\"@type\":\"BreadcrumbList\",\"@id\":\"https:\/\/cbmitrovica.org\/sr\/projects\/promovisanje-medjunacionalne-saradnje-kroz-streljastvo\/#breadcrumb\",\"itemListElement\":[{\"@type\":\"ListItem\",\"position\":1,\"name\":\"Home\",\"item\":\"https:\/\/cbmitrovica.org\/sr\/\"},{\"@type\":\"ListItem\",\"position\":2,\"name\":\"Activities\",\"item\":\"https:\/\/cbmitrovica.org\/projects\/\"},{\"@type\":\"ListItem\",\"position\":3,\"name\":\"Promovisanje me\u0111unacionalne saradnje kroz strelja\u0161tvo\"}]},{\"@type\":\"WebSite\",\"@id\":\"https:\/\/cbmitrovica.org\/#website\",\"url\":\"https:\/\/cbmitrovica.org\/\",\"name\":\"CBM - Community Building Mitrovica\",\"description\":\"\",\"potentialAction\":[{\"@type\":\"SearchAction\",\"target\":{\"@type\":\"EntryPoint\",\"urlTemplate\":\"https:\/\/cbmitrovica.org\/?s={search_term_string}\"},\"query-input\":{\"@type\":\"PropertyValueSpecification\",\"valueRequired\":true,\"valueName\":\"search_term_string\"}}],\"inLanguage\":\"sr-RS\"}]}<\/script>\n<!-- \/ Yoast SEO plugin. -->","yoast_head_json":{"title":"Promovisanje me\u0111unacionalne saradnje kroz strelja\u0161tvo - CBM - Community Building Mitrovica","robots":{"index":"index","follow":"follow","max-snippet":"max-snippet:-1","max-image-preview":"max-image-preview:large","max-video-preview":"max-video-preview:-1"},"canonical":"https:\/\/cbmitrovica.org\/sr\/projects\/promovisanje-medjunacionalne-saradnje-kroz-streljastvo\/","og_locale":"sr_RS","og_type":"article","og_title":"Promovisanje me\u0111unacionalne saradnje kroz strelja\u0161tvo - CBM - Community Building Mitrovica","og_description":"U okviru svojih teku\u0107ih aktivnosti, CBM je organizovao inkluzivnu sportsku inicijativu koja je okupila mlade iz razli\u010ditih etni\u010dkih zajednica, stvaraju\u0107i siguran i prijatan prostor za dru\u017eenje i interakciju. Aktivnost je obezbedila jednake \u0161anse za sve u\u010desnike i aktivno promovisala me\u0111unacionalnu saradnju kroz sport. U\u010desnici su upoznati sa osnovama strelja\u0161tva, uklju\u010duju\u0107i pravilno dr\u017eanje, tehnike cil\u0458anja i [&hellip;]","og_url":"https:\/\/cbmitrovica.org\/sr\/projects\/promovisanje-medjunacionalne-saradnje-kroz-streljastvo\/","og_site_name":"CBM - Community Building Mitrovica","article_modified_time":"2026-01-21T13:24:56+00:00","og_image":[{"width":1600,"height":900,"url":"https:\/\/cbmitrovica.org\/wp-content\/uploads\/2021\/12\/viber-image-2021-12-21-15-40-54-153.jpg","type":"image\/jpeg"}],"twitter_card":"summary_large_image","twitter_misc":{"\u041f\u0440\u043e\u0446\u0435\u045a\u0435\u043d\u043e \u0432\u0440\u0435\u043c\u0435 \u0447\u0438\u0442\u0430\u045a\u0430":"1 \u043c\u0438\u043d\u0443\u0442"},"schema":{"@context":"https:\/\/schema.org","@graph":[{"@type":"WebPage","@id":"https:\/\/cbmitrovica.org\/sr\/projects\/promovisanje-medjunacionalne-saradnje-kroz-streljastvo\/","url":"https:\/\/cbmitrovica.org\/sr\/projects\/promovisanje-medjunacionalne-saradnje-kroz-streljastvo\/","name":"Promovisanje me\u0111unacionalne saradnje kroz strelja\u0161tvo - CBM - Community Building Mitrovica","isPartOf":{"@id":"https:\/\/cbmitrovica.org\/#website"},"datePublished":"2026-01-21T13:24:55+00:00","dateModified":"2026-01-21T13:24:56+00:00","breadcrumb":{"@id":"https:\/\/cbmitrovica.org\/sr\/projects\/promovisanje-medjunacionalne-saradnje-kroz-streljastvo\/#breadcrumb"},"inLanguage":"sr-RS","potentialAction":[{"@type":"ReadAction","target":["https:\/\/cbmitrovica.org\/sr\/projects\/promovisanje-medjunacionalne-saradnje-kroz-streljastvo\/"]}]},{"@type":"BreadcrumbList","@id":"https:\/\/cbmitrovica.org\/sr\/projects\/promovisanje-medjunacionalne-saradnje-kroz-streljastvo\/#breadcrumb","itemListElement":[{"@type":"ListItem","position":1,"name":"Home","item":"https:\/\/cbmitrovica.org\/sr\/"},{"@type":"ListItem","position":2,"name":"Activities","item":"https:\/\/cbmitrovica.org\/projects\/"},{"@type":"ListItem","position":3,"name":"Promovisanje me\u0111unacionalne saradnje kroz strelja\u0161tvo"}]},{"@type":"WebSite","@id":"https:\/\/cbmitrovica.org\/#website","url":"https:\/\/cbmitrovica.org\/","name":"CBM - Community Building Mitrovica","description":"","potentialAction":[{"@type":"SearchAction","target":{"@type":"EntryPoint","urlTemplate":"https:\/\/cbmitrovica.org\/?s={search_term_string}"},"query-input":{"@type":"PropertyValueSpecification","valueRequired":true,"valueName":"search_term_string"}}],"inLanguage":"sr-RS"}]}},"_links":{"self":[{"href":"https:\/\/cbmitrovica.org\/sr\/wp-json\/wp\/v2\/pages\/382456","targetHints":{"allow":["GET"]}}],"collection":[{"href":"https:\/\/cbmitrovica.org\/sr\/wp-json\/wp\/v2\/pages"}],"about":[{"href":"https:\/\/cbmitrovica.org\/sr\/wp-json\/wp\/v2\/types\/page"}],"author":[{"embeddable":true,"href":"https:\/\/cbmitrovica.org\/sr\/wp-json\/wp\/v2\/users\/297"}],"replies":[{"embeddable":true,"href":"https:\/\/cbmitrovica.org\/sr\/wp-json\/wp\/v2\/comments?post=382456"}],"version-history":[{"count":1,"href":"https:\/\/cbmitrovica.org\/sr\/wp-json\/wp\/v2\/pages\/382456\/revisions"}],"predecessor-version":[{"id":382458,"href":"https:\/\/cbmitrovica.org\/sr\/wp-json\/wp\/v2\/pages\/382456\/revisions\/382458"}],"up":[{"embeddable":true,"href":"https:\/\/cbmitrovica.org\/sr\/wp-json\/wp\/v2\/pages\/83"}],"wp:attachment":[{"href":"https:\/\/cbmitrovica.org\/sr\/wp-json\/wp\/v2\/media?parent=382456"}],"curies":[{"name":"wp","href":"https:\/\/api.w.org\/{rel}","templated":true}]}}