{"id":381822,"date":"2025-12-19T10:01:46","date_gmt":"2025-12-19T10:01:46","guid":{"rendered":"https:\/\/cdb.eav.mybluehost.me\/cbm-rct\/?page_id=381822"},"modified":"2025-12-19T10:01:46","modified_gmt":"2025-12-19T10:01:46","slug":"zavrsetak-projekta-kriticki-glasovi-medijska-pismenost-za-otporniju-omladinu-u-mitrovici","status":"publish","type":"page","link":"https:\/\/cbmitrovica.org\/sr\/activities\/zavrsetak-projekta-kriticki-glasovi-medijska-pismenost-za-otporniju-omladinu-u-mitrovici\/","title":{"rendered":"Zavr\u0161etak projekta \u201cKriti\u010dki glasovi: Medijska pismenost za otporniju omladinu u Mitrovici\u201d"},"content":{"rendered":"\n<p>Sino\u0107 smo okupili u\u010desnike na\u0161ih radionica medijske pismenosti na zavr\u0161nom doga\u0111aju koji je slu\u017eio da pru\u017ei prostor za ponovno pregledavanje nau\u010denog, deljenje iskustava i razgovor o tome kako se njihovo razumevanje medija razvijalo tokom ove inicijative.<\/p>\n\n\n\n<p>Zajedno sa novinarkama Jelenom Cvetanovi\u0107 i Danielom Toma\u0161evi\u0107 iz Radio Kontakt Plusa, ponovo smo istra\u017eili kako mladi danas pristupaju vestima sa vi\u0161e kriti\u010dkog razmi\u0161ljanja, preispituju izvore, prepoznaju dezinformacije i uo\u010davaju medijske pristrasnosti. Njihove refleksije pokazale su koliko su napredovali tokom proteklih meseci: od razumevanja la\u017enih vesti i eti\u010dkog novinarstva, do sticanja ve\u0107eg samopouzdanja u snala\u017eenju u slo\u017eenim medijskim okru\u017eenjima.<\/p>\n\n\n\n<p>Diskusija je potvrdila da \u0107e znanje ste\u010deno kroz ovaj projekat imati dugoro\u010dan uticaj. Mladi su sada bolje pripremljeni da razmi\u0161ljaju kriti\u010dki, odgovorno komuniciraju i ostanu otporni u izazovnom i \u010desto polarizovanom kontekstu.<\/p>\n\n\n\n<p>Iskreno se zahvaljujemo Kancelariji Saveta Evrope u Pri\u0161tini na kontinuiranoj podr\u0161ci, kao i Radio Kontakt Plusu na odli\u010dnom partnerstvu. Posebnu zahvalnost upu\u0107ujemo Jeleni i Danieli na predanosti, profesionalizmu i inspirativnom radu sa mladima.<\/p>\n\n\n\n<p>Ovaj doga\u0111aj je podr\u017ean od strane Kancelarije Saveta Evrope u Pri\u0161tini, u okviru projekta \u201eJa\u010danje dru\u0161tvene kohezije kroz unapre\u0111enje prava manjina i manjinskih jezika\u201c, u sklopu programa Inkluzija i borba protiv diskriminacije Saveta Evrope.<\/p>\n\n\n\n<p><\/p>\n","protected":false},"excerpt":{"rendered":"<p>Sino\u0107 smo okupili u\u010desnike na\u0161ih radionica medijske pismenosti na zavr\u0161nom doga\u0111aju koji je slu\u017eio da pru\u017ei prostor za ponovno pregledavanje nau\u010denog, deljenje iskustava i razgovor o tome kako se njihovo razumevanje medija razvijalo tokom ove inicijative. Zajedno sa novinarkama Jelenom Cvetanovi\u0107 i Danielom Toma\u0161evi\u0107 iz Radio Kontakt Plusa, ponovo smo istra\u017eili kako mladi danas pristupaju [&hellip;]<\/p>\n","protected":false},"author":297,"featured_media":0,"parent":225,"menu_order":0,"comment_status":"closed","ping_status":"closed","template":"template-singleactiviti.php","meta":{"_bbp_topic_count":0,"_bbp_reply_count":0,"_bbp_total_topic_count":0,"_bbp_total_reply_count":0,"_bbp_voice_count":0,"_bbp_anonymous_reply_count":0,"_bbp_topic_count_hidden":0,"_bbp_reply_count_hidden":0,"_bbp_forum_subforum_count":0,"_monsterinsights_skip_tracking":false,"_monsterinsights_sitenote_active":false,"_monsterinsights_sitenote_note":"","_monsterinsights_sitenote_category":0,"footnotes":""},"class_list":["post-381822","page","type-page","status-publish","hentry"],"acf":[],"yoast_head":"<!-- This site is optimized with the Yoast SEO plugin v24.2 - https:\/\/yoast.com\/wordpress\/plugins\/seo\/ -->\n<title>Zavr\u0161etak projekta \u201cKriti\u010dki glasovi: Medijska pismenost za otporniju omladinu u Mitrovici\u201d - CBM - Community Building Mitrovica<\/title>\n<meta name=\"robots\" content=\"index, follow, max-snippet:-1, max-image-preview:large, max-video-preview:-1\" \/>\n<link rel=\"canonical\" href=\"https:\/\/cbmitrovica.org\/sr\/activities\/zavrsetak-projekta-kriticki-glasovi-medijska-pismenost-za-otporniju-omladinu-u-mitrovici\/\" \/>\n<meta property=\"og:locale\" content=\"sr_RS\" \/>\n<meta property=\"og:type\" content=\"article\" \/>\n<meta property=\"og:title\" content=\"Zavr\u0161etak projekta \u201cKriti\u010dki glasovi: Medijska pismenost za otporniju omladinu u Mitrovici\u201d - CBM - Community Building Mitrovica\" \/>\n<meta property=\"og:description\" content=\"Sino\u0107 smo okupili u\u010desnike na\u0161ih radionica medijske pismenosti na zavr\u0161nom doga\u0111aju koji je slu\u017eio da pru\u017ei prostor za ponovno pregledavanje nau\u010denog, deljenje iskustava i razgovor o tome kako se njihovo razumevanje medija razvijalo tokom ove inicijative. Zajedno sa novinarkama Jelenom Cvetanovi\u0107 i Danielom Toma\u0161evi\u0107 iz Radio Kontakt Plusa, ponovo smo istra\u017eili kako mladi danas pristupaju [&hellip;]\" \/>\n<meta property=\"og:url\" content=\"https:\/\/cbmitrovica.org\/sr\/activities\/zavrsetak-projekta-kriticki-glasovi-medijska-pismenost-za-otporniju-omladinu-u-mitrovici\/\" \/>\n<meta property=\"og:site_name\" content=\"CBM - Community Building Mitrovica\" \/>\n<meta property=\"og:image\" content=\"https:\/\/cbmitrovica.org\/wp-content\/uploads\/2021\/12\/viber-image-2021-12-21-15-40-54-153.jpg\" \/>\n\t<meta property=\"og:image:width\" content=\"1600\" \/>\n\t<meta property=\"og:image:height\" content=\"900\" \/>\n\t<meta property=\"og:image:type\" content=\"image\/jpeg\" \/>\n<meta name=\"twitter:card\" content=\"summary_large_image\" \/>\n<meta name=\"twitter:label1\" content=\"\u041f\u0440\u043e\u0446\u0435\u045a\u0435\u043d\u043e \u0432\u0440\u0435\u043c\u0435 \u0447\u0438\u0442\u0430\u045a\u0430\" \/>\n\t<meta name=\"twitter:data1\" content=\"1 \u043c\u0438\u043d\u0443\u0442\" \/>\n<script type=\"application\/ld+json\" class=\"yoast-schema-graph\">{\"@context\":\"https:\/\/schema.org\",\"@graph\":[{\"@type\":\"WebPage\",\"@id\":\"https:\/\/cbmitrovica.org\/sr\/activities\/zavrsetak-projekta-kriticki-glasovi-medijska-pismenost-za-otporniju-omladinu-u-mitrovici\/\",\"url\":\"https:\/\/cbmitrovica.org\/sr\/activities\/zavrsetak-projekta-kriticki-glasovi-medijska-pismenost-za-otporniju-omladinu-u-mitrovici\/\",\"name\":\"Zavr\u0161etak projekta \u201cKriti\u010dki glasovi: Medijska pismenost za otporniju omladinu u Mitrovici\u201d - CBM - Community Building Mitrovica\",\"isPartOf\":{\"@id\":\"https:\/\/cbmitrovica.org\/#website\"},\"datePublished\":\"2025-12-19T10:01:46+00:00\",\"dateModified\":\"2025-12-19T10:01:46+00:00\",\"breadcrumb\":{\"@id\":\"https:\/\/cbmitrovica.org\/sr\/activities\/zavrsetak-projekta-kriticki-glasovi-medijska-pismenost-za-otporniju-omladinu-u-mitrovici\/#breadcrumb\"},\"inLanguage\":\"sr-RS\",\"potentialAction\":[{\"@type\":\"ReadAction\",\"target\":[\"https:\/\/cbmitrovica.org\/sr\/activities\/zavrsetak-projekta-kriticki-glasovi-medijska-pismenost-za-otporniju-omladinu-u-mitrovici\/\"]}]},{\"@type\":\"BreadcrumbList\",\"@id\":\"https:\/\/cbmitrovica.org\/sr\/activities\/zavrsetak-projekta-kriticki-glasovi-medijska-pismenost-za-otporniju-omladinu-u-mitrovici\/#breadcrumb\",\"itemListElement\":[{\"@type\":\"ListItem\",\"position\":1,\"name\":\"Home\",\"item\":\"https:\/\/cbmitrovica.org\/sr\/\"},{\"@type\":\"ListItem\",\"position\":2,\"name\":\"Aktivnosti\",\"item\":\"https:\/\/cbmitrovica.org\/sr\/activities\/\"},{\"@type\":\"ListItem\",\"position\":3,\"name\":\"Zavr\u0161etak projekta \u201cKriti\u010dki glasovi: Medijska pismenost za otporniju omladinu u Mitrovici\u201d\"}]},{\"@type\":\"WebSite\",\"@id\":\"https:\/\/cbmitrovica.org\/#website\",\"url\":\"https:\/\/cbmitrovica.org\/\",\"name\":\"CBM - Community Building Mitrovica\",\"description\":\"\",\"potentialAction\":[{\"@type\":\"SearchAction\",\"target\":{\"@type\":\"EntryPoint\",\"urlTemplate\":\"https:\/\/cbmitrovica.org\/?s={search_term_string}\"},\"query-input\":{\"@type\":\"PropertyValueSpecification\",\"valueRequired\":true,\"valueName\":\"search_term_string\"}}],\"inLanguage\":\"sr-RS\"}]}<\/script>\n<!-- \/ Yoast SEO plugin. -->","yoast_head_json":{"title":"Zavr\u0161etak projekta \u201cKriti\u010dki glasovi: Medijska pismenost za otporniju omladinu u Mitrovici\u201d - CBM - Community Building Mitrovica","robots":{"index":"index","follow":"follow","max-snippet":"max-snippet:-1","max-image-preview":"max-image-preview:large","max-video-preview":"max-video-preview:-1"},"canonical":"https:\/\/cbmitrovica.org\/sr\/activities\/zavrsetak-projekta-kriticki-glasovi-medijska-pismenost-za-otporniju-omladinu-u-mitrovici\/","og_locale":"sr_RS","og_type":"article","og_title":"Zavr\u0161etak projekta \u201cKriti\u010dki glasovi: Medijska pismenost za otporniju omladinu u Mitrovici\u201d - CBM - Community Building Mitrovica","og_description":"Sino\u0107 smo okupili u\u010desnike na\u0161ih radionica medijske pismenosti na zavr\u0161nom doga\u0111aju koji je slu\u017eio da pru\u017ei prostor za ponovno pregledavanje nau\u010denog, deljenje iskustava i razgovor o tome kako se njihovo razumevanje medija razvijalo tokom ove inicijative. Zajedno sa novinarkama Jelenom Cvetanovi\u0107 i Danielom Toma\u0161evi\u0107 iz Radio Kontakt Plusa, ponovo smo istra\u017eili kako mladi danas pristupaju [&hellip;]","og_url":"https:\/\/cbmitrovica.org\/sr\/activities\/zavrsetak-projekta-kriticki-glasovi-medijska-pismenost-za-otporniju-omladinu-u-mitrovici\/","og_site_name":"CBM - Community Building Mitrovica","og_image":[{"width":1600,"height":900,"url":"https:\/\/cbmitrovica.org\/wp-content\/uploads\/2021\/12\/viber-image-2021-12-21-15-40-54-153.jpg","type":"image\/jpeg"}],"twitter_card":"summary_large_image","twitter_misc":{"\u041f\u0440\u043e\u0446\u0435\u045a\u0435\u043d\u043e \u0432\u0440\u0435\u043c\u0435 \u0447\u0438\u0442\u0430\u045a\u0430":"1 \u043c\u0438\u043d\u0443\u0442"},"schema":{"@context":"https:\/\/schema.org","@graph":[{"@type":"WebPage","@id":"https:\/\/cbmitrovica.org\/sr\/activities\/zavrsetak-projekta-kriticki-glasovi-medijska-pismenost-za-otporniju-omladinu-u-mitrovici\/","url":"https:\/\/cbmitrovica.org\/sr\/activities\/zavrsetak-projekta-kriticki-glasovi-medijska-pismenost-za-otporniju-omladinu-u-mitrovici\/","name":"Zavr\u0161etak projekta \u201cKriti\u010dki glasovi: Medijska pismenost za otporniju omladinu u Mitrovici\u201d - CBM - Community Building Mitrovica","isPartOf":{"@id":"https:\/\/cbmitrovica.org\/#website"},"datePublished":"2025-12-19T10:01:46+00:00","dateModified":"2025-12-19T10:01:46+00:00","breadcrumb":{"@id":"https:\/\/cbmitrovica.org\/sr\/activities\/zavrsetak-projekta-kriticki-glasovi-medijska-pismenost-za-otporniju-omladinu-u-mitrovici\/#breadcrumb"},"inLanguage":"sr-RS","potentialAction":[{"@type":"ReadAction","target":["https:\/\/cbmitrovica.org\/sr\/activities\/zavrsetak-projekta-kriticki-glasovi-medijska-pismenost-za-otporniju-omladinu-u-mitrovici\/"]}]},{"@type":"BreadcrumbList","@id":"https:\/\/cbmitrovica.org\/sr\/activities\/zavrsetak-projekta-kriticki-glasovi-medijska-pismenost-za-otporniju-omladinu-u-mitrovici\/#breadcrumb","itemListElement":[{"@type":"ListItem","position":1,"name":"Home","item":"https:\/\/cbmitrovica.org\/sr\/"},{"@type":"ListItem","position":2,"name":"Aktivnosti","item":"https:\/\/cbmitrovica.org\/sr\/activities\/"},{"@type":"ListItem","position":3,"name":"Zavr\u0161etak projekta \u201cKriti\u010dki glasovi: Medijska pismenost za otporniju omladinu u Mitrovici\u201d"}]},{"@type":"WebSite","@id":"https:\/\/cbmitrovica.org\/#website","url":"https:\/\/cbmitrovica.org\/","name":"CBM - Community Building Mitrovica","description":"","potentialAction":[{"@type":"SearchAction","target":{"@type":"EntryPoint","urlTemplate":"https:\/\/cbmitrovica.org\/?s={search_term_string}"},"query-input":{"@type":"PropertyValueSpecification","valueRequired":true,"valueName":"search_term_string"}}],"inLanguage":"sr-RS"}]}},"_links":{"self":[{"href":"https:\/\/cbmitrovica.org\/sr\/wp-json\/wp\/v2\/pages\/381822","targetHints":{"allow":["GET"]}}],"collection":[{"href":"https:\/\/cbmitrovica.org\/sr\/wp-json\/wp\/v2\/pages"}],"about":[{"href":"https:\/\/cbmitrovica.org\/sr\/wp-json\/wp\/v2\/types\/page"}],"author":[{"embeddable":true,"href":"https:\/\/cbmitrovica.org\/sr\/wp-json\/wp\/v2\/users\/297"}],"replies":[{"embeddable":true,"href":"https:\/\/cbmitrovica.org\/sr\/wp-json\/wp\/v2\/comments?post=381822"}],"version-history":[{"count":2,"href":"https:\/\/cbmitrovica.org\/sr\/wp-json\/wp\/v2\/pages\/381822\/revisions"}],"predecessor-version":[{"id":381826,"href":"https:\/\/cbmitrovica.org\/sr\/wp-json\/wp\/v2\/pages\/381822\/revisions\/381826"}],"up":[{"embeddable":true,"href":"https:\/\/cbmitrovica.org\/sr\/wp-json\/wp\/v2\/pages\/225"}],"wp:attachment":[{"href":"https:\/\/cbmitrovica.org\/sr\/wp-json\/wp\/v2\/media?parent=381822"}],"curies":[{"name":"wp","href":"https:\/\/api.w.org\/{rel}","templated":true}]}}