{"id":802,"date":"2021-07-15T11:26:29","date_gmt":"2021-07-15T11:26:29","guid":{"rendered":"https:\/\/www.rctkosovo.com\/activities\/think-tank\/"},"modified":"2021-12-08T10:09:46","modified_gmt":"2021-12-08T10:09:46","slug":"think-tank","status":"publish","type":"page","link":"https:\/\/cbmitrovica.org\/sq\/activities\/think-tank\/","title":{"rendered":"Grup studimor (Think Tank)"},"content":{"rendered":"\n<p>RCT mb\u00ebshtet krijimin e nj\u00eb grupi studimor, organizata e par\u00eb e till\u00eb n\u00eb rajonin e Mitrovic\u00ebs. Krijimi i tij do t\u00eb bazohet n\u00eb nj\u00eb dokument fizibiliteti q\u00eb do t\u00eb p\u00ebrcaktoj\u00eb planin p\u00ebr q\u00ebndrueshm\u00ebrin\u00eb e tij dhe profilin e an\u00ebtar\u00ebve t\u00eb tij. Grupi i studimit do t\u00eb ket\u00eb p\u00ebr detyr\u00eb t\u00eb propozoj\u00eb dhe analizoj\u00eb politikat dhe nismat e pajtimit dhe transformimit t\u00eb konfliktit.<\/p>\n","protected":false},"excerpt":{"rendered":"<p>RCT mb\u00ebshtet krijimin e nj\u00eb grupi studimor, organizata e par\u00eb e till\u00eb n\u00eb rajonin e Mitrovic\u00ebs. Krijimi i tij do t\u00eb bazohet n\u00eb nj\u00eb dokument fizibiliteti q\u00eb do t\u00eb p\u00ebrcaktoj\u00eb planin p\u00ebr q\u00ebndrueshm\u00ebrin\u00eb e tij dhe profilin e an\u00ebtar\u00ebve t\u00eb tij. Grupi i studimit do t\u00eb ket\u00eb p\u00ebr detyr\u00eb t\u00eb propozoj\u00eb dhe analizoj\u00eb politikat dhe [&hellip;]<\/p>\n","protected":false},"author":1,"featured_media":0,"parent":215,"menu_order":0,"comment_status":"closed","ping_status":"closed","template":"template-singleactiviti.php","meta":{"_bbp_topic_count":0,"_bbp_reply_count":0,"_bbp_total_topic_count":0,"_bbp_total_reply_count":0,"_bbp_voice_count":0,"_bbp_anonymous_reply_count":0,"_bbp_topic_count_hidden":0,"_bbp_reply_count_hidden":0,"_bbp_forum_subforum_count":0,"_monsterinsights_skip_tracking":false,"_monsterinsights_sitenote_active":false,"_monsterinsights_sitenote_note":"","_monsterinsights_sitenote_category":0,"footnotes":""},"class_list":["post-802","page","type-page","status-publish","hentry"],"acf":[],"yoast_head":"<!-- This site is optimized with the Yoast SEO plugin v24.2 - https:\/\/yoast.com\/wordpress\/plugins\/seo\/ -->\n<title>Grup studimor (Think Tank) - CBM - Community Building Mitrovica<\/title>\n<meta name=\"robots\" content=\"index, follow, max-snippet:-1, max-image-preview:large, max-video-preview:-1\" \/>\n<link rel=\"canonical\" href=\"https:\/\/cbmitrovica.org\/projects\/think-and-do-tank\/\" \/>\n<meta property=\"og:locale\" content=\"sq_AL\" \/>\n<meta property=\"og:type\" content=\"article\" \/>\n<meta property=\"og:title\" content=\"Grup studimor (Think Tank) - CBM - Community Building Mitrovica\" \/>\n<meta property=\"og:description\" content=\"RCT mb\u00ebshtet krijimin e nj\u00eb grupi studimor, organizata e par\u00eb e till\u00eb n\u00eb rajonin e Mitrovic\u00ebs. Krijimi i tij do t\u00eb bazohet n\u00eb nj\u00eb dokument fizibiliteti q\u00eb do t\u00eb p\u00ebrcaktoj\u00eb planin p\u00ebr q\u00ebndrueshm\u00ebrin\u00eb e tij dhe profilin e an\u00ebtar\u00ebve t\u00eb tij. Grupi i studimit do t\u00eb ket\u00eb p\u00ebr detyr\u00eb t\u00eb propozoj\u00eb dhe analizoj\u00eb politikat dhe [&hellip;]\" \/>\n<meta property=\"og:url\" content=\"https:\/\/cbmitrovica.org\/projects\/think-and-do-tank\/\" \/>\n<meta property=\"og:site_name\" content=\"CBM - Community Building Mitrovica\" \/>\n<meta property=\"article:modified_time\" content=\"2021-12-08T10:09:46+00:00\" \/>\n<meta property=\"og:image\" content=\"https:\/\/cbmitrovica.org\/wp-content\/uploads\/2021\/12\/viber-image-2021-12-21-15-40-54-153.jpg\" \/>\n\t<meta property=\"og:image:width\" content=\"1600\" \/>\n\t<meta property=\"og:image:height\" content=\"900\" \/>\n\t<meta property=\"og:image:type\" content=\"image\/jpeg\" \/>\n<meta name=\"twitter:card\" content=\"summary_large_image\" \/>\n<script type=\"application\/ld+json\" class=\"yoast-schema-graph\">{\"@context\":\"https:\/\/schema.org\",\"@graph\":[{\"@type\":\"WebPage\",\"@id\":\"https:\/\/cbmitrovica.org\/projects\/think-and-do-tank\/\",\"url\":\"https:\/\/cbmitrovica.org\/projects\/think-and-do-tank\/\",\"name\":\"Grup studimor (Think Tank) - CBM - Community Building Mitrovica\",\"isPartOf\":{\"@id\":\"https:\/\/cbmitrovica.org\/#website\"},\"datePublished\":\"2021-07-15T11:26:29+00:00\",\"dateModified\":\"2021-12-08T10:09:46+00:00\",\"breadcrumb\":{\"@id\":\"https:\/\/cbmitrovica.org\/projects\/think-and-do-tank\/#breadcrumb\"},\"inLanguage\":\"sq-AL\",\"potentialAction\":[{\"@type\":\"ReadAction\",\"target\":[\"https:\/\/cbmitrovica.org\/projects\/think-and-do-tank\/\"]}]},{\"@type\":\"BreadcrumbList\",\"@id\":\"https:\/\/cbmitrovica.org\/projects\/think-and-do-tank\/#breadcrumb\",\"itemListElement\":[{\"@type\":\"ListItem\",\"position\":1,\"name\":\"Home\",\"item\":\"https:\/\/cbmitrovica.org\/sq\/\"},{\"@type\":\"ListItem\",\"position\":2,\"name\":\"Aktivitetet\",\"item\":\"https:\/\/cbmitrovica.org\/sq\/activities\/\"},{\"@type\":\"ListItem\",\"position\":3,\"name\":\"Grup studimor (Think Tank)\"}]},{\"@type\":\"WebSite\",\"@id\":\"https:\/\/cbmitrovica.org\/#website\",\"url\":\"https:\/\/cbmitrovica.org\/\",\"name\":\"CBM - Community Building Mitrovica\",\"description\":\"\",\"potentialAction\":[{\"@type\":\"SearchAction\",\"target\":{\"@type\":\"EntryPoint\",\"urlTemplate\":\"https:\/\/cbmitrovica.org\/?s={search_term_string}\"},\"query-input\":{\"@type\":\"PropertyValueSpecification\",\"valueRequired\":true,\"valueName\":\"search_term_string\"}}],\"inLanguage\":\"sq-AL\"}]}<\/script>\n<!-- \/ Yoast SEO plugin. -->","yoast_head_json":{"title":"Grup studimor (Think Tank) - CBM - Community Building Mitrovica","robots":{"index":"index","follow":"follow","max-snippet":"max-snippet:-1","max-image-preview":"max-image-preview:large","max-video-preview":"max-video-preview:-1"},"canonical":"https:\/\/cbmitrovica.org\/projects\/think-and-do-tank\/","og_locale":"sq_AL","og_type":"article","og_title":"Grup studimor (Think Tank) - CBM - Community Building Mitrovica","og_description":"RCT mb\u00ebshtet krijimin e nj\u00eb grupi studimor, organizata e par\u00eb e till\u00eb n\u00eb rajonin e Mitrovic\u00ebs. Krijimi i tij do t\u00eb bazohet n\u00eb nj\u00eb dokument fizibiliteti q\u00eb do t\u00eb p\u00ebrcaktoj\u00eb planin p\u00ebr q\u00ebndrueshm\u00ebrin\u00eb e tij dhe profilin e an\u00ebtar\u00ebve t\u00eb tij. Grupi i studimit do t\u00eb ket\u00eb p\u00ebr detyr\u00eb t\u00eb propozoj\u00eb dhe analizoj\u00eb politikat dhe [&hellip;]","og_url":"https:\/\/cbmitrovica.org\/projects\/think-and-do-tank\/","og_site_name":"CBM - Community Building Mitrovica","article_modified_time":"2021-12-08T10:09:46+00:00","og_image":[{"width":1600,"height":900,"url":"https:\/\/cbmitrovica.org\/wp-content\/uploads\/2021\/12\/viber-image-2021-12-21-15-40-54-153.jpg","type":"image\/jpeg"}],"twitter_card":"summary_large_image","schema":{"@context":"https:\/\/schema.org","@graph":[{"@type":"WebPage","@id":"https:\/\/cbmitrovica.org\/projects\/think-and-do-tank\/","url":"https:\/\/cbmitrovica.org\/projects\/think-and-do-tank\/","name":"Grup studimor (Think Tank) - CBM - Community Building Mitrovica","isPartOf":{"@id":"https:\/\/cbmitrovica.org\/#website"},"datePublished":"2021-07-15T11:26:29+00:00","dateModified":"2021-12-08T10:09:46+00:00","breadcrumb":{"@id":"https:\/\/cbmitrovica.org\/projects\/think-and-do-tank\/#breadcrumb"},"inLanguage":"sq-AL","potentialAction":[{"@type":"ReadAction","target":["https:\/\/cbmitrovica.org\/projects\/think-and-do-tank\/"]}]},{"@type":"BreadcrumbList","@id":"https:\/\/cbmitrovica.org\/projects\/think-and-do-tank\/#breadcrumb","itemListElement":[{"@type":"ListItem","position":1,"name":"Home","item":"https:\/\/cbmitrovica.org\/sq\/"},{"@type":"ListItem","position":2,"name":"Aktivitetet","item":"https:\/\/cbmitrovica.org\/sq\/activities\/"},{"@type":"ListItem","position":3,"name":"Grup studimor (Think Tank)"}]},{"@type":"WebSite","@id":"https:\/\/cbmitrovica.org\/#website","url":"https:\/\/cbmitrovica.org\/","name":"CBM - Community Building Mitrovica","description":"","potentialAction":[{"@type":"SearchAction","target":{"@type":"EntryPoint","urlTemplate":"https:\/\/cbmitrovica.org\/?s={search_term_string}"},"query-input":{"@type":"PropertyValueSpecification","valueRequired":true,"valueName":"search_term_string"}}],"inLanguage":"sq-AL"}]}},"_links":{"self":[{"href":"https:\/\/cbmitrovica.org\/sq\/wp-json\/wp\/v2\/pages\/802","targetHints":{"allow":["GET"]}}],"collection":[{"href":"https:\/\/cbmitrovica.org\/sq\/wp-json\/wp\/v2\/pages"}],"about":[{"href":"https:\/\/cbmitrovica.org\/sq\/wp-json\/wp\/v2\/types\/page"}],"author":[{"embeddable":true,"href":"https:\/\/cbmitrovica.org\/sq\/wp-json\/wp\/v2\/users\/1"}],"replies":[{"embeddable":true,"href":"https:\/\/cbmitrovica.org\/sq\/wp-json\/wp\/v2\/comments?post=802"}],"version-history":[{"count":4,"href":"https:\/\/cbmitrovica.org\/sq\/wp-json\/wp\/v2\/pages\/802\/revisions"}],"predecessor-version":[{"id":1323,"href":"https:\/\/cbmitrovica.org\/sq\/wp-json\/wp\/v2\/pages\/802\/revisions\/1323"}],"up":[{"embeddable":true,"href":"https:\/\/cbmitrovica.org\/sq\/wp-json\/wp\/v2\/pages\/215"}],"wp:attachment":[{"href":"https:\/\/cbmitrovica.org\/sq\/wp-json\/wp\/v2\/media?parent=802"}],"curies":[{"name":"wp","href":"https:\/\/api.w.org\/{rel}","templated":true}]}}