{"id":801,"date":"2021-07-15T11:26:59","date_gmt":"2021-07-15T11:26:59","guid":{"rendered":"https:\/\/www.rctkosovo.com\/activities\/storytelling-teaching-reconciliation-through-culture-and-arts\/"},"modified":"2021-12-03T13:53:47","modified_gmt":"2021-12-03T13:53:47","slug":"storytelling-teaching-reconciliation-through-culture-and-arts","status":"publish","type":"page","link":"https:\/\/cbmitrovica.org\/sq\/activities\/storytelling-teaching-reconciliation-through-culture-and-arts\/","title":{"rendered":"Tregimi i historive: M\u00ebsimi p\u00ebr pajtim p\u00ebrmes kultur\u00ebs dhe artit"},"content":{"rendered":"\n<p>Ne besojm\u00eb n\u00eb pron\u00ebsin\u00eb lokale dhe partner\u00ebt zbatues t\u00eb RCT sigurojn\u00eb q\u00eb parimi t\u00eb respektohet duke edukuar dhe mb\u00ebshtetur nj\u00eb grup prej 25 t\u00eb rinjsh nga rajoni i Mitrovic\u00ebs p\u00ebr t\u00eb p\u00ebrdorur narracionin, modelin grafik, filmin ose \u00e7do form\u00eb tjet\u00ebr artistike t\u00eb tregimit p\u00ebr t\u00eb pikturuar vizionin e tyre t\u00eb respektuesh\u00ebm bashk\u00ebveprimi dhe pajtimi.<\/p>\n\n\n\n<p>Ekipi i RCT&nbsp; mund\u00ebson qasjen n\u00eb mjetet dixhitale p\u00ebr treguesit inspirues dhe zhvilloi nj\u00eb mjet \u2013 k\u00ebt\u00eb platform\u00eb n\u00eb internet \u2013 ku k\u00ebto histori dhe p\u00ebrmbajtje krijuese nga t\u00eb gjitha aktivitetet e tjera t\u00eb lidhura me RCT ndahen me nj\u00eb audienc\u00eb m\u00eb t\u00eb gjer\u00eb.<\/p>\n\n\n\n<p><\/p>\n","protected":false},"excerpt":{"rendered":"<p>Ne besojm\u00eb n\u00eb pron\u00ebsin\u00eb lokale dhe partner\u00ebt zbatues t\u00eb RCT sigurojn\u00eb q\u00eb parimi t\u00eb respektohet duke edukuar dhe mb\u00ebshtetur nj\u00eb grup prej 25 t\u00eb rinjsh nga rajoni i Mitrovic\u00ebs p\u00ebr t\u00eb p\u00ebrdorur narracionin, modelin grafik, filmin ose \u00e7do form\u00eb tjet\u00ebr artistike t\u00eb tregimit p\u00ebr t\u00eb pikturuar vizionin e tyre t\u00eb respektuesh\u00ebm bashk\u00ebveprimi dhe pajtimi. Ekipi [&hellip;]<\/p>\n","protected":false},"author":1,"featured_media":0,"parent":215,"menu_order":0,"comment_status":"closed","ping_status":"closed","template":"template-singleactiviti.php","meta":{"_bbp_topic_count":0,"_bbp_reply_count":0,"_bbp_total_topic_count":0,"_bbp_total_reply_count":0,"_bbp_voice_count":0,"_bbp_anonymous_reply_count":0,"_bbp_topic_count_hidden":0,"_bbp_reply_count_hidden":0,"_bbp_forum_subforum_count":0,"_monsterinsights_skip_tracking":false,"_monsterinsights_sitenote_active":false,"_monsterinsights_sitenote_note":"","_monsterinsights_sitenote_category":0,"footnotes":""},"class_list":["post-801","page","type-page","status-publish","hentry"],"acf":[],"yoast_head":"<!-- This site is optimized with the Yoast SEO plugin v24.2 - https:\/\/yoast.com\/wordpress\/plugins\/seo\/ -->\n<title>Tregimi i historive: M\u00ebsimi p\u00ebr pajtim p\u00ebrmes kultur\u00ebs dhe artit - CBM - Community Building Mitrovica<\/title>\n<meta name=\"robots\" content=\"index, follow, max-snippet:-1, max-image-preview:large, max-video-preview:-1\" \/>\n<link rel=\"canonical\" href=\"https:\/\/cbmitrovica.org\/projects\/storytelling-teaching-reconciliation-through-culture-and-arts\/\" \/>\n<meta property=\"og:locale\" content=\"sq_AL\" \/>\n<meta property=\"og:type\" content=\"article\" \/>\n<meta property=\"og:title\" content=\"Tregimi i historive: M\u00ebsimi p\u00ebr pajtim p\u00ebrmes kultur\u00ebs dhe artit - CBM - Community Building Mitrovica\" \/>\n<meta property=\"og:description\" content=\"Ne besojm\u00eb n\u00eb pron\u00ebsin\u00eb lokale dhe partner\u00ebt zbatues t\u00eb RCT sigurojn\u00eb q\u00eb parimi t\u00eb respektohet duke edukuar dhe mb\u00ebshtetur nj\u00eb grup prej 25 t\u00eb rinjsh nga rajoni i Mitrovic\u00ebs p\u00ebr t\u00eb p\u00ebrdorur narracionin, modelin grafik, filmin ose \u00e7do form\u00eb tjet\u00ebr artistike t\u00eb tregimit p\u00ebr t\u00eb pikturuar vizionin e tyre t\u00eb respektuesh\u00ebm bashk\u00ebveprimi dhe pajtimi. Ekipi [&hellip;]\" \/>\n<meta property=\"og:url\" content=\"https:\/\/cbmitrovica.org\/projects\/storytelling-teaching-reconciliation-through-culture-and-arts\/\" \/>\n<meta property=\"og:site_name\" content=\"CBM - Community Building Mitrovica\" \/>\n<meta property=\"article:modified_time\" content=\"2021-12-03T13:53:47+00:00\" \/>\n<meta property=\"og:image\" content=\"https:\/\/cbmitrovica.org\/wp-content\/uploads\/2021\/12\/viber-image-2021-12-21-15-40-54-153.jpg\" \/>\n\t<meta property=\"og:image:width\" content=\"1600\" \/>\n\t<meta property=\"og:image:height\" content=\"900\" \/>\n\t<meta property=\"og:image:type\" content=\"image\/jpeg\" \/>\n<meta name=\"twitter:card\" content=\"summary_large_image\" \/>\n<meta name=\"twitter:label1\" content=\"Est. reading time\" \/>\n\t<meta name=\"twitter:data1\" content=\"1 minute\" \/>\n<script type=\"application\/ld+json\" class=\"yoast-schema-graph\">{\"@context\":\"https:\/\/schema.org\",\"@graph\":[{\"@type\":\"WebPage\",\"@id\":\"https:\/\/cbmitrovica.org\/projects\/storytelling-teaching-reconciliation-through-culture-and-arts\/\",\"url\":\"https:\/\/cbmitrovica.org\/projects\/storytelling-teaching-reconciliation-through-culture-and-arts\/\",\"name\":\"Tregimi i historive: M\u00ebsimi p\u00ebr pajtim p\u00ebrmes kultur\u00ebs dhe artit - CBM - Community Building Mitrovica\",\"isPartOf\":{\"@id\":\"https:\/\/cbmitrovica.org\/#website\"},\"datePublished\":\"2021-07-15T11:26:59+00:00\",\"dateModified\":\"2021-12-03T13:53:47+00:00\",\"breadcrumb\":{\"@id\":\"https:\/\/cbmitrovica.org\/projects\/storytelling-teaching-reconciliation-through-culture-and-arts\/#breadcrumb\"},\"inLanguage\":\"sq-AL\",\"potentialAction\":[{\"@type\":\"ReadAction\",\"target\":[\"https:\/\/cbmitrovica.org\/projects\/storytelling-teaching-reconciliation-through-culture-and-arts\/\"]}]},{\"@type\":\"BreadcrumbList\",\"@id\":\"https:\/\/cbmitrovica.org\/projects\/storytelling-teaching-reconciliation-through-culture-and-arts\/#breadcrumb\",\"itemListElement\":[{\"@type\":\"ListItem\",\"position\":1,\"name\":\"Home\",\"item\":\"https:\/\/cbmitrovica.org\/sq\/\"},{\"@type\":\"ListItem\",\"position\":2,\"name\":\"Aktivitetet\",\"item\":\"https:\/\/cbmitrovica.org\/sq\/activities\/\"},{\"@type\":\"ListItem\",\"position\":3,\"name\":\"Tregimi i historive: M\u00ebsimi p\u00ebr pajtim p\u00ebrmes kultur\u00ebs dhe artit\"}]},{\"@type\":\"WebSite\",\"@id\":\"https:\/\/cbmitrovica.org\/#website\",\"url\":\"https:\/\/cbmitrovica.org\/\",\"name\":\"CBM - Community Building Mitrovica\",\"description\":\"\",\"potentialAction\":[{\"@type\":\"SearchAction\",\"target\":{\"@type\":\"EntryPoint\",\"urlTemplate\":\"https:\/\/cbmitrovica.org\/?s={search_term_string}\"},\"query-input\":{\"@type\":\"PropertyValueSpecification\",\"valueRequired\":true,\"valueName\":\"search_term_string\"}}],\"inLanguage\":\"sq-AL\"}]}<\/script>\n<!-- \/ Yoast SEO plugin. -->","yoast_head_json":{"title":"Tregimi i historive: M\u00ebsimi p\u00ebr pajtim p\u00ebrmes kultur\u00ebs dhe artit - CBM - Community Building Mitrovica","robots":{"index":"index","follow":"follow","max-snippet":"max-snippet:-1","max-image-preview":"max-image-preview:large","max-video-preview":"max-video-preview:-1"},"canonical":"https:\/\/cbmitrovica.org\/projects\/storytelling-teaching-reconciliation-through-culture-and-arts\/","og_locale":"sq_AL","og_type":"article","og_title":"Tregimi i historive: M\u00ebsimi p\u00ebr pajtim p\u00ebrmes kultur\u00ebs dhe artit - CBM - Community Building Mitrovica","og_description":"Ne besojm\u00eb n\u00eb pron\u00ebsin\u00eb lokale dhe partner\u00ebt zbatues t\u00eb RCT sigurojn\u00eb q\u00eb parimi t\u00eb respektohet duke edukuar dhe mb\u00ebshtetur nj\u00eb grup prej 25 t\u00eb rinjsh nga rajoni i Mitrovic\u00ebs p\u00ebr t\u00eb p\u00ebrdorur narracionin, modelin grafik, filmin ose \u00e7do form\u00eb tjet\u00ebr artistike t\u00eb tregimit p\u00ebr t\u00eb pikturuar vizionin e tyre t\u00eb respektuesh\u00ebm bashk\u00ebveprimi dhe pajtimi. Ekipi [&hellip;]","og_url":"https:\/\/cbmitrovica.org\/projects\/storytelling-teaching-reconciliation-through-culture-and-arts\/","og_site_name":"CBM - Community Building Mitrovica","article_modified_time":"2021-12-03T13:53:47+00:00","og_image":[{"width":1600,"height":900,"url":"https:\/\/cbmitrovica.org\/wp-content\/uploads\/2021\/12\/viber-image-2021-12-21-15-40-54-153.jpg","type":"image\/jpeg"}],"twitter_card":"summary_large_image","twitter_misc":{"Est. reading time":"1 minute"},"schema":{"@context":"https:\/\/schema.org","@graph":[{"@type":"WebPage","@id":"https:\/\/cbmitrovica.org\/projects\/storytelling-teaching-reconciliation-through-culture-and-arts\/","url":"https:\/\/cbmitrovica.org\/projects\/storytelling-teaching-reconciliation-through-culture-and-arts\/","name":"Tregimi i historive: M\u00ebsimi p\u00ebr pajtim p\u00ebrmes kultur\u00ebs dhe artit - CBM - Community Building Mitrovica","isPartOf":{"@id":"https:\/\/cbmitrovica.org\/#website"},"datePublished":"2021-07-15T11:26:59+00:00","dateModified":"2021-12-03T13:53:47+00:00","breadcrumb":{"@id":"https:\/\/cbmitrovica.org\/projects\/storytelling-teaching-reconciliation-through-culture-and-arts\/#breadcrumb"},"inLanguage":"sq-AL","potentialAction":[{"@type":"ReadAction","target":["https:\/\/cbmitrovica.org\/projects\/storytelling-teaching-reconciliation-through-culture-and-arts\/"]}]},{"@type":"BreadcrumbList","@id":"https:\/\/cbmitrovica.org\/projects\/storytelling-teaching-reconciliation-through-culture-and-arts\/#breadcrumb","itemListElement":[{"@type":"ListItem","position":1,"name":"Home","item":"https:\/\/cbmitrovica.org\/sq\/"},{"@type":"ListItem","position":2,"name":"Aktivitetet","item":"https:\/\/cbmitrovica.org\/sq\/activities\/"},{"@type":"ListItem","position":3,"name":"Tregimi i historive: M\u00ebsimi p\u00ebr pajtim p\u00ebrmes kultur\u00ebs dhe artit"}]},{"@type":"WebSite","@id":"https:\/\/cbmitrovica.org\/#website","url":"https:\/\/cbmitrovica.org\/","name":"CBM - Community Building Mitrovica","description":"","potentialAction":[{"@type":"SearchAction","target":{"@type":"EntryPoint","urlTemplate":"https:\/\/cbmitrovica.org\/?s={search_term_string}"},"query-input":{"@type":"PropertyValueSpecification","valueRequired":true,"valueName":"search_term_string"}}],"inLanguage":"sq-AL"}]}},"_links":{"self":[{"href":"https:\/\/cbmitrovica.org\/sq\/wp-json\/wp\/v2\/pages\/801","targetHints":{"allow":["GET"]}}],"collection":[{"href":"https:\/\/cbmitrovica.org\/sq\/wp-json\/wp\/v2\/pages"}],"about":[{"href":"https:\/\/cbmitrovica.org\/sq\/wp-json\/wp\/v2\/types\/page"}],"author":[{"embeddable":true,"href":"https:\/\/cbmitrovica.org\/sq\/wp-json\/wp\/v2\/users\/1"}],"replies":[{"embeddable":true,"href":"https:\/\/cbmitrovica.org\/sq\/wp-json\/wp\/v2\/comments?post=801"}],"version-history":[{"count":6,"href":"https:\/\/cbmitrovica.org\/sq\/wp-json\/wp\/v2\/pages\/801\/revisions"}],"predecessor-version":[{"id":1212,"href":"https:\/\/cbmitrovica.org\/sq\/wp-json\/wp\/v2\/pages\/801\/revisions\/1212"}],"up":[{"embeddable":true,"href":"https:\/\/cbmitrovica.org\/sq\/wp-json\/wp\/v2\/pages\/215"}],"wp:attachment":[{"href":"https:\/\/cbmitrovica.org\/sq\/wp-json\/wp\/v2\/media?parent=801"}],"curies":[{"name":"wp","href":"https:\/\/api.w.org\/{rel}","templated":true}]}}