{"id":799,"date":"2021-07-14T20:58:41","date_gmt":"2021-07-14T20:58:41","guid":{"rendered":"https:\/\/www.rctkosovo.com\/activities\/mapping-reconciliation-initiatives-and-policies\/"},"modified":"2021-12-03T13:52:51","modified_gmt":"2021-12-03T13:52:51","slug":"mapping-reconciliation-initiatives-and-policies","status":"publish","type":"page","link":"https:\/\/cbmitrovica.org\/sq\/activities\/mapping-reconciliation-initiatives-and-policies\/","title":{"rendered":"Hart\u00ebzimi i nismave dhe politikave t\u00eb pajtimit"},"content":{"rendered":"\n<p>Q\u00ebllimi i festivalit t\u00eb kafes\u00eb \u00ebsht\u00eb t\u00eb inicioj\u00eb nj\u00eb dialog nd\u00ebrmjet komuniteteve t\u00eb ndara rreth temave t\u00eb p\u00ebrbashk\u00ebta t\u00eb p\u00ebrditshme, duke p\u00ebrdorur pirjen e p\u00ebrditshme t\u00eb kafes\u00eb si zakonin m\u00eb t\u00eb zakonsh\u00ebm shoq\u00ebror n\u00eb Kosov\u00eb si metod\u00eb p\u00ebr leht\u00ebsimin e dialogut fillestar. Nj\u00eb tjet\u00ebr ngjarje e fokusuar n\u00eb zakonet e p\u00ebrbashk\u00ebta dhe vlerat universale t\u00eb t\u00eb gjitha komuniteteve \u00ebsht\u00eb ngjarja Save the Planet n\u00eb 22 Prill (Dita e Tok\u00ebs).<\/p>\n","protected":false},"excerpt":{"rendered":"<p>Q\u00ebllimi i festivalit t\u00eb kafes\u00eb \u00ebsht\u00eb t\u00eb inicioj\u00eb nj\u00eb dialog nd\u00ebrmjet komuniteteve t\u00eb ndara rreth temave t\u00eb p\u00ebrbashk\u00ebta t\u00eb p\u00ebrditshme, duke p\u00ebrdorur pirjen e p\u00ebrditshme t\u00eb kafes\u00eb si zakonin m\u00eb t\u00eb zakonsh\u00ebm shoq\u00ebror n\u00eb Kosov\u00eb si metod\u00eb p\u00ebr leht\u00ebsimin e dialogut fillestar. Nj\u00eb tjet\u00ebr ngjarje e fokusuar n\u00eb zakonet e p\u00ebrbashk\u00ebta dhe vlerat universale t\u00eb [&hellip;]<\/p>\n","protected":false},"author":1,"featured_media":0,"parent":215,"menu_order":0,"comment_status":"closed","ping_status":"closed","template":"template-singleactiviti.php","meta":{"_bbp_topic_count":0,"_bbp_reply_count":0,"_bbp_total_topic_count":0,"_bbp_total_reply_count":0,"_bbp_voice_count":0,"_bbp_anonymous_reply_count":0,"_bbp_topic_count_hidden":0,"_bbp_reply_count_hidden":0,"_bbp_forum_subforum_count":0,"_monsterinsights_skip_tracking":false,"_monsterinsights_sitenote_active":false,"_monsterinsights_sitenote_note":"","_monsterinsights_sitenote_category":0,"footnotes":""},"class_list":["post-799","page","type-page","status-publish","hentry"],"acf":[],"yoast_head":"<!-- This site is optimized with the Yoast SEO plugin v24.2 - https:\/\/yoast.com\/wordpress\/plugins\/seo\/ -->\n<title>Hart\u00ebzimi i nismave dhe politikave t\u00eb pajtimit - CBM - Community Building Mitrovica<\/title>\n<meta name=\"robots\" content=\"index, follow, max-snippet:-1, max-image-preview:large, max-video-preview:-1\" \/>\n<link rel=\"canonical\" href=\"https:\/\/cbmitrovica.org\/projects\/mapping-reconciliation-initiatives-and-policies\/\" \/>\n<meta property=\"og:locale\" content=\"sq_AL\" \/>\n<meta property=\"og:type\" content=\"article\" \/>\n<meta property=\"og:title\" content=\"Hart\u00ebzimi i nismave dhe politikave t\u00eb pajtimit - CBM - Community Building Mitrovica\" \/>\n<meta property=\"og:description\" content=\"Q\u00ebllimi i festivalit t\u00eb kafes\u00eb \u00ebsht\u00eb t\u00eb inicioj\u00eb nj\u00eb dialog nd\u00ebrmjet komuniteteve t\u00eb ndara rreth temave t\u00eb p\u00ebrbashk\u00ebta t\u00eb p\u00ebrditshme, duke p\u00ebrdorur pirjen e p\u00ebrditshme t\u00eb kafes\u00eb si zakonin m\u00eb t\u00eb zakonsh\u00ebm shoq\u00ebror n\u00eb Kosov\u00eb si metod\u00eb p\u00ebr leht\u00ebsimin e dialogut fillestar. Nj\u00eb tjet\u00ebr ngjarje e fokusuar n\u00eb zakonet e p\u00ebrbashk\u00ebta dhe vlerat universale t\u00eb [&hellip;]\" \/>\n<meta property=\"og:url\" content=\"https:\/\/cbmitrovica.org\/projects\/mapping-reconciliation-initiatives-and-policies\/\" \/>\n<meta property=\"og:site_name\" content=\"CBM - Community Building Mitrovica\" \/>\n<meta property=\"article:modified_time\" content=\"2021-12-03T13:52:51+00:00\" \/>\n<meta property=\"og:image\" content=\"https:\/\/cbmitrovica.org\/wp-content\/uploads\/2021\/12\/viber-image-2021-12-21-15-40-54-153.jpg\" \/>\n\t<meta property=\"og:image:width\" content=\"1600\" \/>\n\t<meta property=\"og:image:height\" content=\"900\" \/>\n\t<meta property=\"og:image:type\" content=\"image\/jpeg\" \/>\n<meta name=\"twitter:card\" content=\"summary_large_image\" \/>\n<script type=\"application\/ld+json\" class=\"yoast-schema-graph\">{\"@context\":\"https:\/\/schema.org\",\"@graph\":[{\"@type\":\"WebPage\",\"@id\":\"https:\/\/cbmitrovica.org\/projects\/mapping-reconciliation-initiatives-and-policies\/\",\"url\":\"https:\/\/cbmitrovica.org\/projects\/mapping-reconciliation-initiatives-and-policies\/\",\"name\":\"Hart\u00ebzimi i nismave dhe politikave t\u00eb pajtimit - CBM - Community Building Mitrovica\",\"isPartOf\":{\"@id\":\"https:\/\/cbmitrovica.org\/#website\"},\"datePublished\":\"2021-07-14T20:58:41+00:00\",\"dateModified\":\"2021-12-03T13:52:51+00:00\",\"breadcrumb\":{\"@id\":\"https:\/\/cbmitrovica.org\/projects\/mapping-reconciliation-initiatives-and-policies\/#breadcrumb\"},\"inLanguage\":\"sq-AL\",\"potentialAction\":[{\"@type\":\"ReadAction\",\"target\":[\"https:\/\/cbmitrovica.org\/projects\/mapping-reconciliation-initiatives-and-policies\/\"]}]},{\"@type\":\"BreadcrumbList\",\"@id\":\"https:\/\/cbmitrovica.org\/projects\/mapping-reconciliation-initiatives-and-policies\/#breadcrumb\",\"itemListElement\":[{\"@type\":\"ListItem\",\"position\":1,\"name\":\"Home\",\"item\":\"https:\/\/cbmitrovica.org\/sq\/\"},{\"@type\":\"ListItem\",\"position\":2,\"name\":\"Aktivitetet\",\"item\":\"https:\/\/cbmitrovica.org\/sq\/activities\/\"},{\"@type\":\"ListItem\",\"position\":3,\"name\":\"Hart\u00ebzimi i nismave dhe politikave t\u00eb pajtimit\"}]},{\"@type\":\"WebSite\",\"@id\":\"https:\/\/cbmitrovica.org\/#website\",\"url\":\"https:\/\/cbmitrovica.org\/\",\"name\":\"CBM - Community Building Mitrovica\",\"description\":\"\",\"potentialAction\":[{\"@type\":\"SearchAction\",\"target\":{\"@type\":\"EntryPoint\",\"urlTemplate\":\"https:\/\/cbmitrovica.org\/?s={search_term_string}\"},\"query-input\":{\"@type\":\"PropertyValueSpecification\",\"valueRequired\":true,\"valueName\":\"search_term_string\"}}],\"inLanguage\":\"sq-AL\"}]}<\/script>\n<!-- \/ Yoast SEO plugin. -->","yoast_head_json":{"title":"Hart\u00ebzimi i nismave dhe politikave t\u00eb pajtimit - CBM - Community Building Mitrovica","robots":{"index":"index","follow":"follow","max-snippet":"max-snippet:-1","max-image-preview":"max-image-preview:large","max-video-preview":"max-video-preview:-1"},"canonical":"https:\/\/cbmitrovica.org\/projects\/mapping-reconciliation-initiatives-and-policies\/","og_locale":"sq_AL","og_type":"article","og_title":"Hart\u00ebzimi i nismave dhe politikave t\u00eb pajtimit - CBM - Community Building Mitrovica","og_description":"Q\u00ebllimi i festivalit t\u00eb kafes\u00eb \u00ebsht\u00eb t\u00eb inicioj\u00eb nj\u00eb dialog nd\u00ebrmjet komuniteteve t\u00eb ndara rreth temave t\u00eb p\u00ebrbashk\u00ebta t\u00eb p\u00ebrditshme, duke p\u00ebrdorur pirjen e p\u00ebrditshme t\u00eb kafes\u00eb si zakonin m\u00eb t\u00eb zakonsh\u00ebm shoq\u00ebror n\u00eb Kosov\u00eb si metod\u00eb p\u00ebr leht\u00ebsimin e dialogut fillestar. Nj\u00eb tjet\u00ebr ngjarje e fokusuar n\u00eb zakonet e p\u00ebrbashk\u00ebta dhe vlerat universale t\u00eb [&hellip;]","og_url":"https:\/\/cbmitrovica.org\/projects\/mapping-reconciliation-initiatives-and-policies\/","og_site_name":"CBM - Community Building Mitrovica","article_modified_time":"2021-12-03T13:52:51+00:00","og_image":[{"width":1600,"height":900,"url":"https:\/\/cbmitrovica.org\/wp-content\/uploads\/2021\/12\/viber-image-2021-12-21-15-40-54-153.jpg","type":"image\/jpeg"}],"twitter_card":"summary_large_image","schema":{"@context":"https:\/\/schema.org","@graph":[{"@type":"WebPage","@id":"https:\/\/cbmitrovica.org\/projects\/mapping-reconciliation-initiatives-and-policies\/","url":"https:\/\/cbmitrovica.org\/projects\/mapping-reconciliation-initiatives-and-policies\/","name":"Hart\u00ebzimi i nismave dhe politikave t\u00eb pajtimit - CBM - Community Building Mitrovica","isPartOf":{"@id":"https:\/\/cbmitrovica.org\/#website"},"datePublished":"2021-07-14T20:58:41+00:00","dateModified":"2021-12-03T13:52:51+00:00","breadcrumb":{"@id":"https:\/\/cbmitrovica.org\/projects\/mapping-reconciliation-initiatives-and-policies\/#breadcrumb"},"inLanguage":"sq-AL","potentialAction":[{"@type":"ReadAction","target":["https:\/\/cbmitrovica.org\/projects\/mapping-reconciliation-initiatives-and-policies\/"]}]},{"@type":"BreadcrumbList","@id":"https:\/\/cbmitrovica.org\/projects\/mapping-reconciliation-initiatives-and-policies\/#breadcrumb","itemListElement":[{"@type":"ListItem","position":1,"name":"Home","item":"https:\/\/cbmitrovica.org\/sq\/"},{"@type":"ListItem","position":2,"name":"Aktivitetet","item":"https:\/\/cbmitrovica.org\/sq\/activities\/"},{"@type":"ListItem","position":3,"name":"Hart\u00ebzimi i nismave dhe politikave t\u00eb pajtimit"}]},{"@type":"WebSite","@id":"https:\/\/cbmitrovica.org\/#website","url":"https:\/\/cbmitrovica.org\/","name":"CBM - Community Building Mitrovica","description":"","potentialAction":[{"@type":"SearchAction","target":{"@type":"EntryPoint","urlTemplate":"https:\/\/cbmitrovica.org\/?s={search_term_string}"},"query-input":{"@type":"PropertyValueSpecification","valueRequired":true,"valueName":"search_term_string"}}],"inLanguage":"sq-AL"}]}},"_links":{"self":[{"href":"https:\/\/cbmitrovica.org\/sq\/wp-json\/wp\/v2\/pages\/799","targetHints":{"allow":["GET"]}}],"collection":[{"href":"https:\/\/cbmitrovica.org\/sq\/wp-json\/wp\/v2\/pages"}],"about":[{"href":"https:\/\/cbmitrovica.org\/sq\/wp-json\/wp\/v2\/types\/page"}],"author":[{"embeddable":true,"href":"https:\/\/cbmitrovica.org\/sq\/wp-json\/wp\/v2\/users\/1"}],"replies":[{"embeddable":true,"href":"https:\/\/cbmitrovica.org\/sq\/wp-json\/wp\/v2\/comments?post=799"}],"version-history":[{"count":7,"href":"https:\/\/cbmitrovica.org\/sq\/wp-json\/wp\/v2\/pages\/799\/revisions"}],"predecessor-version":[{"id":1211,"href":"https:\/\/cbmitrovica.org\/sq\/wp-json\/wp\/v2\/pages\/799\/revisions\/1211"}],"up":[{"embeddable":true,"href":"https:\/\/cbmitrovica.org\/sq\/wp-json\/wp\/v2\/pages\/215"}],"wp:attachment":[{"href":"https:\/\/cbmitrovica.org\/sq\/wp-json\/wp\/v2\/media?parent=799"}],"curies":[{"name":"wp","href":"https:\/\/api.w.org\/{rel}","templated":true}]}}