{"id":798,"date":"2021-07-14T20:58:30","date_gmt":"2021-07-14T20:58:30","guid":{"rendered":"https:\/\/www.rctkosovo.com\/activities\/cohesion-circles-to-renew-trust\/"},"modified":"2021-12-03T14:24:41","modified_gmt":"2021-12-03T14:24:41","slug":"cohesion-circles-to-renew-trust","status":"publish","type":"page","link":"https:\/\/cbmitrovica.org\/sq\/activities\/cohesion-circles-to-renew-trust\/","title":{"rendered":"Rrethi I kohezionit p\u00ebr t\u00eb rinovuar besimin"},"content":{"rendered":"\n<p>Partner\u00ebt zbatues t\u00eb RCT mblidhen dhe konsultohen rregullisht me nj\u00eb grup an\u00ebtar\u00ebsh t\u00eb shoq\u00ebris\u00eb civile lokale dhe p\u00ebrfaq\u00ebsues t\u00eb komunitetit t\u00eb cil\u00ebt ndajn\u00eb nj\u00eb vizion t\u00eb p\u00ebrbashk\u00ebt t\u00eb bashk\u00ebjetes\u00ebs dhe pajtimit nga t\u00eb gjitha koumnat e rajonit&nbsp; t\u00eb Mitrovic\u00ebs n\u00eb ngjarjet e komunitetit q\u00eb organizohen si pjes\u00eb e RCT, si\u00e7 \u00ebsht\u00eb festivali i kafes\u00eb dhe sh\u00ebnimi i Dit\u00ebs s\u00eb Tok\u00ebs<\/p>\n\n\n\n<p>Grupi u formua si nj\u00eb nga aktivitetet p\u00ebrgatitore dhe u quajt rrethi i kohezionit. Ai p\u00ebrb\u00ebhet nga p\u00ebrfaq\u00ebsues t\u00eb komuniteteve lokale me prejardhje t\u00eb ndryshme etnike, t\u00eb cil\u00ebt kan\u00eb ndikim n\u00eb komunitetet, dhe t\u00eb cil\u00ebt mund t\u00eb promovojn\u00eb programin dhe p\u00ebrpjekjet e tij p\u00ebr pajtim.<\/p>\n\n\n\n<p><\/p>\n","protected":false},"excerpt":{"rendered":"<p>Partner\u00ebt zbatues t\u00eb RCT mblidhen dhe konsultohen rregullisht me nj\u00eb grup an\u00ebtar\u00ebsh t\u00eb shoq\u00ebris\u00eb civile lokale dhe p\u00ebrfaq\u00ebsues t\u00eb komunitetit t\u00eb cil\u00ebt ndajn\u00eb nj\u00eb vizion t\u00eb p\u00ebrbashk\u00ebt t\u00eb bashk\u00ebjetes\u00ebs dhe pajtimit nga t\u00eb gjitha koumnat e rajonit&nbsp; t\u00eb Mitrovic\u00ebs n\u00eb ngjarjet e komunitetit q\u00eb organizohen si pjes\u00eb e RCT, si\u00e7 \u00ebsht\u00eb festivali i kafes\u00eb dhe [&hellip;]<\/p>\n","protected":false},"author":1,"featured_media":0,"parent":215,"menu_order":0,"comment_status":"closed","ping_status":"closed","template":"template-singleactiviti.php","meta":{"_bbp_topic_count":0,"_bbp_reply_count":0,"_bbp_total_topic_count":0,"_bbp_total_reply_count":0,"_bbp_voice_count":0,"_bbp_anonymous_reply_count":0,"_bbp_topic_count_hidden":0,"_bbp_reply_count_hidden":0,"_bbp_forum_subforum_count":0,"_monsterinsights_skip_tracking":false,"_monsterinsights_sitenote_active":false,"_monsterinsights_sitenote_note":"","_monsterinsights_sitenote_category":0,"footnotes":""},"class_list":["post-798","page","type-page","status-publish","hentry"],"acf":[],"yoast_head":"<!-- This site is optimized with the Yoast SEO plugin v24.2 - https:\/\/yoast.com\/wordpress\/plugins\/seo\/ -->\n<title>Rrethi I kohezionit p\u00ebr t\u00eb rinovuar besimin - CBM - Community Building Mitrovica<\/title>\n<meta name=\"robots\" content=\"index, follow, max-snippet:-1, max-image-preview:large, max-video-preview:-1\" \/>\n<link rel=\"canonical\" href=\"https:\/\/cbmitrovica.org\/projects\/cohesion-circles-to-renew-trust\/\" \/>\n<meta property=\"og:locale\" content=\"sq_AL\" \/>\n<meta property=\"og:type\" content=\"article\" \/>\n<meta property=\"og:title\" content=\"Rrethi I kohezionit p\u00ebr t\u00eb rinovuar besimin - CBM - Community Building Mitrovica\" \/>\n<meta property=\"og:description\" content=\"Partner\u00ebt zbatues t\u00eb RCT mblidhen dhe konsultohen rregullisht me nj\u00eb grup an\u00ebtar\u00ebsh t\u00eb shoq\u00ebris\u00eb civile lokale dhe p\u00ebrfaq\u00ebsues t\u00eb komunitetit t\u00eb cil\u00ebt ndajn\u00eb nj\u00eb vizion t\u00eb p\u00ebrbashk\u00ebt t\u00eb bashk\u00ebjetes\u00ebs dhe pajtimit nga t\u00eb gjitha koumnat e rajonit&nbsp; t\u00eb Mitrovic\u00ebs n\u00eb ngjarjet e komunitetit q\u00eb organizohen si pjes\u00eb e RCT, si\u00e7 \u00ebsht\u00eb festivali i kafes\u00eb dhe [&hellip;]\" \/>\n<meta property=\"og:url\" content=\"https:\/\/cbmitrovica.org\/projects\/cohesion-circles-to-renew-trust\/\" \/>\n<meta property=\"og:site_name\" content=\"CBM - Community Building Mitrovica\" \/>\n<meta property=\"article:modified_time\" content=\"2021-12-03T14:24:41+00:00\" \/>\n<meta property=\"og:image\" content=\"https:\/\/cbmitrovica.org\/wp-content\/uploads\/2021\/12\/viber-image-2021-12-21-15-40-54-153.jpg\" \/>\n\t<meta property=\"og:image:width\" content=\"1600\" \/>\n\t<meta property=\"og:image:height\" content=\"900\" \/>\n\t<meta property=\"og:image:type\" content=\"image\/jpeg\" \/>\n<meta name=\"twitter:card\" content=\"summary_large_image\" \/>\n<meta name=\"twitter:label1\" content=\"Est. reading time\" \/>\n\t<meta name=\"twitter:data1\" content=\"1 minute\" \/>\n<script type=\"application\/ld+json\" class=\"yoast-schema-graph\">{\"@context\":\"https:\/\/schema.org\",\"@graph\":[{\"@type\":\"WebPage\",\"@id\":\"https:\/\/cbmitrovica.org\/projects\/cohesion-circles-to-renew-trust\/\",\"url\":\"https:\/\/cbmitrovica.org\/projects\/cohesion-circles-to-renew-trust\/\",\"name\":\"Rrethi I kohezionit p\u00ebr t\u00eb rinovuar besimin - CBM - Community Building Mitrovica\",\"isPartOf\":{\"@id\":\"https:\/\/cbmitrovica.org\/#website\"},\"datePublished\":\"2021-07-14T20:58:30+00:00\",\"dateModified\":\"2021-12-03T14:24:41+00:00\",\"breadcrumb\":{\"@id\":\"https:\/\/cbmitrovica.org\/projects\/cohesion-circles-to-renew-trust\/#breadcrumb\"},\"inLanguage\":\"sq-AL\",\"potentialAction\":[{\"@type\":\"ReadAction\",\"target\":[\"https:\/\/cbmitrovica.org\/projects\/cohesion-circles-to-renew-trust\/\"]}]},{\"@type\":\"BreadcrumbList\",\"@id\":\"https:\/\/cbmitrovica.org\/projects\/cohesion-circles-to-renew-trust\/#breadcrumb\",\"itemListElement\":[{\"@type\":\"ListItem\",\"position\":1,\"name\":\"Home\",\"item\":\"https:\/\/cbmitrovica.org\/sq\/\"},{\"@type\":\"ListItem\",\"position\":2,\"name\":\"Aktivitetet\",\"item\":\"https:\/\/cbmitrovica.org\/sq\/activities\/\"},{\"@type\":\"ListItem\",\"position\":3,\"name\":\"Rrethi I kohezionit p\u00ebr t\u00eb rinovuar besimin\"}]},{\"@type\":\"WebSite\",\"@id\":\"https:\/\/cbmitrovica.org\/#website\",\"url\":\"https:\/\/cbmitrovica.org\/\",\"name\":\"CBM - Community Building Mitrovica\",\"description\":\"\",\"potentialAction\":[{\"@type\":\"SearchAction\",\"target\":{\"@type\":\"EntryPoint\",\"urlTemplate\":\"https:\/\/cbmitrovica.org\/?s={search_term_string}\"},\"query-input\":{\"@type\":\"PropertyValueSpecification\",\"valueRequired\":true,\"valueName\":\"search_term_string\"}}],\"inLanguage\":\"sq-AL\"}]}<\/script>\n<!-- \/ Yoast SEO plugin. -->","yoast_head_json":{"title":"Rrethi I kohezionit p\u00ebr t\u00eb rinovuar besimin - CBM - Community Building Mitrovica","robots":{"index":"index","follow":"follow","max-snippet":"max-snippet:-1","max-image-preview":"max-image-preview:large","max-video-preview":"max-video-preview:-1"},"canonical":"https:\/\/cbmitrovica.org\/projects\/cohesion-circles-to-renew-trust\/","og_locale":"sq_AL","og_type":"article","og_title":"Rrethi I kohezionit p\u00ebr t\u00eb rinovuar besimin - CBM - Community Building Mitrovica","og_description":"Partner\u00ebt zbatues t\u00eb RCT mblidhen dhe konsultohen rregullisht me nj\u00eb grup an\u00ebtar\u00ebsh t\u00eb shoq\u00ebris\u00eb civile lokale dhe p\u00ebrfaq\u00ebsues t\u00eb komunitetit t\u00eb cil\u00ebt ndajn\u00eb nj\u00eb vizion t\u00eb p\u00ebrbashk\u00ebt t\u00eb bashk\u00ebjetes\u00ebs dhe pajtimit nga t\u00eb gjitha koumnat e rajonit&nbsp; t\u00eb Mitrovic\u00ebs n\u00eb ngjarjet e komunitetit q\u00eb organizohen si pjes\u00eb e RCT, si\u00e7 \u00ebsht\u00eb festivali i kafes\u00eb dhe [&hellip;]","og_url":"https:\/\/cbmitrovica.org\/projects\/cohesion-circles-to-renew-trust\/","og_site_name":"CBM - Community Building Mitrovica","article_modified_time":"2021-12-03T14:24:41+00:00","og_image":[{"width":1600,"height":900,"url":"https:\/\/cbmitrovica.org\/wp-content\/uploads\/2021\/12\/viber-image-2021-12-21-15-40-54-153.jpg","type":"image\/jpeg"}],"twitter_card":"summary_large_image","twitter_misc":{"Est. reading time":"1 minute"},"schema":{"@context":"https:\/\/schema.org","@graph":[{"@type":"WebPage","@id":"https:\/\/cbmitrovica.org\/projects\/cohesion-circles-to-renew-trust\/","url":"https:\/\/cbmitrovica.org\/projects\/cohesion-circles-to-renew-trust\/","name":"Rrethi I kohezionit p\u00ebr t\u00eb rinovuar besimin - CBM - Community Building Mitrovica","isPartOf":{"@id":"https:\/\/cbmitrovica.org\/#website"},"datePublished":"2021-07-14T20:58:30+00:00","dateModified":"2021-12-03T14:24:41+00:00","breadcrumb":{"@id":"https:\/\/cbmitrovica.org\/projects\/cohesion-circles-to-renew-trust\/#breadcrumb"},"inLanguage":"sq-AL","potentialAction":[{"@type":"ReadAction","target":["https:\/\/cbmitrovica.org\/projects\/cohesion-circles-to-renew-trust\/"]}]},{"@type":"BreadcrumbList","@id":"https:\/\/cbmitrovica.org\/projects\/cohesion-circles-to-renew-trust\/#breadcrumb","itemListElement":[{"@type":"ListItem","position":1,"name":"Home","item":"https:\/\/cbmitrovica.org\/sq\/"},{"@type":"ListItem","position":2,"name":"Aktivitetet","item":"https:\/\/cbmitrovica.org\/sq\/activities\/"},{"@type":"ListItem","position":3,"name":"Rrethi I kohezionit p\u00ebr t\u00eb rinovuar besimin"}]},{"@type":"WebSite","@id":"https:\/\/cbmitrovica.org\/#website","url":"https:\/\/cbmitrovica.org\/","name":"CBM - Community Building Mitrovica","description":"","potentialAction":[{"@type":"SearchAction","target":{"@type":"EntryPoint","urlTemplate":"https:\/\/cbmitrovica.org\/?s={search_term_string}"},"query-input":{"@type":"PropertyValueSpecification","valueRequired":true,"valueName":"search_term_string"}}],"inLanguage":"sq-AL"}]}},"_links":{"self":[{"href":"https:\/\/cbmitrovica.org\/sq\/wp-json\/wp\/v2\/pages\/798","targetHints":{"allow":["GET"]}}],"collection":[{"href":"https:\/\/cbmitrovica.org\/sq\/wp-json\/wp\/v2\/pages"}],"about":[{"href":"https:\/\/cbmitrovica.org\/sq\/wp-json\/wp\/v2\/types\/page"}],"author":[{"embeddable":true,"href":"https:\/\/cbmitrovica.org\/sq\/wp-json\/wp\/v2\/users\/1"}],"replies":[{"embeddable":true,"href":"https:\/\/cbmitrovica.org\/sq\/wp-json\/wp\/v2\/comments?post=798"}],"version-history":[{"count":5,"href":"https:\/\/cbmitrovica.org\/sq\/wp-json\/wp\/v2\/pages\/798\/revisions"}],"predecessor-version":[{"id":1231,"href":"https:\/\/cbmitrovica.org\/sq\/wp-json\/wp\/v2\/pages\/798\/revisions\/1231"}],"up":[{"embeddable":true,"href":"https:\/\/cbmitrovica.org\/sq\/wp-json\/wp\/v2\/pages\/215"}],"wp:attachment":[{"href":"https:\/\/cbmitrovica.org\/sq\/wp-json\/wp\/v2\/media?parent=798"}],"curies":[{"name":"wp","href":"https:\/\/api.w.org\/{rel}","templated":true}]}}