{"id":797,"date":"2021-07-15T11:27:49","date_gmt":"2021-07-15T11:27:49","guid":{"rendered":"https:\/\/www.rctkosovo.com\/activities\/amplifying-reconciliation-messages-through-media\/"},"modified":"2021-09-23T09:11:01","modified_gmt":"2021-09-23T09:11:01","slug":"amplifying-reconciliation-messages-through-media","status":"publish","type":"page","link":"https:\/\/cbmitrovica.org\/sq\/activities\/amplifying-reconciliation-messages-through-media\/","title":{"rendered":"P\u00ebrforcimi i mesazheve t\u00eb pajtimit p\u00ebrmes mediave"},"content":{"rendered":"\n<p>Media ndikon n\u00eb tendencat shoq\u00ebrore dhe ne duam q\u00eb pajtimi t\u00eb jet\u00eb n\u00eb qend\u00ebr t\u00eb v\u00ebmendjes. Prandaj, RCT k\u00ebrkon t\u00eb gjej\u00eb nj\u00eb vend kuptimplot\u00eb p\u00ebr mediat q\u00eb t\u00eb p\u00ebrforcojn\u00eb p\u00ebrpjekjet tona p\u00ebr t\u00eb promovuar mir\u00ebkuptimin, pranimin dhe vler\u00ebsimin reciprok. Pas zhvillimit t\u00eb nj\u00eb strategjie komunikimi p\u00ebr mesazhe pozitive, ekipi i RCT organizon pun\u00ebtori p\u00ebr p\u00ebrfaq\u00ebsuesit e mediave, treguesit inspirues, gazetar\u00ebt ose gazetar\u00ebt e mediave sociale dhe an\u00ebtar\u00ebt e grupit t\u00eb ekspert\u00ebve se si ta zbatojn\u00eb at\u00eb n\u00eb pun\u00ebn e tyre. RCT gjithashtu mb\u00ebshtet trajnuesit n\u00eb p\u00ebrgatitjen dhe publikimin e tregimeve me mesazhe pozitive p\u00ebr pajtimin.<\/p>\n","protected":false},"excerpt":{"rendered":"<p>Media ndikon n\u00eb tendencat shoq\u00ebrore dhe ne duam q\u00eb pajtimi t\u00eb jet\u00eb n\u00eb qend\u00ebr t\u00eb v\u00ebmendjes. Prandaj, RCT k\u00ebrkon t\u00eb gjej\u00eb nj\u00eb vend kuptimplot\u00eb p\u00ebr mediat q\u00eb t\u00eb p\u00ebrforcojn\u00eb p\u00ebrpjekjet tona p\u00ebr t\u00eb promovuar mir\u00ebkuptimin, pranimin dhe vler\u00ebsimin reciprok. Pas zhvillimit t\u00eb nj\u00eb strategjie komunikimi p\u00ebr mesazhe pozitive, ekipi i RCT organizon pun\u00ebtori p\u00ebr p\u00ebrfaq\u00ebsuesit [&hellip;]<\/p>\n","protected":false},"author":1,"featured_media":0,"parent":215,"menu_order":0,"comment_status":"closed","ping_status":"closed","template":"template-singleactiviti.php","meta":{"_bbp_topic_count":0,"_bbp_reply_count":0,"_bbp_total_topic_count":0,"_bbp_total_reply_count":0,"_bbp_voice_count":0,"_bbp_anonymous_reply_count":0,"_bbp_topic_count_hidden":0,"_bbp_reply_count_hidden":0,"_bbp_forum_subforum_count":0,"_monsterinsights_skip_tracking":false,"_monsterinsights_sitenote_active":false,"_monsterinsights_sitenote_note":"","_monsterinsights_sitenote_category":0,"footnotes":""},"class_list":["post-797","page","type-page","status-publish","hentry"],"acf":[],"yoast_head":"<!-- This site is optimized with the Yoast SEO plugin v24.2 - https:\/\/yoast.com\/wordpress\/plugins\/seo\/ -->\n<title>P\u00ebrforcimi i mesazheve t\u00eb pajtimit p\u00ebrmes mediave - CBM - Community Building Mitrovica<\/title>\n<meta name=\"robots\" content=\"index, follow, max-snippet:-1, max-image-preview:large, max-video-preview:-1\" \/>\n<link rel=\"canonical\" href=\"https:\/\/cbmitrovica.org\/projects\/empowering-youth-through-digital-marketing-training\/\" \/>\n<meta property=\"og:locale\" content=\"sq_AL\" \/>\n<meta property=\"og:type\" content=\"article\" \/>\n<meta property=\"og:title\" content=\"P\u00ebrforcimi i mesazheve t\u00eb pajtimit p\u00ebrmes mediave - CBM - Community Building Mitrovica\" \/>\n<meta property=\"og:description\" content=\"Media ndikon n\u00eb tendencat shoq\u00ebrore dhe ne duam q\u00eb pajtimi t\u00eb jet\u00eb n\u00eb qend\u00ebr t\u00eb v\u00ebmendjes. Prandaj, RCT k\u00ebrkon t\u00eb gjej\u00eb nj\u00eb vend kuptimplot\u00eb p\u00ebr mediat q\u00eb t\u00eb p\u00ebrforcojn\u00eb p\u00ebrpjekjet tona p\u00ebr t\u00eb promovuar mir\u00ebkuptimin, pranimin dhe vler\u00ebsimin reciprok. Pas zhvillimit t\u00eb nj\u00eb strategjie komunikimi p\u00ebr mesazhe pozitive, ekipi i RCT organizon pun\u00ebtori p\u00ebr p\u00ebrfaq\u00ebsuesit [&hellip;]\" \/>\n<meta property=\"og:url\" content=\"https:\/\/cbmitrovica.org\/projects\/empowering-youth-through-digital-marketing-training\/\" \/>\n<meta property=\"og:site_name\" content=\"CBM - Community Building Mitrovica\" \/>\n<meta property=\"article:modified_time\" content=\"2021-09-23T09:11:01+00:00\" \/>\n<meta property=\"og:image\" content=\"https:\/\/cbmitrovica.org\/wp-content\/uploads\/2021\/12\/viber-image-2021-12-21-15-40-54-153.jpg\" \/>\n\t<meta property=\"og:image:width\" content=\"1600\" \/>\n\t<meta property=\"og:image:height\" content=\"900\" \/>\n\t<meta property=\"og:image:type\" content=\"image\/jpeg\" \/>\n<meta name=\"twitter:card\" content=\"summary_large_image\" \/>\n<meta name=\"twitter:label1\" content=\"Est. reading time\" \/>\n\t<meta name=\"twitter:data1\" content=\"1 minute\" \/>\n<script type=\"application\/ld+json\" class=\"yoast-schema-graph\">{\"@context\":\"https:\/\/schema.org\",\"@graph\":[{\"@type\":\"WebPage\",\"@id\":\"https:\/\/cbmitrovica.org\/projects\/empowering-youth-through-digital-marketing-training\/\",\"url\":\"https:\/\/cbmitrovica.org\/projects\/empowering-youth-through-digital-marketing-training\/\",\"name\":\"P\u00ebrforcimi i mesazheve t\u00eb pajtimit p\u00ebrmes mediave - CBM - Community Building Mitrovica\",\"isPartOf\":{\"@id\":\"https:\/\/cbmitrovica.org\/#website\"},\"datePublished\":\"2021-07-15T11:27:49+00:00\",\"dateModified\":\"2021-09-23T09:11:01+00:00\",\"breadcrumb\":{\"@id\":\"https:\/\/cbmitrovica.org\/projects\/empowering-youth-through-digital-marketing-training\/#breadcrumb\"},\"inLanguage\":\"sq-AL\",\"potentialAction\":[{\"@type\":\"ReadAction\",\"target\":[\"https:\/\/cbmitrovica.org\/projects\/empowering-youth-through-digital-marketing-training\/\"]}]},{\"@type\":\"BreadcrumbList\",\"@id\":\"https:\/\/cbmitrovica.org\/projects\/empowering-youth-through-digital-marketing-training\/#breadcrumb\",\"itemListElement\":[{\"@type\":\"ListItem\",\"position\":1,\"name\":\"Home\",\"item\":\"https:\/\/cbmitrovica.org\/sq\/\"},{\"@type\":\"ListItem\",\"position\":2,\"name\":\"Aktivitetet\",\"item\":\"https:\/\/cbmitrovica.org\/sq\/activities\/\"},{\"@type\":\"ListItem\",\"position\":3,\"name\":\"P\u00ebrforcimi i mesazheve t\u00eb pajtimit p\u00ebrmes mediave\"}]},{\"@type\":\"WebSite\",\"@id\":\"https:\/\/cbmitrovica.org\/#website\",\"url\":\"https:\/\/cbmitrovica.org\/\",\"name\":\"CBM - Community Building Mitrovica\",\"description\":\"\",\"potentialAction\":[{\"@type\":\"SearchAction\",\"target\":{\"@type\":\"EntryPoint\",\"urlTemplate\":\"https:\/\/cbmitrovica.org\/?s={search_term_string}\"},\"query-input\":{\"@type\":\"PropertyValueSpecification\",\"valueRequired\":true,\"valueName\":\"search_term_string\"}}],\"inLanguage\":\"sq-AL\"}]}<\/script>\n<!-- \/ Yoast SEO plugin. -->","yoast_head_json":{"title":"P\u00ebrforcimi i mesazheve t\u00eb pajtimit p\u00ebrmes mediave - CBM - Community Building Mitrovica","robots":{"index":"index","follow":"follow","max-snippet":"max-snippet:-1","max-image-preview":"max-image-preview:large","max-video-preview":"max-video-preview:-1"},"canonical":"https:\/\/cbmitrovica.org\/projects\/empowering-youth-through-digital-marketing-training\/","og_locale":"sq_AL","og_type":"article","og_title":"P\u00ebrforcimi i mesazheve t\u00eb pajtimit p\u00ebrmes mediave - CBM - Community Building Mitrovica","og_description":"Media ndikon n\u00eb tendencat shoq\u00ebrore dhe ne duam q\u00eb pajtimi t\u00eb jet\u00eb n\u00eb qend\u00ebr t\u00eb v\u00ebmendjes. Prandaj, RCT k\u00ebrkon t\u00eb gjej\u00eb nj\u00eb vend kuptimplot\u00eb p\u00ebr mediat q\u00eb t\u00eb p\u00ebrforcojn\u00eb p\u00ebrpjekjet tona p\u00ebr t\u00eb promovuar mir\u00ebkuptimin, pranimin dhe vler\u00ebsimin reciprok. Pas zhvillimit t\u00eb nj\u00eb strategjie komunikimi p\u00ebr mesazhe pozitive, ekipi i RCT organizon pun\u00ebtori p\u00ebr p\u00ebrfaq\u00ebsuesit [&hellip;]","og_url":"https:\/\/cbmitrovica.org\/projects\/empowering-youth-through-digital-marketing-training\/","og_site_name":"CBM - Community Building Mitrovica","article_modified_time":"2021-09-23T09:11:01+00:00","og_image":[{"width":1600,"height":900,"url":"https:\/\/cbmitrovica.org\/wp-content\/uploads\/2021\/12\/viber-image-2021-12-21-15-40-54-153.jpg","type":"image\/jpeg"}],"twitter_card":"summary_large_image","twitter_misc":{"Est. reading time":"1 minute"},"schema":{"@context":"https:\/\/schema.org","@graph":[{"@type":"WebPage","@id":"https:\/\/cbmitrovica.org\/projects\/empowering-youth-through-digital-marketing-training\/","url":"https:\/\/cbmitrovica.org\/projects\/empowering-youth-through-digital-marketing-training\/","name":"P\u00ebrforcimi i mesazheve t\u00eb pajtimit p\u00ebrmes mediave - CBM - Community Building Mitrovica","isPartOf":{"@id":"https:\/\/cbmitrovica.org\/#website"},"datePublished":"2021-07-15T11:27:49+00:00","dateModified":"2021-09-23T09:11:01+00:00","breadcrumb":{"@id":"https:\/\/cbmitrovica.org\/projects\/empowering-youth-through-digital-marketing-training\/#breadcrumb"},"inLanguage":"sq-AL","potentialAction":[{"@type":"ReadAction","target":["https:\/\/cbmitrovica.org\/projects\/empowering-youth-through-digital-marketing-training\/"]}]},{"@type":"BreadcrumbList","@id":"https:\/\/cbmitrovica.org\/projects\/empowering-youth-through-digital-marketing-training\/#breadcrumb","itemListElement":[{"@type":"ListItem","position":1,"name":"Home","item":"https:\/\/cbmitrovica.org\/sq\/"},{"@type":"ListItem","position":2,"name":"Aktivitetet","item":"https:\/\/cbmitrovica.org\/sq\/activities\/"},{"@type":"ListItem","position":3,"name":"P\u00ebrforcimi i mesazheve t\u00eb pajtimit p\u00ebrmes mediave"}]},{"@type":"WebSite","@id":"https:\/\/cbmitrovica.org\/#website","url":"https:\/\/cbmitrovica.org\/","name":"CBM - Community Building Mitrovica","description":"","potentialAction":[{"@type":"SearchAction","target":{"@type":"EntryPoint","urlTemplate":"https:\/\/cbmitrovica.org\/?s={search_term_string}"},"query-input":{"@type":"PropertyValueSpecification","valueRequired":true,"valueName":"search_term_string"}}],"inLanguage":"sq-AL"}]}},"_links":{"self":[{"href":"https:\/\/cbmitrovica.org\/sq\/wp-json\/wp\/v2\/pages\/797","targetHints":{"allow":["GET"]}}],"collection":[{"href":"https:\/\/cbmitrovica.org\/sq\/wp-json\/wp\/v2\/pages"}],"about":[{"href":"https:\/\/cbmitrovica.org\/sq\/wp-json\/wp\/v2\/types\/page"}],"author":[{"embeddable":true,"href":"https:\/\/cbmitrovica.org\/sq\/wp-json\/wp\/v2\/users\/1"}],"replies":[{"embeddable":true,"href":"https:\/\/cbmitrovica.org\/sq\/wp-json\/wp\/v2\/comments?post=797"}],"version-history":[{"count":2,"href":"https:\/\/cbmitrovica.org\/sq\/wp-json\/wp\/v2\/pages\/797\/revisions"}],"predecessor-version":[{"id":815,"href":"https:\/\/cbmitrovica.org\/sq\/wp-json\/wp\/v2\/pages\/797\/revisions\/815"}],"up":[{"embeddable":true,"href":"https:\/\/cbmitrovica.org\/sq\/wp-json\/wp\/v2\/pages\/215"}],"wp:attachment":[{"href":"https:\/\/cbmitrovica.org\/sq\/wp-json\/wp\/v2\/media?parent=797"}],"curies":[{"name":"wp","href":"https:\/\/api.w.org\/{rel}","templated":true}]}}