{"id":382622,"date":"2026-01-23T10:41:46","date_gmt":"2026-01-23T10:41:46","guid":{"rendered":"https:\/\/cbmitrovica.org\/?page_id=382622"},"modified":"2026-01-23T10:41:46","modified_gmt":"2026-01-23T10:41:46","slug":"fuqizimi-i-te-rinjve-permes-trajnimit-ne-shkrimin-e-projekteve-dhe-zbatimin-e-aktiviteteve","status":"publish","type":"page","link":"https:\/\/cbmitrovica.org\/sq\/projects\/fuqizimi-i-te-rinjve-permes-trajnimit-ne-shkrimin-e-projekteve-dhe-zbatimin-e-aktiviteteve\/","title":{"rendered":"Fuqizimi i t\u00eb Rinjve p\u00ebrmes Trajnimit n\u00eb Shkrimin e Projekteve dhe Zbatimin e Aktiviteteve"},"content":{"rendered":"\n<p>Si pjes\u00eb e p\u00ebrpjekjeve t\u00eb vazhdueshme p\u00ebr t\u00eb mb\u00ebshtetur t\u00eb rinjt\u00eb, CBM s\u00eb fundmi organizoi nj\u00eb pun\u00ebtori dyditore me tem\u00ebn \u201cShkrimi i Projekteve, Mbledhja e Fondeve dhe Zbatimi i Aktiviteteve\u201d. Pun\u00ebtoria mblodhi t\u00eb rinj nga p\u00ebrkat\u00ebsi t\u00eb ndryshme etnike me q\u00ebllim nd\u00ebrtimin e aft\u00ebsive praktike n\u00eb planifikimin dhe menaxhimin e projekteve komunitare. Gjat\u00eb dy dit\u00ebve, t\u00eb rinjt\u00eb m\u00ebsuan bazat e zhvillimit t\u00eb projekteve \u2014 duke filluar nga kuptimi i q\u00ebllimeve dhe objektivave t\u00eb projektit, deri te hartimi i buxhetit dhe planifikimi i aktiviteteve. Ata pat\u00ebn gjithashtu mund\u00ebsin\u00eb t\u00eb punonin n\u00eb grupe dhe t\u00eb zhvillonin ide projektesh t\u00eb fokusuara n\u00eb adresimin e nevojave t\u00eb komunitetit lokal. CBM do t\u2019i mb\u00ebshtes\u00eb k\u00ebto iniciativa t\u00eb udh\u00ebhequra nga t\u00eb rinjt\u00eb p\u00ebrmes ofrimit t\u00eb granteve t\u00eb vogla dhe udh\u00ebzimit t\u00eb vazhduesh\u00ebm p\u00ebr t\u2019i ndihmuar t\u00eb realizojn\u00eb idet\u00eb e tyre. N\u00eb p\u00ebrfundim t\u00eb pun\u00ebtoris\u00eb, t\u00eb rinjt\u00eb u pajis\u00ebn me certifikata n\u00eb shenj\u00eb mir\u00ebnjohjeje p\u00ebr pjes\u00ebmarrjen dhe kontributin e tyre. Ky aktivitet zbatohet n\u00eb kuad\u00ebr t\u00eb programit \u201cKomunitete t\u00eb Q\u00ebndrueshme dhe Gjith\u00ebp\u00ebrfshir\u00ebse\u201d, i mb\u00ebshtetur nga Global Community Engagement and Resilience Fund (GCERF).<br><\/p>\n\n\n\n<p><\/p>\n\n\n\n<p><\/p>\n","protected":false},"excerpt":{"rendered":"<p>Si pjes\u00eb e p\u00ebrpjekjeve t\u00eb vazhdueshme p\u00ebr t\u00eb mb\u00ebshtetur t\u00eb rinjt\u00eb, CBM s\u00eb fundmi organizoi nj\u00eb pun\u00ebtori dyditore me tem\u00ebn \u201cShkrimi i Projekteve, Mbledhja e Fondeve dhe Zbatimi i Aktiviteteve\u201d. Pun\u00ebtoria mblodhi t\u00eb rinj nga p\u00ebrkat\u00ebsi t\u00eb ndryshme etnike me q\u00ebllim nd\u00ebrtimin e aft\u00ebsive praktike n\u00eb planifikimin dhe menaxhimin e projekteve komunitare. Gjat\u00eb dy dit\u00ebve, [&hellip;]<\/p>\n","protected":false},"author":298,"featured_media":0,"parent":83,"menu_order":0,"comment_status":"closed","ping_status":"closed","template":"template-singleactiviti.php","meta":{"_bbp_topic_count":0,"_bbp_reply_count":0,"_bbp_total_topic_count":0,"_bbp_total_reply_count":0,"_bbp_voice_count":0,"_bbp_anonymous_reply_count":0,"_bbp_topic_count_hidden":0,"_bbp_reply_count_hidden":0,"_bbp_forum_subforum_count":0,"_monsterinsights_skip_tracking":false,"_monsterinsights_sitenote_active":false,"_monsterinsights_sitenote_note":"","_monsterinsights_sitenote_category":0,"footnotes":""},"class_list":["post-382622","page","type-page","status-publish","hentry"],"acf":[],"yoast_head":"<!-- This site is optimized with the Yoast SEO plugin v24.2 - https:\/\/yoast.com\/wordpress\/plugins\/seo\/ -->\n<title>Fuqizimi i t\u00eb Rinjve p\u00ebrmes Trajnimit n\u00eb Shkrimin e Projekteve dhe Zbatimin e Aktiviteteve - CBM - Community Building Mitrovica<\/title>\n<meta name=\"robots\" content=\"index, follow, max-snippet:-1, max-image-preview:large, max-video-preview:-1\" \/>\n<link rel=\"canonical\" href=\"https:\/\/cbmitrovica.org\/sq\/projects\/fuqizimi-i-te-rinjve-permes-trajnimit-ne-shkrimin-e-projekteve-dhe-zbatimin-e-aktiviteteve\/\" \/>\n<meta property=\"og:locale\" content=\"sq_AL\" \/>\n<meta property=\"og:type\" content=\"article\" \/>\n<meta property=\"og:title\" content=\"Fuqizimi i t\u00eb Rinjve p\u00ebrmes Trajnimit n\u00eb Shkrimin e Projekteve dhe Zbatimin e Aktiviteteve - CBM - Community Building Mitrovica\" \/>\n<meta property=\"og:description\" content=\"Si pjes\u00eb e p\u00ebrpjekjeve t\u00eb vazhdueshme p\u00ebr t\u00eb mb\u00ebshtetur t\u00eb rinjt\u00eb, CBM s\u00eb fundmi organizoi nj\u00eb pun\u00ebtori dyditore me tem\u00ebn \u201cShkrimi i Projekteve, Mbledhja e Fondeve dhe Zbatimi i Aktiviteteve\u201d. Pun\u00ebtoria mblodhi t\u00eb rinj nga p\u00ebrkat\u00ebsi t\u00eb ndryshme etnike me q\u00ebllim nd\u00ebrtimin e aft\u00ebsive praktike n\u00eb planifikimin dhe menaxhimin e projekteve komunitare. Gjat\u00eb dy dit\u00ebve, [&hellip;]\" \/>\n<meta property=\"og:url\" content=\"https:\/\/cbmitrovica.org\/sq\/projects\/fuqizimi-i-te-rinjve-permes-trajnimit-ne-shkrimin-e-projekteve-dhe-zbatimin-e-aktiviteteve\/\" \/>\n<meta property=\"og:site_name\" content=\"CBM - Community Building Mitrovica\" \/>\n<meta property=\"og:image\" content=\"https:\/\/cbmitrovica.org\/wp-content\/uploads\/2021\/12\/viber-image-2021-12-21-15-40-54-153.jpg\" \/>\n\t<meta property=\"og:image:width\" content=\"1600\" \/>\n\t<meta property=\"og:image:height\" content=\"900\" \/>\n\t<meta property=\"og:image:type\" content=\"image\/jpeg\" \/>\n<meta name=\"twitter:card\" content=\"summary_large_image\" \/>\n<meta name=\"twitter:label1\" content=\"Est. reading time\" \/>\n\t<meta name=\"twitter:data1\" content=\"1 minute\" \/>\n<script type=\"application\/ld+json\" class=\"yoast-schema-graph\">{\"@context\":\"https:\/\/schema.org\",\"@graph\":[{\"@type\":\"WebPage\",\"@id\":\"https:\/\/cbmitrovica.org\/sq\/projects\/fuqizimi-i-te-rinjve-permes-trajnimit-ne-shkrimin-e-projekteve-dhe-zbatimin-e-aktiviteteve\/\",\"url\":\"https:\/\/cbmitrovica.org\/sq\/projects\/fuqizimi-i-te-rinjve-permes-trajnimit-ne-shkrimin-e-projekteve-dhe-zbatimin-e-aktiviteteve\/\",\"name\":\"Fuqizimi i t\u00eb Rinjve p\u00ebrmes Trajnimit n\u00eb Shkrimin e Projekteve dhe Zbatimin e Aktiviteteve - CBM - Community Building Mitrovica\",\"isPartOf\":{\"@id\":\"https:\/\/cbmitrovica.org\/#website\"},\"datePublished\":\"2026-01-23T10:41:46+00:00\",\"dateModified\":\"2026-01-23T10:41:46+00:00\",\"breadcrumb\":{\"@id\":\"https:\/\/cbmitrovica.org\/sq\/projects\/fuqizimi-i-te-rinjve-permes-trajnimit-ne-shkrimin-e-projekteve-dhe-zbatimin-e-aktiviteteve\/#breadcrumb\"},\"inLanguage\":\"sq-AL\",\"potentialAction\":[{\"@type\":\"ReadAction\",\"target\":[\"https:\/\/cbmitrovica.org\/sq\/projects\/fuqizimi-i-te-rinjve-permes-trajnimit-ne-shkrimin-e-projekteve-dhe-zbatimin-e-aktiviteteve\/\"]}]},{\"@type\":\"BreadcrumbList\",\"@id\":\"https:\/\/cbmitrovica.org\/sq\/projects\/fuqizimi-i-te-rinjve-permes-trajnimit-ne-shkrimin-e-projekteve-dhe-zbatimin-e-aktiviteteve\/#breadcrumb\",\"itemListElement\":[{\"@type\":\"ListItem\",\"position\":1,\"name\":\"Home\",\"item\":\"https:\/\/cbmitrovica.org\/sq\/\"},{\"@type\":\"ListItem\",\"position\":2,\"name\":\"Activities\",\"item\":\"https:\/\/cbmitrovica.org\/projects\/\"},{\"@type\":\"ListItem\",\"position\":3,\"name\":\"Fuqizimi i t\u00eb Rinjve p\u00ebrmes Trajnimit n\u00eb Shkrimin e Projekteve dhe Zbatimin e Aktiviteteve\"}]},{\"@type\":\"WebSite\",\"@id\":\"https:\/\/cbmitrovica.org\/#website\",\"url\":\"https:\/\/cbmitrovica.org\/\",\"name\":\"CBM - Community Building Mitrovica\",\"description\":\"\",\"potentialAction\":[{\"@type\":\"SearchAction\",\"target\":{\"@type\":\"EntryPoint\",\"urlTemplate\":\"https:\/\/cbmitrovica.org\/?s={search_term_string}\"},\"query-input\":{\"@type\":\"PropertyValueSpecification\",\"valueRequired\":true,\"valueName\":\"search_term_string\"}}],\"inLanguage\":\"sq-AL\"}]}<\/script>\n<!-- \/ Yoast SEO plugin. -->","yoast_head_json":{"title":"Fuqizimi i t\u00eb Rinjve p\u00ebrmes Trajnimit n\u00eb Shkrimin e Projekteve dhe Zbatimin e Aktiviteteve - CBM - Community Building Mitrovica","robots":{"index":"index","follow":"follow","max-snippet":"max-snippet:-1","max-image-preview":"max-image-preview:large","max-video-preview":"max-video-preview:-1"},"canonical":"https:\/\/cbmitrovica.org\/sq\/projects\/fuqizimi-i-te-rinjve-permes-trajnimit-ne-shkrimin-e-projekteve-dhe-zbatimin-e-aktiviteteve\/","og_locale":"sq_AL","og_type":"article","og_title":"Fuqizimi i t\u00eb Rinjve p\u00ebrmes Trajnimit n\u00eb Shkrimin e Projekteve dhe Zbatimin e Aktiviteteve - CBM - Community Building Mitrovica","og_description":"Si pjes\u00eb e p\u00ebrpjekjeve t\u00eb vazhdueshme p\u00ebr t\u00eb mb\u00ebshtetur t\u00eb rinjt\u00eb, CBM s\u00eb fundmi organizoi nj\u00eb pun\u00ebtori dyditore me tem\u00ebn \u201cShkrimi i Projekteve, Mbledhja e Fondeve dhe Zbatimi i Aktiviteteve\u201d. Pun\u00ebtoria mblodhi t\u00eb rinj nga p\u00ebrkat\u00ebsi t\u00eb ndryshme etnike me q\u00ebllim nd\u00ebrtimin e aft\u00ebsive praktike n\u00eb planifikimin dhe menaxhimin e projekteve komunitare. Gjat\u00eb dy dit\u00ebve, [&hellip;]","og_url":"https:\/\/cbmitrovica.org\/sq\/projects\/fuqizimi-i-te-rinjve-permes-trajnimit-ne-shkrimin-e-projekteve-dhe-zbatimin-e-aktiviteteve\/","og_site_name":"CBM - Community Building Mitrovica","og_image":[{"width":1600,"height":900,"url":"https:\/\/cbmitrovica.org\/wp-content\/uploads\/2021\/12\/viber-image-2021-12-21-15-40-54-153.jpg","type":"image\/jpeg"}],"twitter_card":"summary_large_image","twitter_misc":{"Est. reading time":"1 minute"},"schema":{"@context":"https:\/\/schema.org","@graph":[{"@type":"WebPage","@id":"https:\/\/cbmitrovica.org\/sq\/projects\/fuqizimi-i-te-rinjve-permes-trajnimit-ne-shkrimin-e-projekteve-dhe-zbatimin-e-aktiviteteve\/","url":"https:\/\/cbmitrovica.org\/sq\/projects\/fuqizimi-i-te-rinjve-permes-trajnimit-ne-shkrimin-e-projekteve-dhe-zbatimin-e-aktiviteteve\/","name":"Fuqizimi i t\u00eb Rinjve p\u00ebrmes Trajnimit n\u00eb Shkrimin e Projekteve dhe Zbatimin e Aktiviteteve - CBM - Community Building Mitrovica","isPartOf":{"@id":"https:\/\/cbmitrovica.org\/#website"},"datePublished":"2026-01-23T10:41:46+00:00","dateModified":"2026-01-23T10:41:46+00:00","breadcrumb":{"@id":"https:\/\/cbmitrovica.org\/sq\/projects\/fuqizimi-i-te-rinjve-permes-trajnimit-ne-shkrimin-e-projekteve-dhe-zbatimin-e-aktiviteteve\/#breadcrumb"},"inLanguage":"sq-AL","potentialAction":[{"@type":"ReadAction","target":["https:\/\/cbmitrovica.org\/sq\/projects\/fuqizimi-i-te-rinjve-permes-trajnimit-ne-shkrimin-e-projekteve-dhe-zbatimin-e-aktiviteteve\/"]}]},{"@type":"BreadcrumbList","@id":"https:\/\/cbmitrovica.org\/sq\/projects\/fuqizimi-i-te-rinjve-permes-trajnimit-ne-shkrimin-e-projekteve-dhe-zbatimin-e-aktiviteteve\/#breadcrumb","itemListElement":[{"@type":"ListItem","position":1,"name":"Home","item":"https:\/\/cbmitrovica.org\/sq\/"},{"@type":"ListItem","position":2,"name":"Activities","item":"https:\/\/cbmitrovica.org\/projects\/"},{"@type":"ListItem","position":3,"name":"Fuqizimi i t\u00eb Rinjve p\u00ebrmes Trajnimit n\u00eb Shkrimin e Projekteve dhe Zbatimin e Aktiviteteve"}]},{"@type":"WebSite","@id":"https:\/\/cbmitrovica.org\/#website","url":"https:\/\/cbmitrovica.org\/","name":"CBM - Community Building Mitrovica","description":"","potentialAction":[{"@type":"SearchAction","target":{"@type":"EntryPoint","urlTemplate":"https:\/\/cbmitrovica.org\/?s={search_term_string}"},"query-input":{"@type":"PropertyValueSpecification","valueRequired":true,"valueName":"search_term_string"}}],"inLanguage":"sq-AL"}]}},"_links":{"self":[{"href":"https:\/\/cbmitrovica.org\/sq\/wp-json\/wp\/v2\/pages\/382622","targetHints":{"allow":["GET"]}}],"collection":[{"href":"https:\/\/cbmitrovica.org\/sq\/wp-json\/wp\/v2\/pages"}],"about":[{"href":"https:\/\/cbmitrovica.org\/sq\/wp-json\/wp\/v2\/types\/page"}],"author":[{"embeddable":true,"href":"https:\/\/cbmitrovica.org\/sq\/wp-json\/wp\/v2\/users\/298"}],"replies":[{"embeddable":true,"href":"https:\/\/cbmitrovica.org\/sq\/wp-json\/wp\/v2\/comments?post=382622"}],"version-history":[{"count":2,"href":"https:\/\/cbmitrovica.org\/sq\/wp-json\/wp\/v2\/pages\/382622\/revisions"}],"predecessor-version":[{"id":382624,"href":"https:\/\/cbmitrovica.org\/sq\/wp-json\/wp\/v2\/pages\/382622\/revisions\/382624"}],"up":[{"embeddable":true,"href":"https:\/\/cbmitrovica.org\/sq\/wp-json\/wp\/v2\/pages\/83"}],"wp:attachment":[{"href":"https:\/\/cbmitrovica.org\/sq\/wp-json\/wp\/v2\/media?parent=382622"}],"curies":[{"name":"wp","href":"https:\/\/api.w.org\/{rel}","templated":true}]}}