{"id":382589,"date":"2026-01-23T10:10:29","date_gmt":"2026-01-23T10:10:29","guid":{"rendered":"https:\/\/cbmitrovica.org\/?page_id=382589"},"modified":"2026-01-23T10:10:30","modified_gmt":"2026-01-23T10:10:30","slug":"takim-informues-me-studentet-e-programit-evropian-per-te-drejtat-e-njeriut-dhe-demokratizim","status":"publish","type":"page","link":"https:\/\/cbmitrovica.org\/sq\/projects\/takim-informues-me-studentet-e-programit-evropian-per-te-drejtat-e-njeriut-dhe-demokratizim\/","title":{"rendered":"Takim informues me student\u00ebt e Programit Evropian p\u00ebr t\u00eb Drejtat e Njeriut dhe Demokratizim"},"content":{"rendered":"\n<p>CBM pati k\u00ebnaq\u00ebsin\u00eb t\u00eb mir\u00ebpres\u00eb nj\u00eb takim informues dhe nd\u00ebrveprues me student\u00eb nga Programi Evropian Master n\u00eb t\u00eb Drejtat e Njeriut dhe Demokratizim n\u00eb Vjen\u00eb. Gjat\u00eb takimit u prezantua misioni, objektivat dhe aktivitetet n\u00eb vazhdim t\u00eb CBM-s\u00eb, si dhe u zhvillua nj\u00eb diskutim i hapur mbi kontekstin, sfidat dhe m\u00ebnyr\u00ebn e pun\u00ebs s\u00eb organizat\u00ebs. Student\u00ebt shpreh\u00ebn interes t\u00eb madh p\u00ebr angazhimin qytetar dhe mund\u00ebsit\u00eb q\u00eb CBM ofron p\u00ebr p\u00ebrfshirje aktive n\u00eb komunitet. Fal\u00ebnderojm\u00eb t\u00eb gjith\u00eb pjes\u00ebmarr\u00ebsit p\u00ebr kureshtjen, pyetjet me vler\u00eb dhe interesimin p\u00ebr vizit\u00ebn n\u00eb CBM.<br><\/p>\n\n\n\n<p><\/p>\n\n\n\n<p><\/p>\n","protected":false},"excerpt":{"rendered":"<p>CBM pati k\u00ebnaq\u00ebsin\u00eb t\u00eb mir\u00ebpres\u00eb nj\u00eb takim informues dhe nd\u00ebrveprues me student\u00eb nga Programi Evropian Master n\u00eb t\u00eb Drejtat e Njeriut dhe Demokratizim n\u00eb Vjen\u00eb. Gjat\u00eb takimit u prezantua misioni, objektivat dhe aktivitetet n\u00eb vazhdim t\u00eb CBM-s\u00eb, si dhe u zhvillua nj\u00eb diskutim i hapur mbi kontekstin, sfidat dhe m\u00ebnyr\u00ebn e pun\u00ebs s\u00eb organizat\u00ebs. Student\u00ebt [&hellip;]<\/p>\n","protected":false},"author":298,"featured_media":0,"parent":83,"menu_order":0,"comment_status":"closed","ping_status":"closed","template":"template-singleactiviti.php","meta":{"_bbp_topic_count":0,"_bbp_reply_count":0,"_bbp_total_topic_count":0,"_bbp_total_reply_count":0,"_bbp_voice_count":0,"_bbp_anonymous_reply_count":0,"_bbp_topic_count_hidden":0,"_bbp_reply_count_hidden":0,"_bbp_forum_subforum_count":0,"_monsterinsights_skip_tracking":false,"_monsterinsights_sitenote_active":false,"_monsterinsights_sitenote_note":"","_monsterinsights_sitenote_category":0,"footnotes":""},"class_list":["post-382589","page","type-page","status-publish","hentry"],"acf":[],"yoast_head":"<!-- This site is optimized with the Yoast SEO plugin v24.2 - https:\/\/yoast.com\/wordpress\/plugins\/seo\/ -->\n<title>Takim informues me student\u00ebt e Programit Evropian p\u00ebr t\u00eb Drejtat e Njeriut dhe Demokratizim - CBM - Community Building Mitrovica<\/title>\n<meta name=\"robots\" content=\"index, follow, max-snippet:-1, max-image-preview:large, max-video-preview:-1\" \/>\n<link rel=\"canonical\" href=\"https:\/\/cbmitrovica.org\/sq\/projects\/takim-informues-me-studentet-e-programit-evropian-per-te-drejtat-e-njeriut-dhe-demokratizim\/\" \/>\n<meta property=\"og:locale\" content=\"sq_AL\" \/>\n<meta property=\"og:type\" content=\"article\" \/>\n<meta property=\"og:title\" content=\"Takim informues me student\u00ebt e Programit Evropian p\u00ebr t\u00eb Drejtat e Njeriut dhe Demokratizim - CBM - Community Building Mitrovica\" \/>\n<meta property=\"og:description\" content=\"CBM pati k\u00ebnaq\u00ebsin\u00eb t\u00eb mir\u00ebpres\u00eb nj\u00eb takim informues dhe nd\u00ebrveprues me student\u00eb nga Programi Evropian Master n\u00eb t\u00eb Drejtat e Njeriut dhe Demokratizim n\u00eb Vjen\u00eb. Gjat\u00eb takimit u prezantua misioni, objektivat dhe aktivitetet n\u00eb vazhdim t\u00eb CBM-s\u00eb, si dhe u zhvillua nj\u00eb diskutim i hapur mbi kontekstin, sfidat dhe m\u00ebnyr\u00ebn e pun\u00ebs s\u00eb organizat\u00ebs. Student\u00ebt [&hellip;]\" \/>\n<meta property=\"og:url\" content=\"https:\/\/cbmitrovica.org\/sq\/projects\/takim-informues-me-studentet-e-programit-evropian-per-te-drejtat-e-njeriut-dhe-demokratizim\/\" \/>\n<meta property=\"og:site_name\" content=\"CBM - Community Building Mitrovica\" \/>\n<meta property=\"article:modified_time\" content=\"2026-01-23T10:10:30+00:00\" \/>\n<meta property=\"og:image\" content=\"https:\/\/cbmitrovica.org\/wp-content\/uploads\/2021\/12\/viber-image-2021-12-21-15-40-54-153.jpg\" \/>\n\t<meta property=\"og:image:width\" content=\"1600\" \/>\n\t<meta property=\"og:image:height\" content=\"900\" \/>\n\t<meta property=\"og:image:type\" content=\"image\/jpeg\" \/>\n<meta name=\"twitter:card\" content=\"summary_large_image\" \/>\n<meta name=\"twitter:label1\" content=\"Est. reading time\" \/>\n\t<meta name=\"twitter:data1\" content=\"1 minute\" \/>\n<script type=\"application\/ld+json\" class=\"yoast-schema-graph\">{\"@context\":\"https:\/\/schema.org\",\"@graph\":[{\"@type\":\"WebPage\",\"@id\":\"https:\/\/cbmitrovica.org\/sq\/projects\/takim-informues-me-studentet-e-programit-evropian-per-te-drejtat-e-njeriut-dhe-demokratizim\/\",\"url\":\"https:\/\/cbmitrovica.org\/sq\/projects\/takim-informues-me-studentet-e-programit-evropian-per-te-drejtat-e-njeriut-dhe-demokratizim\/\",\"name\":\"Takim informues me student\u00ebt e Programit Evropian p\u00ebr t\u00eb Drejtat e Njeriut dhe Demokratizim - CBM - Community Building Mitrovica\",\"isPartOf\":{\"@id\":\"https:\/\/cbmitrovica.org\/#website\"},\"datePublished\":\"2026-01-23T10:10:29+00:00\",\"dateModified\":\"2026-01-23T10:10:30+00:00\",\"breadcrumb\":{\"@id\":\"https:\/\/cbmitrovica.org\/sq\/projects\/takim-informues-me-studentet-e-programit-evropian-per-te-drejtat-e-njeriut-dhe-demokratizim\/#breadcrumb\"},\"inLanguage\":\"sq-AL\",\"potentialAction\":[{\"@type\":\"ReadAction\",\"target\":[\"https:\/\/cbmitrovica.org\/sq\/projects\/takim-informues-me-studentet-e-programit-evropian-per-te-drejtat-e-njeriut-dhe-demokratizim\/\"]}]},{\"@type\":\"BreadcrumbList\",\"@id\":\"https:\/\/cbmitrovica.org\/sq\/projects\/takim-informues-me-studentet-e-programit-evropian-per-te-drejtat-e-njeriut-dhe-demokratizim\/#breadcrumb\",\"itemListElement\":[{\"@type\":\"ListItem\",\"position\":1,\"name\":\"Home\",\"item\":\"https:\/\/cbmitrovica.org\/sq\/\"},{\"@type\":\"ListItem\",\"position\":2,\"name\":\"Activities\",\"item\":\"https:\/\/cbmitrovica.org\/projects\/\"},{\"@type\":\"ListItem\",\"position\":3,\"name\":\"Takim informues me student\u00ebt e Programit Evropian p\u00ebr t\u00eb Drejtat e Njeriut dhe Demokratizim\"}]},{\"@type\":\"WebSite\",\"@id\":\"https:\/\/cbmitrovica.org\/#website\",\"url\":\"https:\/\/cbmitrovica.org\/\",\"name\":\"CBM - Community Building Mitrovica\",\"description\":\"\",\"potentialAction\":[{\"@type\":\"SearchAction\",\"target\":{\"@type\":\"EntryPoint\",\"urlTemplate\":\"https:\/\/cbmitrovica.org\/?s={search_term_string}\"},\"query-input\":{\"@type\":\"PropertyValueSpecification\",\"valueRequired\":true,\"valueName\":\"search_term_string\"}}],\"inLanguage\":\"sq-AL\"}]}<\/script>\n<!-- \/ Yoast SEO plugin. -->","yoast_head_json":{"title":"Takim informues me student\u00ebt e Programit Evropian p\u00ebr t\u00eb Drejtat e Njeriut dhe Demokratizim - CBM - Community Building Mitrovica","robots":{"index":"index","follow":"follow","max-snippet":"max-snippet:-1","max-image-preview":"max-image-preview:large","max-video-preview":"max-video-preview:-1"},"canonical":"https:\/\/cbmitrovica.org\/sq\/projects\/takim-informues-me-studentet-e-programit-evropian-per-te-drejtat-e-njeriut-dhe-demokratizim\/","og_locale":"sq_AL","og_type":"article","og_title":"Takim informues me student\u00ebt e Programit Evropian p\u00ebr t\u00eb Drejtat e Njeriut dhe Demokratizim - CBM - Community Building Mitrovica","og_description":"CBM pati k\u00ebnaq\u00ebsin\u00eb t\u00eb mir\u00ebpres\u00eb nj\u00eb takim informues dhe nd\u00ebrveprues me student\u00eb nga Programi Evropian Master n\u00eb t\u00eb Drejtat e Njeriut dhe Demokratizim n\u00eb Vjen\u00eb. Gjat\u00eb takimit u prezantua misioni, objektivat dhe aktivitetet n\u00eb vazhdim t\u00eb CBM-s\u00eb, si dhe u zhvillua nj\u00eb diskutim i hapur mbi kontekstin, sfidat dhe m\u00ebnyr\u00ebn e pun\u00ebs s\u00eb organizat\u00ebs. Student\u00ebt [&hellip;]","og_url":"https:\/\/cbmitrovica.org\/sq\/projects\/takim-informues-me-studentet-e-programit-evropian-per-te-drejtat-e-njeriut-dhe-demokratizim\/","og_site_name":"CBM - Community Building Mitrovica","article_modified_time":"2026-01-23T10:10:30+00:00","og_image":[{"width":1600,"height":900,"url":"https:\/\/cbmitrovica.org\/wp-content\/uploads\/2021\/12\/viber-image-2021-12-21-15-40-54-153.jpg","type":"image\/jpeg"}],"twitter_card":"summary_large_image","twitter_misc":{"Est. reading time":"1 minute"},"schema":{"@context":"https:\/\/schema.org","@graph":[{"@type":"WebPage","@id":"https:\/\/cbmitrovica.org\/sq\/projects\/takim-informues-me-studentet-e-programit-evropian-per-te-drejtat-e-njeriut-dhe-demokratizim\/","url":"https:\/\/cbmitrovica.org\/sq\/projects\/takim-informues-me-studentet-e-programit-evropian-per-te-drejtat-e-njeriut-dhe-demokratizim\/","name":"Takim informues me student\u00ebt e Programit Evropian p\u00ebr t\u00eb Drejtat e Njeriut dhe Demokratizim - CBM - Community Building Mitrovica","isPartOf":{"@id":"https:\/\/cbmitrovica.org\/#website"},"datePublished":"2026-01-23T10:10:29+00:00","dateModified":"2026-01-23T10:10:30+00:00","breadcrumb":{"@id":"https:\/\/cbmitrovica.org\/sq\/projects\/takim-informues-me-studentet-e-programit-evropian-per-te-drejtat-e-njeriut-dhe-demokratizim\/#breadcrumb"},"inLanguage":"sq-AL","potentialAction":[{"@type":"ReadAction","target":["https:\/\/cbmitrovica.org\/sq\/projects\/takim-informues-me-studentet-e-programit-evropian-per-te-drejtat-e-njeriut-dhe-demokratizim\/"]}]},{"@type":"BreadcrumbList","@id":"https:\/\/cbmitrovica.org\/sq\/projects\/takim-informues-me-studentet-e-programit-evropian-per-te-drejtat-e-njeriut-dhe-demokratizim\/#breadcrumb","itemListElement":[{"@type":"ListItem","position":1,"name":"Home","item":"https:\/\/cbmitrovica.org\/sq\/"},{"@type":"ListItem","position":2,"name":"Activities","item":"https:\/\/cbmitrovica.org\/projects\/"},{"@type":"ListItem","position":3,"name":"Takim informues me student\u00ebt e Programit Evropian p\u00ebr t\u00eb Drejtat e Njeriut dhe Demokratizim"}]},{"@type":"WebSite","@id":"https:\/\/cbmitrovica.org\/#website","url":"https:\/\/cbmitrovica.org\/","name":"CBM - Community Building Mitrovica","description":"","potentialAction":[{"@type":"SearchAction","target":{"@type":"EntryPoint","urlTemplate":"https:\/\/cbmitrovica.org\/?s={search_term_string}"},"query-input":{"@type":"PropertyValueSpecification","valueRequired":true,"valueName":"search_term_string"}}],"inLanguage":"sq-AL"}]}},"_links":{"self":[{"href":"https:\/\/cbmitrovica.org\/sq\/wp-json\/wp\/v2\/pages\/382589","targetHints":{"allow":["GET"]}}],"collection":[{"href":"https:\/\/cbmitrovica.org\/sq\/wp-json\/wp\/v2\/pages"}],"about":[{"href":"https:\/\/cbmitrovica.org\/sq\/wp-json\/wp\/v2\/types\/page"}],"author":[{"embeddable":true,"href":"https:\/\/cbmitrovica.org\/sq\/wp-json\/wp\/v2\/users\/298"}],"replies":[{"embeddable":true,"href":"https:\/\/cbmitrovica.org\/sq\/wp-json\/wp\/v2\/comments?post=382589"}],"version-history":[{"count":2,"href":"https:\/\/cbmitrovica.org\/sq\/wp-json\/wp\/v2\/pages\/382589\/revisions"}],"predecessor-version":[{"id":382594,"href":"https:\/\/cbmitrovica.org\/sq\/wp-json\/wp\/v2\/pages\/382589\/revisions\/382594"}],"up":[{"embeddable":true,"href":"https:\/\/cbmitrovica.org\/sq\/wp-json\/wp\/v2\/pages\/83"}],"wp:attachment":[{"href":"https:\/\/cbmitrovica.org\/sq\/wp-json\/wp\/v2\/media?parent=382589"}],"curies":[{"name":"wp","href":"https:\/\/api.w.org\/{rel}","templated":true}]}}