{"id":382555,"date":"2026-01-23T09:47:08","date_gmt":"2026-01-23T09:47:08","guid":{"rendered":"https:\/\/cbmitrovica.org\/?page_id=382555"},"modified":"2026-01-23T10:18:15","modified_gmt":"2026-01-23T10:18:15","slug":"aktivitet-rinor-ne-mbeshtetje-te-femijeve-dhe-te-rinjve-me-nevoja-te-vecanta","status":"publish","type":"page","link":"https:\/\/cbmitrovica.org\/sq\/projects\/aktivitet-rinor-ne-mbeshtetje-te-femijeve-dhe-te-rinjve-me-nevoja-te-vecanta\/","title":{"rendered":"Aktivitet rinor n\u00eb mb\u00ebshtetje t\u00eb f\u00ebmij\u00ebve dhe t\u00eb rinjve me nevoja t\u00eb ve\u00e7anta"},"content":{"rendered":"\n<p>Si pjes\u00eb e projektit\u00a0\u201cNxitja e Bashk\u00ebpunimit Nd\u00ebrmjet Etnive dhe Angazhimit Qytetar te t\u00eb Rinjt\u00eb\u201d, nj\u00eb grup t\u00eb rinjsh me t\u00eb cil\u00ebt punojm\u00eb vendos\u00ebn t\u00eb organizojn\u00eb nj\u00eb aktivitet dometh\u00ebn\u00ebs komunitar gjat\u00eb sezonit t\u00eb festave. T\u00eb udh\u00ebhequr nga idet\u00eb dhe vlerat e tyre, t\u00eb rinjt\u00eb vendos\u00ebn t\u00eb shp\u00ebrndajn\u00eb dhurata t\u00eb Krishtlindjes p\u00ebr p\u00ebrfituesit e Qendr\u00ebs\u00a0Podr\u017ei Me, e cila punon me f\u00ebmij\u00eb dhe t\u00eb rinj me nevoja t\u00eb ve\u00e7anta zhvillimore. P\u00ebrmes k\u00ebsaj nisme, ata synuan t\u00eb sjellin g\u00ebzim, ngroht\u00ebsi dhe nj\u00eb ndjenj\u00eb p\u00ebrfshirjeje p\u00ebr ata q\u00eb shpesh hasin pengesa n\u00eb pjes\u00ebmarrjen e plot\u00eb n\u00eb shoq\u00ebri. Ky aktivitet pasqyron frym\u00ebn e empatis\u00eb dhe tregon se si t\u00eb rinjt\u00eb mund t\u00eb kontribuojn\u00eb n\u00eb m\u00ebnyr\u00eb aktive n\u00eb komunitetet e tyre kur u jepet hap\u00ebsir\u00eb dhe besim.<br>Fal\u00ebnderojm\u00eb\u00a0National Endowment for Democracy (NED)\u00a0p\u00ebr mb\u00ebshtetjen e k\u00ebtij projekti dhe p\u00ebr mund\u00ebsimin e nismave komunitare t\u00eb udh\u00ebhequra nga t\u00eb rinjt\u00eb.<\/p>\n\n\n\n<p><\/p>\n\n\n\n<p><\/p>\n","protected":false},"excerpt":{"rendered":"<p>Si pjes\u00eb e projektit\u00a0\u201cNxitja e Bashk\u00ebpunimit Nd\u00ebrmjet Etnive dhe Angazhimit Qytetar te t\u00eb Rinjt\u00eb\u201d, nj\u00eb grup t\u00eb rinjsh me t\u00eb cil\u00ebt punojm\u00eb vendos\u00ebn t\u00eb organizojn\u00eb nj\u00eb aktivitet dometh\u00ebn\u00ebs komunitar gjat\u00eb sezonit t\u00eb festave. T\u00eb udh\u00ebhequr nga idet\u00eb dhe vlerat e tyre, t\u00eb rinjt\u00eb vendos\u00ebn t\u00eb shp\u00ebrndajn\u00eb dhurata t\u00eb Krishtlindjes p\u00ebr p\u00ebrfituesit e Qendr\u00ebs\u00a0Podr\u017ei Me, e [&hellip;]<\/p>\n","protected":false},"author":297,"featured_media":0,"parent":83,"menu_order":0,"comment_status":"closed","ping_status":"closed","template":"template-singleactiviti.php","meta":{"_bbp_topic_count":0,"_bbp_reply_count":0,"_bbp_total_topic_count":0,"_bbp_total_reply_count":0,"_bbp_voice_count":0,"_bbp_anonymous_reply_count":0,"_bbp_topic_count_hidden":0,"_bbp_reply_count_hidden":0,"_bbp_forum_subforum_count":0,"_monsterinsights_skip_tracking":false,"_monsterinsights_sitenote_active":false,"_monsterinsights_sitenote_note":"","_monsterinsights_sitenote_category":0,"footnotes":""},"class_list":["post-382555","page","type-page","status-publish","hentry"],"acf":[],"yoast_head":"<!-- This site is optimized with the Yoast SEO plugin v24.2 - https:\/\/yoast.com\/wordpress\/plugins\/seo\/ -->\n<title>Aktivitet rinor n\u00eb mb\u00ebshtetje t\u00eb f\u00ebmij\u00ebve dhe t\u00eb rinjve me nevoja t\u00eb ve\u00e7anta - CBM - Community Building Mitrovica<\/title>\n<meta name=\"robots\" content=\"index, follow, max-snippet:-1, max-image-preview:large, max-video-preview:-1\" \/>\n<link rel=\"canonical\" href=\"https:\/\/cbmitrovica.org\/sq\/projects\/aktivitet-rinor-ne-mbeshtetje-te-femijeve-dhe-te-rinjve-me-nevoja-te-vecanta\/\" \/>\n<meta property=\"og:locale\" content=\"sq_AL\" \/>\n<meta property=\"og:type\" content=\"article\" \/>\n<meta property=\"og:title\" content=\"Aktivitet rinor n\u00eb mb\u00ebshtetje t\u00eb f\u00ebmij\u00ebve dhe t\u00eb rinjve me nevoja t\u00eb ve\u00e7anta - CBM - Community Building Mitrovica\" \/>\n<meta property=\"og:description\" content=\"Si pjes\u00eb e projektit\u00a0\u201cNxitja e Bashk\u00ebpunimit Nd\u00ebrmjet Etnive dhe Angazhimit Qytetar te t\u00eb Rinjt\u00eb\u201d, nj\u00eb grup t\u00eb rinjsh me t\u00eb cil\u00ebt punojm\u00eb vendos\u00ebn t\u00eb organizojn\u00eb nj\u00eb aktivitet dometh\u00ebn\u00ebs komunitar gjat\u00eb sezonit t\u00eb festave. T\u00eb udh\u00ebhequr nga idet\u00eb dhe vlerat e tyre, t\u00eb rinjt\u00eb vendos\u00ebn t\u00eb shp\u00ebrndajn\u00eb dhurata t\u00eb Krishtlindjes p\u00ebr p\u00ebrfituesit e Qendr\u00ebs\u00a0Podr\u017ei Me, e [&hellip;]\" \/>\n<meta property=\"og:url\" content=\"https:\/\/cbmitrovica.org\/sq\/projects\/aktivitet-rinor-ne-mbeshtetje-te-femijeve-dhe-te-rinjve-me-nevoja-te-vecanta\/\" \/>\n<meta property=\"og:site_name\" content=\"CBM - Community Building Mitrovica\" \/>\n<meta property=\"article:modified_time\" content=\"2026-01-23T10:18:15+00:00\" \/>\n<meta property=\"og:image\" content=\"https:\/\/cbmitrovica.org\/wp-content\/uploads\/2021\/12\/viber-image-2021-12-21-15-40-54-153.jpg\" \/>\n\t<meta property=\"og:image:width\" content=\"1600\" \/>\n\t<meta property=\"og:image:height\" content=\"900\" \/>\n\t<meta property=\"og:image:type\" content=\"image\/jpeg\" \/>\n<meta name=\"twitter:card\" content=\"summary_large_image\" \/>\n<meta name=\"twitter:label1\" content=\"Est. reading time\" \/>\n\t<meta name=\"twitter:data1\" content=\"1 minute\" \/>\n<script type=\"application\/ld+json\" class=\"yoast-schema-graph\">{\"@context\":\"https:\/\/schema.org\",\"@graph\":[{\"@type\":\"WebPage\",\"@id\":\"https:\/\/cbmitrovica.org\/sq\/projects\/aktivitet-rinor-ne-mbeshtetje-te-femijeve-dhe-te-rinjve-me-nevoja-te-vecanta\/\",\"url\":\"https:\/\/cbmitrovica.org\/sq\/projects\/aktivitet-rinor-ne-mbeshtetje-te-femijeve-dhe-te-rinjve-me-nevoja-te-vecanta\/\",\"name\":\"Aktivitet rinor n\u00eb mb\u00ebshtetje t\u00eb f\u00ebmij\u00ebve dhe t\u00eb rinjve me nevoja t\u00eb ve\u00e7anta - CBM - Community Building Mitrovica\",\"isPartOf\":{\"@id\":\"https:\/\/cbmitrovica.org\/#website\"},\"datePublished\":\"2026-01-23T09:47:08+00:00\",\"dateModified\":\"2026-01-23T10:18:15+00:00\",\"breadcrumb\":{\"@id\":\"https:\/\/cbmitrovica.org\/sq\/projects\/aktivitet-rinor-ne-mbeshtetje-te-femijeve-dhe-te-rinjve-me-nevoja-te-vecanta\/#breadcrumb\"},\"inLanguage\":\"sq-AL\",\"potentialAction\":[{\"@type\":\"ReadAction\",\"target\":[\"https:\/\/cbmitrovica.org\/sq\/projects\/aktivitet-rinor-ne-mbeshtetje-te-femijeve-dhe-te-rinjve-me-nevoja-te-vecanta\/\"]}]},{\"@type\":\"BreadcrumbList\",\"@id\":\"https:\/\/cbmitrovica.org\/sq\/projects\/aktivitet-rinor-ne-mbeshtetje-te-femijeve-dhe-te-rinjve-me-nevoja-te-vecanta\/#breadcrumb\",\"itemListElement\":[{\"@type\":\"ListItem\",\"position\":1,\"name\":\"Home\",\"item\":\"https:\/\/cbmitrovica.org\/sq\/\"},{\"@type\":\"ListItem\",\"position\":2,\"name\":\"Activities\",\"item\":\"https:\/\/cbmitrovica.org\/projects\/\"},{\"@type\":\"ListItem\",\"position\":3,\"name\":\"Aktivitet rinor n\u00eb mb\u00ebshtetje t\u00eb f\u00ebmij\u00ebve dhe t\u00eb rinjve me nevoja t\u00eb ve\u00e7anta\"}]},{\"@type\":\"WebSite\",\"@id\":\"https:\/\/cbmitrovica.org\/#website\",\"url\":\"https:\/\/cbmitrovica.org\/\",\"name\":\"CBM - Community Building Mitrovica\",\"description\":\"\",\"potentialAction\":[{\"@type\":\"SearchAction\",\"target\":{\"@type\":\"EntryPoint\",\"urlTemplate\":\"https:\/\/cbmitrovica.org\/?s={search_term_string}\"},\"query-input\":{\"@type\":\"PropertyValueSpecification\",\"valueRequired\":true,\"valueName\":\"search_term_string\"}}],\"inLanguage\":\"sq-AL\"}]}<\/script>\n<!-- \/ Yoast SEO plugin. -->","yoast_head_json":{"title":"Aktivitet rinor n\u00eb mb\u00ebshtetje t\u00eb f\u00ebmij\u00ebve dhe t\u00eb rinjve me nevoja t\u00eb ve\u00e7anta - CBM - Community Building Mitrovica","robots":{"index":"index","follow":"follow","max-snippet":"max-snippet:-1","max-image-preview":"max-image-preview:large","max-video-preview":"max-video-preview:-1"},"canonical":"https:\/\/cbmitrovica.org\/sq\/projects\/aktivitet-rinor-ne-mbeshtetje-te-femijeve-dhe-te-rinjve-me-nevoja-te-vecanta\/","og_locale":"sq_AL","og_type":"article","og_title":"Aktivitet rinor n\u00eb mb\u00ebshtetje t\u00eb f\u00ebmij\u00ebve dhe t\u00eb rinjve me nevoja t\u00eb ve\u00e7anta - CBM - Community Building Mitrovica","og_description":"Si pjes\u00eb e projektit\u00a0\u201cNxitja e Bashk\u00ebpunimit Nd\u00ebrmjet Etnive dhe Angazhimit Qytetar te t\u00eb Rinjt\u00eb\u201d, nj\u00eb grup t\u00eb rinjsh me t\u00eb cil\u00ebt punojm\u00eb vendos\u00ebn t\u00eb organizojn\u00eb nj\u00eb aktivitet dometh\u00ebn\u00ebs komunitar gjat\u00eb sezonit t\u00eb festave. T\u00eb udh\u00ebhequr nga idet\u00eb dhe vlerat e tyre, t\u00eb rinjt\u00eb vendos\u00ebn t\u00eb shp\u00ebrndajn\u00eb dhurata t\u00eb Krishtlindjes p\u00ebr p\u00ebrfituesit e Qendr\u00ebs\u00a0Podr\u017ei Me, e [&hellip;]","og_url":"https:\/\/cbmitrovica.org\/sq\/projects\/aktivitet-rinor-ne-mbeshtetje-te-femijeve-dhe-te-rinjve-me-nevoja-te-vecanta\/","og_site_name":"CBM - Community Building Mitrovica","article_modified_time":"2026-01-23T10:18:15+00:00","og_image":[{"width":1600,"height":900,"url":"https:\/\/cbmitrovica.org\/wp-content\/uploads\/2021\/12\/viber-image-2021-12-21-15-40-54-153.jpg","type":"image\/jpeg"}],"twitter_card":"summary_large_image","twitter_misc":{"Est. reading time":"1 minute"},"schema":{"@context":"https:\/\/schema.org","@graph":[{"@type":"WebPage","@id":"https:\/\/cbmitrovica.org\/sq\/projects\/aktivitet-rinor-ne-mbeshtetje-te-femijeve-dhe-te-rinjve-me-nevoja-te-vecanta\/","url":"https:\/\/cbmitrovica.org\/sq\/projects\/aktivitet-rinor-ne-mbeshtetje-te-femijeve-dhe-te-rinjve-me-nevoja-te-vecanta\/","name":"Aktivitet rinor n\u00eb mb\u00ebshtetje t\u00eb f\u00ebmij\u00ebve dhe t\u00eb rinjve me nevoja t\u00eb ve\u00e7anta - CBM - Community Building Mitrovica","isPartOf":{"@id":"https:\/\/cbmitrovica.org\/#website"},"datePublished":"2026-01-23T09:47:08+00:00","dateModified":"2026-01-23T10:18:15+00:00","breadcrumb":{"@id":"https:\/\/cbmitrovica.org\/sq\/projects\/aktivitet-rinor-ne-mbeshtetje-te-femijeve-dhe-te-rinjve-me-nevoja-te-vecanta\/#breadcrumb"},"inLanguage":"sq-AL","potentialAction":[{"@type":"ReadAction","target":["https:\/\/cbmitrovica.org\/sq\/projects\/aktivitet-rinor-ne-mbeshtetje-te-femijeve-dhe-te-rinjve-me-nevoja-te-vecanta\/"]}]},{"@type":"BreadcrumbList","@id":"https:\/\/cbmitrovica.org\/sq\/projects\/aktivitet-rinor-ne-mbeshtetje-te-femijeve-dhe-te-rinjve-me-nevoja-te-vecanta\/#breadcrumb","itemListElement":[{"@type":"ListItem","position":1,"name":"Home","item":"https:\/\/cbmitrovica.org\/sq\/"},{"@type":"ListItem","position":2,"name":"Activities","item":"https:\/\/cbmitrovica.org\/projects\/"},{"@type":"ListItem","position":3,"name":"Aktivitet rinor n\u00eb mb\u00ebshtetje t\u00eb f\u00ebmij\u00ebve dhe t\u00eb rinjve me nevoja t\u00eb ve\u00e7anta"}]},{"@type":"WebSite","@id":"https:\/\/cbmitrovica.org\/#website","url":"https:\/\/cbmitrovica.org\/","name":"CBM - Community Building Mitrovica","description":"","potentialAction":[{"@type":"SearchAction","target":{"@type":"EntryPoint","urlTemplate":"https:\/\/cbmitrovica.org\/?s={search_term_string}"},"query-input":{"@type":"PropertyValueSpecification","valueRequired":true,"valueName":"search_term_string"}}],"inLanguage":"sq-AL"}]}},"_links":{"self":[{"href":"https:\/\/cbmitrovica.org\/sq\/wp-json\/wp\/v2\/pages\/382555","targetHints":{"allow":["GET"]}}],"collection":[{"href":"https:\/\/cbmitrovica.org\/sq\/wp-json\/wp\/v2\/pages"}],"about":[{"href":"https:\/\/cbmitrovica.org\/sq\/wp-json\/wp\/v2\/types\/page"}],"author":[{"embeddable":true,"href":"https:\/\/cbmitrovica.org\/sq\/wp-json\/wp\/v2\/users\/297"}],"replies":[{"embeddable":true,"href":"https:\/\/cbmitrovica.org\/sq\/wp-json\/wp\/v2\/comments?post=382555"}],"version-history":[{"count":4,"href":"https:\/\/cbmitrovica.org\/sq\/wp-json\/wp\/v2\/pages\/382555\/revisions"}],"predecessor-version":[{"id":382600,"href":"https:\/\/cbmitrovica.org\/sq\/wp-json\/wp\/v2\/pages\/382555\/revisions\/382600"}],"up":[{"embeddable":true,"href":"https:\/\/cbmitrovica.org\/sq\/wp-json\/wp\/v2\/pages\/83"}],"wp:attachment":[{"href":"https:\/\/cbmitrovica.org\/sq\/wp-json\/wp\/v2\/media?parent=382555"}],"curies":[{"name":"wp","href":"https:\/\/api.w.org\/{rel}","templated":true}]}}