{"id":382434,"date":"2026-01-21T13:16:09","date_gmt":"2026-01-21T13:16:09","guid":{"rendered":"https:\/\/cbmitrovica.org\/?page_id=382434"},"modified":"2026-01-21T13:16:10","modified_gmt":"2026-01-21T13:16:10","slug":"shkolla-e-edukimit-qytetar","status":"publish","type":"page","link":"https:\/\/cbmitrovica.org\/sq\/activities\/shkolla-e-edukimit-qytetar\/","title":{"rendered":"Shkolla e Edukimit Qytetar"},"content":{"rendered":"\n<p>Si pjes\u00eb e projektit \u201cNxitja e Bashk\u00ebpunimit Nd\u00ebretnik dhe Angazhimit Qytetar te t\u00eb Rinjt\u00eb\u201d, i mb\u00ebshtetur nga NED, CBM zbatoi sesionet e Shkoll\u00ebs s\u00eb Edukimit Qytetar, duke bashkuar 34 t\u00eb rinj nga Mitrovica e Veriut dhe e Jugut, Zubin Potoku, Zve\u00e7ani dhe Leposaviqi\/Leposavi\u0107. U organizuan 32 sesione, dy her\u00eb n\u00eb jav\u00eb, t\u00eb cilat trajtuan tema ky\u00e7e si t\u00eb drejtat e njeriut, komunikimi jodhunor, mendimi kritik, parandalimi i dhun\u00ebs mes bashk\u00ebmoshatar\u00ebve, edukimi mediatik, barazia gjinore dhe dialogu nd\u00ebrkulturor. Programi jo vet\u00ebm q\u00eb forcoi njohurit\u00eb dhe aft\u00ebsit\u00eb e t\u00eb rinjve p\u00ebr pjes\u00ebmarrje qytetare, por krijoi edhe nj\u00eb hap\u00ebsir\u00eb kuptimplote p\u00ebr shk\u00ebmbim nd\u00ebretnik, duke ndihmuar pjes\u00ebmarr\u00ebsit t\u00eb nd\u00ebrtojn\u00eb besim, mir\u00ebkuptim t\u00eb nd\u00ebrsjell\u00eb dhe q\u00ebndrueshm\u00ebri, p\u00ebr t\u2019u b\u00ebr\u00eb an\u00ebtar\u00eb aktiv\u00eb dhe t\u00eb angazhuar t\u00eb komuniteteve t\u00eb tyre.<\/p>\n\n\n\n<p><\/p>\n","protected":false},"excerpt":{"rendered":"<p>Si pjes\u00eb e projektit \u201cNxitja e Bashk\u00ebpunimit Nd\u00ebretnik dhe Angazhimit Qytetar te t\u00eb Rinjt\u00eb\u201d, i mb\u00ebshtetur nga NED, CBM zbatoi sesionet e Shkoll\u00ebs s\u00eb Edukimit Qytetar, duke bashkuar 34 t\u00eb rinj nga Mitrovica e Veriut dhe e Jugut, Zubin Potoku, Zve\u00e7ani dhe Leposaviqi\/Leposavi\u0107. U organizuan 32 sesione, dy her\u00eb n\u00eb jav\u00eb, t\u00eb cilat trajtuan tema [&hellip;]<\/p>\n","protected":false},"author":297,"featured_media":0,"parent":215,"menu_order":0,"comment_status":"closed","ping_status":"closed","template":"template-singleactiviti.php","meta":{"_bbp_topic_count":0,"_bbp_reply_count":0,"_bbp_total_topic_count":0,"_bbp_total_reply_count":0,"_bbp_voice_count":0,"_bbp_anonymous_reply_count":0,"_bbp_topic_count_hidden":0,"_bbp_reply_count_hidden":0,"_bbp_forum_subforum_count":0,"_monsterinsights_skip_tracking":false,"_monsterinsights_sitenote_active":false,"_monsterinsights_sitenote_note":"","_monsterinsights_sitenote_category":0,"footnotes":""},"class_list":["post-382434","page","type-page","status-publish","hentry"],"acf":[],"yoast_head":"<!-- This site is optimized with the Yoast SEO plugin v24.2 - https:\/\/yoast.com\/wordpress\/plugins\/seo\/ -->\n<title>Shkolla e Edukimit Qytetar - CBM - Community Building Mitrovica<\/title>\n<meta name=\"robots\" content=\"index, follow, max-snippet:-1, max-image-preview:large, max-video-preview:-1\" \/>\n<link rel=\"canonical\" href=\"https:\/\/cbmitrovica.org\/sq\/activities\/shkolla-e-edukimit-qytetar\/\" \/>\n<meta property=\"og:locale\" content=\"sq_AL\" \/>\n<meta property=\"og:type\" content=\"article\" \/>\n<meta property=\"og:title\" content=\"Shkolla e Edukimit Qytetar - CBM - Community Building Mitrovica\" \/>\n<meta property=\"og:description\" content=\"Si pjes\u00eb e projektit \u201cNxitja e Bashk\u00ebpunimit Nd\u00ebretnik dhe Angazhimit Qytetar te t\u00eb Rinjt\u00eb\u201d, i mb\u00ebshtetur nga NED, CBM zbatoi sesionet e Shkoll\u00ebs s\u00eb Edukimit Qytetar, duke bashkuar 34 t\u00eb rinj nga Mitrovica e Veriut dhe e Jugut, Zubin Potoku, Zve\u00e7ani dhe Leposaviqi\/Leposavi\u0107. U organizuan 32 sesione, dy her\u00eb n\u00eb jav\u00eb, t\u00eb cilat trajtuan tema [&hellip;]\" \/>\n<meta property=\"og:url\" content=\"https:\/\/cbmitrovica.org\/sq\/activities\/shkolla-e-edukimit-qytetar\/\" \/>\n<meta property=\"og:site_name\" content=\"CBM - Community Building Mitrovica\" \/>\n<meta property=\"article:modified_time\" content=\"2026-01-21T13:16:10+00:00\" \/>\n<meta property=\"og:image\" content=\"https:\/\/cbmitrovica.org\/wp-content\/uploads\/2021\/12\/viber-image-2021-12-21-15-40-54-153.jpg\" \/>\n\t<meta property=\"og:image:width\" content=\"1600\" \/>\n\t<meta property=\"og:image:height\" content=\"900\" \/>\n\t<meta property=\"og:image:type\" content=\"image\/jpeg\" \/>\n<meta name=\"twitter:card\" content=\"summary_large_image\" \/>\n<meta name=\"twitter:label1\" content=\"Est. reading time\" \/>\n\t<meta name=\"twitter:data1\" content=\"1 minute\" \/>\n<script type=\"application\/ld+json\" class=\"yoast-schema-graph\">{\"@context\":\"https:\/\/schema.org\",\"@graph\":[{\"@type\":\"WebPage\",\"@id\":\"https:\/\/cbmitrovica.org\/sq\/activities\/shkolla-e-edukimit-qytetar\/\",\"url\":\"https:\/\/cbmitrovica.org\/sq\/activities\/shkolla-e-edukimit-qytetar\/\",\"name\":\"Shkolla e Edukimit Qytetar - CBM - Community Building Mitrovica\",\"isPartOf\":{\"@id\":\"https:\/\/cbmitrovica.org\/#website\"},\"datePublished\":\"2026-01-21T13:16:09+00:00\",\"dateModified\":\"2026-01-21T13:16:10+00:00\",\"breadcrumb\":{\"@id\":\"https:\/\/cbmitrovica.org\/sq\/activities\/shkolla-e-edukimit-qytetar\/#breadcrumb\"},\"inLanguage\":\"sq-AL\",\"potentialAction\":[{\"@type\":\"ReadAction\",\"target\":[\"https:\/\/cbmitrovica.org\/sq\/activities\/shkolla-e-edukimit-qytetar\/\"]}]},{\"@type\":\"BreadcrumbList\",\"@id\":\"https:\/\/cbmitrovica.org\/sq\/activities\/shkolla-e-edukimit-qytetar\/#breadcrumb\",\"itemListElement\":[{\"@type\":\"ListItem\",\"position\":1,\"name\":\"Home\",\"item\":\"https:\/\/cbmitrovica.org\/sq\/\"},{\"@type\":\"ListItem\",\"position\":2,\"name\":\"Aktivitetet\",\"item\":\"https:\/\/cbmitrovica.org\/sq\/activities\/\"},{\"@type\":\"ListItem\",\"position\":3,\"name\":\"Shkolla e Edukimit Qytetar\"}]},{\"@type\":\"WebSite\",\"@id\":\"https:\/\/cbmitrovica.org\/#website\",\"url\":\"https:\/\/cbmitrovica.org\/\",\"name\":\"CBM - Community Building Mitrovica\",\"description\":\"\",\"potentialAction\":[{\"@type\":\"SearchAction\",\"target\":{\"@type\":\"EntryPoint\",\"urlTemplate\":\"https:\/\/cbmitrovica.org\/?s={search_term_string}\"},\"query-input\":{\"@type\":\"PropertyValueSpecification\",\"valueRequired\":true,\"valueName\":\"search_term_string\"}}],\"inLanguage\":\"sq-AL\"}]}<\/script>\n<!-- \/ Yoast SEO plugin. -->","yoast_head_json":{"title":"Shkolla e Edukimit Qytetar - CBM - Community Building Mitrovica","robots":{"index":"index","follow":"follow","max-snippet":"max-snippet:-1","max-image-preview":"max-image-preview:large","max-video-preview":"max-video-preview:-1"},"canonical":"https:\/\/cbmitrovica.org\/sq\/activities\/shkolla-e-edukimit-qytetar\/","og_locale":"sq_AL","og_type":"article","og_title":"Shkolla e Edukimit Qytetar - CBM - Community Building Mitrovica","og_description":"Si pjes\u00eb e projektit \u201cNxitja e Bashk\u00ebpunimit Nd\u00ebretnik dhe Angazhimit Qytetar te t\u00eb Rinjt\u00eb\u201d, i mb\u00ebshtetur nga NED, CBM zbatoi sesionet e Shkoll\u00ebs s\u00eb Edukimit Qytetar, duke bashkuar 34 t\u00eb rinj nga Mitrovica e Veriut dhe e Jugut, Zubin Potoku, Zve\u00e7ani dhe Leposaviqi\/Leposavi\u0107. U organizuan 32 sesione, dy her\u00eb n\u00eb jav\u00eb, t\u00eb cilat trajtuan tema [&hellip;]","og_url":"https:\/\/cbmitrovica.org\/sq\/activities\/shkolla-e-edukimit-qytetar\/","og_site_name":"CBM - Community Building Mitrovica","article_modified_time":"2026-01-21T13:16:10+00:00","og_image":[{"width":1600,"height":900,"url":"https:\/\/cbmitrovica.org\/wp-content\/uploads\/2021\/12\/viber-image-2021-12-21-15-40-54-153.jpg","type":"image\/jpeg"}],"twitter_card":"summary_large_image","twitter_misc":{"Est. reading time":"1 minute"},"schema":{"@context":"https:\/\/schema.org","@graph":[{"@type":"WebPage","@id":"https:\/\/cbmitrovica.org\/sq\/activities\/shkolla-e-edukimit-qytetar\/","url":"https:\/\/cbmitrovica.org\/sq\/activities\/shkolla-e-edukimit-qytetar\/","name":"Shkolla e Edukimit Qytetar - CBM - Community Building Mitrovica","isPartOf":{"@id":"https:\/\/cbmitrovica.org\/#website"},"datePublished":"2026-01-21T13:16:09+00:00","dateModified":"2026-01-21T13:16:10+00:00","breadcrumb":{"@id":"https:\/\/cbmitrovica.org\/sq\/activities\/shkolla-e-edukimit-qytetar\/#breadcrumb"},"inLanguage":"sq-AL","potentialAction":[{"@type":"ReadAction","target":["https:\/\/cbmitrovica.org\/sq\/activities\/shkolla-e-edukimit-qytetar\/"]}]},{"@type":"BreadcrumbList","@id":"https:\/\/cbmitrovica.org\/sq\/activities\/shkolla-e-edukimit-qytetar\/#breadcrumb","itemListElement":[{"@type":"ListItem","position":1,"name":"Home","item":"https:\/\/cbmitrovica.org\/sq\/"},{"@type":"ListItem","position":2,"name":"Aktivitetet","item":"https:\/\/cbmitrovica.org\/sq\/activities\/"},{"@type":"ListItem","position":3,"name":"Shkolla e Edukimit Qytetar"}]},{"@type":"WebSite","@id":"https:\/\/cbmitrovica.org\/#website","url":"https:\/\/cbmitrovica.org\/","name":"CBM - Community Building Mitrovica","description":"","potentialAction":[{"@type":"SearchAction","target":{"@type":"EntryPoint","urlTemplate":"https:\/\/cbmitrovica.org\/?s={search_term_string}"},"query-input":{"@type":"PropertyValueSpecification","valueRequired":true,"valueName":"search_term_string"}}],"inLanguage":"sq-AL"}]}},"_links":{"self":[{"href":"https:\/\/cbmitrovica.org\/sq\/wp-json\/wp\/v2\/pages\/382434","targetHints":{"allow":["GET"]}}],"collection":[{"href":"https:\/\/cbmitrovica.org\/sq\/wp-json\/wp\/v2\/pages"}],"about":[{"href":"https:\/\/cbmitrovica.org\/sq\/wp-json\/wp\/v2\/types\/page"}],"author":[{"embeddable":true,"href":"https:\/\/cbmitrovica.org\/sq\/wp-json\/wp\/v2\/users\/297"}],"replies":[{"embeddable":true,"href":"https:\/\/cbmitrovica.org\/sq\/wp-json\/wp\/v2\/comments?post=382434"}],"version-history":[{"count":1,"href":"https:\/\/cbmitrovica.org\/sq\/wp-json\/wp\/v2\/pages\/382434\/revisions"}],"predecessor-version":[{"id":382435,"href":"https:\/\/cbmitrovica.org\/sq\/wp-json\/wp\/v2\/pages\/382434\/revisions\/382435"}],"up":[{"embeddable":true,"href":"https:\/\/cbmitrovica.org\/sq\/wp-json\/wp\/v2\/pages\/215"}],"wp:attachment":[{"href":"https:\/\/cbmitrovica.org\/sq\/wp-json\/wp\/v2\/media?parent=382434"}],"curies":[{"name":"wp","href":"https:\/\/api.w.org\/{rel}","templated":true}]}}