{"id":382431,"date":"2026-01-21T13:14:48","date_gmt":"2026-01-21T13:14:48","guid":{"rendered":"https:\/\/cbmitrovica.org\/?page_id=382431"},"modified":"2026-01-21T13:14:49","modified_gmt":"2026-01-21T13:14:49","slug":"dita-nderkombetare-kunder-femicidit","status":"publish","type":"page","link":"https:\/\/cbmitrovica.org\/sq\/projects\/dita-nderkombetare-kunder-femicidit\/","title":{"rendered":"Dita Nd\u00ebrkomb\u00ebtare Kund\u00ebr Femicidit"},"content":{"rendered":"\n<p>T\u00eb rinjt\u00eb nga Mitrovica, si pjes\u00eb e projektit t\u00eb mb\u00ebshtetur nga <a href=\"https:\/\/www.facebook.com\/watch\/hashtag\/ned?__eep__=6%2F&amp;__cft__[0]=AZb0XD23UIqvg58JqqCIjo3srKBHXavo0u4keotQ7eaU8ipaPxAWPzR6G6NTshr_3D0kOvZJZuCxbsGqMwGzMMSQlr1C-RCNRWyVgxkgbJ-qQh2V9olR_g0yxQ-l0gZEU5NgHAnBszqbsHVYh1-smUoyWb61ztQRzzSmSsUTl3ucSqCqM-Wen2waOL9baQ9FQEiu700hp7WvaLtbInEHcTHK&amp;__tn__=*NK-R\">#NED<\/a> \u201cNxitja e Bashk\u00ebpunimit Nd\u00ebretnik dhe Angazhimit Qytetar n\u00eb mesin e t\u00eb Rinjve\u201d, u bashkuan p\u00ebr t\u00eb realizuar nj\u00eb aktivitet advokues me ndikim rinor, duke sh\u00ebnuar Dit\u00ebn Nd\u00ebrkomb\u00ebtare Kund\u00ebr Femicidit. P\u00ebrmes diskutimeve mbi dhun\u00ebn me baz\u00eb gjinore dhe statistikat alarmante t\u00eb femicidit, ata ngrit\u00ebn z\u00ebrin e tyre n\u00eb shenj\u00eb solidariteti. Aktiviteti p\u00ebrfundoi me mesazhe frym\u00ebzuese dhe krijimin simbolik t\u00eb fjongove dhe byzylyk\u00ebve t\u00eb kuq p\u00ebr t\u00eb nderuar grat\u00eb q\u00eb kan\u00eb humbur jet\u00ebn, nd\u00ebrsa nj\u00ebkoh\u00ebsisht u p\u00ebrkujtua fuqia dhe q\u00ebndresa e grave n\u00eb shoq\u00ebrin\u00eb ton\u00eb.<br>Ky aktivitet \u00ebsht\u00eb pjes\u00eb e projektit t\u00eb mb\u00ebshtetur nga NED: \u201cNxitja e bashk\u00ebpunimit nd\u00ebretnik dhe angazhimit qytetar tek t\u00eb rinjt\u00eb\u201d<br><\/p>\n\n\n\n<p><\/p>\n\n\n\n<p><\/p>\n","protected":false},"excerpt":{"rendered":"<p>T\u00eb rinjt\u00eb nga Mitrovica, si pjes\u00eb e projektit t\u00eb mb\u00ebshtetur nga #NED \u201cNxitja e Bashk\u00ebpunimit Nd\u00ebretnik dhe Angazhimit Qytetar n\u00eb mesin e t\u00eb Rinjve\u201d, u bashkuan p\u00ebr t\u00eb realizuar nj\u00eb aktivitet advokues me ndikim rinor, duke sh\u00ebnuar Dit\u00ebn Nd\u00ebrkomb\u00ebtare Kund\u00ebr Femicidit. P\u00ebrmes diskutimeve mbi dhun\u00ebn me baz\u00eb gjinore dhe statistikat alarmante t\u00eb femicidit, ata ngrit\u00ebn [&hellip;]<\/p>\n","protected":false},"author":297,"featured_media":0,"parent":83,"menu_order":0,"comment_status":"closed","ping_status":"closed","template":"template-singleactiviti.php","meta":{"_bbp_topic_count":0,"_bbp_reply_count":0,"_bbp_total_topic_count":0,"_bbp_total_reply_count":0,"_bbp_voice_count":0,"_bbp_anonymous_reply_count":0,"_bbp_topic_count_hidden":0,"_bbp_reply_count_hidden":0,"_bbp_forum_subforum_count":0,"_monsterinsights_skip_tracking":false,"_monsterinsights_sitenote_active":false,"_monsterinsights_sitenote_note":"","_monsterinsights_sitenote_category":0,"footnotes":""},"class_list":["post-382431","page","type-page","status-publish","hentry"],"acf":[],"yoast_head":"<!-- This site is optimized with the Yoast SEO plugin v24.2 - https:\/\/yoast.com\/wordpress\/plugins\/seo\/ -->\n<title>Dita Nd\u00ebrkomb\u00ebtare Kund\u00ebr Femicidit - CBM - Community Building Mitrovica<\/title>\n<meta name=\"robots\" content=\"index, follow, max-snippet:-1, max-image-preview:large, max-video-preview:-1\" \/>\n<link rel=\"canonical\" href=\"https:\/\/cbmitrovica.org\/sq\/projects\/dita-nderkombetare-kunder-femicidit\/\" \/>\n<meta property=\"og:locale\" content=\"sq_AL\" \/>\n<meta property=\"og:type\" content=\"article\" \/>\n<meta property=\"og:title\" content=\"Dita Nd\u00ebrkomb\u00ebtare Kund\u00ebr Femicidit - CBM - Community Building Mitrovica\" \/>\n<meta property=\"og:description\" content=\"T\u00eb rinjt\u00eb nga Mitrovica, si pjes\u00eb e projektit t\u00eb mb\u00ebshtetur nga #NED \u201cNxitja e Bashk\u00ebpunimit Nd\u00ebretnik dhe Angazhimit Qytetar n\u00eb mesin e t\u00eb Rinjve\u201d, u bashkuan p\u00ebr t\u00eb realizuar nj\u00eb aktivitet advokues me ndikim rinor, duke sh\u00ebnuar Dit\u00ebn Nd\u00ebrkomb\u00ebtare Kund\u00ebr Femicidit. P\u00ebrmes diskutimeve mbi dhun\u00ebn me baz\u00eb gjinore dhe statistikat alarmante t\u00eb femicidit, ata ngrit\u00ebn [&hellip;]\" \/>\n<meta property=\"og:url\" content=\"https:\/\/cbmitrovica.org\/sq\/projects\/dita-nderkombetare-kunder-femicidit\/\" \/>\n<meta property=\"og:site_name\" content=\"CBM - Community Building Mitrovica\" \/>\n<meta property=\"article:modified_time\" content=\"2026-01-21T13:14:49+00:00\" \/>\n<meta property=\"og:image\" content=\"https:\/\/cbmitrovica.org\/wp-content\/uploads\/2021\/12\/viber-image-2021-12-21-15-40-54-153.jpg\" \/>\n\t<meta property=\"og:image:width\" content=\"1600\" \/>\n\t<meta property=\"og:image:height\" content=\"900\" \/>\n\t<meta property=\"og:image:type\" content=\"image\/jpeg\" \/>\n<meta name=\"twitter:card\" content=\"summary_large_image\" \/>\n<meta name=\"twitter:label1\" content=\"Est. reading time\" \/>\n\t<meta name=\"twitter:data1\" content=\"1 minute\" \/>\n<script type=\"application\/ld+json\" class=\"yoast-schema-graph\">{\"@context\":\"https:\/\/schema.org\",\"@graph\":[{\"@type\":\"WebPage\",\"@id\":\"https:\/\/cbmitrovica.org\/sq\/projects\/dita-nderkombetare-kunder-femicidit\/\",\"url\":\"https:\/\/cbmitrovica.org\/sq\/projects\/dita-nderkombetare-kunder-femicidit\/\",\"name\":\"Dita Nd\u00ebrkomb\u00ebtare Kund\u00ebr Femicidit - CBM - Community Building Mitrovica\",\"isPartOf\":{\"@id\":\"https:\/\/cbmitrovica.org\/#website\"},\"datePublished\":\"2026-01-21T13:14:48+00:00\",\"dateModified\":\"2026-01-21T13:14:49+00:00\",\"breadcrumb\":{\"@id\":\"https:\/\/cbmitrovica.org\/sq\/projects\/dita-nderkombetare-kunder-femicidit\/#breadcrumb\"},\"inLanguage\":\"sq-AL\",\"potentialAction\":[{\"@type\":\"ReadAction\",\"target\":[\"https:\/\/cbmitrovica.org\/sq\/projects\/dita-nderkombetare-kunder-femicidit\/\"]}]},{\"@type\":\"BreadcrumbList\",\"@id\":\"https:\/\/cbmitrovica.org\/sq\/projects\/dita-nderkombetare-kunder-femicidit\/#breadcrumb\",\"itemListElement\":[{\"@type\":\"ListItem\",\"position\":1,\"name\":\"Home\",\"item\":\"https:\/\/cbmitrovica.org\/sq\/\"},{\"@type\":\"ListItem\",\"position\":2,\"name\":\"Activities\",\"item\":\"https:\/\/cbmitrovica.org\/projects\/\"},{\"@type\":\"ListItem\",\"position\":3,\"name\":\"Dita Nd\u00ebrkomb\u00ebtare Kund\u00ebr Femicidit\"}]},{\"@type\":\"WebSite\",\"@id\":\"https:\/\/cbmitrovica.org\/#website\",\"url\":\"https:\/\/cbmitrovica.org\/\",\"name\":\"CBM - Community Building Mitrovica\",\"description\":\"\",\"potentialAction\":[{\"@type\":\"SearchAction\",\"target\":{\"@type\":\"EntryPoint\",\"urlTemplate\":\"https:\/\/cbmitrovica.org\/?s={search_term_string}\"},\"query-input\":{\"@type\":\"PropertyValueSpecification\",\"valueRequired\":true,\"valueName\":\"search_term_string\"}}],\"inLanguage\":\"sq-AL\"}]}<\/script>\n<!-- \/ Yoast SEO plugin. -->","yoast_head_json":{"title":"Dita Nd\u00ebrkomb\u00ebtare Kund\u00ebr Femicidit - CBM - Community Building Mitrovica","robots":{"index":"index","follow":"follow","max-snippet":"max-snippet:-1","max-image-preview":"max-image-preview:large","max-video-preview":"max-video-preview:-1"},"canonical":"https:\/\/cbmitrovica.org\/sq\/projects\/dita-nderkombetare-kunder-femicidit\/","og_locale":"sq_AL","og_type":"article","og_title":"Dita Nd\u00ebrkomb\u00ebtare Kund\u00ebr Femicidit - CBM - Community Building Mitrovica","og_description":"T\u00eb rinjt\u00eb nga Mitrovica, si pjes\u00eb e projektit t\u00eb mb\u00ebshtetur nga #NED \u201cNxitja e Bashk\u00ebpunimit Nd\u00ebretnik dhe Angazhimit Qytetar n\u00eb mesin e t\u00eb Rinjve\u201d, u bashkuan p\u00ebr t\u00eb realizuar nj\u00eb aktivitet advokues me ndikim rinor, duke sh\u00ebnuar Dit\u00ebn Nd\u00ebrkomb\u00ebtare Kund\u00ebr Femicidit. P\u00ebrmes diskutimeve mbi dhun\u00ebn me baz\u00eb gjinore dhe statistikat alarmante t\u00eb femicidit, ata ngrit\u00ebn [&hellip;]","og_url":"https:\/\/cbmitrovica.org\/sq\/projects\/dita-nderkombetare-kunder-femicidit\/","og_site_name":"CBM - Community Building Mitrovica","article_modified_time":"2026-01-21T13:14:49+00:00","og_image":[{"width":1600,"height":900,"url":"https:\/\/cbmitrovica.org\/wp-content\/uploads\/2021\/12\/viber-image-2021-12-21-15-40-54-153.jpg","type":"image\/jpeg"}],"twitter_card":"summary_large_image","twitter_misc":{"Est. reading time":"1 minute"},"schema":{"@context":"https:\/\/schema.org","@graph":[{"@type":"WebPage","@id":"https:\/\/cbmitrovica.org\/sq\/projects\/dita-nderkombetare-kunder-femicidit\/","url":"https:\/\/cbmitrovica.org\/sq\/projects\/dita-nderkombetare-kunder-femicidit\/","name":"Dita Nd\u00ebrkomb\u00ebtare Kund\u00ebr Femicidit - CBM - Community Building Mitrovica","isPartOf":{"@id":"https:\/\/cbmitrovica.org\/#website"},"datePublished":"2026-01-21T13:14:48+00:00","dateModified":"2026-01-21T13:14:49+00:00","breadcrumb":{"@id":"https:\/\/cbmitrovica.org\/sq\/projects\/dita-nderkombetare-kunder-femicidit\/#breadcrumb"},"inLanguage":"sq-AL","potentialAction":[{"@type":"ReadAction","target":["https:\/\/cbmitrovica.org\/sq\/projects\/dita-nderkombetare-kunder-femicidit\/"]}]},{"@type":"BreadcrumbList","@id":"https:\/\/cbmitrovica.org\/sq\/projects\/dita-nderkombetare-kunder-femicidit\/#breadcrumb","itemListElement":[{"@type":"ListItem","position":1,"name":"Home","item":"https:\/\/cbmitrovica.org\/sq\/"},{"@type":"ListItem","position":2,"name":"Activities","item":"https:\/\/cbmitrovica.org\/projects\/"},{"@type":"ListItem","position":3,"name":"Dita Nd\u00ebrkomb\u00ebtare Kund\u00ebr Femicidit"}]},{"@type":"WebSite","@id":"https:\/\/cbmitrovica.org\/#website","url":"https:\/\/cbmitrovica.org\/","name":"CBM - Community Building Mitrovica","description":"","potentialAction":[{"@type":"SearchAction","target":{"@type":"EntryPoint","urlTemplate":"https:\/\/cbmitrovica.org\/?s={search_term_string}"},"query-input":{"@type":"PropertyValueSpecification","valueRequired":true,"valueName":"search_term_string"}}],"inLanguage":"sq-AL"}]}},"_links":{"self":[{"href":"https:\/\/cbmitrovica.org\/sq\/wp-json\/wp\/v2\/pages\/382431","targetHints":{"allow":["GET"]}}],"collection":[{"href":"https:\/\/cbmitrovica.org\/sq\/wp-json\/wp\/v2\/pages"}],"about":[{"href":"https:\/\/cbmitrovica.org\/sq\/wp-json\/wp\/v2\/types\/page"}],"author":[{"embeddable":true,"href":"https:\/\/cbmitrovica.org\/sq\/wp-json\/wp\/v2\/users\/297"}],"replies":[{"embeddable":true,"href":"https:\/\/cbmitrovica.org\/sq\/wp-json\/wp\/v2\/comments?post=382431"}],"version-history":[{"count":1,"href":"https:\/\/cbmitrovica.org\/sq\/wp-json\/wp\/v2\/pages\/382431\/revisions"}],"predecessor-version":[{"id":382432,"href":"https:\/\/cbmitrovica.org\/sq\/wp-json\/wp\/v2\/pages\/382431\/revisions\/382432"}],"up":[{"embeddable":true,"href":"https:\/\/cbmitrovica.org\/sq\/wp-json\/wp\/v2\/pages\/83"}],"wp:attachment":[{"href":"https:\/\/cbmitrovica.org\/sq\/wp-json\/wp\/v2\/media?parent=382431"}],"curies":[{"name":"wp","href":"https:\/\/api.w.org\/{rel}","templated":true}]}}