{"id":382426,"date":"2026-01-21T13:10:48","date_gmt":"2026-01-21T13:10:48","guid":{"rendered":"https:\/\/cbmitrovica.org\/?page_id=382426"},"modified":"2026-01-21T13:10:48","modified_gmt":"2026-01-21T13:10:48","slug":"cbm-mirepret-delegacionin-e-ambasades-zvicerane-nje-vizite-qe-shenon-vazhdimesi-dhe-bashkepunim","status":"publish","type":"page","link":"https:\/\/cbmitrovica.org\/sq\/projects\/cbm-mirepret-delegacionin-e-ambasades-zvicerane-nje-vizite-qe-shenon-vazhdimesi-dhe-bashkepunim\/","title":{"rendered":"CBM Mir\u00ebpret Delegacionin e Ambasad\u00ebs Zvicerane: Nj\u00eb Vizit\u00eb q\u00eb Sh\u00ebnon Vazhdim\u00ebsi dhe Bashk\u00ebpunim"},"content":{"rendered":"\n<p>Kishim k\u00ebnaq\u00ebsin\u00eb t\u00eb mir\u00ebprisnim p\u00ebrfaq\u00ebsues nga Ambasada Zvicerane n\u00eb CBM.<br>Nd\u00ebrsa Sarah Jaqueiry p\u00ebrmbyll misionin e saj n\u00eb Kosov\u00eb, ajo vizitoi CBM e shoq\u00ebruar nga Julia Agosti, e cila do t\u00eb marr\u00eb detyr\u00ebn e saj, p\u00ebr t\u00eb siguruar nj\u00eb tranzicion t\u00eb qet\u00eb dhe p\u00ebr ta mb\u00ebshtetur Julian teksa ajo hyn n\u00eb rolin e ri. Gjat\u00eb takimit, reflektuam mbi bashk\u00ebpunimin ton\u00eb t\u00eb suksessh\u00ebm me Ambasad\u00ebn Zvicerane, theksuam metodologjin\u00eb e nd\u00ebrhyrjes s\u00eb CBM-s\u00eb n\u00eb kontekstin kompleks t\u00eb Kosov\u00ebs, ve\u00e7an\u00ebrisht n\u00eb Mitrovic\u00eb, dhe eksploruam mund\u00ebsi p\u00ebr forcimin e partneritetit ton\u00eb n\u00eb t\u00eb ardhmen.<\/p>\n\n\n\n<p><br><\/p>\n\n\n\n<p><\/p>\n\n\n\n<p><\/p>\n","protected":false},"excerpt":{"rendered":"<p>Kishim k\u00ebnaq\u00ebsin\u00eb t\u00eb mir\u00ebprisnim p\u00ebrfaq\u00ebsues nga Ambasada Zvicerane n\u00eb CBM.Nd\u00ebrsa Sarah Jaqueiry p\u00ebrmbyll misionin e saj n\u00eb Kosov\u00eb, ajo vizitoi CBM e shoq\u00ebruar nga Julia Agosti, e cila do t\u00eb marr\u00eb detyr\u00ebn e saj, p\u00ebr t\u00eb siguruar nj\u00eb tranzicion t\u00eb qet\u00eb dhe p\u00ebr ta mb\u00ebshtetur Julian teksa ajo hyn n\u00eb rolin e ri. Gjat\u00eb takimit, [&hellip;]<\/p>\n","protected":false},"author":297,"featured_media":0,"parent":83,"menu_order":0,"comment_status":"closed","ping_status":"closed","template":"template-singleactiviti.php","meta":{"_bbp_topic_count":0,"_bbp_reply_count":0,"_bbp_total_topic_count":0,"_bbp_total_reply_count":0,"_bbp_voice_count":0,"_bbp_anonymous_reply_count":0,"_bbp_topic_count_hidden":0,"_bbp_reply_count_hidden":0,"_bbp_forum_subforum_count":0,"_monsterinsights_skip_tracking":false,"_monsterinsights_sitenote_active":false,"_monsterinsights_sitenote_note":"","_monsterinsights_sitenote_category":0,"footnotes":""},"class_list":["post-382426","page","type-page","status-publish","hentry"],"acf":[],"yoast_head":"<!-- This site is optimized with the Yoast SEO plugin v24.2 - https:\/\/yoast.com\/wordpress\/plugins\/seo\/ -->\n<title>CBM Mir\u00ebpret Delegacionin e Ambasad\u00ebs Zvicerane: Nj\u00eb Vizit\u00eb q\u00eb Sh\u00ebnon Vazhdim\u00ebsi dhe Bashk\u00ebpunim - CBM - Community Building Mitrovica<\/title>\n<meta name=\"robots\" content=\"index, follow, max-snippet:-1, max-image-preview:large, max-video-preview:-1\" \/>\n<link rel=\"canonical\" href=\"https:\/\/cbmitrovica.org\/sq\/projects\/cbm-mirepret-delegacionin-e-ambasades-zvicerane-nje-vizite-qe-shenon-vazhdimesi-dhe-bashkepunim\/\" \/>\n<meta property=\"og:locale\" content=\"sq_AL\" \/>\n<meta property=\"og:type\" content=\"article\" \/>\n<meta property=\"og:title\" content=\"CBM Mir\u00ebpret Delegacionin e Ambasad\u00ebs Zvicerane: Nj\u00eb Vizit\u00eb q\u00eb Sh\u00ebnon Vazhdim\u00ebsi dhe Bashk\u00ebpunim - CBM - Community Building Mitrovica\" \/>\n<meta property=\"og:description\" content=\"Kishim k\u00ebnaq\u00ebsin\u00eb t\u00eb mir\u00ebprisnim p\u00ebrfaq\u00ebsues nga Ambasada Zvicerane n\u00eb CBM.Nd\u00ebrsa Sarah Jaqueiry p\u00ebrmbyll misionin e saj n\u00eb Kosov\u00eb, ajo vizitoi CBM e shoq\u00ebruar nga Julia Agosti, e cila do t\u00eb marr\u00eb detyr\u00ebn e saj, p\u00ebr t\u00eb siguruar nj\u00eb tranzicion t\u00eb qet\u00eb dhe p\u00ebr ta mb\u00ebshtetur Julian teksa ajo hyn n\u00eb rolin e ri. Gjat\u00eb takimit, [&hellip;]\" \/>\n<meta property=\"og:url\" content=\"https:\/\/cbmitrovica.org\/sq\/projects\/cbm-mirepret-delegacionin-e-ambasades-zvicerane-nje-vizite-qe-shenon-vazhdimesi-dhe-bashkepunim\/\" \/>\n<meta property=\"og:site_name\" content=\"CBM - Community Building Mitrovica\" \/>\n<meta property=\"og:image\" content=\"https:\/\/cbmitrovica.org\/wp-content\/uploads\/2021\/12\/viber-image-2021-12-21-15-40-54-153.jpg\" \/>\n\t<meta property=\"og:image:width\" content=\"1600\" \/>\n\t<meta property=\"og:image:height\" content=\"900\" \/>\n\t<meta property=\"og:image:type\" content=\"image\/jpeg\" \/>\n<meta name=\"twitter:card\" content=\"summary_large_image\" \/>\n<meta name=\"twitter:label1\" content=\"Est. reading time\" \/>\n\t<meta name=\"twitter:data1\" content=\"1 minute\" \/>\n<script type=\"application\/ld+json\" class=\"yoast-schema-graph\">{\"@context\":\"https:\/\/schema.org\",\"@graph\":[{\"@type\":\"WebPage\",\"@id\":\"https:\/\/cbmitrovica.org\/sq\/projects\/cbm-mirepret-delegacionin-e-ambasades-zvicerane-nje-vizite-qe-shenon-vazhdimesi-dhe-bashkepunim\/\",\"url\":\"https:\/\/cbmitrovica.org\/sq\/projects\/cbm-mirepret-delegacionin-e-ambasades-zvicerane-nje-vizite-qe-shenon-vazhdimesi-dhe-bashkepunim\/\",\"name\":\"CBM Mir\u00ebpret Delegacionin e Ambasad\u00ebs Zvicerane: Nj\u00eb Vizit\u00eb q\u00eb Sh\u00ebnon Vazhdim\u00ebsi dhe Bashk\u00ebpunim - CBM - Community Building Mitrovica\",\"isPartOf\":{\"@id\":\"https:\/\/cbmitrovica.org\/#website\"},\"datePublished\":\"2026-01-21T13:10:48+00:00\",\"dateModified\":\"2026-01-21T13:10:48+00:00\",\"breadcrumb\":{\"@id\":\"https:\/\/cbmitrovica.org\/sq\/projects\/cbm-mirepret-delegacionin-e-ambasades-zvicerane-nje-vizite-qe-shenon-vazhdimesi-dhe-bashkepunim\/#breadcrumb\"},\"inLanguage\":\"sq-AL\",\"potentialAction\":[{\"@type\":\"ReadAction\",\"target\":[\"https:\/\/cbmitrovica.org\/sq\/projects\/cbm-mirepret-delegacionin-e-ambasades-zvicerane-nje-vizite-qe-shenon-vazhdimesi-dhe-bashkepunim\/\"]}]},{\"@type\":\"BreadcrumbList\",\"@id\":\"https:\/\/cbmitrovica.org\/sq\/projects\/cbm-mirepret-delegacionin-e-ambasades-zvicerane-nje-vizite-qe-shenon-vazhdimesi-dhe-bashkepunim\/#breadcrumb\",\"itemListElement\":[{\"@type\":\"ListItem\",\"position\":1,\"name\":\"Home\",\"item\":\"https:\/\/cbmitrovica.org\/sq\/\"},{\"@type\":\"ListItem\",\"position\":2,\"name\":\"Activities\",\"item\":\"https:\/\/cbmitrovica.org\/projects\/\"},{\"@type\":\"ListItem\",\"position\":3,\"name\":\"CBM Mir\u00ebpret Delegacionin e Ambasad\u00ebs Zvicerane: Nj\u00eb Vizit\u00eb q\u00eb Sh\u00ebnon Vazhdim\u00ebsi dhe Bashk\u00ebpunim\"}]},{\"@type\":\"WebSite\",\"@id\":\"https:\/\/cbmitrovica.org\/#website\",\"url\":\"https:\/\/cbmitrovica.org\/\",\"name\":\"CBM - Community Building Mitrovica\",\"description\":\"\",\"potentialAction\":[{\"@type\":\"SearchAction\",\"target\":{\"@type\":\"EntryPoint\",\"urlTemplate\":\"https:\/\/cbmitrovica.org\/?s={search_term_string}\"},\"query-input\":{\"@type\":\"PropertyValueSpecification\",\"valueRequired\":true,\"valueName\":\"search_term_string\"}}],\"inLanguage\":\"sq-AL\"}]}<\/script>\n<!-- \/ Yoast SEO plugin. -->","yoast_head_json":{"title":"CBM Mir\u00ebpret Delegacionin e Ambasad\u00ebs Zvicerane: Nj\u00eb Vizit\u00eb q\u00eb Sh\u00ebnon Vazhdim\u00ebsi dhe Bashk\u00ebpunim - CBM - Community Building Mitrovica","robots":{"index":"index","follow":"follow","max-snippet":"max-snippet:-1","max-image-preview":"max-image-preview:large","max-video-preview":"max-video-preview:-1"},"canonical":"https:\/\/cbmitrovica.org\/sq\/projects\/cbm-mirepret-delegacionin-e-ambasades-zvicerane-nje-vizite-qe-shenon-vazhdimesi-dhe-bashkepunim\/","og_locale":"sq_AL","og_type":"article","og_title":"CBM Mir\u00ebpret Delegacionin e Ambasad\u00ebs Zvicerane: Nj\u00eb Vizit\u00eb q\u00eb Sh\u00ebnon Vazhdim\u00ebsi dhe Bashk\u00ebpunim - CBM - Community Building Mitrovica","og_description":"Kishim k\u00ebnaq\u00ebsin\u00eb t\u00eb mir\u00ebprisnim p\u00ebrfaq\u00ebsues nga Ambasada Zvicerane n\u00eb CBM.Nd\u00ebrsa Sarah Jaqueiry p\u00ebrmbyll misionin e saj n\u00eb Kosov\u00eb, ajo vizitoi CBM e shoq\u00ebruar nga Julia Agosti, e cila do t\u00eb marr\u00eb detyr\u00ebn e saj, p\u00ebr t\u00eb siguruar nj\u00eb tranzicion t\u00eb qet\u00eb dhe p\u00ebr ta mb\u00ebshtetur Julian teksa ajo hyn n\u00eb rolin e ri. Gjat\u00eb takimit, [&hellip;]","og_url":"https:\/\/cbmitrovica.org\/sq\/projects\/cbm-mirepret-delegacionin-e-ambasades-zvicerane-nje-vizite-qe-shenon-vazhdimesi-dhe-bashkepunim\/","og_site_name":"CBM - Community Building Mitrovica","og_image":[{"width":1600,"height":900,"url":"https:\/\/cbmitrovica.org\/wp-content\/uploads\/2021\/12\/viber-image-2021-12-21-15-40-54-153.jpg","type":"image\/jpeg"}],"twitter_card":"summary_large_image","twitter_misc":{"Est. reading time":"1 minute"},"schema":{"@context":"https:\/\/schema.org","@graph":[{"@type":"WebPage","@id":"https:\/\/cbmitrovica.org\/sq\/projects\/cbm-mirepret-delegacionin-e-ambasades-zvicerane-nje-vizite-qe-shenon-vazhdimesi-dhe-bashkepunim\/","url":"https:\/\/cbmitrovica.org\/sq\/projects\/cbm-mirepret-delegacionin-e-ambasades-zvicerane-nje-vizite-qe-shenon-vazhdimesi-dhe-bashkepunim\/","name":"CBM Mir\u00ebpret Delegacionin e Ambasad\u00ebs Zvicerane: Nj\u00eb Vizit\u00eb q\u00eb Sh\u00ebnon Vazhdim\u00ebsi dhe Bashk\u00ebpunim - CBM - Community Building Mitrovica","isPartOf":{"@id":"https:\/\/cbmitrovica.org\/#website"},"datePublished":"2026-01-21T13:10:48+00:00","dateModified":"2026-01-21T13:10:48+00:00","breadcrumb":{"@id":"https:\/\/cbmitrovica.org\/sq\/projects\/cbm-mirepret-delegacionin-e-ambasades-zvicerane-nje-vizite-qe-shenon-vazhdimesi-dhe-bashkepunim\/#breadcrumb"},"inLanguage":"sq-AL","potentialAction":[{"@type":"ReadAction","target":["https:\/\/cbmitrovica.org\/sq\/projects\/cbm-mirepret-delegacionin-e-ambasades-zvicerane-nje-vizite-qe-shenon-vazhdimesi-dhe-bashkepunim\/"]}]},{"@type":"BreadcrumbList","@id":"https:\/\/cbmitrovica.org\/sq\/projects\/cbm-mirepret-delegacionin-e-ambasades-zvicerane-nje-vizite-qe-shenon-vazhdimesi-dhe-bashkepunim\/#breadcrumb","itemListElement":[{"@type":"ListItem","position":1,"name":"Home","item":"https:\/\/cbmitrovica.org\/sq\/"},{"@type":"ListItem","position":2,"name":"Activities","item":"https:\/\/cbmitrovica.org\/projects\/"},{"@type":"ListItem","position":3,"name":"CBM Mir\u00ebpret Delegacionin e Ambasad\u00ebs Zvicerane: Nj\u00eb Vizit\u00eb q\u00eb Sh\u00ebnon Vazhdim\u00ebsi dhe Bashk\u00ebpunim"}]},{"@type":"WebSite","@id":"https:\/\/cbmitrovica.org\/#website","url":"https:\/\/cbmitrovica.org\/","name":"CBM - Community Building Mitrovica","description":"","potentialAction":[{"@type":"SearchAction","target":{"@type":"EntryPoint","urlTemplate":"https:\/\/cbmitrovica.org\/?s={search_term_string}"},"query-input":{"@type":"PropertyValueSpecification","valueRequired":true,"valueName":"search_term_string"}}],"inLanguage":"sq-AL"}]}},"_links":{"self":[{"href":"https:\/\/cbmitrovica.org\/sq\/wp-json\/wp\/v2\/pages\/382426","targetHints":{"allow":["GET"]}}],"collection":[{"href":"https:\/\/cbmitrovica.org\/sq\/wp-json\/wp\/v2\/pages"}],"about":[{"href":"https:\/\/cbmitrovica.org\/sq\/wp-json\/wp\/v2\/types\/page"}],"author":[{"embeddable":true,"href":"https:\/\/cbmitrovica.org\/sq\/wp-json\/wp\/v2\/users\/297"}],"replies":[{"embeddable":true,"href":"https:\/\/cbmitrovica.org\/sq\/wp-json\/wp\/v2\/comments?post=382426"}],"version-history":[{"count":1,"href":"https:\/\/cbmitrovica.org\/sq\/wp-json\/wp\/v2\/pages\/382426\/revisions"}],"predecessor-version":[{"id":382427,"href":"https:\/\/cbmitrovica.org\/sq\/wp-json\/wp\/v2\/pages\/382426\/revisions\/382427"}],"up":[{"embeddable":true,"href":"https:\/\/cbmitrovica.org\/sq\/wp-json\/wp\/v2\/pages\/83"}],"wp:attachment":[{"href":"https:\/\/cbmitrovica.org\/sq\/wp-json\/wp\/v2\/media?parent=382426"}],"curies":[{"name":"wp","href":"https:\/\/api.w.org\/{rel}","templated":true}]}}