{"id":382419,"date":"2026-01-21T13:09:24","date_gmt":"2026-01-21T13:09:24","guid":{"rendered":"https:\/\/cbmitrovica.org\/?page_id=382419"},"modified":"2026-01-21T13:09:24","modified_gmt":"2026-01-21T13:09:24","slug":"takim-me-zyrtare-komunale-perfaqesues-te-ojq-ve-dhe-te-rinj","status":"publish","type":"page","link":"https:\/\/cbmitrovica.org\/sq\/projects\/takim-me-zyrtare-komunale-perfaqesues-te-ojq-ve-dhe-te-rinj\/","title":{"rendered":"Takim me zyrtar\u00eb komunal\u00eb, p\u00ebrfaq\u00ebsues t\u00eb OJQ-ve dhe t\u00eb rinj"},"content":{"rendered":"\n<p>CBM po vazhdon me takimet me p\u00ebrfaq\u00ebsues t\u00eb shoq\u00ebris\u00eb civile dhe t\u00eb rinj nga Mitrovica e Jugut dhe e Veriut. Gjat\u00eb takimit, p\u00ebrfaq\u00ebsuesit e organizatave t\u00eb shoq\u00ebris\u00eb civile dhe t\u00eb rinjt\u00eb ndan\u00eb p\u00ebrvojat e tyre mbi pun\u00ebn q\u00eb po zhvillojn\u00eb n\u00eb t\u00eb mir\u00eb t\u00eb komunitetit, sfidat me t\u00eb cilat p\u00ebrballen dhe planet p\u00ebr pjes\u00ebn e mbetur t\u00eb vitit. T\u00eb rinjt\u00eb pjes\u00ebmarr\u00ebs prezantuan gjithashtu ide<img loading=\"lazy\" decoding=\"async\" height=\"16\" width=\"16\" src=\"https:\/\/static.xx.fbcdn.net\/images\/emoji.php\/v9\/t3c\/1\/16\/1f4a1.png\" alt=\"\ud83d\udca1\">dhe aktivitete q\u00eb jan\u00eb realizuar me iniciativ\u00ebn e tyre dhe me mb\u00ebshtetjen e CBM. Nj\u00eb nga pikat kryesore t\u00eb diskutimit ishte ideja p\u00ebr nj\u00eb aktivitet t\u00eb p\u00ebrbashk\u00ebt midis t\u00eb rinjve dhe organizatave REC, S\u00eb Bashku dhe Handikos, me fokus n\u00eb kujdesin p\u00ebr mjedisin dhe nd\u00ebrgjegj\u00ebsimin p\u00ebr mir\u00ebmbajtjen e tij. Kjo iniciativ\u00eb ishte nj\u00eb nd\u00ebr shum\u00eb idet\u00eb e vlefshme t\u00eb ndara gjat\u00eb takimit, i cili sh\u00ebrbeu si nj\u00eb hap\u00ebsir\u00eb e r\u00ebnd\u00ebsishme p\u00ebr bashk\u00ebpunim, shk\u00ebmbim p\u00ebrvojash dhe forcim t\u00eb lidhjeve nd\u00ebrmjet t\u00eb rinjve dhe organizatave t\u00eb shoq\u00ebris\u00eb civile.<\/p>\n\n\n\n<p>Ky aktivitet u realizua n\u00eb kuad\u00ebr t\u00eb programit \u201cResilient and Inclusive Communities\u201d, t\u00eb mb\u00ebshtetur nga Global Community Engagement and Resilience Fund (GCERF).<br><\/p>\n\n\n\n<p><\/p>\n\n\n\n<p><\/p>\n","protected":false},"excerpt":{"rendered":"<p>CBM po vazhdon me takimet me p\u00ebrfaq\u00ebsues t\u00eb shoq\u00ebris\u00eb civile dhe t\u00eb rinj nga Mitrovica e Jugut dhe e Veriut. Gjat\u00eb takimit, p\u00ebrfaq\u00ebsuesit e organizatave t\u00eb shoq\u00ebris\u00eb civile dhe t\u00eb rinjt\u00eb ndan\u00eb p\u00ebrvojat e tyre mbi pun\u00ebn q\u00eb po zhvillojn\u00eb n\u00eb t\u00eb mir\u00eb t\u00eb komunitetit, sfidat me t\u00eb cilat p\u00ebrballen dhe planet p\u00ebr pjes\u00ebn e [&hellip;]<\/p>\n","protected":false},"author":297,"featured_media":0,"parent":83,"menu_order":0,"comment_status":"closed","ping_status":"closed","template":"template-singleactiviti.php","meta":{"_bbp_topic_count":0,"_bbp_reply_count":0,"_bbp_total_topic_count":0,"_bbp_total_reply_count":0,"_bbp_voice_count":0,"_bbp_anonymous_reply_count":0,"_bbp_topic_count_hidden":0,"_bbp_reply_count_hidden":0,"_bbp_forum_subforum_count":0,"_monsterinsights_skip_tracking":false,"_monsterinsights_sitenote_active":false,"_monsterinsights_sitenote_note":"","_monsterinsights_sitenote_category":0,"footnotes":""},"class_list":["post-382419","page","type-page","status-publish","hentry"],"acf":[],"yoast_head":"<!-- This site is optimized with the Yoast SEO plugin v24.2 - https:\/\/yoast.com\/wordpress\/plugins\/seo\/ -->\n<title>Takim me zyrtar\u00eb komunal\u00eb, p\u00ebrfaq\u00ebsues t\u00eb OJQ-ve dhe t\u00eb rinj - CBM - Community Building Mitrovica<\/title>\n<meta name=\"robots\" content=\"index, follow, max-snippet:-1, max-image-preview:large, max-video-preview:-1\" \/>\n<link rel=\"canonical\" href=\"https:\/\/cbmitrovica.org\/sq\/projects\/takim-me-zyrtare-komunale-perfaqesues-te-ojq-ve-dhe-te-rinj\/\" \/>\n<meta property=\"og:locale\" content=\"sq_AL\" \/>\n<meta property=\"og:type\" content=\"article\" \/>\n<meta property=\"og:title\" content=\"Takim me zyrtar\u00eb komunal\u00eb, p\u00ebrfaq\u00ebsues t\u00eb OJQ-ve dhe t\u00eb rinj - CBM - Community Building Mitrovica\" \/>\n<meta property=\"og:description\" content=\"CBM po vazhdon me takimet me p\u00ebrfaq\u00ebsues t\u00eb shoq\u00ebris\u00eb civile dhe t\u00eb rinj nga Mitrovica e Jugut dhe e Veriut. Gjat\u00eb takimit, p\u00ebrfaq\u00ebsuesit e organizatave t\u00eb shoq\u00ebris\u00eb civile dhe t\u00eb rinjt\u00eb ndan\u00eb p\u00ebrvojat e tyre mbi pun\u00ebn q\u00eb po zhvillojn\u00eb n\u00eb t\u00eb mir\u00eb t\u00eb komunitetit, sfidat me t\u00eb cilat p\u00ebrballen dhe planet p\u00ebr pjes\u00ebn e [&hellip;]\" \/>\n<meta property=\"og:url\" content=\"https:\/\/cbmitrovica.org\/sq\/projects\/takim-me-zyrtare-komunale-perfaqesues-te-ojq-ve-dhe-te-rinj\/\" \/>\n<meta property=\"og:site_name\" content=\"CBM - Community Building Mitrovica\" \/>\n<meta property=\"og:image\" content=\"https:\/\/static.xx.fbcdn.net\/images\/emoji.php\/v9\/t3c\/1\/16\/1f4a1.png\" \/>\n<meta name=\"twitter:card\" content=\"summary_large_image\" \/>\n<meta name=\"twitter:label1\" content=\"Est. reading time\" \/>\n\t<meta name=\"twitter:data1\" content=\"1 minute\" \/>\n<script type=\"application\/ld+json\" class=\"yoast-schema-graph\">{\"@context\":\"https:\/\/schema.org\",\"@graph\":[{\"@type\":\"WebPage\",\"@id\":\"https:\/\/cbmitrovica.org\/sq\/projects\/takim-me-zyrtare-komunale-perfaqesues-te-ojq-ve-dhe-te-rinj\/\",\"url\":\"https:\/\/cbmitrovica.org\/sq\/projects\/takim-me-zyrtare-komunale-perfaqesues-te-ojq-ve-dhe-te-rinj\/\",\"name\":\"Takim me zyrtar\u00eb komunal\u00eb, p\u00ebrfaq\u00ebsues t\u00eb OJQ-ve dhe t\u00eb rinj - CBM - Community Building Mitrovica\",\"isPartOf\":{\"@id\":\"https:\/\/cbmitrovica.org\/#website\"},\"primaryImageOfPage\":{\"@id\":\"https:\/\/cbmitrovica.org\/sq\/projects\/takim-me-zyrtare-komunale-perfaqesues-te-ojq-ve-dhe-te-rinj\/#primaryimage\"},\"image\":{\"@id\":\"https:\/\/cbmitrovica.org\/sq\/projects\/takim-me-zyrtare-komunale-perfaqesues-te-ojq-ve-dhe-te-rinj\/#primaryimage\"},\"thumbnailUrl\":\"https:\/\/static.xx.fbcdn.net\/images\/emoji.php\/v9\/t3c\/1\/16\/1f4a1.png\",\"datePublished\":\"2026-01-21T13:09:24+00:00\",\"dateModified\":\"2026-01-21T13:09:24+00:00\",\"breadcrumb\":{\"@id\":\"https:\/\/cbmitrovica.org\/sq\/projects\/takim-me-zyrtare-komunale-perfaqesues-te-ojq-ve-dhe-te-rinj\/#breadcrumb\"},\"inLanguage\":\"sq-AL\",\"potentialAction\":[{\"@type\":\"ReadAction\",\"target\":[\"https:\/\/cbmitrovica.org\/sq\/projects\/takim-me-zyrtare-komunale-perfaqesues-te-ojq-ve-dhe-te-rinj\/\"]}]},{\"@type\":\"ImageObject\",\"inLanguage\":\"sq-AL\",\"@id\":\"https:\/\/cbmitrovica.org\/sq\/projects\/takim-me-zyrtare-komunale-perfaqesues-te-ojq-ve-dhe-te-rinj\/#primaryimage\",\"url\":\"https:\/\/static.xx.fbcdn.net\/images\/emoji.php\/v9\/t3c\/1\/16\/1f4a1.png\",\"contentUrl\":\"https:\/\/static.xx.fbcdn.net\/images\/emoji.php\/v9\/t3c\/1\/16\/1f4a1.png\"},{\"@type\":\"BreadcrumbList\",\"@id\":\"https:\/\/cbmitrovica.org\/sq\/projects\/takim-me-zyrtare-komunale-perfaqesues-te-ojq-ve-dhe-te-rinj\/#breadcrumb\",\"itemListElement\":[{\"@type\":\"ListItem\",\"position\":1,\"name\":\"Home\",\"item\":\"https:\/\/cbmitrovica.org\/sq\/\"},{\"@type\":\"ListItem\",\"position\":2,\"name\":\"Activities\",\"item\":\"https:\/\/cbmitrovica.org\/projects\/\"},{\"@type\":\"ListItem\",\"position\":3,\"name\":\"Takim me zyrtar\u00eb komunal\u00eb, p\u00ebrfaq\u00ebsues t\u00eb OJQ-ve dhe t\u00eb rinj\"}]},{\"@type\":\"WebSite\",\"@id\":\"https:\/\/cbmitrovica.org\/#website\",\"url\":\"https:\/\/cbmitrovica.org\/\",\"name\":\"CBM - Community Building Mitrovica\",\"description\":\"\",\"potentialAction\":[{\"@type\":\"SearchAction\",\"target\":{\"@type\":\"EntryPoint\",\"urlTemplate\":\"https:\/\/cbmitrovica.org\/?s={search_term_string}\"},\"query-input\":{\"@type\":\"PropertyValueSpecification\",\"valueRequired\":true,\"valueName\":\"search_term_string\"}}],\"inLanguage\":\"sq-AL\"}]}<\/script>\n<!-- \/ Yoast SEO plugin. -->","yoast_head_json":{"title":"Takim me zyrtar\u00eb komunal\u00eb, p\u00ebrfaq\u00ebsues t\u00eb OJQ-ve dhe t\u00eb rinj - CBM - Community Building Mitrovica","robots":{"index":"index","follow":"follow","max-snippet":"max-snippet:-1","max-image-preview":"max-image-preview:large","max-video-preview":"max-video-preview:-1"},"canonical":"https:\/\/cbmitrovica.org\/sq\/projects\/takim-me-zyrtare-komunale-perfaqesues-te-ojq-ve-dhe-te-rinj\/","og_locale":"sq_AL","og_type":"article","og_title":"Takim me zyrtar\u00eb komunal\u00eb, p\u00ebrfaq\u00ebsues t\u00eb OJQ-ve dhe t\u00eb rinj - CBM - Community Building Mitrovica","og_description":"CBM po vazhdon me takimet me p\u00ebrfaq\u00ebsues t\u00eb shoq\u00ebris\u00eb civile dhe t\u00eb rinj nga Mitrovica e Jugut dhe e Veriut. Gjat\u00eb takimit, p\u00ebrfaq\u00ebsuesit e organizatave t\u00eb shoq\u00ebris\u00eb civile dhe t\u00eb rinjt\u00eb ndan\u00eb p\u00ebrvojat e tyre mbi pun\u00ebn q\u00eb po zhvillojn\u00eb n\u00eb t\u00eb mir\u00eb t\u00eb komunitetit, sfidat me t\u00eb cilat p\u00ebrballen dhe planet p\u00ebr pjes\u00ebn e [&hellip;]","og_url":"https:\/\/cbmitrovica.org\/sq\/projects\/takim-me-zyrtare-komunale-perfaqesues-te-ojq-ve-dhe-te-rinj\/","og_site_name":"CBM - Community Building Mitrovica","og_image":[{"url":"https:\/\/static.xx.fbcdn.net\/images\/emoji.php\/v9\/t3c\/1\/16\/1f4a1.png","type":"","width":"","height":""}],"twitter_card":"summary_large_image","twitter_misc":{"Est. reading time":"1 minute"},"schema":{"@context":"https:\/\/schema.org","@graph":[{"@type":"WebPage","@id":"https:\/\/cbmitrovica.org\/sq\/projects\/takim-me-zyrtare-komunale-perfaqesues-te-ojq-ve-dhe-te-rinj\/","url":"https:\/\/cbmitrovica.org\/sq\/projects\/takim-me-zyrtare-komunale-perfaqesues-te-ojq-ve-dhe-te-rinj\/","name":"Takim me zyrtar\u00eb komunal\u00eb, p\u00ebrfaq\u00ebsues t\u00eb OJQ-ve dhe t\u00eb rinj - CBM - Community Building Mitrovica","isPartOf":{"@id":"https:\/\/cbmitrovica.org\/#website"},"primaryImageOfPage":{"@id":"https:\/\/cbmitrovica.org\/sq\/projects\/takim-me-zyrtare-komunale-perfaqesues-te-ojq-ve-dhe-te-rinj\/#primaryimage"},"image":{"@id":"https:\/\/cbmitrovica.org\/sq\/projects\/takim-me-zyrtare-komunale-perfaqesues-te-ojq-ve-dhe-te-rinj\/#primaryimage"},"thumbnailUrl":"https:\/\/static.xx.fbcdn.net\/images\/emoji.php\/v9\/t3c\/1\/16\/1f4a1.png","datePublished":"2026-01-21T13:09:24+00:00","dateModified":"2026-01-21T13:09:24+00:00","breadcrumb":{"@id":"https:\/\/cbmitrovica.org\/sq\/projects\/takim-me-zyrtare-komunale-perfaqesues-te-ojq-ve-dhe-te-rinj\/#breadcrumb"},"inLanguage":"sq-AL","potentialAction":[{"@type":"ReadAction","target":["https:\/\/cbmitrovica.org\/sq\/projects\/takim-me-zyrtare-komunale-perfaqesues-te-ojq-ve-dhe-te-rinj\/"]}]},{"@type":"ImageObject","inLanguage":"sq-AL","@id":"https:\/\/cbmitrovica.org\/sq\/projects\/takim-me-zyrtare-komunale-perfaqesues-te-ojq-ve-dhe-te-rinj\/#primaryimage","url":"https:\/\/static.xx.fbcdn.net\/images\/emoji.php\/v9\/t3c\/1\/16\/1f4a1.png","contentUrl":"https:\/\/static.xx.fbcdn.net\/images\/emoji.php\/v9\/t3c\/1\/16\/1f4a1.png"},{"@type":"BreadcrumbList","@id":"https:\/\/cbmitrovica.org\/sq\/projects\/takim-me-zyrtare-komunale-perfaqesues-te-ojq-ve-dhe-te-rinj\/#breadcrumb","itemListElement":[{"@type":"ListItem","position":1,"name":"Home","item":"https:\/\/cbmitrovica.org\/sq\/"},{"@type":"ListItem","position":2,"name":"Activities","item":"https:\/\/cbmitrovica.org\/projects\/"},{"@type":"ListItem","position":3,"name":"Takim me zyrtar\u00eb komunal\u00eb, p\u00ebrfaq\u00ebsues t\u00eb OJQ-ve dhe t\u00eb rinj"}]},{"@type":"WebSite","@id":"https:\/\/cbmitrovica.org\/#website","url":"https:\/\/cbmitrovica.org\/","name":"CBM - Community Building Mitrovica","description":"","potentialAction":[{"@type":"SearchAction","target":{"@type":"EntryPoint","urlTemplate":"https:\/\/cbmitrovica.org\/?s={search_term_string}"},"query-input":{"@type":"PropertyValueSpecification","valueRequired":true,"valueName":"search_term_string"}}],"inLanguage":"sq-AL"}]}},"_links":{"self":[{"href":"https:\/\/cbmitrovica.org\/sq\/wp-json\/wp\/v2\/pages\/382419","targetHints":{"allow":["GET"]}}],"collection":[{"href":"https:\/\/cbmitrovica.org\/sq\/wp-json\/wp\/v2\/pages"}],"about":[{"href":"https:\/\/cbmitrovica.org\/sq\/wp-json\/wp\/v2\/types\/page"}],"author":[{"embeddable":true,"href":"https:\/\/cbmitrovica.org\/sq\/wp-json\/wp\/v2\/users\/297"}],"replies":[{"embeddable":true,"href":"https:\/\/cbmitrovica.org\/sq\/wp-json\/wp\/v2\/comments?post=382419"}],"version-history":[{"count":1,"href":"https:\/\/cbmitrovica.org\/sq\/wp-json\/wp\/v2\/pages\/382419\/revisions"}],"predecessor-version":[{"id":382420,"href":"https:\/\/cbmitrovica.org\/sq\/wp-json\/wp\/v2\/pages\/382419\/revisions\/382420"}],"up":[{"embeddable":true,"href":"https:\/\/cbmitrovica.org\/sq\/wp-json\/wp\/v2\/pages\/83"}],"wp:attachment":[{"href":"https:\/\/cbmitrovica.org\/sq\/wp-json\/wp\/v2\/media?parent=382419"}],"curies":[{"name":"wp","href":"https:\/\/api.w.org\/{rel}","templated":true}]}}