{"id":382415,"date":"2026-01-21T13:08:23","date_gmt":"2026-01-21T13:08:23","guid":{"rendered":"https:\/\/cbmitrovica.org\/?page_id=382415"},"modified":"2026-01-21T13:08:23","modified_gmt":"2026-01-21T13:08:23","slug":"punetori-per-edukimin-mediatik-te-te-rinjve","status":"publish","type":"page","link":"https:\/\/cbmitrovica.org\/sq\/activities\/punetori-per-edukimin-mediatik-te-te-rinjve\/","title":{"rendered":"Pun\u00ebtori p\u00ebr Edukimin Mediatik t\u00eb t\u00eb Rinjve"},"content":{"rendered":"\n<p>U mblodh\u00ebn 23 t\u00eb rinj nga Mitrovica e Veriut dhe e Jugut, Leposaviqi dhe Zve\u00e7ani p\u00ebr nj\u00eb seri pun\u00ebtorish mbi edukimin mediatik dhe gazetarin\u00eb, t\u00eb mbajtura n\u00eb partneritet me Radio Kontakt Plus. Gjat\u00eb fundjav\u00ebs, pjes\u00ebmarr\u00ebsit trajtuan tema ky\u00e7e si bazat e sistemit mediatik, gazetaria etike, paragjykimi n\u00eb raportim dhe ndikimi i rrjeteve sociale.<\/p>\n\n\n\n<p>P\u00ebrmes nj\u00eb kombinimi t\u00eb teoris\u00eb dhe ushtrimeve praktike, t\u00eb udh\u00ebhequra nga gazetaret me p\u00ebrvoj\u00eb Daniela Toma\u0161evi\u0107 dhe Jelena Cvetanovi\u0107, sesionet i ndihmuan t\u00eb rinjt\u00eb t\u00eb kuptojn\u00eb se si strukturat mediatike form\u00ebsojn\u00eb opinionin publik, si t\u00eb identifikojn\u00eb paragjykimin dhe si t\u00eb zbatojn\u00eb standardet etike n\u00eb raportim.<\/p>\n\n\n\n<p>Pun\u00ebtorit\u00eb trajtuan gjithashtu sfidat e lajmeve t\u00eb rreme dhe dezinformimit, duke i m\u00ebsuar pjes\u00ebmarr\u00ebsit t\u00eb dallojn\u00eb burimet e besueshme nga p\u00ebrmbajtjet mashtruese dhe t\u00eb mendojn\u00eb n\u00eb m\u00ebnyr\u00eb kritike p\u00ebr informacionin q\u00eb konsumojn\u00eb. Duke i pajisur t\u00eb rinjt\u00eb me aft\u00ebsi p\u00ebr t\u00eb pyetur, analizuar dhe verifikuar mesazhet mediatike, kjo iniciativ\u00eb forcon aft\u00ebsin\u00eb e tyre p\u00ebr t\u2019u b\u00ebr\u00eb qytetar\u00eb t\u00eb informuar, t\u00eb p\u00ebrgjegjsh\u00ebm dhe t\u00eb q\u00ebndruesh\u00ebm n\u00eb bot\u00ebn digjitale t\u00eb sotme.<\/p>\n\n\n\n<p><\/p>\n","protected":false},"excerpt":{"rendered":"<p>U mblodh\u00ebn 23 t\u00eb rinj nga Mitrovica e Veriut dhe e Jugut, Leposaviqi dhe Zve\u00e7ani p\u00ebr nj\u00eb seri pun\u00ebtorish mbi edukimin mediatik dhe gazetarin\u00eb, t\u00eb mbajtura n\u00eb partneritet me Radio Kontakt Plus. Gjat\u00eb fundjav\u00ebs, pjes\u00ebmarr\u00ebsit trajtuan tema ky\u00e7e si bazat e sistemit mediatik, gazetaria etike, paragjykimi n\u00eb raportim dhe ndikimi i rrjeteve sociale. P\u00ebrmes nj\u00eb [&hellip;]<\/p>\n","protected":false},"author":297,"featured_media":0,"parent":215,"menu_order":0,"comment_status":"closed","ping_status":"closed","template":"template-singleactiviti.php","meta":{"_bbp_topic_count":0,"_bbp_reply_count":0,"_bbp_total_topic_count":0,"_bbp_total_reply_count":0,"_bbp_voice_count":0,"_bbp_anonymous_reply_count":0,"_bbp_topic_count_hidden":0,"_bbp_reply_count_hidden":0,"_bbp_forum_subforum_count":0,"_monsterinsights_skip_tracking":false,"_monsterinsights_sitenote_active":false,"_monsterinsights_sitenote_note":"","_monsterinsights_sitenote_category":0,"footnotes":""},"class_list":["post-382415","page","type-page","status-publish","hentry"],"acf":[],"yoast_head":"<!-- This site is optimized with the Yoast SEO plugin v24.2 - https:\/\/yoast.com\/wordpress\/plugins\/seo\/ -->\n<title>Pun\u00ebtori p\u00ebr Edukimin Mediatik t\u00eb t\u00eb Rinjve - CBM - Community Building Mitrovica<\/title>\n<meta name=\"robots\" content=\"index, follow, max-snippet:-1, max-image-preview:large, max-video-preview:-1\" \/>\n<link rel=\"canonical\" href=\"https:\/\/cbmitrovica.org\/sq\/activities\/punetori-per-edukimin-mediatik-te-te-rinjve\/\" \/>\n<meta property=\"og:locale\" content=\"sq_AL\" \/>\n<meta property=\"og:type\" content=\"article\" \/>\n<meta property=\"og:title\" content=\"Pun\u00ebtori p\u00ebr Edukimin Mediatik t\u00eb t\u00eb Rinjve - CBM - Community Building Mitrovica\" \/>\n<meta property=\"og:description\" content=\"U mblodh\u00ebn 23 t\u00eb rinj nga Mitrovica e Veriut dhe e Jugut, Leposaviqi dhe Zve\u00e7ani p\u00ebr nj\u00eb seri pun\u00ebtorish mbi edukimin mediatik dhe gazetarin\u00eb, t\u00eb mbajtura n\u00eb partneritet me Radio Kontakt Plus. Gjat\u00eb fundjav\u00ebs, pjes\u00ebmarr\u00ebsit trajtuan tema ky\u00e7e si bazat e sistemit mediatik, gazetaria etike, paragjykimi n\u00eb raportim dhe ndikimi i rrjeteve sociale. P\u00ebrmes nj\u00eb [&hellip;]\" \/>\n<meta property=\"og:url\" content=\"https:\/\/cbmitrovica.org\/sq\/activities\/punetori-per-edukimin-mediatik-te-te-rinjve\/\" \/>\n<meta property=\"og:site_name\" content=\"CBM - Community Building Mitrovica\" \/>\n<meta property=\"og:image\" content=\"https:\/\/cbmitrovica.org\/wp-content\/uploads\/2021\/12\/viber-image-2021-12-21-15-40-54-153.jpg\" \/>\n\t<meta property=\"og:image:width\" content=\"1600\" \/>\n\t<meta property=\"og:image:height\" content=\"900\" \/>\n\t<meta property=\"og:image:type\" content=\"image\/jpeg\" \/>\n<meta name=\"twitter:card\" content=\"summary_large_image\" \/>\n<meta name=\"twitter:label1\" content=\"Est. reading time\" \/>\n\t<meta name=\"twitter:data1\" content=\"1 minute\" \/>\n<script type=\"application\/ld+json\" class=\"yoast-schema-graph\">{\"@context\":\"https:\/\/schema.org\",\"@graph\":[{\"@type\":\"WebPage\",\"@id\":\"https:\/\/cbmitrovica.org\/sq\/activities\/punetori-per-edukimin-mediatik-te-te-rinjve\/\",\"url\":\"https:\/\/cbmitrovica.org\/sq\/activities\/punetori-per-edukimin-mediatik-te-te-rinjve\/\",\"name\":\"Pun\u00ebtori p\u00ebr Edukimin Mediatik t\u00eb t\u00eb Rinjve - CBM - Community Building Mitrovica\",\"isPartOf\":{\"@id\":\"https:\/\/cbmitrovica.org\/#website\"},\"datePublished\":\"2026-01-21T13:08:23+00:00\",\"dateModified\":\"2026-01-21T13:08:23+00:00\",\"breadcrumb\":{\"@id\":\"https:\/\/cbmitrovica.org\/sq\/activities\/punetori-per-edukimin-mediatik-te-te-rinjve\/#breadcrumb\"},\"inLanguage\":\"sq-AL\",\"potentialAction\":[{\"@type\":\"ReadAction\",\"target\":[\"https:\/\/cbmitrovica.org\/sq\/activities\/punetori-per-edukimin-mediatik-te-te-rinjve\/\"]}]},{\"@type\":\"BreadcrumbList\",\"@id\":\"https:\/\/cbmitrovica.org\/sq\/activities\/punetori-per-edukimin-mediatik-te-te-rinjve\/#breadcrumb\",\"itemListElement\":[{\"@type\":\"ListItem\",\"position\":1,\"name\":\"Home\",\"item\":\"https:\/\/cbmitrovica.org\/sq\/\"},{\"@type\":\"ListItem\",\"position\":2,\"name\":\"Aktivitetet\",\"item\":\"https:\/\/cbmitrovica.org\/sq\/activities\/\"},{\"@type\":\"ListItem\",\"position\":3,\"name\":\"Pun\u00ebtori p\u00ebr Edukimin Mediatik t\u00eb t\u00eb Rinjve\"}]},{\"@type\":\"WebSite\",\"@id\":\"https:\/\/cbmitrovica.org\/#website\",\"url\":\"https:\/\/cbmitrovica.org\/\",\"name\":\"CBM - Community Building Mitrovica\",\"description\":\"\",\"potentialAction\":[{\"@type\":\"SearchAction\",\"target\":{\"@type\":\"EntryPoint\",\"urlTemplate\":\"https:\/\/cbmitrovica.org\/?s={search_term_string}\"},\"query-input\":{\"@type\":\"PropertyValueSpecification\",\"valueRequired\":true,\"valueName\":\"search_term_string\"}}],\"inLanguage\":\"sq-AL\"}]}<\/script>\n<!-- \/ Yoast SEO plugin. -->","yoast_head_json":{"title":"Pun\u00ebtori p\u00ebr Edukimin Mediatik t\u00eb t\u00eb Rinjve - CBM - Community Building Mitrovica","robots":{"index":"index","follow":"follow","max-snippet":"max-snippet:-1","max-image-preview":"max-image-preview:large","max-video-preview":"max-video-preview:-1"},"canonical":"https:\/\/cbmitrovica.org\/sq\/activities\/punetori-per-edukimin-mediatik-te-te-rinjve\/","og_locale":"sq_AL","og_type":"article","og_title":"Pun\u00ebtori p\u00ebr Edukimin Mediatik t\u00eb t\u00eb Rinjve - CBM - Community Building Mitrovica","og_description":"U mblodh\u00ebn 23 t\u00eb rinj nga Mitrovica e Veriut dhe e Jugut, Leposaviqi dhe Zve\u00e7ani p\u00ebr nj\u00eb seri pun\u00ebtorish mbi edukimin mediatik dhe gazetarin\u00eb, t\u00eb mbajtura n\u00eb partneritet me Radio Kontakt Plus. Gjat\u00eb fundjav\u00ebs, pjes\u00ebmarr\u00ebsit trajtuan tema ky\u00e7e si bazat e sistemit mediatik, gazetaria etike, paragjykimi n\u00eb raportim dhe ndikimi i rrjeteve sociale. P\u00ebrmes nj\u00eb [&hellip;]","og_url":"https:\/\/cbmitrovica.org\/sq\/activities\/punetori-per-edukimin-mediatik-te-te-rinjve\/","og_site_name":"CBM - Community Building Mitrovica","og_image":[{"width":1600,"height":900,"url":"https:\/\/cbmitrovica.org\/wp-content\/uploads\/2021\/12\/viber-image-2021-12-21-15-40-54-153.jpg","type":"image\/jpeg"}],"twitter_card":"summary_large_image","twitter_misc":{"Est. reading time":"1 minute"},"schema":{"@context":"https:\/\/schema.org","@graph":[{"@type":"WebPage","@id":"https:\/\/cbmitrovica.org\/sq\/activities\/punetori-per-edukimin-mediatik-te-te-rinjve\/","url":"https:\/\/cbmitrovica.org\/sq\/activities\/punetori-per-edukimin-mediatik-te-te-rinjve\/","name":"Pun\u00ebtori p\u00ebr Edukimin Mediatik t\u00eb t\u00eb Rinjve - CBM - Community Building Mitrovica","isPartOf":{"@id":"https:\/\/cbmitrovica.org\/#website"},"datePublished":"2026-01-21T13:08:23+00:00","dateModified":"2026-01-21T13:08:23+00:00","breadcrumb":{"@id":"https:\/\/cbmitrovica.org\/sq\/activities\/punetori-per-edukimin-mediatik-te-te-rinjve\/#breadcrumb"},"inLanguage":"sq-AL","potentialAction":[{"@type":"ReadAction","target":["https:\/\/cbmitrovica.org\/sq\/activities\/punetori-per-edukimin-mediatik-te-te-rinjve\/"]}]},{"@type":"BreadcrumbList","@id":"https:\/\/cbmitrovica.org\/sq\/activities\/punetori-per-edukimin-mediatik-te-te-rinjve\/#breadcrumb","itemListElement":[{"@type":"ListItem","position":1,"name":"Home","item":"https:\/\/cbmitrovica.org\/sq\/"},{"@type":"ListItem","position":2,"name":"Aktivitetet","item":"https:\/\/cbmitrovica.org\/sq\/activities\/"},{"@type":"ListItem","position":3,"name":"Pun\u00ebtori p\u00ebr Edukimin Mediatik t\u00eb t\u00eb Rinjve"}]},{"@type":"WebSite","@id":"https:\/\/cbmitrovica.org\/#website","url":"https:\/\/cbmitrovica.org\/","name":"CBM - Community Building Mitrovica","description":"","potentialAction":[{"@type":"SearchAction","target":{"@type":"EntryPoint","urlTemplate":"https:\/\/cbmitrovica.org\/?s={search_term_string}"},"query-input":{"@type":"PropertyValueSpecification","valueRequired":true,"valueName":"search_term_string"}}],"inLanguage":"sq-AL"}]}},"_links":{"self":[{"href":"https:\/\/cbmitrovica.org\/sq\/wp-json\/wp\/v2\/pages\/382415","targetHints":{"allow":["GET"]}}],"collection":[{"href":"https:\/\/cbmitrovica.org\/sq\/wp-json\/wp\/v2\/pages"}],"about":[{"href":"https:\/\/cbmitrovica.org\/sq\/wp-json\/wp\/v2\/types\/page"}],"author":[{"embeddable":true,"href":"https:\/\/cbmitrovica.org\/sq\/wp-json\/wp\/v2\/users\/297"}],"replies":[{"embeddable":true,"href":"https:\/\/cbmitrovica.org\/sq\/wp-json\/wp\/v2\/comments?post=382415"}],"version-history":[{"count":1,"href":"https:\/\/cbmitrovica.org\/sq\/wp-json\/wp\/v2\/pages\/382415\/revisions"}],"predecessor-version":[{"id":382416,"href":"https:\/\/cbmitrovica.org\/sq\/wp-json\/wp\/v2\/pages\/382415\/revisions\/382416"}],"up":[{"embeddable":true,"href":"https:\/\/cbmitrovica.org\/sq\/wp-json\/wp\/v2\/pages\/215"}],"wp:attachment":[{"href":"https:\/\/cbmitrovica.org\/sq\/wp-json\/wp\/v2\/media?parent=382415"}],"curies":[{"name":"wp","href":"https:\/\/api.w.org\/{rel}","templated":true}]}}