{"id":382405,"date":"2026-01-21T13:04:33","date_gmt":"2026-01-21T13:04:33","guid":{"rendered":"https:\/\/cbmitrovica.org\/?page_id=382405"},"modified":"2026-01-21T13:04:34","modified_gmt":"2026-01-21T13:04:34","slug":"fuqizimi-i-rinise-permes-trajnimit-ne-marketing-digjital","status":"publish","type":"page","link":"https:\/\/cbmitrovica.org\/sq\/activities\/fuqizimi-i-rinise-permes-trajnimit-ne-marketing-digjital\/","title":{"rendered":"Fuqizimi i Rinis\u00eb p\u00ebrmes Trajnimit n\u00eb Marketing Digjital"},"content":{"rendered":"\n<p>Si pjes\u00eb e p\u00ebrpjekjeve p\u00ebr fuqizimin e rinis\u00eb, CBM realizoi trajnimin <strong>\u201cThemellet e Marketingut Digjital\u201d<\/strong>, i udh\u00ebhequr nga Ardita Krasniqi, me pjes\u00ebmarrjen e 10 t\u00eb rinjve.<\/p>\n\n\n\n<p>Gjat\u00eb pes\u00eb dit\u00ebve, pjes\u00ebmarr\u00ebsit fituan njohuri praktike n\u00eb krijimin e p\u00ebrmbajtjeve digjitale t\u00ebrheq\u00ebse, dizajnimin e vizualeve duke p\u00ebrdorur Canva, menaxhimin e faqeve n\u00eb Facebook dhe Instagram, krijimin e reklama online, p\u00ebrmir\u00ebsimin e SEO-s dhe p\u00ebrdorimin e Google Business Profile p\u00ebr t\u00eb forc\u00ebuar pranin\u00eb online t\u00eb bizneseve.<\/p>\n\n\n\n<p>Trajnimi bashkoi teorin\u00eb me praktik\u00ebn, pasi \u00e7do pjes\u00ebmarr\u00ebs zhvilloi nj\u00eb ide biznesi imagjinare, duke i mund\u00ebsuar atyre t\u00eb aplikonin aft\u00ebsit\u00eb e reja t\u00eb fituara n\u00eb nj\u00eb m\u00ebnyr\u00eb praktike. Ky qasje u mund\u00ebsoi pjes\u00ebmarr\u00ebsve t\u00eb p\u00ebrvet\u00ebsojn\u00eb kompetenca t\u00eb vlefshme dhe t\u00eb rrisin gatishm\u00ebrin\u00eb e tyre p\u00ebr mund\u00ebsi t\u00eb ardhshme n\u00eb fush\u00ebn e marketingut digjital.<\/p>\n\n\n\n<p><\/p>\n","protected":false},"excerpt":{"rendered":"<p>Si pjes\u00eb e p\u00ebrpjekjeve p\u00ebr fuqizimin e rinis\u00eb, CBM realizoi trajnimin \u201cThemellet e Marketingut Digjital\u201d, i udh\u00ebhequr nga Ardita Krasniqi, me pjes\u00ebmarrjen e 10 t\u00eb rinjve. Gjat\u00eb pes\u00eb dit\u00ebve, pjes\u00ebmarr\u00ebsit fituan njohuri praktike n\u00eb krijimin e p\u00ebrmbajtjeve digjitale t\u00ebrheq\u00ebse, dizajnimin e vizualeve duke p\u00ebrdorur Canva, menaxhimin e faqeve n\u00eb Facebook dhe Instagram, krijimin e reklama [&hellip;]<\/p>\n","protected":false},"author":297,"featured_media":0,"parent":215,"menu_order":0,"comment_status":"closed","ping_status":"closed","template":"template-singleactiviti.php","meta":{"_bbp_topic_count":0,"_bbp_reply_count":0,"_bbp_total_topic_count":0,"_bbp_total_reply_count":0,"_bbp_voice_count":0,"_bbp_anonymous_reply_count":0,"_bbp_topic_count_hidden":0,"_bbp_reply_count_hidden":0,"_bbp_forum_subforum_count":0,"_monsterinsights_skip_tracking":false,"_monsterinsights_sitenote_active":false,"_monsterinsights_sitenote_note":"","_monsterinsights_sitenote_category":0,"footnotes":""},"class_list":["post-382405","page","type-page","status-publish","hentry"],"acf":[],"yoast_head":"<!-- This site is optimized with the Yoast SEO plugin v24.2 - https:\/\/yoast.com\/wordpress\/plugins\/seo\/ -->\n<title>Fuqizimi i Rinis\u00eb p\u00ebrmes Trajnimit n\u00eb Marketing Digjital - CBM - Community Building Mitrovica<\/title>\n<meta name=\"robots\" content=\"index, follow, max-snippet:-1, max-image-preview:large, max-video-preview:-1\" \/>\n<link rel=\"canonical\" href=\"https:\/\/cbmitrovica.org\/sq\/activities\/fuqizimi-i-rinise-permes-trajnimit-ne-marketing-digjital\/\" \/>\n<meta property=\"og:locale\" content=\"sq_AL\" \/>\n<meta property=\"og:type\" content=\"article\" \/>\n<meta property=\"og:title\" content=\"Fuqizimi i Rinis\u00eb p\u00ebrmes Trajnimit n\u00eb Marketing Digjital - CBM - Community Building Mitrovica\" \/>\n<meta property=\"og:description\" content=\"Si pjes\u00eb e p\u00ebrpjekjeve p\u00ebr fuqizimin e rinis\u00eb, CBM realizoi trajnimin \u201cThemellet e Marketingut Digjital\u201d, i udh\u00ebhequr nga Ardita Krasniqi, me pjes\u00ebmarrjen e 10 t\u00eb rinjve. Gjat\u00eb pes\u00eb dit\u00ebve, pjes\u00ebmarr\u00ebsit fituan njohuri praktike n\u00eb krijimin e p\u00ebrmbajtjeve digjitale t\u00ebrheq\u00ebse, dizajnimin e vizualeve duke p\u00ebrdorur Canva, menaxhimin e faqeve n\u00eb Facebook dhe Instagram, krijimin e reklama [&hellip;]\" \/>\n<meta property=\"og:url\" content=\"https:\/\/cbmitrovica.org\/sq\/activities\/fuqizimi-i-rinise-permes-trajnimit-ne-marketing-digjital\/\" \/>\n<meta property=\"og:site_name\" content=\"CBM - Community Building Mitrovica\" \/>\n<meta property=\"article:modified_time\" content=\"2026-01-21T13:04:34+00:00\" \/>\n<meta property=\"og:image\" content=\"https:\/\/cbmitrovica.org\/wp-content\/uploads\/2021\/12\/viber-image-2021-12-21-15-40-54-153.jpg\" \/>\n\t<meta property=\"og:image:width\" content=\"1600\" \/>\n\t<meta property=\"og:image:height\" content=\"900\" \/>\n\t<meta property=\"og:image:type\" content=\"image\/jpeg\" \/>\n<meta name=\"twitter:card\" content=\"summary_large_image\" \/>\n<meta name=\"twitter:label1\" content=\"Est. reading time\" \/>\n\t<meta name=\"twitter:data1\" content=\"1 minute\" \/>\n<script type=\"application\/ld+json\" class=\"yoast-schema-graph\">{\"@context\":\"https:\/\/schema.org\",\"@graph\":[{\"@type\":\"WebPage\",\"@id\":\"https:\/\/cbmitrovica.org\/sq\/activities\/fuqizimi-i-rinise-permes-trajnimit-ne-marketing-digjital\/\",\"url\":\"https:\/\/cbmitrovica.org\/sq\/activities\/fuqizimi-i-rinise-permes-trajnimit-ne-marketing-digjital\/\",\"name\":\"Fuqizimi i Rinis\u00eb p\u00ebrmes Trajnimit n\u00eb Marketing Digjital - CBM - Community Building Mitrovica\",\"isPartOf\":{\"@id\":\"https:\/\/cbmitrovica.org\/#website\"},\"datePublished\":\"2026-01-21T13:04:33+00:00\",\"dateModified\":\"2026-01-21T13:04:34+00:00\",\"breadcrumb\":{\"@id\":\"https:\/\/cbmitrovica.org\/sq\/activities\/fuqizimi-i-rinise-permes-trajnimit-ne-marketing-digjital\/#breadcrumb\"},\"inLanguage\":\"sq-AL\",\"potentialAction\":[{\"@type\":\"ReadAction\",\"target\":[\"https:\/\/cbmitrovica.org\/sq\/activities\/fuqizimi-i-rinise-permes-trajnimit-ne-marketing-digjital\/\"]}]},{\"@type\":\"BreadcrumbList\",\"@id\":\"https:\/\/cbmitrovica.org\/sq\/activities\/fuqizimi-i-rinise-permes-trajnimit-ne-marketing-digjital\/#breadcrumb\",\"itemListElement\":[{\"@type\":\"ListItem\",\"position\":1,\"name\":\"Home\",\"item\":\"https:\/\/cbmitrovica.org\/sq\/\"},{\"@type\":\"ListItem\",\"position\":2,\"name\":\"Aktivitetet\",\"item\":\"https:\/\/cbmitrovica.org\/sq\/activities\/\"},{\"@type\":\"ListItem\",\"position\":3,\"name\":\"Fuqizimi i Rinis\u00eb p\u00ebrmes Trajnimit n\u00eb Marketing Digjital\"}]},{\"@type\":\"WebSite\",\"@id\":\"https:\/\/cbmitrovica.org\/#website\",\"url\":\"https:\/\/cbmitrovica.org\/\",\"name\":\"CBM - Community Building Mitrovica\",\"description\":\"\",\"potentialAction\":[{\"@type\":\"SearchAction\",\"target\":{\"@type\":\"EntryPoint\",\"urlTemplate\":\"https:\/\/cbmitrovica.org\/?s={search_term_string}\"},\"query-input\":{\"@type\":\"PropertyValueSpecification\",\"valueRequired\":true,\"valueName\":\"search_term_string\"}}],\"inLanguage\":\"sq-AL\"}]}<\/script>\n<!-- \/ Yoast SEO plugin. -->","yoast_head_json":{"title":"Fuqizimi i Rinis\u00eb p\u00ebrmes Trajnimit n\u00eb Marketing Digjital - CBM - Community Building Mitrovica","robots":{"index":"index","follow":"follow","max-snippet":"max-snippet:-1","max-image-preview":"max-image-preview:large","max-video-preview":"max-video-preview:-1"},"canonical":"https:\/\/cbmitrovica.org\/sq\/activities\/fuqizimi-i-rinise-permes-trajnimit-ne-marketing-digjital\/","og_locale":"sq_AL","og_type":"article","og_title":"Fuqizimi i Rinis\u00eb p\u00ebrmes Trajnimit n\u00eb Marketing Digjital - CBM - Community Building Mitrovica","og_description":"Si pjes\u00eb e p\u00ebrpjekjeve p\u00ebr fuqizimin e rinis\u00eb, CBM realizoi trajnimin \u201cThemellet e Marketingut Digjital\u201d, i udh\u00ebhequr nga Ardita Krasniqi, me pjes\u00ebmarrjen e 10 t\u00eb rinjve. Gjat\u00eb pes\u00eb dit\u00ebve, pjes\u00ebmarr\u00ebsit fituan njohuri praktike n\u00eb krijimin e p\u00ebrmbajtjeve digjitale t\u00ebrheq\u00ebse, dizajnimin e vizualeve duke p\u00ebrdorur Canva, menaxhimin e faqeve n\u00eb Facebook dhe Instagram, krijimin e reklama [&hellip;]","og_url":"https:\/\/cbmitrovica.org\/sq\/activities\/fuqizimi-i-rinise-permes-trajnimit-ne-marketing-digjital\/","og_site_name":"CBM - Community Building Mitrovica","article_modified_time":"2026-01-21T13:04:34+00:00","og_image":[{"width":1600,"height":900,"url":"https:\/\/cbmitrovica.org\/wp-content\/uploads\/2021\/12\/viber-image-2021-12-21-15-40-54-153.jpg","type":"image\/jpeg"}],"twitter_card":"summary_large_image","twitter_misc":{"Est. reading time":"1 minute"},"schema":{"@context":"https:\/\/schema.org","@graph":[{"@type":"WebPage","@id":"https:\/\/cbmitrovica.org\/sq\/activities\/fuqizimi-i-rinise-permes-trajnimit-ne-marketing-digjital\/","url":"https:\/\/cbmitrovica.org\/sq\/activities\/fuqizimi-i-rinise-permes-trajnimit-ne-marketing-digjital\/","name":"Fuqizimi i Rinis\u00eb p\u00ebrmes Trajnimit n\u00eb Marketing Digjital - CBM - Community Building Mitrovica","isPartOf":{"@id":"https:\/\/cbmitrovica.org\/#website"},"datePublished":"2026-01-21T13:04:33+00:00","dateModified":"2026-01-21T13:04:34+00:00","breadcrumb":{"@id":"https:\/\/cbmitrovica.org\/sq\/activities\/fuqizimi-i-rinise-permes-trajnimit-ne-marketing-digjital\/#breadcrumb"},"inLanguage":"sq-AL","potentialAction":[{"@type":"ReadAction","target":["https:\/\/cbmitrovica.org\/sq\/activities\/fuqizimi-i-rinise-permes-trajnimit-ne-marketing-digjital\/"]}]},{"@type":"BreadcrumbList","@id":"https:\/\/cbmitrovica.org\/sq\/activities\/fuqizimi-i-rinise-permes-trajnimit-ne-marketing-digjital\/#breadcrumb","itemListElement":[{"@type":"ListItem","position":1,"name":"Home","item":"https:\/\/cbmitrovica.org\/sq\/"},{"@type":"ListItem","position":2,"name":"Aktivitetet","item":"https:\/\/cbmitrovica.org\/sq\/activities\/"},{"@type":"ListItem","position":3,"name":"Fuqizimi i Rinis\u00eb p\u00ebrmes Trajnimit n\u00eb Marketing Digjital"}]},{"@type":"WebSite","@id":"https:\/\/cbmitrovica.org\/#website","url":"https:\/\/cbmitrovica.org\/","name":"CBM - Community Building Mitrovica","description":"","potentialAction":[{"@type":"SearchAction","target":{"@type":"EntryPoint","urlTemplate":"https:\/\/cbmitrovica.org\/?s={search_term_string}"},"query-input":{"@type":"PropertyValueSpecification","valueRequired":true,"valueName":"search_term_string"}}],"inLanguage":"sq-AL"}]}},"_links":{"self":[{"href":"https:\/\/cbmitrovica.org\/sq\/wp-json\/wp\/v2\/pages\/382405","targetHints":{"allow":["GET"]}}],"collection":[{"href":"https:\/\/cbmitrovica.org\/sq\/wp-json\/wp\/v2\/pages"}],"about":[{"href":"https:\/\/cbmitrovica.org\/sq\/wp-json\/wp\/v2\/types\/page"}],"author":[{"embeddable":true,"href":"https:\/\/cbmitrovica.org\/sq\/wp-json\/wp\/v2\/users\/297"}],"replies":[{"embeddable":true,"href":"https:\/\/cbmitrovica.org\/sq\/wp-json\/wp\/v2\/comments?post=382405"}],"version-history":[{"count":1,"href":"https:\/\/cbmitrovica.org\/sq\/wp-json\/wp\/v2\/pages\/382405\/revisions"}],"predecessor-version":[{"id":382406,"href":"https:\/\/cbmitrovica.org\/sq\/wp-json\/wp\/v2\/pages\/382405\/revisions\/382406"}],"up":[{"embeddable":true,"href":"https:\/\/cbmitrovica.org\/sq\/wp-json\/wp\/v2\/pages\/215"}],"wp:attachment":[{"href":"https:\/\/cbmitrovica.org\/sq\/wp-json\/wp\/v2\/media?parent=382405"}],"curies":[{"name":"wp","href":"https:\/\/api.w.org\/{rel}","templated":true}]}}