{"id":382401,"date":"2026-01-21T13:03:27","date_gmt":"2026-01-21T13:03:27","guid":{"rendered":"https:\/\/cbmitrovica.org\/?page_id=382401"},"modified":"2026-01-21T13:03:28","modified_gmt":"2026-01-21T13:03:28","slug":"fuqizimi-i-rinise-permes-voluntarizmit-dhe-angazhimit-ne-komunitet","status":"publish","type":"page","link":"https:\/\/cbmitrovica.org\/sq\/activities\/fuqizimi-i-rinise-permes-voluntarizmit-dhe-angazhimit-ne-komunitet\/","title":{"rendered":"Fuqizimi i Rinis\u00eb p\u00ebrmes Voluntarizmit dhe Angazhimit n\u00eb Komunitet"},"content":{"rendered":"\n<p><strong>CBM vazhdon t\u00eb mb\u00ebshtes\u00eb iniciativat e udh\u00ebhequra nga rinia\u2014k\u00ebt\u00eb her\u00eb me nj\u00eb fokus n\u00eb r\u00ebnd\u00ebsin\u00eb e pun\u00ebs vullnetariz\u00ebm dhe sfidat e p\u00ebrditshme me t\u00eb cilat p\u00ebrballet komuniteti Ashkali.<\/strong><\/p>\n\n\n\n<p>Seanca u udh\u00ebhoq nga Hamide Hyseni, nj\u00eb aktiviste e angazhuar e shoq\u00ebris\u00eb civile nga Mitrovica, e njohur gjer\u00ebsisht p\u00ebr angazhimin e saj t\u00eb gjat\u00eb n\u00eb fush\u00ebn e vullnetarizmit. Gjat\u00eb seanc\u00ebs, pjes\u00ebmarr\u00ebsit shqyrtuan vler\u00ebn e pun\u00ebs vullnetariz\u00ebm, duke m\u00ebsuar p\u00ebr rolin e saj n\u00eb rritjen personale dhe profesionale, si dhe r\u00ebnd\u00ebsin\u00eb e angazhimit aktiv n\u00eb komunitet. Hamide gjithashtu ndau mendime t\u00eb thella mbi sfidat me t\u00eb cilat p\u00ebrballet komuniteti i saj \u00e7do dit\u00eb.<\/p>\n\n\n\n<p>Ky trajnim inkurajoi t\u00eb rinjt\u00eb t\u00eb veprojn\u00eb dhe t\u00eb kontribuojn\u00eb p\u00ebrmes vullnetarizmit p\u00ebr t\u00eb krijuar nj\u00eb ndryshim pozitiv n\u00eb shoq\u00ebri.<\/p>\n\n\n\n<p>Ky aktivitet po implementohet brenda kuadrit t\u00eb Programit p\u00ebr Komunitete t\u00eb Q\u00ebndrueshme dhe Inkluzive, i mb\u00ebshtetur nga Fondi Global p\u00ebr Angazhimin dhe Q\u00ebndrueshm\u00ebrin\u00eb e Komunitetit.<\/p>\n\n\n\n<p><\/p>\n","protected":false},"excerpt":{"rendered":"<p>CBM vazhdon t\u00eb mb\u00ebshtes\u00eb iniciativat e udh\u00ebhequra nga rinia\u2014k\u00ebt\u00eb her\u00eb me nj\u00eb fokus n\u00eb r\u00ebnd\u00ebsin\u00eb e pun\u00ebs vullnetariz\u00ebm dhe sfidat e p\u00ebrditshme me t\u00eb cilat p\u00ebrballet komuniteti Ashkali. Seanca u udh\u00ebhoq nga Hamide Hyseni, nj\u00eb aktiviste e angazhuar e shoq\u00ebris\u00eb civile nga Mitrovica, e njohur gjer\u00ebsisht p\u00ebr angazhimin e saj t\u00eb gjat\u00eb n\u00eb fush\u00ebn e [&hellip;]<\/p>\n","protected":false},"author":297,"featured_media":0,"parent":215,"menu_order":0,"comment_status":"closed","ping_status":"closed","template":"template-singleactiviti.php","meta":{"_bbp_topic_count":0,"_bbp_reply_count":0,"_bbp_total_topic_count":0,"_bbp_total_reply_count":0,"_bbp_voice_count":0,"_bbp_anonymous_reply_count":0,"_bbp_topic_count_hidden":0,"_bbp_reply_count_hidden":0,"_bbp_forum_subforum_count":0,"_monsterinsights_skip_tracking":false,"_monsterinsights_sitenote_active":false,"_monsterinsights_sitenote_note":"","_monsterinsights_sitenote_category":0,"footnotes":""},"class_list":["post-382401","page","type-page","status-publish","hentry"],"acf":[],"yoast_head":"<!-- This site is optimized with the Yoast SEO plugin v24.2 - https:\/\/yoast.com\/wordpress\/plugins\/seo\/ -->\n<title>Fuqizimi i Rinis\u00eb p\u00ebrmes Voluntarizmit dhe Angazhimit n\u00eb Komunitet - CBM - Community Building Mitrovica<\/title>\n<meta name=\"robots\" content=\"index, follow, max-snippet:-1, max-image-preview:large, max-video-preview:-1\" \/>\n<link rel=\"canonical\" href=\"https:\/\/cbmitrovica.org\/sq\/activities\/fuqizimi-i-rinise-permes-voluntarizmit-dhe-angazhimit-ne-komunitet\/\" \/>\n<meta property=\"og:locale\" content=\"sq_AL\" \/>\n<meta property=\"og:type\" content=\"article\" \/>\n<meta property=\"og:title\" content=\"Fuqizimi i Rinis\u00eb p\u00ebrmes Voluntarizmit dhe Angazhimit n\u00eb Komunitet - CBM - Community Building Mitrovica\" \/>\n<meta property=\"og:description\" content=\"CBM vazhdon t\u00eb mb\u00ebshtes\u00eb iniciativat e udh\u00ebhequra nga rinia\u2014k\u00ebt\u00eb her\u00eb me nj\u00eb fokus n\u00eb r\u00ebnd\u00ebsin\u00eb e pun\u00ebs vullnetariz\u00ebm dhe sfidat e p\u00ebrditshme me t\u00eb cilat p\u00ebrballet komuniteti Ashkali. Seanca u udh\u00ebhoq nga Hamide Hyseni, nj\u00eb aktiviste e angazhuar e shoq\u00ebris\u00eb civile nga Mitrovica, e njohur gjer\u00ebsisht p\u00ebr angazhimin e saj t\u00eb gjat\u00eb n\u00eb fush\u00ebn e [&hellip;]\" \/>\n<meta property=\"og:url\" content=\"https:\/\/cbmitrovica.org\/sq\/activities\/fuqizimi-i-rinise-permes-voluntarizmit-dhe-angazhimit-ne-komunitet\/\" \/>\n<meta property=\"og:site_name\" content=\"CBM - Community Building Mitrovica\" \/>\n<meta property=\"article:modified_time\" content=\"2026-01-21T13:03:28+00:00\" \/>\n<meta property=\"og:image\" content=\"https:\/\/cbmitrovica.org\/wp-content\/uploads\/2021\/12\/viber-image-2021-12-21-15-40-54-153.jpg\" \/>\n\t<meta property=\"og:image:width\" content=\"1600\" \/>\n\t<meta property=\"og:image:height\" content=\"900\" \/>\n\t<meta property=\"og:image:type\" content=\"image\/jpeg\" \/>\n<meta name=\"twitter:card\" content=\"summary_large_image\" \/>\n<meta name=\"twitter:label1\" content=\"Est. reading time\" \/>\n\t<meta name=\"twitter:data1\" content=\"1 minute\" \/>\n<script type=\"application\/ld+json\" class=\"yoast-schema-graph\">{\"@context\":\"https:\/\/schema.org\",\"@graph\":[{\"@type\":\"WebPage\",\"@id\":\"https:\/\/cbmitrovica.org\/sq\/activities\/fuqizimi-i-rinise-permes-voluntarizmit-dhe-angazhimit-ne-komunitet\/\",\"url\":\"https:\/\/cbmitrovica.org\/sq\/activities\/fuqizimi-i-rinise-permes-voluntarizmit-dhe-angazhimit-ne-komunitet\/\",\"name\":\"Fuqizimi i Rinis\u00eb p\u00ebrmes Voluntarizmit dhe Angazhimit n\u00eb Komunitet - CBM - Community Building Mitrovica\",\"isPartOf\":{\"@id\":\"https:\/\/cbmitrovica.org\/#website\"},\"datePublished\":\"2026-01-21T13:03:27+00:00\",\"dateModified\":\"2026-01-21T13:03:28+00:00\",\"breadcrumb\":{\"@id\":\"https:\/\/cbmitrovica.org\/sq\/activities\/fuqizimi-i-rinise-permes-voluntarizmit-dhe-angazhimit-ne-komunitet\/#breadcrumb\"},\"inLanguage\":\"sq-AL\",\"potentialAction\":[{\"@type\":\"ReadAction\",\"target\":[\"https:\/\/cbmitrovica.org\/sq\/activities\/fuqizimi-i-rinise-permes-voluntarizmit-dhe-angazhimit-ne-komunitet\/\"]}]},{\"@type\":\"BreadcrumbList\",\"@id\":\"https:\/\/cbmitrovica.org\/sq\/activities\/fuqizimi-i-rinise-permes-voluntarizmit-dhe-angazhimit-ne-komunitet\/#breadcrumb\",\"itemListElement\":[{\"@type\":\"ListItem\",\"position\":1,\"name\":\"Home\",\"item\":\"https:\/\/cbmitrovica.org\/sq\/\"},{\"@type\":\"ListItem\",\"position\":2,\"name\":\"Aktivitetet\",\"item\":\"https:\/\/cbmitrovica.org\/sq\/activities\/\"},{\"@type\":\"ListItem\",\"position\":3,\"name\":\"Fuqizimi i Rinis\u00eb p\u00ebrmes Voluntarizmit dhe Angazhimit n\u00eb Komunitet\"}]},{\"@type\":\"WebSite\",\"@id\":\"https:\/\/cbmitrovica.org\/#website\",\"url\":\"https:\/\/cbmitrovica.org\/\",\"name\":\"CBM - Community Building Mitrovica\",\"description\":\"\",\"potentialAction\":[{\"@type\":\"SearchAction\",\"target\":{\"@type\":\"EntryPoint\",\"urlTemplate\":\"https:\/\/cbmitrovica.org\/?s={search_term_string}\"},\"query-input\":{\"@type\":\"PropertyValueSpecification\",\"valueRequired\":true,\"valueName\":\"search_term_string\"}}],\"inLanguage\":\"sq-AL\"}]}<\/script>\n<!-- \/ Yoast SEO plugin. -->","yoast_head_json":{"title":"Fuqizimi i Rinis\u00eb p\u00ebrmes Voluntarizmit dhe Angazhimit n\u00eb Komunitet - CBM - Community Building Mitrovica","robots":{"index":"index","follow":"follow","max-snippet":"max-snippet:-1","max-image-preview":"max-image-preview:large","max-video-preview":"max-video-preview:-1"},"canonical":"https:\/\/cbmitrovica.org\/sq\/activities\/fuqizimi-i-rinise-permes-voluntarizmit-dhe-angazhimit-ne-komunitet\/","og_locale":"sq_AL","og_type":"article","og_title":"Fuqizimi i Rinis\u00eb p\u00ebrmes Voluntarizmit dhe Angazhimit n\u00eb Komunitet - CBM - Community Building Mitrovica","og_description":"CBM vazhdon t\u00eb mb\u00ebshtes\u00eb iniciativat e udh\u00ebhequra nga rinia\u2014k\u00ebt\u00eb her\u00eb me nj\u00eb fokus n\u00eb r\u00ebnd\u00ebsin\u00eb e pun\u00ebs vullnetariz\u00ebm dhe sfidat e p\u00ebrditshme me t\u00eb cilat p\u00ebrballet komuniteti Ashkali. Seanca u udh\u00ebhoq nga Hamide Hyseni, nj\u00eb aktiviste e angazhuar e shoq\u00ebris\u00eb civile nga Mitrovica, e njohur gjer\u00ebsisht p\u00ebr angazhimin e saj t\u00eb gjat\u00eb n\u00eb fush\u00ebn e [&hellip;]","og_url":"https:\/\/cbmitrovica.org\/sq\/activities\/fuqizimi-i-rinise-permes-voluntarizmit-dhe-angazhimit-ne-komunitet\/","og_site_name":"CBM - Community Building Mitrovica","article_modified_time":"2026-01-21T13:03:28+00:00","og_image":[{"width":1600,"height":900,"url":"https:\/\/cbmitrovica.org\/wp-content\/uploads\/2021\/12\/viber-image-2021-12-21-15-40-54-153.jpg","type":"image\/jpeg"}],"twitter_card":"summary_large_image","twitter_misc":{"Est. reading time":"1 minute"},"schema":{"@context":"https:\/\/schema.org","@graph":[{"@type":"WebPage","@id":"https:\/\/cbmitrovica.org\/sq\/activities\/fuqizimi-i-rinise-permes-voluntarizmit-dhe-angazhimit-ne-komunitet\/","url":"https:\/\/cbmitrovica.org\/sq\/activities\/fuqizimi-i-rinise-permes-voluntarizmit-dhe-angazhimit-ne-komunitet\/","name":"Fuqizimi i Rinis\u00eb p\u00ebrmes Voluntarizmit dhe Angazhimit n\u00eb Komunitet - CBM - Community Building Mitrovica","isPartOf":{"@id":"https:\/\/cbmitrovica.org\/#website"},"datePublished":"2026-01-21T13:03:27+00:00","dateModified":"2026-01-21T13:03:28+00:00","breadcrumb":{"@id":"https:\/\/cbmitrovica.org\/sq\/activities\/fuqizimi-i-rinise-permes-voluntarizmit-dhe-angazhimit-ne-komunitet\/#breadcrumb"},"inLanguage":"sq-AL","potentialAction":[{"@type":"ReadAction","target":["https:\/\/cbmitrovica.org\/sq\/activities\/fuqizimi-i-rinise-permes-voluntarizmit-dhe-angazhimit-ne-komunitet\/"]}]},{"@type":"BreadcrumbList","@id":"https:\/\/cbmitrovica.org\/sq\/activities\/fuqizimi-i-rinise-permes-voluntarizmit-dhe-angazhimit-ne-komunitet\/#breadcrumb","itemListElement":[{"@type":"ListItem","position":1,"name":"Home","item":"https:\/\/cbmitrovica.org\/sq\/"},{"@type":"ListItem","position":2,"name":"Aktivitetet","item":"https:\/\/cbmitrovica.org\/sq\/activities\/"},{"@type":"ListItem","position":3,"name":"Fuqizimi i Rinis\u00eb p\u00ebrmes Voluntarizmit dhe Angazhimit n\u00eb Komunitet"}]},{"@type":"WebSite","@id":"https:\/\/cbmitrovica.org\/#website","url":"https:\/\/cbmitrovica.org\/","name":"CBM - Community Building Mitrovica","description":"","potentialAction":[{"@type":"SearchAction","target":{"@type":"EntryPoint","urlTemplate":"https:\/\/cbmitrovica.org\/?s={search_term_string}"},"query-input":{"@type":"PropertyValueSpecification","valueRequired":true,"valueName":"search_term_string"}}],"inLanguage":"sq-AL"}]}},"_links":{"self":[{"href":"https:\/\/cbmitrovica.org\/sq\/wp-json\/wp\/v2\/pages\/382401","targetHints":{"allow":["GET"]}}],"collection":[{"href":"https:\/\/cbmitrovica.org\/sq\/wp-json\/wp\/v2\/pages"}],"about":[{"href":"https:\/\/cbmitrovica.org\/sq\/wp-json\/wp\/v2\/types\/page"}],"author":[{"embeddable":true,"href":"https:\/\/cbmitrovica.org\/sq\/wp-json\/wp\/v2\/users\/297"}],"replies":[{"embeddable":true,"href":"https:\/\/cbmitrovica.org\/sq\/wp-json\/wp\/v2\/comments?post=382401"}],"version-history":[{"count":1,"href":"https:\/\/cbmitrovica.org\/sq\/wp-json\/wp\/v2\/pages\/382401\/revisions"}],"predecessor-version":[{"id":382402,"href":"https:\/\/cbmitrovica.org\/sq\/wp-json\/wp\/v2\/pages\/382401\/revisions\/382402"}],"up":[{"embeddable":true,"href":"https:\/\/cbmitrovica.org\/sq\/wp-json\/wp\/v2\/pages\/215"}],"wp:attachment":[{"href":"https:\/\/cbmitrovica.org\/sq\/wp-json\/wp\/v2\/media?parent=382401"}],"curies":[{"name":"wp","href":"https:\/\/api.w.org\/{rel}","templated":true}]}}