{"id":382395,"date":"2026-01-21T13:02:17","date_gmt":"2026-01-21T13:02:17","guid":{"rendered":"https:\/\/cbmitrovica.org\/?page_id=382395"},"modified":"2026-01-21T13:02:17","modified_gmt":"2026-01-21T13:02:17","slug":"permbyllja-e-nje-kapitulli-pesevjecar-me-peace-nexus","status":"publish","type":"page","link":"https:\/\/cbmitrovica.org\/sq\/projects\/permbyllja-e-nje-kapitulli-pesevjecar-me-peace-nexus\/","title":{"rendered":"P\u00ebrmbyllja e nj\u00eb kapitulli pes\u00ebvje\u00e7ar me Peace Nexus"},"content":{"rendered":"\n<p>Sot po mbyllim nj\u00eb kapitull t\u00eb r\u00ebnd\u00ebsish\u00ebm pes\u00ebvje\u00e7ar t\u00eb partneritetit mes CBM dhe PeaceNexus. Gjat\u00eb k\u00ebtyre viteve kemi marr\u00eb mb\u00ebshtetje dhe udh\u00ebzime t\u00eb jasht\u00ebzakonshme nga PeaceNexus, t\u00eb cilat na kan\u00eb ndihmuar t\u00eb rritemi si organizat\u00eb dhe t\u00eb punojm\u00eb me m\u00eb shum\u00eb qart\u00ebsi, q\u00ebndrueshm\u00ebri dhe profesionaliz\u00ebm.<\/p>\n\n\n\n<p>Gjat\u00eb k\u00ebtyre dit\u00ebve kemi reflektuar mbi arritjet tona, m\u00ebsimet q\u00eb kemi nxjerr\u00eb dhe ndryshimet q\u00eb kemi b\u00ebr\u00eb si ekip. Kemi diskutuar politikat e reja, ndarjen e roleve dhe sfidat q\u00eb na presin.<\/p>\n\n\n\n<p>Faleminderit p\u00ebr gjith\u00eb mb\u00ebshtetjen dhe bashk\u00ebpunimin. Gati p\u00ebr hapin tjet\u00ebr.<\/p>\n\n\n\n<p><\/p>\n\n\n\n<p><\/p>\n","protected":false},"excerpt":{"rendered":"<p>Sot po mbyllim nj\u00eb kapitull t\u00eb r\u00ebnd\u00ebsish\u00ebm pes\u00ebvje\u00e7ar t\u00eb partneritetit mes CBM dhe PeaceNexus. Gjat\u00eb k\u00ebtyre viteve kemi marr\u00eb mb\u00ebshtetje dhe udh\u00ebzime t\u00eb jasht\u00ebzakonshme nga PeaceNexus, t\u00eb cilat na kan\u00eb ndihmuar t\u00eb rritemi si organizat\u00eb dhe t\u00eb punojm\u00eb me m\u00eb shum\u00eb qart\u00ebsi, q\u00ebndrueshm\u00ebri dhe profesionaliz\u00ebm. Gjat\u00eb k\u00ebtyre dit\u00ebve kemi reflektuar mbi arritjet tona, m\u00ebsimet q\u00eb [&hellip;]<\/p>\n","protected":false},"author":297,"featured_media":0,"parent":83,"menu_order":0,"comment_status":"closed","ping_status":"closed","template":"template-singleactiviti.php","meta":{"_bbp_topic_count":0,"_bbp_reply_count":0,"_bbp_total_topic_count":0,"_bbp_total_reply_count":0,"_bbp_voice_count":0,"_bbp_anonymous_reply_count":0,"_bbp_topic_count_hidden":0,"_bbp_reply_count_hidden":0,"_bbp_forum_subforum_count":0,"_monsterinsights_skip_tracking":false,"_monsterinsights_sitenote_active":false,"_monsterinsights_sitenote_note":"","_monsterinsights_sitenote_category":0,"footnotes":""},"class_list":["post-382395","page","type-page","status-publish","hentry"],"acf":[],"yoast_head":"<!-- This site is optimized with the Yoast SEO plugin v24.2 - https:\/\/yoast.com\/wordpress\/plugins\/seo\/ -->\n<title>P\u00ebrmbyllja e nj\u00eb kapitulli pes\u00ebvje\u00e7ar me Peace Nexus - CBM - Community Building Mitrovica<\/title>\n<meta name=\"description\" content=\"Today we are closing an important five-year chapter of the partnership between CBM and PeaceNexus. Throughout these years we\u2019ve received exceptional support and guidance from Peace Nexus, which has helped us grow as an organisation and work with more clarity, resilience and professionalism.\" \/>\n<meta name=\"robots\" content=\"index, follow, max-snippet:-1, max-image-preview:large, max-video-preview:-1\" \/>\n<link rel=\"canonical\" href=\"https:\/\/cbmitrovica.org\/sq\/projects\/permbyllja-e-nje-kapitulli-pesevjecar-me-peace-nexus\/\" \/>\n<meta property=\"og:locale\" content=\"sq_AL\" \/>\n<meta property=\"og:type\" content=\"article\" \/>\n<meta property=\"og:title\" content=\"P\u00ebrmbyllja e nj\u00eb kapitulli pes\u00ebvje\u00e7ar me Peace Nexus - CBM - Community Building Mitrovica\" \/>\n<meta property=\"og:description\" content=\"Today we are closing an important five-year chapter of the partnership between CBM and PeaceNexus. Throughout these years we\u2019ve received exceptional support and guidance from Peace Nexus, which has helped us grow as an organisation and work with more clarity, resilience and professionalism.\" \/>\n<meta property=\"og:url\" content=\"https:\/\/cbmitrovica.org\/sq\/projects\/permbyllja-e-nje-kapitulli-pesevjecar-me-peace-nexus\/\" \/>\n<meta property=\"og:site_name\" content=\"CBM - Community Building Mitrovica\" \/>\n<meta property=\"og:image\" content=\"https:\/\/cbmitrovica.org\/wp-content\/uploads\/2021\/12\/viber-image-2021-12-21-15-40-54-153.jpg\" \/>\n\t<meta property=\"og:image:width\" content=\"1600\" \/>\n\t<meta property=\"og:image:height\" content=\"900\" \/>\n\t<meta property=\"og:image:type\" content=\"image\/jpeg\" \/>\n<meta name=\"twitter:card\" content=\"summary_large_image\" \/>\n<meta name=\"twitter:label1\" content=\"Est. reading time\" \/>\n\t<meta name=\"twitter:data1\" content=\"1 minute\" \/>\n<script type=\"application\/ld+json\" class=\"yoast-schema-graph\">{\"@context\":\"https:\/\/schema.org\",\"@graph\":[{\"@type\":\"WebPage\",\"@id\":\"https:\/\/cbmitrovica.org\/sq\/projects\/permbyllja-e-nje-kapitulli-pesevjecar-me-peace-nexus\/\",\"url\":\"https:\/\/cbmitrovica.org\/sq\/projects\/permbyllja-e-nje-kapitulli-pesevjecar-me-peace-nexus\/\",\"name\":\"P\u00ebrmbyllja e nj\u00eb kapitulli pes\u00ebvje\u00e7ar me Peace Nexus - CBM - Community Building Mitrovica\",\"isPartOf\":{\"@id\":\"https:\/\/cbmitrovica.org\/#website\"},\"datePublished\":\"2026-01-21T13:02:17+00:00\",\"dateModified\":\"2026-01-21T13:02:17+00:00\",\"description\":\"Today we are closing an important five-year chapter of the partnership between CBM and PeaceNexus. Throughout these years we\u2019ve received exceptional support and guidance from Peace Nexus, which has helped us grow as an organisation and work with more clarity, resilience and professionalism.\",\"breadcrumb\":{\"@id\":\"https:\/\/cbmitrovica.org\/sq\/projects\/permbyllja-e-nje-kapitulli-pesevjecar-me-peace-nexus\/#breadcrumb\"},\"inLanguage\":\"sq-AL\",\"potentialAction\":[{\"@type\":\"ReadAction\",\"target\":[\"https:\/\/cbmitrovica.org\/sq\/projects\/permbyllja-e-nje-kapitulli-pesevjecar-me-peace-nexus\/\"]}]},{\"@type\":\"BreadcrumbList\",\"@id\":\"https:\/\/cbmitrovica.org\/sq\/projects\/permbyllja-e-nje-kapitulli-pesevjecar-me-peace-nexus\/#breadcrumb\",\"itemListElement\":[{\"@type\":\"ListItem\",\"position\":1,\"name\":\"Home\",\"item\":\"https:\/\/cbmitrovica.org\/sq\/\"},{\"@type\":\"ListItem\",\"position\":2,\"name\":\"Activities\",\"item\":\"https:\/\/cbmitrovica.org\/projects\/\"},{\"@type\":\"ListItem\",\"position\":3,\"name\":\"P\u00ebrmbyllja e nj\u00eb kapitulli pes\u00ebvje\u00e7ar me Peace Nexus\"}]},{\"@type\":\"WebSite\",\"@id\":\"https:\/\/cbmitrovica.org\/#website\",\"url\":\"https:\/\/cbmitrovica.org\/\",\"name\":\"CBM - Community Building Mitrovica\",\"description\":\"\",\"potentialAction\":[{\"@type\":\"SearchAction\",\"target\":{\"@type\":\"EntryPoint\",\"urlTemplate\":\"https:\/\/cbmitrovica.org\/?s={search_term_string}\"},\"query-input\":{\"@type\":\"PropertyValueSpecification\",\"valueRequired\":true,\"valueName\":\"search_term_string\"}}],\"inLanguage\":\"sq-AL\"}]}<\/script>\n<!-- \/ Yoast SEO plugin. -->","yoast_head_json":{"title":"P\u00ebrmbyllja e nj\u00eb kapitulli pes\u00ebvje\u00e7ar me Peace Nexus - CBM - Community Building Mitrovica","description":"Today we are closing an important five-year chapter of the partnership between CBM and PeaceNexus. Throughout these years we\u2019ve received exceptional support and guidance from Peace Nexus, which has helped us grow as an organisation and work with more clarity, resilience and professionalism.","robots":{"index":"index","follow":"follow","max-snippet":"max-snippet:-1","max-image-preview":"max-image-preview:large","max-video-preview":"max-video-preview:-1"},"canonical":"https:\/\/cbmitrovica.org\/sq\/projects\/permbyllja-e-nje-kapitulli-pesevjecar-me-peace-nexus\/","og_locale":"sq_AL","og_type":"article","og_title":"P\u00ebrmbyllja e nj\u00eb kapitulli pes\u00ebvje\u00e7ar me Peace Nexus - CBM - Community Building Mitrovica","og_description":"Today we are closing an important five-year chapter of the partnership between CBM and PeaceNexus. Throughout these years we\u2019ve received exceptional support and guidance from Peace Nexus, which has helped us grow as an organisation and work with more clarity, resilience and professionalism.","og_url":"https:\/\/cbmitrovica.org\/sq\/projects\/permbyllja-e-nje-kapitulli-pesevjecar-me-peace-nexus\/","og_site_name":"CBM - Community Building Mitrovica","og_image":[{"width":1600,"height":900,"url":"https:\/\/cbmitrovica.org\/wp-content\/uploads\/2021\/12\/viber-image-2021-12-21-15-40-54-153.jpg","type":"image\/jpeg"}],"twitter_card":"summary_large_image","twitter_misc":{"Est. reading time":"1 minute"},"schema":{"@context":"https:\/\/schema.org","@graph":[{"@type":"WebPage","@id":"https:\/\/cbmitrovica.org\/sq\/projects\/permbyllja-e-nje-kapitulli-pesevjecar-me-peace-nexus\/","url":"https:\/\/cbmitrovica.org\/sq\/projects\/permbyllja-e-nje-kapitulli-pesevjecar-me-peace-nexus\/","name":"P\u00ebrmbyllja e nj\u00eb kapitulli pes\u00ebvje\u00e7ar me Peace Nexus - CBM - Community Building Mitrovica","isPartOf":{"@id":"https:\/\/cbmitrovica.org\/#website"},"datePublished":"2026-01-21T13:02:17+00:00","dateModified":"2026-01-21T13:02:17+00:00","description":"Today we are closing an important five-year chapter of the partnership between CBM and PeaceNexus. Throughout these years we\u2019ve received exceptional support and guidance from Peace Nexus, which has helped us grow as an organisation and work with more clarity, resilience and professionalism.","breadcrumb":{"@id":"https:\/\/cbmitrovica.org\/sq\/projects\/permbyllja-e-nje-kapitulli-pesevjecar-me-peace-nexus\/#breadcrumb"},"inLanguage":"sq-AL","potentialAction":[{"@type":"ReadAction","target":["https:\/\/cbmitrovica.org\/sq\/projects\/permbyllja-e-nje-kapitulli-pesevjecar-me-peace-nexus\/"]}]},{"@type":"BreadcrumbList","@id":"https:\/\/cbmitrovica.org\/sq\/projects\/permbyllja-e-nje-kapitulli-pesevjecar-me-peace-nexus\/#breadcrumb","itemListElement":[{"@type":"ListItem","position":1,"name":"Home","item":"https:\/\/cbmitrovica.org\/sq\/"},{"@type":"ListItem","position":2,"name":"Activities","item":"https:\/\/cbmitrovica.org\/projects\/"},{"@type":"ListItem","position":3,"name":"P\u00ebrmbyllja e nj\u00eb kapitulli pes\u00ebvje\u00e7ar me Peace Nexus"}]},{"@type":"WebSite","@id":"https:\/\/cbmitrovica.org\/#website","url":"https:\/\/cbmitrovica.org\/","name":"CBM - Community Building Mitrovica","description":"","potentialAction":[{"@type":"SearchAction","target":{"@type":"EntryPoint","urlTemplate":"https:\/\/cbmitrovica.org\/?s={search_term_string}"},"query-input":{"@type":"PropertyValueSpecification","valueRequired":true,"valueName":"search_term_string"}}],"inLanguage":"sq-AL"}]}},"_links":{"self":[{"href":"https:\/\/cbmitrovica.org\/sq\/wp-json\/wp\/v2\/pages\/382395","targetHints":{"allow":["GET"]}}],"collection":[{"href":"https:\/\/cbmitrovica.org\/sq\/wp-json\/wp\/v2\/pages"}],"about":[{"href":"https:\/\/cbmitrovica.org\/sq\/wp-json\/wp\/v2\/types\/page"}],"author":[{"embeddable":true,"href":"https:\/\/cbmitrovica.org\/sq\/wp-json\/wp\/v2\/users\/297"}],"replies":[{"embeddable":true,"href":"https:\/\/cbmitrovica.org\/sq\/wp-json\/wp\/v2\/comments?post=382395"}],"version-history":[{"count":1,"href":"https:\/\/cbmitrovica.org\/sq\/wp-json\/wp\/v2\/pages\/382395\/revisions"}],"predecessor-version":[{"id":382398,"href":"https:\/\/cbmitrovica.org\/sq\/wp-json\/wp\/v2\/pages\/382395\/revisions\/382398"}],"up":[{"embeddable":true,"href":"https:\/\/cbmitrovica.org\/sq\/wp-json\/wp\/v2\/pages\/83"}],"wp:attachment":[{"href":"https:\/\/cbmitrovica.org\/sq\/wp-json\/wp\/v2\/media?parent=382395"}],"curies":[{"name":"wp","href":"https:\/\/api.w.org\/{rel}","templated":true}]}}