{"id":382392,"date":"2026-01-21T13:00:48","date_gmt":"2026-01-21T13:00:48","guid":{"rendered":"https:\/\/cbmitrovica.org\/?page_id=382392"},"modified":"2026-01-21T13:00:48","modified_gmt":"2026-01-21T13:00:48","slug":"osbe-dhe-cbm-prezantuane-kuadrin-e-ri-ligjor-per-te-rinjte-dhe-keshillat-lokale-te-te-rinjte","status":"publish","type":"page","link":"https:\/\/cbmitrovica.org\/sq\/projects\/osbe-dhe-cbm-prezantuane-kuadrin-e-ri-ligjor-per-te-rinjte-dhe-keshillat-lokale-te-te-rinjte\/","title":{"rendered":"OSBE dhe CBM Prezantuan\u00eb Kuadrin e Ri Ligjor p\u00ebr t\u00eb Rinjt\u00eb dhe K\u00ebshillat Lokale t\u00eb t\u00eb Rinjt\u00eb"},"content":{"rendered":"\n<p>M\u00eb 10 dhjetor, Misioni i OSBE-s\u00eb n\u00eb Kosov\u00eb n\u00eb bashk\u00ebpunim me Community Building Mitrovica (CBM) mbajti nj\u00eb pun\u00ebtori informuese ku u prezantua korniza e re ligjore <a><\/a>p\u00ebr rinin\u00eb dhe roli i K\u00ebshillave Rinor\u00eb Lokal\u00eb sipas Rregullores nr. 09\/2024.<\/p>\n\n\n\n<p>P\u00ebrfaq\u00ebsues t\u00eb OJQ-ve rinore dhe aktivist\u00eb nga Mitrovica e Jugut dhe Veriut treguan interes t\u00eb madh p\u00ebr legjislacionin e ri dhe mor\u00ebn udh\u00ebzime t\u00eb detajuara nga ekspert\u00ebt p\u00ebr rini t\u00eb OSBE-s\u00eb dhe MKRS.<\/p>\n\n\n\n<p>Misioni i OSBE-s\u00eb n\u00eb Kosov\u00eb, s\u00eb bashku me CBM-n\u00eb, konfirmojn\u00eb mb\u00ebshtetjen e tyre t\u00eb vazhdueshme p\u00ebr fuqizimin e t\u00eb rinjve dhe zhvillimin e strukturave rinore n\u00eb komuna, duke i ndihmuar ata t\u00eb jen\u00eb pjes\u00eb aktive e vendimmarrjes lokale.<\/p>\n\n\n\n<p><\/p>\n\n\n\n<p><\/p>\n","protected":false},"excerpt":{"rendered":"<p>M\u00eb 10 dhjetor, Misioni i OSBE-s\u00eb n\u00eb Kosov\u00eb n\u00eb bashk\u00ebpunim me Community Building Mitrovica (CBM) mbajti nj\u00eb pun\u00ebtori informuese ku u prezantua korniza e re ligjore p\u00ebr rinin\u00eb dhe roli i K\u00ebshillave Rinor\u00eb Lokal\u00eb sipas Rregullores nr. 09\/2024. P\u00ebrfaq\u00ebsues t\u00eb OJQ-ve rinore dhe aktivist\u00eb nga Mitrovica e Jugut dhe Veriut treguan interes t\u00eb madh p\u00ebr [&hellip;]<\/p>\n","protected":false},"author":297,"featured_media":0,"parent":83,"menu_order":0,"comment_status":"closed","ping_status":"closed","template":"template-singleactiviti.php","meta":{"_bbp_topic_count":0,"_bbp_reply_count":0,"_bbp_total_topic_count":0,"_bbp_total_reply_count":0,"_bbp_voice_count":0,"_bbp_anonymous_reply_count":0,"_bbp_topic_count_hidden":0,"_bbp_reply_count_hidden":0,"_bbp_forum_subforum_count":0,"_monsterinsights_skip_tracking":false,"_monsterinsights_sitenote_active":false,"_monsterinsights_sitenote_note":"","_monsterinsights_sitenote_category":0,"footnotes":""},"class_list":["post-382392","page","type-page","status-publish","hentry"],"acf":[],"yoast_head":"<!-- This site is optimized with the Yoast SEO plugin v24.2 - https:\/\/yoast.com\/wordpress\/plugins\/seo\/ -->\n<title>OSBE dhe CBM Prezantuan\u00eb Kuadrin e Ri Ligjor p\u00ebr t\u00eb Rinjt\u00eb dhe K\u00ebshillat Lokale t\u00eb t\u00eb Rinjt\u00eb - CBM - Community Building Mitrovica<\/title>\n<meta name=\"robots\" content=\"index, follow, max-snippet:-1, max-image-preview:large, max-video-preview:-1\" \/>\n<link rel=\"canonical\" href=\"https:\/\/cbmitrovica.org\/sq\/projects\/osbe-dhe-cbm-prezantuane-kuadrin-e-ri-ligjor-per-te-rinjte-dhe-keshillat-lokale-te-te-rinjte\/\" \/>\n<meta property=\"og:locale\" content=\"sq_AL\" \/>\n<meta property=\"og:type\" content=\"article\" \/>\n<meta property=\"og:title\" content=\"OSBE dhe CBM Prezantuan\u00eb Kuadrin e Ri Ligjor p\u00ebr t\u00eb Rinjt\u00eb dhe K\u00ebshillat Lokale t\u00eb t\u00eb Rinjt\u00eb - CBM - Community Building Mitrovica\" \/>\n<meta property=\"og:description\" content=\"M\u00eb 10 dhjetor, Misioni i OSBE-s\u00eb n\u00eb Kosov\u00eb n\u00eb bashk\u00ebpunim me Community Building Mitrovica (CBM) mbajti nj\u00eb pun\u00ebtori informuese ku u prezantua korniza e re ligjore p\u00ebr rinin\u00eb dhe roli i K\u00ebshillave Rinor\u00eb Lokal\u00eb sipas Rregullores nr. 09\/2024. P\u00ebrfaq\u00ebsues t\u00eb OJQ-ve rinore dhe aktivist\u00eb nga Mitrovica e Jugut dhe Veriut treguan interes t\u00eb madh p\u00ebr [&hellip;]\" \/>\n<meta property=\"og:url\" content=\"https:\/\/cbmitrovica.org\/sq\/projects\/osbe-dhe-cbm-prezantuane-kuadrin-e-ri-ligjor-per-te-rinjte-dhe-keshillat-lokale-te-te-rinjte\/\" \/>\n<meta property=\"og:site_name\" content=\"CBM - Community Building Mitrovica\" \/>\n<meta property=\"og:image\" content=\"https:\/\/cbmitrovica.org\/wp-content\/uploads\/2021\/12\/viber-image-2021-12-21-15-40-54-153.jpg\" \/>\n\t<meta property=\"og:image:width\" content=\"1600\" \/>\n\t<meta property=\"og:image:height\" content=\"900\" \/>\n\t<meta property=\"og:image:type\" content=\"image\/jpeg\" \/>\n<meta name=\"twitter:card\" content=\"summary_large_image\" \/>\n<meta name=\"twitter:label1\" content=\"Est. reading time\" \/>\n\t<meta name=\"twitter:data1\" content=\"1 minute\" \/>\n<script type=\"application\/ld+json\" class=\"yoast-schema-graph\">{\"@context\":\"https:\/\/schema.org\",\"@graph\":[{\"@type\":\"WebPage\",\"@id\":\"https:\/\/cbmitrovica.org\/sq\/projects\/osbe-dhe-cbm-prezantuane-kuadrin-e-ri-ligjor-per-te-rinjte-dhe-keshillat-lokale-te-te-rinjte\/\",\"url\":\"https:\/\/cbmitrovica.org\/sq\/projects\/osbe-dhe-cbm-prezantuane-kuadrin-e-ri-ligjor-per-te-rinjte-dhe-keshillat-lokale-te-te-rinjte\/\",\"name\":\"OSBE dhe CBM Prezantuan\u00eb Kuadrin e Ri Ligjor p\u00ebr t\u00eb Rinjt\u00eb dhe K\u00ebshillat Lokale t\u00eb t\u00eb Rinjt\u00eb - CBM - Community Building Mitrovica\",\"isPartOf\":{\"@id\":\"https:\/\/cbmitrovica.org\/#website\"},\"datePublished\":\"2026-01-21T13:00:48+00:00\",\"dateModified\":\"2026-01-21T13:00:48+00:00\",\"breadcrumb\":{\"@id\":\"https:\/\/cbmitrovica.org\/sq\/projects\/osbe-dhe-cbm-prezantuane-kuadrin-e-ri-ligjor-per-te-rinjte-dhe-keshillat-lokale-te-te-rinjte\/#breadcrumb\"},\"inLanguage\":\"sq-AL\",\"potentialAction\":[{\"@type\":\"ReadAction\",\"target\":[\"https:\/\/cbmitrovica.org\/sq\/projects\/osbe-dhe-cbm-prezantuane-kuadrin-e-ri-ligjor-per-te-rinjte-dhe-keshillat-lokale-te-te-rinjte\/\"]}]},{\"@type\":\"BreadcrumbList\",\"@id\":\"https:\/\/cbmitrovica.org\/sq\/projects\/osbe-dhe-cbm-prezantuane-kuadrin-e-ri-ligjor-per-te-rinjte-dhe-keshillat-lokale-te-te-rinjte\/#breadcrumb\",\"itemListElement\":[{\"@type\":\"ListItem\",\"position\":1,\"name\":\"Home\",\"item\":\"https:\/\/cbmitrovica.org\/sq\/\"},{\"@type\":\"ListItem\",\"position\":2,\"name\":\"Activities\",\"item\":\"https:\/\/cbmitrovica.org\/projects\/\"},{\"@type\":\"ListItem\",\"position\":3,\"name\":\"OSBE dhe CBM Prezantuan\u00eb Kuadrin e Ri Ligjor p\u00ebr t\u00eb Rinjt\u00eb dhe K\u00ebshillat Lokale t\u00eb t\u00eb Rinjt\u00eb\"}]},{\"@type\":\"WebSite\",\"@id\":\"https:\/\/cbmitrovica.org\/#website\",\"url\":\"https:\/\/cbmitrovica.org\/\",\"name\":\"CBM - Community Building Mitrovica\",\"description\":\"\",\"potentialAction\":[{\"@type\":\"SearchAction\",\"target\":{\"@type\":\"EntryPoint\",\"urlTemplate\":\"https:\/\/cbmitrovica.org\/?s={search_term_string}\"},\"query-input\":{\"@type\":\"PropertyValueSpecification\",\"valueRequired\":true,\"valueName\":\"search_term_string\"}}],\"inLanguage\":\"sq-AL\"}]}<\/script>\n<!-- \/ Yoast SEO plugin. -->","yoast_head_json":{"title":"OSBE dhe CBM Prezantuan\u00eb Kuadrin e Ri Ligjor p\u00ebr t\u00eb Rinjt\u00eb dhe K\u00ebshillat Lokale t\u00eb t\u00eb Rinjt\u00eb - CBM - Community Building Mitrovica","robots":{"index":"index","follow":"follow","max-snippet":"max-snippet:-1","max-image-preview":"max-image-preview:large","max-video-preview":"max-video-preview:-1"},"canonical":"https:\/\/cbmitrovica.org\/sq\/projects\/osbe-dhe-cbm-prezantuane-kuadrin-e-ri-ligjor-per-te-rinjte-dhe-keshillat-lokale-te-te-rinjte\/","og_locale":"sq_AL","og_type":"article","og_title":"OSBE dhe CBM Prezantuan\u00eb Kuadrin e Ri Ligjor p\u00ebr t\u00eb Rinjt\u00eb dhe K\u00ebshillat Lokale t\u00eb t\u00eb Rinjt\u00eb - CBM - Community Building Mitrovica","og_description":"M\u00eb 10 dhjetor, Misioni i OSBE-s\u00eb n\u00eb Kosov\u00eb n\u00eb bashk\u00ebpunim me Community Building Mitrovica (CBM) mbajti nj\u00eb pun\u00ebtori informuese ku u prezantua korniza e re ligjore p\u00ebr rinin\u00eb dhe roli i K\u00ebshillave Rinor\u00eb Lokal\u00eb sipas Rregullores nr. 09\/2024. P\u00ebrfaq\u00ebsues t\u00eb OJQ-ve rinore dhe aktivist\u00eb nga Mitrovica e Jugut dhe Veriut treguan interes t\u00eb madh p\u00ebr [&hellip;]","og_url":"https:\/\/cbmitrovica.org\/sq\/projects\/osbe-dhe-cbm-prezantuane-kuadrin-e-ri-ligjor-per-te-rinjte-dhe-keshillat-lokale-te-te-rinjte\/","og_site_name":"CBM - Community Building Mitrovica","og_image":[{"width":1600,"height":900,"url":"https:\/\/cbmitrovica.org\/wp-content\/uploads\/2021\/12\/viber-image-2021-12-21-15-40-54-153.jpg","type":"image\/jpeg"}],"twitter_card":"summary_large_image","twitter_misc":{"Est. reading time":"1 minute"},"schema":{"@context":"https:\/\/schema.org","@graph":[{"@type":"WebPage","@id":"https:\/\/cbmitrovica.org\/sq\/projects\/osbe-dhe-cbm-prezantuane-kuadrin-e-ri-ligjor-per-te-rinjte-dhe-keshillat-lokale-te-te-rinjte\/","url":"https:\/\/cbmitrovica.org\/sq\/projects\/osbe-dhe-cbm-prezantuane-kuadrin-e-ri-ligjor-per-te-rinjte-dhe-keshillat-lokale-te-te-rinjte\/","name":"OSBE dhe CBM Prezantuan\u00eb Kuadrin e Ri Ligjor p\u00ebr t\u00eb Rinjt\u00eb dhe K\u00ebshillat Lokale t\u00eb t\u00eb Rinjt\u00eb - CBM - Community Building Mitrovica","isPartOf":{"@id":"https:\/\/cbmitrovica.org\/#website"},"datePublished":"2026-01-21T13:00:48+00:00","dateModified":"2026-01-21T13:00:48+00:00","breadcrumb":{"@id":"https:\/\/cbmitrovica.org\/sq\/projects\/osbe-dhe-cbm-prezantuane-kuadrin-e-ri-ligjor-per-te-rinjte-dhe-keshillat-lokale-te-te-rinjte\/#breadcrumb"},"inLanguage":"sq-AL","potentialAction":[{"@type":"ReadAction","target":["https:\/\/cbmitrovica.org\/sq\/projects\/osbe-dhe-cbm-prezantuane-kuadrin-e-ri-ligjor-per-te-rinjte-dhe-keshillat-lokale-te-te-rinjte\/"]}]},{"@type":"BreadcrumbList","@id":"https:\/\/cbmitrovica.org\/sq\/projects\/osbe-dhe-cbm-prezantuane-kuadrin-e-ri-ligjor-per-te-rinjte-dhe-keshillat-lokale-te-te-rinjte\/#breadcrumb","itemListElement":[{"@type":"ListItem","position":1,"name":"Home","item":"https:\/\/cbmitrovica.org\/sq\/"},{"@type":"ListItem","position":2,"name":"Activities","item":"https:\/\/cbmitrovica.org\/projects\/"},{"@type":"ListItem","position":3,"name":"OSBE dhe CBM Prezantuan\u00eb Kuadrin e Ri Ligjor p\u00ebr t\u00eb Rinjt\u00eb dhe K\u00ebshillat Lokale t\u00eb t\u00eb Rinjt\u00eb"}]},{"@type":"WebSite","@id":"https:\/\/cbmitrovica.org\/#website","url":"https:\/\/cbmitrovica.org\/","name":"CBM - Community Building Mitrovica","description":"","potentialAction":[{"@type":"SearchAction","target":{"@type":"EntryPoint","urlTemplate":"https:\/\/cbmitrovica.org\/?s={search_term_string}"},"query-input":{"@type":"PropertyValueSpecification","valueRequired":true,"valueName":"search_term_string"}}],"inLanguage":"sq-AL"}]}},"_links":{"self":[{"href":"https:\/\/cbmitrovica.org\/sq\/wp-json\/wp\/v2\/pages\/382392","targetHints":{"allow":["GET"]}}],"collection":[{"href":"https:\/\/cbmitrovica.org\/sq\/wp-json\/wp\/v2\/pages"}],"about":[{"href":"https:\/\/cbmitrovica.org\/sq\/wp-json\/wp\/v2\/types\/page"}],"author":[{"embeddable":true,"href":"https:\/\/cbmitrovica.org\/sq\/wp-json\/wp\/v2\/users\/297"}],"replies":[{"embeddable":true,"href":"https:\/\/cbmitrovica.org\/sq\/wp-json\/wp\/v2\/comments?post=382392"}],"version-history":[{"count":1,"href":"https:\/\/cbmitrovica.org\/sq\/wp-json\/wp\/v2\/pages\/382392\/revisions"}],"predecessor-version":[{"id":382393,"href":"https:\/\/cbmitrovica.org\/sq\/wp-json\/wp\/v2\/pages\/382392\/revisions\/382393"}],"up":[{"embeddable":true,"href":"https:\/\/cbmitrovica.org\/sq\/wp-json\/wp\/v2\/pages\/83"}],"wp:attachment":[{"href":"https:\/\/cbmitrovica.org\/sq\/wp-json\/wp\/v2\/media?parent=382392"}],"curies":[{"name":"wp","href":"https:\/\/api.w.org\/{rel}","templated":true}]}}