{"id":382347,"date":"2026-01-21T12:39:04","date_gmt":"2026-01-21T12:39:04","guid":{"rendered":"https:\/\/cbmitrovica.org\/?page_id=382347"},"modified":"2026-01-21T12:39:05","modified_gmt":"2026-01-21T12:39:05","slug":"iniciative-e-te-rinjve-kopshtaria-e-gjelber-jojo","status":"publish","type":"page","link":"https:\/\/cbmitrovica.org\/sq\/projects\/iniciative-e-te-rinjve-kopshtaria-e-gjelber-jojo\/","title":{"rendered":"Iniciativ\u00eb e t\u00eb Rinjve \u2013 Kopshtaria e Gjelb\u00ebr Jojo"},"content":{"rendered":"\n<p>Si pjes\u00eb e mb\u00ebshtetjes s\u00eb vazhdueshme p\u00ebr iniciativat e udh\u00ebhequra nga t\u00eb rinjt\u00eb, CBM mb\u00ebshteti nj\u00eb iniciativ\u00eb t\u00eb nd\u00ebrmarr\u00eb nga aktivist\u00eb t\u00eb shoq\u00ebris\u00eb civile, me q\u00ebllim rigjall\u00ebrimin e nj\u00eb hap\u00ebsire publike t\u00eb p\u00ebrbashk\u00ebt. Gjat\u00eb tri dit\u00ebve, projekti inkurajoi f\u00ebmij\u00ebt dhe komunitetin q\u00eb t\u00eb kujdesen p\u00ebr mjedisin dhe t\u00eb zhvillojn\u00eb ndjenj\u00ebn e pron\u00ebsis\u00eb ndaj k\u00ebsaj hap\u00ebsire, duke e b\u00ebr\u00eb at\u00eb m\u00eb t\u00eb gjall\u00eb dhe m\u00eb mikprit\u00ebse p\u00ebrmes aktiviteteve t\u00eb p\u00ebrbashk\u00ebta. Projekti promovoi vlera si p\u00ebrgjegj\u00ebsia mjedisore, kujdesi p\u00ebr hap\u00ebsirat publike dhe puna n\u00eb ekip. CBM do t\u00eb vazhdoj\u00eb t\u00eb mb\u00ebshtes\u00eb aktivist\u00eb t\u00eb rinj si Idoia dhe iniciativat e tyre, t\u00eb cilat kan\u00eb lindur nga trajnimet e m\u00ebparshme p\u00ebr shkrimin e projekteve. Ky aktivitet zbatohet n\u00eb kuad\u00ebr t\u00eb programit \u201cKomunitete t\u00eb Q\u00ebndrueshme dhe Gjith\u00ebp\u00ebrfshir\u00ebse\u201d, i mb\u00ebshtetur nga Global Community Engagement and Resilience Fund.<br><\/p>\n\n\n\n<p><\/p>\n\n\n\n<p><\/p>\n","protected":false},"excerpt":{"rendered":"<p>Si pjes\u00eb e mb\u00ebshtetjes s\u00eb vazhdueshme p\u00ebr iniciativat e udh\u00ebhequra nga t\u00eb rinjt\u00eb, CBM mb\u00ebshteti nj\u00eb iniciativ\u00eb t\u00eb nd\u00ebrmarr\u00eb nga aktivist\u00eb t\u00eb shoq\u00ebris\u00eb civile, me q\u00ebllim rigjall\u00ebrimin e nj\u00eb hap\u00ebsire publike t\u00eb p\u00ebrbashk\u00ebt. Gjat\u00eb tri dit\u00ebve, projekti inkurajoi f\u00ebmij\u00ebt dhe komunitetin q\u00eb t\u00eb kujdesen p\u00ebr mjedisin dhe t\u00eb zhvillojn\u00eb ndjenj\u00ebn e pron\u00ebsis\u00eb ndaj k\u00ebsaj hap\u00ebsire, [&hellip;]<\/p>\n","protected":false},"author":298,"featured_media":0,"parent":83,"menu_order":0,"comment_status":"closed","ping_status":"closed","template":"template-singleactiviti.php","meta":{"_bbp_topic_count":0,"_bbp_reply_count":0,"_bbp_total_topic_count":0,"_bbp_total_reply_count":0,"_bbp_voice_count":0,"_bbp_anonymous_reply_count":0,"_bbp_topic_count_hidden":0,"_bbp_reply_count_hidden":0,"_bbp_forum_subforum_count":0,"_monsterinsights_skip_tracking":false,"_monsterinsights_sitenote_active":false,"_monsterinsights_sitenote_note":"","_monsterinsights_sitenote_category":0,"footnotes":""},"class_list":["post-382347","page","type-page","status-publish","hentry"],"acf":[],"yoast_head":"<!-- This site is optimized with the Yoast SEO plugin v24.2 - https:\/\/yoast.com\/wordpress\/plugins\/seo\/ -->\n<title>Iniciativ\u00eb e t\u00eb Rinjve \u2013 Kopshtaria e Gjelb\u00ebr Jojo - CBM - Community Building Mitrovica<\/title>\n<meta name=\"robots\" content=\"index, follow, max-snippet:-1, max-image-preview:large, max-video-preview:-1\" \/>\n<link rel=\"canonical\" href=\"https:\/\/cbmitrovica.org\/sq\/projects\/iniciative-e-te-rinjve-kopshtaria-e-gjelber-jojo\/\" \/>\n<meta property=\"og:locale\" content=\"sq_AL\" \/>\n<meta property=\"og:type\" content=\"article\" \/>\n<meta property=\"og:title\" content=\"Iniciativ\u00eb e t\u00eb Rinjve \u2013 Kopshtaria e Gjelb\u00ebr Jojo - CBM - Community Building Mitrovica\" \/>\n<meta property=\"og:description\" content=\"Si pjes\u00eb e mb\u00ebshtetjes s\u00eb vazhdueshme p\u00ebr iniciativat e udh\u00ebhequra nga t\u00eb rinjt\u00eb, CBM mb\u00ebshteti nj\u00eb iniciativ\u00eb t\u00eb nd\u00ebrmarr\u00eb nga aktivist\u00eb t\u00eb shoq\u00ebris\u00eb civile, me q\u00ebllim rigjall\u00ebrimin e nj\u00eb hap\u00ebsire publike t\u00eb p\u00ebrbashk\u00ebt. Gjat\u00eb tri dit\u00ebve, projekti inkurajoi f\u00ebmij\u00ebt dhe komunitetin q\u00eb t\u00eb kujdesen p\u00ebr mjedisin dhe t\u00eb zhvillojn\u00eb ndjenj\u00ebn e pron\u00ebsis\u00eb ndaj k\u00ebsaj hap\u00ebsire, [&hellip;]\" \/>\n<meta property=\"og:url\" content=\"https:\/\/cbmitrovica.org\/sq\/projects\/iniciative-e-te-rinjve-kopshtaria-e-gjelber-jojo\/\" \/>\n<meta property=\"og:site_name\" content=\"CBM - Community Building Mitrovica\" \/>\n<meta property=\"article:modified_time\" content=\"2026-01-21T12:39:05+00:00\" \/>\n<meta property=\"og:image\" content=\"https:\/\/cbmitrovica.org\/wp-content\/uploads\/2021\/12\/viber-image-2021-12-21-15-40-54-153.jpg\" \/>\n\t<meta property=\"og:image:width\" content=\"1600\" \/>\n\t<meta property=\"og:image:height\" content=\"900\" \/>\n\t<meta property=\"og:image:type\" content=\"image\/jpeg\" \/>\n<meta name=\"twitter:card\" content=\"summary_large_image\" \/>\n<meta name=\"twitter:label1\" content=\"Est. reading time\" \/>\n\t<meta name=\"twitter:data1\" content=\"1 minute\" \/>\n<script type=\"application\/ld+json\" class=\"yoast-schema-graph\">{\"@context\":\"https:\/\/schema.org\",\"@graph\":[{\"@type\":\"WebPage\",\"@id\":\"https:\/\/cbmitrovica.org\/sq\/projects\/iniciative-e-te-rinjve-kopshtaria-e-gjelber-jojo\/\",\"url\":\"https:\/\/cbmitrovica.org\/sq\/projects\/iniciative-e-te-rinjve-kopshtaria-e-gjelber-jojo\/\",\"name\":\"Iniciativ\u00eb e t\u00eb Rinjve \u2013 Kopshtaria e Gjelb\u00ebr Jojo - CBM - Community Building Mitrovica\",\"isPartOf\":{\"@id\":\"https:\/\/cbmitrovica.org\/#website\"},\"datePublished\":\"2026-01-21T12:39:04+00:00\",\"dateModified\":\"2026-01-21T12:39:05+00:00\",\"breadcrumb\":{\"@id\":\"https:\/\/cbmitrovica.org\/sq\/projects\/iniciative-e-te-rinjve-kopshtaria-e-gjelber-jojo\/#breadcrumb\"},\"inLanguage\":\"sq-AL\",\"potentialAction\":[{\"@type\":\"ReadAction\",\"target\":[\"https:\/\/cbmitrovica.org\/sq\/projects\/iniciative-e-te-rinjve-kopshtaria-e-gjelber-jojo\/\"]}]},{\"@type\":\"BreadcrumbList\",\"@id\":\"https:\/\/cbmitrovica.org\/sq\/projects\/iniciative-e-te-rinjve-kopshtaria-e-gjelber-jojo\/#breadcrumb\",\"itemListElement\":[{\"@type\":\"ListItem\",\"position\":1,\"name\":\"Home\",\"item\":\"https:\/\/cbmitrovica.org\/sq\/\"},{\"@type\":\"ListItem\",\"position\":2,\"name\":\"Activities\",\"item\":\"https:\/\/cbmitrovica.org\/projects\/\"},{\"@type\":\"ListItem\",\"position\":3,\"name\":\"Iniciativ\u00eb e t\u00eb Rinjve \u2013 Kopshtaria e Gjelb\u00ebr Jojo\"}]},{\"@type\":\"WebSite\",\"@id\":\"https:\/\/cbmitrovica.org\/#website\",\"url\":\"https:\/\/cbmitrovica.org\/\",\"name\":\"CBM - Community Building Mitrovica\",\"description\":\"\",\"potentialAction\":[{\"@type\":\"SearchAction\",\"target\":{\"@type\":\"EntryPoint\",\"urlTemplate\":\"https:\/\/cbmitrovica.org\/?s={search_term_string}\"},\"query-input\":{\"@type\":\"PropertyValueSpecification\",\"valueRequired\":true,\"valueName\":\"search_term_string\"}}],\"inLanguage\":\"sq-AL\"}]}<\/script>\n<!-- \/ Yoast SEO plugin. -->","yoast_head_json":{"title":"Iniciativ\u00eb e t\u00eb Rinjve \u2013 Kopshtaria e Gjelb\u00ebr Jojo - CBM - Community Building Mitrovica","robots":{"index":"index","follow":"follow","max-snippet":"max-snippet:-1","max-image-preview":"max-image-preview:large","max-video-preview":"max-video-preview:-1"},"canonical":"https:\/\/cbmitrovica.org\/sq\/projects\/iniciative-e-te-rinjve-kopshtaria-e-gjelber-jojo\/","og_locale":"sq_AL","og_type":"article","og_title":"Iniciativ\u00eb e t\u00eb Rinjve \u2013 Kopshtaria e Gjelb\u00ebr Jojo - CBM - Community Building Mitrovica","og_description":"Si pjes\u00eb e mb\u00ebshtetjes s\u00eb vazhdueshme p\u00ebr iniciativat e udh\u00ebhequra nga t\u00eb rinjt\u00eb, CBM mb\u00ebshteti nj\u00eb iniciativ\u00eb t\u00eb nd\u00ebrmarr\u00eb nga aktivist\u00eb t\u00eb shoq\u00ebris\u00eb civile, me q\u00ebllim rigjall\u00ebrimin e nj\u00eb hap\u00ebsire publike t\u00eb p\u00ebrbashk\u00ebt. Gjat\u00eb tri dit\u00ebve, projekti inkurajoi f\u00ebmij\u00ebt dhe komunitetin q\u00eb t\u00eb kujdesen p\u00ebr mjedisin dhe t\u00eb zhvillojn\u00eb ndjenj\u00ebn e pron\u00ebsis\u00eb ndaj k\u00ebsaj hap\u00ebsire, [&hellip;]","og_url":"https:\/\/cbmitrovica.org\/sq\/projects\/iniciative-e-te-rinjve-kopshtaria-e-gjelber-jojo\/","og_site_name":"CBM - Community Building Mitrovica","article_modified_time":"2026-01-21T12:39:05+00:00","og_image":[{"width":1600,"height":900,"url":"https:\/\/cbmitrovica.org\/wp-content\/uploads\/2021\/12\/viber-image-2021-12-21-15-40-54-153.jpg","type":"image\/jpeg"}],"twitter_card":"summary_large_image","twitter_misc":{"Est. reading time":"1 minute"},"schema":{"@context":"https:\/\/schema.org","@graph":[{"@type":"WebPage","@id":"https:\/\/cbmitrovica.org\/sq\/projects\/iniciative-e-te-rinjve-kopshtaria-e-gjelber-jojo\/","url":"https:\/\/cbmitrovica.org\/sq\/projects\/iniciative-e-te-rinjve-kopshtaria-e-gjelber-jojo\/","name":"Iniciativ\u00eb e t\u00eb Rinjve \u2013 Kopshtaria e Gjelb\u00ebr Jojo - CBM - Community Building Mitrovica","isPartOf":{"@id":"https:\/\/cbmitrovica.org\/#website"},"datePublished":"2026-01-21T12:39:04+00:00","dateModified":"2026-01-21T12:39:05+00:00","breadcrumb":{"@id":"https:\/\/cbmitrovica.org\/sq\/projects\/iniciative-e-te-rinjve-kopshtaria-e-gjelber-jojo\/#breadcrumb"},"inLanguage":"sq-AL","potentialAction":[{"@type":"ReadAction","target":["https:\/\/cbmitrovica.org\/sq\/projects\/iniciative-e-te-rinjve-kopshtaria-e-gjelber-jojo\/"]}]},{"@type":"BreadcrumbList","@id":"https:\/\/cbmitrovica.org\/sq\/projects\/iniciative-e-te-rinjve-kopshtaria-e-gjelber-jojo\/#breadcrumb","itemListElement":[{"@type":"ListItem","position":1,"name":"Home","item":"https:\/\/cbmitrovica.org\/sq\/"},{"@type":"ListItem","position":2,"name":"Activities","item":"https:\/\/cbmitrovica.org\/projects\/"},{"@type":"ListItem","position":3,"name":"Iniciativ\u00eb e t\u00eb Rinjve \u2013 Kopshtaria e Gjelb\u00ebr Jojo"}]},{"@type":"WebSite","@id":"https:\/\/cbmitrovica.org\/#website","url":"https:\/\/cbmitrovica.org\/","name":"CBM - Community Building Mitrovica","description":"","potentialAction":[{"@type":"SearchAction","target":{"@type":"EntryPoint","urlTemplate":"https:\/\/cbmitrovica.org\/?s={search_term_string}"},"query-input":{"@type":"PropertyValueSpecification","valueRequired":true,"valueName":"search_term_string"}}],"inLanguage":"sq-AL"}]}},"_links":{"self":[{"href":"https:\/\/cbmitrovica.org\/sq\/wp-json\/wp\/v2\/pages\/382347","targetHints":{"allow":["GET"]}}],"collection":[{"href":"https:\/\/cbmitrovica.org\/sq\/wp-json\/wp\/v2\/pages"}],"about":[{"href":"https:\/\/cbmitrovica.org\/sq\/wp-json\/wp\/v2\/types\/page"}],"author":[{"embeddable":true,"href":"https:\/\/cbmitrovica.org\/sq\/wp-json\/wp\/v2\/users\/298"}],"replies":[{"embeddable":true,"href":"https:\/\/cbmitrovica.org\/sq\/wp-json\/wp\/v2\/comments?post=382347"}],"version-history":[{"count":2,"href":"https:\/\/cbmitrovica.org\/sq\/wp-json\/wp\/v2\/pages\/382347\/revisions"}],"predecessor-version":[{"id":382351,"href":"https:\/\/cbmitrovica.org\/sq\/wp-json\/wp\/v2\/pages\/382347\/revisions\/382351"}],"up":[{"embeddable":true,"href":"https:\/\/cbmitrovica.org\/sq\/wp-json\/wp\/v2\/pages\/83"}],"wp:attachment":[{"href":"https:\/\/cbmitrovica.org\/sq\/wp-json\/wp\/v2\/media?parent=382347"}],"curies":[{"name":"wp","href":"https:\/\/api.w.org\/{rel}","templated":true}]}}