{"id":382253,"date":"2026-01-21T09:51:32","date_gmt":"2026-01-21T09:51:32","guid":{"rendered":"https:\/\/cbmitrovica.org\/?page_id=382253"},"modified":"2026-01-21T09:51:32","modified_gmt":"2026-01-21T09:51:32","slug":"aktivitet-komunitar-nga-te-rinjte-se-bashku-ne-fushe","status":"publish","type":"page","link":"https:\/\/cbmitrovica.org\/sq\/projects\/aktivitet-komunitar-nga-te-rinjte-se-bashku-ne-fushe\/","title":{"rendered":"Aktivitet komunitar nga t\u00eb rinjt\u00eb \u2013 S\u00eb bashku n\u00eb fush\u00eb"},"content":{"rendered":"\n<p>Si pjes\u00eb e mb\u00ebshtetjes s\u00eb vazhdueshme nga CBM p\u00ebr iniciativat e udh\u00ebhequra nga t\u00eb rinjt\u00eb, t\u00eb cilat u zhvilluan gjat\u00eb trajnimit p\u00ebr shkrimin e projekteve, nj\u00eb tjet\u00ebr ide kreative u realizua k\u00ebsaj here n\u00eb fush\u00ebn e basketbollit n\u00eb Mitrovic\u00ebn veriore. Aktivistet e reja, Rona dhe Adea organizuan s\u00eb fundmi nj\u00eb aktivitet basketbolli me titull \u201cS\u00eb bashku n\u00eb fush\u00eb\u201d, ku pjes\u00ebmarr\u00ebsit pat\u00ebn mund\u00ebsin\u00eb t\u00eb m\u00ebsonin bazat e loj\u00ebs dhe t\u00eb krijonin lidhje p\u00ebrmes sportit. Sesioni u mb\u00ebshtet nga basketbollisti i njohur lokal, Drilon Hajrizi, i cili ndihmoi n\u00eb udh\u00ebheqjen e aktivitetit dhe ndau k\u00ebshilla praktike. Kjo iniciativ\u00eb pasqyron kreativitetin e t\u00eb rinjve q\u00eb po i kthejn\u00eb idet\u00eb e tyre n\u00eb veprime dometh\u00ebn\u00ebse q\u00eb bashkojn\u00eb komunitetet. Ky aktivitet u realizua n\u00eb kuad\u00ebr t\u00eb programit \u201cResilient and Inclusive Communities\u201d, t\u00eb mb\u00ebshtetur nga Global Community Engagement and Resilience Fund (GCERF).<br><\/p>\n\n\n\n<p><\/p>\n\n\n\n<p><\/p>\n","protected":false},"excerpt":{"rendered":"<p>Si pjes\u00eb e mb\u00ebshtetjes s\u00eb vazhdueshme nga CBM p\u00ebr iniciativat e udh\u00ebhequra nga t\u00eb rinjt\u00eb, t\u00eb cilat u zhvilluan gjat\u00eb trajnimit p\u00ebr shkrimin e projekteve, nj\u00eb tjet\u00ebr ide kreative u realizua k\u00ebsaj here n\u00eb fush\u00ebn e basketbollit n\u00eb Mitrovic\u00ebn veriore. Aktivistet e reja, Rona dhe Adea organizuan s\u00eb fundmi nj\u00eb aktivitet basketbolli me titull \u201cS\u00eb [&hellip;]<\/p>\n","protected":false},"author":297,"featured_media":0,"parent":83,"menu_order":0,"comment_status":"closed","ping_status":"closed","template":"template-singleactiviti.php","meta":{"_bbp_topic_count":0,"_bbp_reply_count":0,"_bbp_total_topic_count":0,"_bbp_total_reply_count":0,"_bbp_voice_count":0,"_bbp_anonymous_reply_count":0,"_bbp_topic_count_hidden":0,"_bbp_reply_count_hidden":0,"_bbp_forum_subforum_count":0,"_monsterinsights_skip_tracking":false,"_monsterinsights_sitenote_active":false,"_monsterinsights_sitenote_note":"","_monsterinsights_sitenote_category":0,"footnotes":""},"class_list":["post-382253","page","type-page","status-publish","hentry"],"acf":[],"yoast_head":"<!-- This site is optimized with the Yoast SEO plugin v24.2 - https:\/\/yoast.com\/wordpress\/plugins\/seo\/ -->\n<title>Aktivitet komunitar nga t\u00eb rinjt\u00eb \u2013 S\u00eb bashku n\u00eb fush\u00eb - CBM - Community Building Mitrovica<\/title>\n<meta name=\"robots\" content=\"index, follow, max-snippet:-1, max-image-preview:large, max-video-preview:-1\" \/>\n<link rel=\"canonical\" href=\"https:\/\/cbmitrovica.org\/sq\/projects\/aktivitet-komunitar-nga-te-rinjte-se-bashku-ne-fushe\/\" \/>\n<meta property=\"og:locale\" content=\"sq_AL\" \/>\n<meta property=\"og:type\" content=\"article\" \/>\n<meta property=\"og:title\" content=\"Aktivitet komunitar nga t\u00eb rinjt\u00eb \u2013 S\u00eb bashku n\u00eb fush\u00eb - CBM - Community Building Mitrovica\" \/>\n<meta property=\"og:description\" content=\"Si pjes\u00eb e mb\u00ebshtetjes s\u00eb vazhdueshme nga CBM p\u00ebr iniciativat e udh\u00ebhequra nga t\u00eb rinjt\u00eb, t\u00eb cilat u zhvilluan gjat\u00eb trajnimit p\u00ebr shkrimin e projekteve, nj\u00eb tjet\u00ebr ide kreative u realizua k\u00ebsaj here n\u00eb fush\u00ebn e basketbollit n\u00eb Mitrovic\u00ebn veriore. Aktivistet e reja, Rona dhe Adea organizuan s\u00eb fundmi nj\u00eb aktivitet basketbolli me titull \u201cS\u00eb [&hellip;]\" \/>\n<meta property=\"og:url\" content=\"https:\/\/cbmitrovica.org\/sq\/projects\/aktivitet-komunitar-nga-te-rinjte-se-bashku-ne-fushe\/\" \/>\n<meta property=\"og:site_name\" content=\"CBM - Community Building Mitrovica\" \/>\n<meta property=\"og:image\" content=\"https:\/\/cbmitrovica.org\/wp-content\/uploads\/2021\/12\/viber-image-2021-12-21-15-40-54-153.jpg\" \/>\n\t<meta property=\"og:image:width\" content=\"1600\" \/>\n\t<meta property=\"og:image:height\" content=\"900\" \/>\n\t<meta property=\"og:image:type\" content=\"image\/jpeg\" \/>\n<meta name=\"twitter:card\" content=\"summary_large_image\" \/>\n<meta name=\"twitter:label1\" content=\"Est. reading time\" \/>\n\t<meta name=\"twitter:data1\" content=\"1 minute\" \/>\n<script type=\"application\/ld+json\" class=\"yoast-schema-graph\">{\"@context\":\"https:\/\/schema.org\",\"@graph\":[{\"@type\":\"WebPage\",\"@id\":\"https:\/\/cbmitrovica.org\/sq\/projects\/aktivitet-komunitar-nga-te-rinjte-se-bashku-ne-fushe\/\",\"url\":\"https:\/\/cbmitrovica.org\/sq\/projects\/aktivitet-komunitar-nga-te-rinjte-se-bashku-ne-fushe\/\",\"name\":\"Aktivitet komunitar nga t\u00eb rinjt\u00eb \u2013 S\u00eb bashku n\u00eb fush\u00eb - CBM - Community Building Mitrovica\",\"isPartOf\":{\"@id\":\"https:\/\/cbmitrovica.org\/#website\"},\"datePublished\":\"2026-01-21T09:51:32+00:00\",\"dateModified\":\"2026-01-21T09:51:32+00:00\",\"breadcrumb\":{\"@id\":\"https:\/\/cbmitrovica.org\/sq\/projects\/aktivitet-komunitar-nga-te-rinjte-se-bashku-ne-fushe\/#breadcrumb\"},\"inLanguage\":\"sq-AL\",\"potentialAction\":[{\"@type\":\"ReadAction\",\"target\":[\"https:\/\/cbmitrovica.org\/sq\/projects\/aktivitet-komunitar-nga-te-rinjte-se-bashku-ne-fushe\/\"]}]},{\"@type\":\"BreadcrumbList\",\"@id\":\"https:\/\/cbmitrovica.org\/sq\/projects\/aktivitet-komunitar-nga-te-rinjte-se-bashku-ne-fushe\/#breadcrumb\",\"itemListElement\":[{\"@type\":\"ListItem\",\"position\":1,\"name\":\"Home\",\"item\":\"https:\/\/cbmitrovica.org\/sq\/\"},{\"@type\":\"ListItem\",\"position\":2,\"name\":\"Activities\",\"item\":\"https:\/\/cbmitrovica.org\/projects\/\"},{\"@type\":\"ListItem\",\"position\":3,\"name\":\"Aktivitet komunitar nga t\u00eb rinjt\u00eb \u2013 S\u00eb bashku n\u00eb fush\u00eb\"}]},{\"@type\":\"WebSite\",\"@id\":\"https:\/\/cbmitrovica.org\/#website\",\"url\":\"https:\/\/cbmitrovica.org\/\",\"name\":\"CBM - Community Building Mitrovica\",\"description\":\"\",\"potentialAction\":[{\"@type\":\"SearchAction\",\"target\":{\"@type\":\"EntryPoint\",\"urlTemplate\":\"https:\/\/cbmitrovica.org\/?s={search_term_string}\"},\"query-input\":{\"@type\":\"PropertyValueSpecification\",\"valueRequired\":true,\"valueName\":\"search_term_string\"}}],\"inLanguage\":\"sq-AL\"}]}<\/script>\n<!-- \/ Yoast SEO plugin. -->","yoast_head_json":{"title":"Aktivitet komunitar nga t\u00eb rinjt\u00eb \u2013 S\u00eb bashku n\u00eb fush\u00eb - CBM - Community Building Mitrovica","robots":{"index":"index","follow":"follow","max-snippet":"max-snippet:-1","max-image-preview":"max-image-preview:large","max-video-preview":"max-video-preview:-1"},"canonical":"https:\/\/cbmitrovica.org\/sq\/projects\/aktivitet-komunitar-nga-te-rinjte-se-bashku-ne-fushe\/","og_locale":"sq_AL","og_type":"article","og_title":"Aktivitet komunitar nga t\u00eb rinjt\u00eb \u2013 S\u00eb bashku n\u00eb fush\u00eb - CBM - Community Building Mitrovica","og_description":"Si pjes\u00eb e mb\u00ebshtetjes s\u00eb vazhdueshme nga CBM p\u00ebr iniciativat e udh\u00ebhequra nga t\u00eb rinjt\u00eb, t\u00eb cilat u zhvilluan gjat\u00eb trajnimit p\u00ebr shkrimin e projekteve, nj\u00eb tjet\u00ebr ide kreative u realizua k\u00ebsaj here n\u00eb fush\u00ebn e basketbollit n\u00eb Mitrovic\u00ebn veriore. Aktivistet e reja, Rona dhe Adea organizuan s\u00eb fundmi nj\u00eb aktivitet basketbolli me titull \u201cS\u00eb [&hellip;]","og_url":"https:\/\/cbmitrovica.org\/sq\/projects\/aktivitet-komunitar-nga-te-rinjte-se-bashku-ne-fushe\/","og_site_name":"CBM - Community Building Mitrovica","og_image":[{"width":1600,"height":900,"url":"https:\/\/cbmitrovica.org\/wp-content\/uploads\/2021\/12\/viber-image-2021-12-21-15-40-54-153.jpg","type":"image\/jpeg"}],"twitter_card":"summary_large_image","twitter_misc":{"Est. reading time":"1 minute"},"schema":{"@context":"https:\/\/schema.org","@graph":[{"@type":"WebPage","@id":"https:\/\/cbmitrovica.org\/sq\/projects\/aktivitet-komunitar-nga-te-rinjte-se-bashku-ne-fushe\/","url":"https:\/\/cbmitrovica.org\/sq\/projects\/aktivitet-komunitar-nga-te-rinjte-se-bashku-ne-fushe\/","name":"Aktivitet komunitar nga t\u00eb rinjt\u00eb \u2013 S\u00eb bashku n\u00eb fush\u00eb - CBM - Community Building Mitrovica","isPartOf":{"@id":"https:\/\/cbmitrovica.org\/#website"},"datePublished":"2026-01-21T09:51:32+00:00","dateModified":"2026-01-21T09:51:32+00:00","breadcrumb":{"@id":"https:\/\/cbmitrovica.org\/sq\/projects\/aktivitet-komunitar-nga-te-rinjte-se-bashku-ne-fushe\/#breadcrumb"},"inLanguage":"sq-AL","potentialAction":[{"@type":"ReadAction","target":["https:\/\/cbmitrovica.org\/sq\/projects\/aktivitet-komunitar-nga-te-rinjte-se-bashku-ne-fushe\/"]}]},{"@type":"BreadcrumbList","@id":"https:\/\/cbmitrovica.org\/sq\/projects\/aktivitet-komunitar-nga-te-rinjte-se-bashku-ne-fushe\/#breadcrumb","itemListElement":[{"@type":"ListItem","position":1,"name":"Home","item":"https:\/\/cbmitrovica.org\/sq\/"},{"@type":"ListItem","position":2,"name":"Activities","item":"https:\/\/cbmitrovica.org\/projects\/"},{"@type":"ListItem","position":3,"name":"Aktivitet komunitar nga t\u00eb rinjt\u00eb \u2013 S\u00eb bashku n\u00eb fush\u00eb"}]},{"@type":"WebSite","@id":"https:\/\/cbmitrovica.org\/#website","url":"https:\/\/cbmitrovica.org\/","name":"CBM - Community Building Mitrovica","description":"","potentialAction":[{"@type":"SearchAction","target":{"@type":"EntryPoint","urlTemplate":"https:\/\/cbmitrovica.org\/?s={search_term_string}"},"query-input":{"@type":"PropertyValueSpecification","valueRequired":true,"valueName":"search_term_string"}}],"inLanguage":"sq-AL"}]}},"_links":{"self":[{"href":"https:\/\/cbmitrovica.org\/sq\/wp-json\/wp\/v2\/pages\/382253","targetHints":{"allow":["GET"]}}],"collection":[{"href":"https:\/\/cbmitrovica.org\/sq\/wp-json\/wp\/v2\/pages"}],"about":[{"href":"https:\/\/cbmitrovica.org\/sq\/wp-json\/wp\/v2\/types\/page"}],"author":[{"embeddable":true,"href":"https:\/\/cbmitrovica.org\/sq\/wp-json\/wp\/v2\/users\/297"}],"replies":[{"embeddable":true,"href":"https:\/\/cbmitrovica.org\/sq\/wp-json\/wp\/v2\/comments?post=382253"}],"version-history":[{"count":2,"href":"https:\/\/cbmitrovica.org\/sq\/wp-json\/wp\/v2\/pages\/382253\/revisions"}],"predecessor-version":[{"id":382256,"href":"https:\/\/cbmitrovica.org\/sq\/wp-json\/wp\/v2\/pages\/382253\/revisions\/382256"}],"up":[{"embeddable":true,"href":"https:\/\/cbmitrovica.org\/sq\/wp-json\/wp\/v2\/pages\/83"}],"wp:attachment":[{"href":"https:\/\/cbmitrovica.org\/sq\/wp-json\/wp\/v2\/media?parent=382253"}],"curies":[{"name":"wp","href":"https:\/\/api.w.org\/{rel}","templated":true}]}}