{"id":382141,"date":"2026-01-14T12:45:04","date_gmt":"2026-01-14T12:45:04","guid":{"rendered":"https:\/\/cdb.eav.mybluehost.me\/cbm-rct\/?page_id=382141"},"modified":"2026-01-14T12:45:05","modified_gmt":"2026-01-14T12:45:05","slug":"shkolla-e-edukimit-qytetar-alumni-event","status":"publish","type":"page","link":"https:\/\/cbmitrovica.org\/sq\/projects\/shkolla-e-edukimit-qytetar-alumni-event\/","title":{"rendered":"Shkolla e Edukimit Qytetar \u2013 &#8220;Alumni event&#8221;"},"content":{"rendered":"\n<p>Si vazhdim i Shkoll\u00ebs s\u00eb Edukimit Qytetar, CBM organizoi Eventin e Alumnive, duke bashkuar nx\u00ebn\u00ebs nga Mitrovica e Jugut dhe e Veriut, nga komunitete t\u00eb ndryshme. Dita e par\u00eb e kampit iu kushtua aktiviteteve njoh\u00ebse p\u00ebrmes loj\u00ebrave, bisedave dhe pun\u00ebs n\u00eb grupe, t\u00eb cilat ndihmuan nx\u00ebn\u00ebsit t\u00eb njihen m\u00eb mir\u00eb me nj\u00ebri-tjetrin. Dit\u00ebn e dyt\u00eb, sociologu Ramadan Beshiri udh\u00ebhoqi nj\u00eb sesion mbi \u201cSjelljen devijante dhe multikulturalizmin\u201d, duke nxitur diskutime t\u00eb thelluara dhe reflektuese.<\/p>\n\n\n\n<p>Nx\u00ebn\u00ebsit gjithashtu shk\u00ebmbyen mesazhe pozitive t\u00eb shkruara me dor\u00eb, t\u00eb vendosura n\u00eb zarfe personale, si m\u00ebnyr\u00eb p\u00ebr t\u2019u inkurajuar nj\u00ebri-tjetrin dhe p\u00ebr t\u00eb forcuar ndjenj\u00ebn e komunitetit. Dy dit\u00ebt e para p\u00ebrfunduan me aktivitete n\u00eb grup q\u00eb promovuan kreativitetin, lidhjen mes pjes\u00ebmarr\u00ebsve dhe ndjenj\u00ebn e p\u00ebrkat\u00ebsis\u00eb p\u00ebrtej dallimeve sociale dhe kulturore.<\/p>\n\n\n\n<p>Dy dit\u00ebt e fundit t\u00eb Kampit Veror t\u00eb Shkoll\u00ebs s\u00eb Edukimit Qytetar ishin t\u00eb mbushura me aktivitete dometh\u00ebn\u00ebse dhe me ndikim. Nx\u00ebn\u00ebsit mor\u00ebn pjes\u00eb n\u00eb simulimin \u201cIshulli im\u201d, ku krijuan shoq\u00ebrit\u00eb e tyre duke p\u00ebrcaktuar ligje, vlera dhe parime, duke nxitur p\u00ebrgjegj\u00ebsi, mendim kritik dhe reflektim mbi llojin e komunitetit n\u00eb t\u00eb cilin d\u00ebshirojn\u00eb t\u00eb jetojn\u00eb. Nj\u00eb shfaqje filmi gjithashtu nxiti dialog mbi tejkalimin e dallimeve, thyerjen e stereotipeve dhe p\u00ebrqafimin e gjith\u00ebp\u00ebrfshirjes.<\/p>\n\n\n\n<p>Dit\u00ebn e fundit, pjes\u00ebmarr\u00ebsit u mblodh\u00ebn n\u00eb nj\u00eb rreth reflektimi p\u00ebr t\u00eb ndar\u00eb m\u00ebsimet dhe p\u00ebrshtypjet nga kampi, nd\u00ebrsa p\u00ebrmbyllja e aktivitetit \u201cMiku Sekret\u201d krijoi momente mir\u00ebnjohjeje, inkurajimi dhe lidhjesh pozitive. Programi p\u00ebrfundoi me nj\u00eb ceremoni certifikimi, ku nx\u00ebn\u00ebsve iu ndan\u00eb certifikata si vler\u00ebsim p\u00ebr angazhimin dhe kontributin e tyre n\u00eb Shkoll\u00ebn e Edukimit Qytetar dhe Kampin Veror.<\/p>\n\n\n\n<p>Ky aktivitet u zbatuar nga Community Building Mitrovica, n\u00eb kuad\u00ebr t\u00eb programit \u201cKomunitete t\u00eb Q\u00ebndrueshme dhe Gjith\u00ebp\u00ebrfshir\u00ebse\u201d, i mb\u00ebshtetur nga Global Community Engagement and Resilience Fund.<br><\/p>\n\n\n\n<p><\/p>\n\n\n\n<p><\/p>\n","protected":false},"excerpt":{"rendered":"<p>Si vazhdim i Shkoll\u00ebs s\u00eb Edukimit Qytetar, CBM organizoi Eventin e Alumnive, duke bashkuar nx\u00ebn\u00ebs nga Mitrovica e Jugut dhe e Veriut, nga komunitete t\u00eb ndryshme. Dita e par\u00eb e kampit iu kushtua aktiviteteve njoh\u00ebse p\u00ebrmes loj\u00ebrave, bisedave dhe pun\u00ebs n\u00eb grupe, t\u00eb cilat ndihmuan nx\u00ebn\u00ebsit t\u00eb njihen m\u00eb mir\u00eb me nj\u00ebri-tjetrin. Dit\u00ebn e dyt\u00eb, [&hellip;]<\/p>\n","protected":false},"author":297,"featured_media":0,"parent":83,"menu_order":0,"comment_status":"closed","ping_status":"closed","template":"template-singleactiviti.php","meta":{"_bbp_topic_count":0,"_bbp_reply_count":0,"_bbp_total_topic_count":0,"_bbp_total_reply_count":0,"_bbp_voice_count":0,"_bbp_anonymous_reply_count":0,"_bbp_topic_count_hidden":0,"_bbp_reply_count_hidden":0,"_bbp_forum_subforum_count":0,"_monsterinsights_skip_tracking":false,"_monsterinsights_sitenote_active":false,"_monsterinsights_sitenote_note":"","_monsterinsights_sitenote_category":0,"footnotes":""},"class_list":["post-382141","page","type-page","status-publish","hentry"],"acf":[],"yoast_head":"<!-- This site is optimized with the Yoast SEO plugin v24.2 - https:\/\/yoast.com\/wordpress\/plugins\/seo\/ -->\n<title>Shkolla e Edukimit Qytetar \u2013 &quot;Alumni event&quot; - CBM - Community Building Mitrovica<\/title>\n<meta name=\"robots\" content=\"index, follow, max-snippet:-1, max-image-preview:large, max-video-preview:-1\" \/>\n<link rel=\"canonical\" href=\"https:\/\/cbmitrovica.org\/sq\/projects\/shkolla-e-edukimit-qytetar-alumni-event\/\" \/>\n<meta property=\"og:locale\" content=\"sq_AL\" \/>\n<meta property=\"og:type\" content=\"article\" \/>\n<meta property=\"og:title\" content=\"Shkolla e Edukimit Qytetar \u2013 &quot;Alumni event&quot; - CBM - Community Building Mitrovica\" \/>\n<meta property=\"og:description\" content=\"Si vazhdim i Shkoll\u00ebs s\u00eb Edukimit Qytetar, CBM organizoi Eventin e Alumnive, duke bashkuar nx\u00ebn\u00ebs nga Mitrovica e Jugut dhe e Veriut, nga komunitete t\u00eb ndryshme. Dita e par\u00eb e kampit iu kushtua aktiviteteve njoh\u00ebse p\u00ebrmes loj\u00ebrave, bisedave dhe pun\u00ebs n\u00eb grupe, t\u00eb cilat ndihmuan nx\u00ebn\u00ebsit t\u00eb njihen m\u00eb mir\u00eb me nj\u00ebri-tjetrin. Dit\u00ebn e dyt\u00eb, [&hellip;]\" \/>\n<meta property=\"og:url\" content=\"https:\/\/cbmitrovica.org\/sq\/projects\/shkolla-e-edukimit-qytetar-alumni-event\/\" \/>\n<meta property=\"og:site_name\" content=\"CBM - Community Building Mitrovica\" \/>\n<meta property=\"article:modified_time\" content=\"2026-01-14T12:45:05+00:00\" \/>\n<meta property=\"og:image\" content=\"https:\/\/cbmitrovica.org\/wp-content\/uploads\/2021\/12\/viber-image-2021-12-21-15-40-54-153.jpg\" \/>\n\t<meta property=\"og:image:width\" content=\"1600\" \/>\n\t<meta property=\"og:image:height\" content=\"900\" \/>\n\t<meta property=\"og:image:type\" content=\"image\/jpeg\" \/>\n<meta name=\"twitter:card\" content=\"summary_large_image\" \/>\n<meta name=\"twitter:label1\" content=\"Est. reading time\" \/>\n\t<meta name=\"twitter:data1\" content=\"2 minutes\" \/>\n<script type=\"application\/ld+json\" class=\"yoast-schema-graph\">{\"@context\":\"https:\/\/schema.org\",\"@graph\":[{\"@type\":\"WebPage\",\"@id\":\"https:\/\/cbmitrovica.org\/sq\/projects\/shkolla-e-edukimit-qytetar-alumni-event\/\",\"url\":\"https:\/\/cbmitrovica.org\/sq\/projects\/shkolla-e-edukimit-qytetar-alumni-event\/\",\"name\":\"Shkolla e Edukimit Qytetar \u2013 \\\"Alumni event\\\" - CBM - Community Building Mitrovica\",\"isPartOf\":{\"@id\":\"https:\/\/cbmitrovica.org\/#website\"},\"datePublished\":\"2026-01-14T12:45:04+00:00\",\"dateModified\":\"2026-01-14T12:45:05+00:00\",\"breadcrumb\":{\"@id\":\"https:\/\/cbmitrovica.org\/sq\/projects\/shkolla-e-edukimit-qytetar-alumni-event\/#breadcrumb\"},\"inLanguage\":\"sq-AL\",\"potentialAction\":[{\"@type\":\"ReadAction\",\"target\":[\"https:\/\/cbmitrovica.org\/sq\/projects\/shkolla-e-edukimit-qytetar-alumni-event\/\"]}]},{\"@type\":\"BreadcrumbList\",\"@id\":\"https:\/\/cbmitrovica.org\/sq\/projects\/shkolla-e-edukimit-qytetar-alumni-event\/#breadcrumb\",\"itemListElement\":[{\"@type\":\"ListItem\",\"position\":1,\"name\":\"Home\",\"item\":\"https:\/\/cbmitrovica.org\/sq\/\"},{\"@type\":\"ListItem\",\"position\":2,\"name\":\"Activities\",\"item\":\"https:\/\/cbmitrovica.org\/projects\/\"},{\"@type\":\"ListItem\",\"position\":3,\"name\":\"Shkolla e Edukimit Qytetar \u2013 &#8220;Alumni event&#8221;\"}]},{\"@type\":\"WebSite\",\"@id\":\"https:\/\/cbmitrovica.org\/#website\",\"url\":\"https:\/\/cbmitrovica.org\/\",\"name\":\"CBM - Community Building Mitrovica\",\"description\":\"\",\"potentialAction\":[{\"@type\":\"SearchAction\",\"target\":{\"@type\":\"EntryPoint\",\"urlTemplate\":\"https:\/\/cbmitrovica.org\/?s={search_term_string}\"},\"query-input\":{\"@type\":\"PropertyValueSpecification\",\"valueRequired\":true,\"valueName\":\"search_term_string\"}}],\"inLanguage\":\"sq-AL\"}]}<\/script>\n<!-- \/ Yoast SEO plugin. -->","yoast_head_json":{"title":"Shkolla e Edukimit Qytetar \u2013 \"Alumni event\" - CBM - Community Building Mitrovica","robots":{"index":"index","follow":"follow","max-snippet":"max-snippet:-1","max-image-preview":"max-image-preview:large","max-video-preview":"max-video-preview:-1"},"canonical":"https:\/\/cbmitrovica.org\/sq\/projects\/shkolla-e-edukimit-qytetar-alumni-event\/","og_locale":"sq_AL","og_type":"article","og_title":"Shkolla e Edukimit Qytetar \u2013 \"Alumni event\" - CBM - Community Building Mitrovica","og_description":"Si vazhdim i Shkoll\u00ebs s\u00eb Edukimit Qytetar, CBM organizoi Eventin e Alumnive, duke bashkuar nx\u00ebn\u00ebs nga Mitrovica e Jugut dhe e Veriut, nga komunitete t\u00eb ndryshme. Dita e par\u00eb e kampit iu kushtua aktiviteteve njoh\u00ebse p\u00ebrmes loj\u00ebrave, bisedave dhe pun\u00ebs n\u00eb grupe, t\u00eb cilat ndihmuan nx\u00ebn\u00ebsit t\u00eb njihen m\u00eb mir\u00eb me nj\u00ebri-tjetrin. Dit\u00ebn e dyt\u00eb, [&hellip;]","og_url":"https:\/\/cbmitrovica.org\/sq\/projects\/shkolla-e-edukimit-qytetar-alumni-event\/","og_site_name":"CBM - Community Building Mitrovica","article_modified_time":"2026-01-14T12:45:05+00:00","og_image":[{"width":1600,"height":900,"url":"https:\/\/cbmitrovica.org\/wp-content\/uploads\/2021\/12\/viber-image-2021-12-21-15-40-54-153.jpg","type":"image\/jpeg"}],"twitter_card":"summary_large_image","twitter_misc":{"Est. reading time":"2 minutes"},"schema":{"@context":"https:\/\/schema.org","@graph":[{"@type":"WebPage","@id":"https:\/\/cbmitrovica.org\/sq\/projects\/shkolla-e-edukimit-qytetar-alumni-event\/","url":"https:\/\/cbmitrovica.org\/sq\/projects\/shkolla-e-edukimit-qytetar-alumni-event\/","name":"Shkolla e Edukimit Qytetar \u2013 \"Alumni event\" - CBM - Community Building Mitrovica","isPartOf":{"@id":"https:\/\/cbmitrovica.org\/#website"},"datePublished":"2026-01-14T12:45:04+00:00","dateModified":"2026-01-14T12:45:05+00:00","breadcrumb":{"@id":"https:\/\/cbmitrovica.org\/sq\/projects\/shkolla-e-edukimit-qytetar-alumni-event\/#breadcrumb"},"inLanguage":"sq-AL","potentialAction":[{"@type":"ReadAction","target":["https:\/\/cbmitrovica.org\/sq\/projects\/shkolla-e-edukimit-qytetar-alumni-event\/"]}]},{"@type":"BreadcrumbList","@id":"https:\/\/cbmitrovica.org\/sq\/projects\/shkolla-e-edukimit-qytetar-alumni-event\/#breadcrumb","itemListElement":[{"@type":"ListItem","position":1,"name":"Home","item":"https:\/\/cbmitrovica.org\/sq\/"},{"@type":"ListItem","position":2,"name":"Activities","item":"https:\/\/cbmitrovica.org\/projects\/"},{"@type":"ListItem","position":3,"name":"Shkolla e Edukimit Qytetar \u2013 &#8220;Alumni event&#8221;"}]},{"@type":"WebSite","@id":"https:\/\/cbmitrovica.org\/#website","url":"https:\/\/cbmitrovica.org\/","name":"CBM - Community Building Mitrovica","description":"","potentialAction":[{"@type":"SearchAction","target":{"@type":"EntryPoint","urlTemplate":"https:\/\/cbmitrovica.org\/?s={search_term_string}"},"query-input":{"@type":"PropertyValueSpecification","valueRequired":true,"valueName":"search_term_string"}}],"inLanguage":"sq-AL"}]}},"_links":{"self":[{"href":"https:\/\/cbmitrovica.org\/sq\/wp-json\/wp\/v2\/pages\/382141","targetHints":{"allow":["GET"]}}],"collection":[{"href":"https:\/\/cbmitrovica.org\/sq\/wp-json\/wp\/v2\/pages"}],"about":[{"href":"https:\/\/cbmitrovica.org\/sq\/wp-json\/wp\/v2\/types\/page"}],"author":[{"embeddable":true,"href":"https:\/\/cbmitrovica.org\/sq\/wp-json\/wp\/v2\/users\/297"}],"replies":[{"embeddable":true,"href":"https:\/\/cbmitrovica.org\/sq\/wp-json\/wp\/v2\/comments?post=382141"}],"version-history":[{"count":2,"href":"https:\/\/cbmitrovica.org\/sq\/wp-json\/wp\/v2\/pages\/382141\/revisions"}],"predecessor-version":[{"id":382143,"href":"https:\/\/cbmitrovica.org\/sq\/wp-json\/wp\/v2\/pages\/382141\/revisions\/382143"}],"up":[{"embeddable":true,"href":"https:\/\/cbmitrovica.org\/sq\/wp-json\/wp\/v2\/pages\/83"}],"wp:attachment":[{"href":"https:\/\/cbmitrovica.org\/sq\/wp-json\/wp\/v2\/media?parent=382141"}],"curies":[{"name":"wp","href":"https:\/\/api.w.org\/{rel}","templated":true}]}}