{"id":382080,"date":"2025-12-24T10:09:45","date_gmt":"2025-12-24T10:09:45","guid":{"rendered":"https:\/\/cdb.eav.mybluehost.me\/cbm-rct\/?page_id=382080"},"modified":"2025-12-24T10:09:45","modified_gmt":"2025-12-24T10:09:45","slug":"ned-kamp-uticaj-mladih","status":"publish","type":"page","link":"https:\/\/cbmitrovica.org\/sq\/activities\/ned-kamp-uticaj-mladih\/","title":{"rendered":"NED Kamp \u201eUticaj mladih\u201c"},"content":{"rendered":"\n<p>NED Kamp \u201eUticaj mladih\u201c okupio je mlade iz razli\u010ditih zajednica u Brezovici od 3. do 5. oktobra 2025. godine, sa ciljem ja\u010danja njihovih ve\u0161tina u osmi\u0161ljavanju i sprovo\u0111enju inicijativa usmerenih na zajednicu. Tokom trodnevnog kampa, u\u010desnici su u\u010destvovali u interaktivnim radionicama i timskim aktivnostima koje su im pomogle da razumeju kako da prepoznaju izazove u zajednici, razviju strate\u0161ke akcije i svoje ideje pretvore u omladinske kampanje sa stvarnim uticajem.<\/p>\n\n\n\n<p>Program im je omogu\u0107io da steknu prakti\u010dno iskustvo u oblasti zagovaranja, komunikacije i kolektivnog re\u0161avanja problema. Do kraja kampa, mladi u\u010desnici su razvili konkretne koncepte kampanja koje se bave pitanjima za koja su smatrali da su najva\u017enija za mlade na Kosovu \u2014 uklju\u010duju\u0107i potrebu za ja\u010dom podr\u0161kom mentalnom zdravlju, za\u0161titu \u017eivotne sredine, prevenciju vr\u0161nja\u010dkog nasilja i zagovaranje stvaranja pristupa\u010dnih sportskih prostora.<\/p>\n\n\n\n<p>Pored u\u010denja i planiranja, kamp je tako\u0111e pru\u017eio prostor mladima iz razli\u010ditih sredina da se pove\u017eu, sara\u0111uju i otkriju snagu zajedni\u010dkog delovanja u pokretanju pozitivnih promena u svojim zajednicama.<\/p>\n\n\n\n<p><\/p>\n","protected":false},"excerpt":{"rendered":"<p>NED Kamp \u201eUticaj mladih\u201c okupio je mlade iz razli\u010ditih zajednica u Brezovici od 3. do 5. oktobra 2025. godine, sa ciljem ja\u010danja njihovih ve\u0161tina u osmi\u0161ljavanju i sprovo\u0111enju inicijativa usmerenih na zajednicu. Tokom trodnevnog kampa, u\u010desnici su u\u010destvovali u interaktivnim radionicama i timskim aktivnostima koje su im pomogle da razumeju kako da prepoznaju izazove u [&hellip;]<\/p>\n","protected":false},"author":298,"featured_media":0,"parent":225,"menu_order":0,"comment_status":"closed","ping_status":"closed","template":"template-singleactiviti.php","meta":{"_bbp_topic_count":0,"_bbp_reply_count":0,"_bbp_total_topic_count":0,"_bbp_total_reply_count":0,"_bbp_voice_count":0,"_bbp_anonymous_reply_count":0,"_bbp_topic_count_hidden":0,"_bbp_reply_count_hidden":0,"_bbp_forum_subforum_count":0,"_monsterinsights_skip_tracking":false,"_monsterinsights_sitenote_active":false,"_monsterinsights_sitenote_note":"","_monsterinsights_sitenote_category":0,"footnotes":""},"class_list":["post-382080","page","type-page","status-publish","hentry"],"acf":[],"yoast_head":"<!-- This site is optimized with the Yoast SEO plugin v24.2 - https:\/\/yoast.com\/wordpress\/plugins\/seo\/ -->\n<title>NED Kamp \u201eUticaj mladih\u201c - CBM - Community Building Mitrovica<\/title>\n<meta name=\"robots\" content=\"index, follow, max-snippet:-1, max-image-preview:large, max-video-preview:-1\" \/>\n<link rel=\"canonical\" href=\"https:\/\/cbmitrovica.org\/sq\/activities\/ned-kamp-uticaj-mladih\/\" \/>\n<meta property=\"og:locale\" content=\"sq_AL\" \/>\n<meta property=\"og:type\" content=\"article\" \/>\n<meta property=\"og:title\" content=\"NED Kamp \u201eUticaj mladih\u201c - CBM - Community Building Mitrovica\" \/>\n<meta property=\"og:description\" content=\"NED Kamp \u201eUticaj mladih\u201c okupio je mlade iz razli\u010ditih zajednica u Brezovici od 3. do 5. oktobra 2025. godine, sa ciljem ja\u010danja njihovih ve\u0161tina u osmi\u0161ljavanju i sprovo\u0111enju inicijativa usmerenih na zajednicu. Tokom trodnevnog kampa, u\u010desnici su u\u010destvovali u interaktivnim radionicama i timskim aktivnostima koje su im pomogle da razumeju kako da prepoznaju izazove u [&hellip;]\" \/>\n<meta property=\"og:url\" content=\"https:\/\/cbmitrovica.org\/sq\/activities\/ned-kamp-uticaj-mladih\/\" \/>\n<meta property=\"og:site_name\" content=\"CBM - Community Building Mitrovica\" \/>\n<meta property=\"og:image\" content=\"https:\/\/cbmitrovica.org\/wp-content\/uploads\/2021\/12\/viber-image-2021-12-21-15-40-54-153.jpg\" \/>\n\t<meta property=\"og:image:width\" content=\"1600\" \/>\n\t<meta property=\"og:image:height\" content=\"900\" \/>\n\t<meta property=\"og:image:type\" content=\"image\/jpeg\" \/>\n<meta name=\"twitter:card\" content=\"summary_large_image\" \/>\n<meta name=\"twitter:label1\" content=\"Est. reading time\" \/>\n\t<meta name=\"twitter:data1\" content=\"1 minute\" \/>\n<script type=\"application\/ld+json\" class=\"yoast-schema-graph\">{\"@context\":\"https:\/\/schema.org\",\"@graph\":[{\"@type\":\"WebPage\",\"@id\":\"https:\/\/cbmitrovica.org\/sq\/activities\/ned-kamp-uticaj-mladih\/\",\"url\":\"https:\/\/cbmitrovica.org\/sq\/activities\/ned-kamp-uticaj-mladih\/\",\"name\":\"NED Kamp \u201eUticaj mladih\u201c - CBM - Community Building Mitrovica\",\"isPartOf\":{\"@id\":\"https:\/\/cbmitrovica.org\/#website\"},\"datePublished\":\"2025-12-24T10:09:45+00:00\",\"dateModified\":\"2025-12-24T10:09:45+00:00\",\"breadcrumb\":{\"@id\":\"https:\/\/cbmitrovica.org\/sq\/activities\/ned-kamp-uticaj-mladih\/#breadcrumb\"},\"inLanguage\":\"sq-AL\",\"potentialAction\":[{\"@type\":\"ReadAction\",\"target\":[\"https:\/\/cbmitrovica.org\/sq\/activities\/ned-kamp-uticaj-mladih\/\"]}]},{\"@type\":\"BreadcrumbList\",\"@id\":\"https:\/\/cbmitrovica.org\/sq\/activities\/ned-kamp-uticaj-mladih\/#breadcrumb\",\"itemListElement\":[{\"@type\":\"ListItem\",\"position\":1,\"name\":\"Home\",\"item\":\"https:\/\/cbmitrovica.org\/sq\/\"},{\"@type\":\"ListItem\",\"position\":2,\"name\":\"Aktivnosti\",\"item\":\"https:\/\/cbmitrovica.org\/sr\/activities\/\"},{\"@type\":\"ListItem\",\"position\":3,\"name\":\"NED Kamp \u201eUticaj mladih\u201c\"}]},{\"@type\":\"WebSite\",\"@id\":\"https:\/\/cbmitrovica.org\/#website\",\"url\":\"https:\/\/cbmitrovica.org\/\",\"name\":\"CBM - Community Building Mitrovica\",\"description\":\"\",\"potentialAction\":[{\"@type\":\"SearchAction\",\"target\":{\"@type\":\"EntryPoint\",\"urlTemplate\":\"https:\/\/cbmitrovica.org\/?s={search_term_string}\"},\"query-input\":{\"@type\":\"PropertyValueSpecification\",\"valueRequired\":true,\"valueName\":\"search_term_string\"}}],\"inLanguage\":\"sq-AL\"}]}<\/script>\n<!-- \/ Yoast SEO plugin. -->","yoast_head_json":{"title":"NED Kamp \u201eUticaj mladih\u201c - CBM - Community Building Mitrovica","robots":{"index":"index","follow":"follow","max-snippet":"max-snippet:-1","max-image-preview":"max-image-preview:large","max-video-preview":"max-video-preview:-1"},"canonical":"https:\/\/cbmitrovica.org\/sq\/activities\/ned-kamp-uticaj-mladih\/","og_locale":"sq_AL","og_type":"article","og_title":"NED Kamp \u201eUticaj mladih\u201c - CBM - Community Building Mitrovica","og_description":"NED Kamp \u201eUticaj mladih\u201c okupio je mlade iz razli\u010ditih zajednica u Brezovici od 3. do 5. oktobra 2025. godine, sa ciljem ja\u010danja njihovih ve\u0161tina u osmi\u0161ljavanju i sprovo\u0111enju inicijativa usmerenih na zajednicu. Tokom trodnevnog kampa, u\u010desnici su u\u010destvovali u interaktivnim radionicama i timskim aktivnostima koje su im pomogle da razumeju kako da prepoznaju izazove u [&hellip;]","og_url":"https:\/\/cbmitrovica.org\/sq\/activities\/ned-kamp-uticaj-mladih\/","og_site_name":"CBM - Community Building Mitrovica","og_image":[{"width":1600,"height":900,"url":"https:\/\/cbmitrovica.org\/wp-content\/uploads\/2021\/12\/viber-image-2021-12-21-15-40-54-153.jpg","type":"image\/jpeg"}],"twitter_card":"summary_large_image","twitter_misc":{"Est. reading time":"1 minute"},"schema":{"@context":"https:\/\/schema.org","@graph":[{"@type":"WebPage","@id":"https:\/\/cbmitrovica.org\/sq\/activities\/ned-kamp-uticaj-mladih\/","url":"https:\/\/cbmitrovica.org\/sq\/activities\/ned-kamp-uticaj-mladih\/","name":"NED Kamp \u201eUticaj mladih\u201c - CBM - Community Building Mitrovica","isPartOf":{"@id":"https:\/\/cbmitrovica.org\/#website"},"datePublished":"2025-12-24T10:09:45+00:00","dateModified":"2025-12-24T10:09:45+00:00","breadcrumb":{"@id":"https:\/\/cbmitrovica.org\/sq\/activities\/ned-kamp-uticaj-mladih\/#breadcrumb"},"inLanguage":"sq-AL","potentialAction":[{"@type":"ReadAction","target":["https:\/\/cbmitrovica.org\/sq\/activities\/ned-kamp-uticaj-mladih\/"]}]},{"@type":"BreadcrumbList","@id":"https:\/\/cbmitrovica.org\/sq\/activities\/ned-kamp-uticaj-mladih\/#breadcrumb","itemListElement":[{"@type":"ListItem","position":1,"name":"Home","item":"https:\/\/cbmitrovica.org\/sq\/"},{"@type":"ListItem","position":2,"name":"Aktivnosti","item":"https:\/\/cbmitrovica.org\/sr\/activities\/"},{"@type":"ListItem","position":3,"name":"NED Kamp \u201eUticaj mladih\u201c"}]},{"@type":"WebSite","@id":"https:\/\/cbmitrovica.org\/#website","url":"https:\/\/cbmitrovica.org\/","name":"CBM - Community Building Mitrovica","description":"","potentialAction":[{"@type":"SearchAction","target":{"@type":"EntryPoint","urlTemplate":"https:\/\/cbmitrovica.org\/?s={search_term_string}"},"query-input":{"@type":"PropertyValueSpecification","valueRequired":true,"valueName":"search_term_string"}}],"inLanguage":"sq-AL"}]}},"_links":{"self":[{"href":"https:\/\/cbmitrovica.org\/sq\/wp-json\/wp\/v2\/pages\/382080","targetHints":{"allow":["GET"]}}],"collection":[{"href":"https:\/\/cbmitrovica.org\/sq\/wp-json\/wp\/v2\/pages"}],"about":[{"href":"https:\/\/cbmitrovica.org\/sq\/wp-json\/wp\/v2\/types\/page"}],"author":[{"embeddable":true,"href":"https:\/\/cbmitrovica.org\/sq\/wp-json\/wp\/v2\/users\/298"}],"replies":[{"embeddable":true,"href":"https:\/\/cbmitrovica.org\/sq\/wp-json\/wp\/v2\/comments?post=382080"}],"version-history":[{"count":2,"href":"https:\/\/cbmitrovica.org\/sq\/wp-json\/wp\/v2\/pages\/382080\/revisions"}],"predecessor-version":[{"id":382082,"href":"https:\/\/cbmitrovica.org\/sq\/wp-json\/wp\/v2\/pages\/382080\/revisions\/382082"}],"up":[{"embeddable":true,"href":"https:\/\/cbmitrovica.org\/sq\/wp-json\/wp\/v2\/pages\/225"}],"wp:attachment":[{"href":"https:\/\/cbmitrovica.org\/sq\/wp-json\/wp\/v2\/media?parent=382080"}],"curies":[{"name":"wp","href":"https:\/\/api.w.org\/{rel}","templated":true}]}}