{"id":382076,"date":"2025-12-24T10:01:31","date_gmt":"2025-12-24T10:01:31","guid":{"rendered":"https:\/\/cdb.eav.mybluehost.me\/cbm-rct\/?page_id=382076"},"modified":"2025-12-24T10:01:32","modified_gmt":"2025-12-24T10:01:32","slug":"kampi-ned-per-fuqizimin-e-te-rinjve","status":"publish","type":"page","link":"https:\/\/cbmitrovica.org\/sq\/activities\/kampi-ned-per-fuqizimin-e-te-rinjve\/","title":{"rendered":"Kampi NED p\u00ebr Fuqizimin e t\u00eb Rinjve"},"content":{"rendered":"\n<p><\/p>\n\n\n\n<p>Kampi NED p\u00ebr Fuqizimin e t\u00eb Rinjve mblodhi t\u00eb rinj nga komunitete t\u00eb ndryshme n\u00eb Brezovic\u00eb nga data 3 deri m\u00eb 5 tetor 2025, me q\u00ebllim forcimin e aft\u00ebsive t\u00eb tyre n\u00eb hartimin dhe zbatimin e nismave t\u00eb fokusuara n\u00eb komunitet. Gjat\u00eb kampit tre-ditor, pjes\u00ebmarr\u00ebsit u angazhuan n\u00eb pun\u00ebtori interaktive dhe ushtrime ekipore, t\u00eb dizajnuara p\u00ebr t\u2019i ndihmuar ata t\u00eb kuptojn\u00eb se si t\u00eb identifikojn\u00eb sfidat e komunitetit, t\u00eb zhvillojn\u00eb veprime strategjike dhe t\u2019i shnd\u00ebrrojn\u00eb idet\u00eb e tyre n\u00eb fushata rinore me ndikim.<\/p>\n\n\n\n<p>Programi i ndihmoi ata t\u00eb fitojn\u00eb p\u00ebrvoj\u00eb praktike n\u00eb avokim, komunikim dhe zgjidhje kolektive t\u00eb problemeve. N\u00eb p\u00ebrfundim t\u00eb kampit, t\u00eb rinjt\u00eb pjes\u00ebmarr\u00ebs zhvilluan koncepte konkrete fushatash q\u00eb adresonin \u00e7\u00ebshtjet q\u00eb ata i konsideruan m\u00eb urgjente p\u00ebr rinin\u00eb n\u00eb Kosov\u00eb \u2014 p\u00ebrfshir\u00eb nevoj\u00ebn p\u00ebr mb\u00ebshtetje m\u00eb t\u00eb fuqishme p\u00ebr sh\u00ebndetin mendor, mbrojtjen e mjedisit, parandalimin e bullizmit dhe avokimin p\u00ebr krijimin e hap\u00ebsirave sportive t\u00eb qasshme.<\/p>\n\n\n\n<p>P\u00ebrtej t\u00eb nx\u00ebnit dhe planifikimit, kampi ofroi gjithashtu nj\u00eb hap\u00ebsir\u00eb ku t\u00eb rinjt\u00eb nga prejardhje t\u00eb ndryshme u lidh\u00ebn, bashk\u00ebpunuan dhe zbuluan fuqin\u00eb e veprimit t\u00eb p\u00ebrbashk\u00ebt n\u00eb nxitjen e ndryshimeve pozitive n\u00eb komunitetet e tyre.<\/p>\n\n\n\n<p><\/p>\n","protected":false},"excerpt":{"rendered":"<p>Kampi NED p\u00ebr Fuqizimin e t\u00eb Rinjve mblodhi t\u00eb rinj nga komunitete t\u00eb ndryshme n\u00eb Brezovic\u00eb nga data 3 deri m\u00eb 5 tetor 2025, me q\u00ebllim forcimin e aft\u00ebsive t\u00eb tyre n\u00eb hartimin dhe zbatimin e nismave t\u00eb fokusuara n\u00eb komunitet. Gjat\u00eb kampit tre-ditor, pjes\u00ebmarr\u00ebsit u angazhuan n\u00eb pun\u00ebtori interaktive dhe ushtrime ekipore, t\u00eb dizajnuara [&hellip;]<\/p>\n","protected":false},"author":298,"featured_media":0,"parent":215,"menu_order":0,"comment_status":"closed","ping_status":"closed","template":"template-singleactiviti.php","meta":{"_bbp_topic_count":0,"_bbp_reply_count":0,"_bbp_total_topic_count":0,"_bbp_total_reply_count":0,"_bbp_voice_count":0,"_bbp_anonymous_reply_count":0,"_bbp_topic_count_hidden":0,"_bbp_reply_count_hidden":0,"_bbp_forum_subforum_count":0,"_monsterinsights_skip_tracking":false,"_monsterinsights_sitenote_active":false,"_monsterinsights_sitenote_note":"","_monsterinsights_sitenote_category":0,"footnotes":""},"class_list":["post-382076","page","type-page","status-publish","hentry"],"acf":[],"yoast_head":"<!-- This site is optimized with the Yoast SEO plugin v24.2 - https:\/\/yoast.com\/wordpress\/plugins\/seo\/ -->\n<title>Kampi NED p\u00ebr Fuqizimin e t\u00eb Rinjve - CBM - Community Building Mitrovica<\/title>\n<meta name=\"robots\" content=\"index, follow, max-snippet:-1, max-image-preview:large, max-video-preview:-1\" \/>\n<link rel=\"canonical\" href=\"https:\/\/cbmitrovica.org\/sq\/activities\/kampi-ned-per-fuqizimin-e-te-rinjve\/\" \/>\n<meta property=\"og:locale\" content=\"sq_AL\" \/>\n<meta property=\"og:type\" content=\"article\" \/>\n<meta property=\"og:title\" content=\"Kampi NED p\u00ebr Fuqizimin e t\u00eb Rinjve - CBM - Community Building Mitrovica\" \/>\n<meta property=\"og:description\" content=\"Kampi NED p\u00ebr Fuqizimin e t\u00eb Rinjve mblodhi t\u00eb rinj nga komunitete t\u00eb ndryshme n\u00eb Brezovic\u00eb nga data 3 deri m\u00eb 5 tetor 2025, me q\u00ebllim forcimin e aft\u00ebsive t\u00eb tyre n\u00eb hartimin dhe zbatimin e nismave t\u00eb fokusuara n\u00eb komunitet. Gjat\u00eb kampit tre-ditor, pjes\u00ebmarr\u00ebsit u angazhuan n\u00eb pun\u00ebtori interaktive dhe ushtrime ekipore, t\u00eb dizajnuara [&hellip;]\" \/>\n<meta property=\"og:url\" content=\"https:\/\/cbmitrovica.org\/sq\/activities\/kampi-ned-per-fuqizimin-e-te-rinjve\/\" \/>\n<meta property=\"og:site_name\" content=\"CBM - Community Building Mitrovica\" \/>\n<meta property=\"article:modified_time\" content=\"2025-12-24T10:01:32+00:00\" \/>\n<meta property=\"og:image\" content=\"https:\/\/cbmitrovica.org\/wp-content\/uploads\/2021\/12\/viber-image-2021-12-21-15-40-54-153.jpg\" \/>\n\t<meta property=\"og:image:width\" content=\"1600\" \/>\n\t<meta property=\"og:image:height\" content=\"900\" \/>\n\t<meta property=\"og:image:type\" content=\"image\/jpeg\" \/>\n<meta name=\"twitter:card\" content=\"summary_large_image\" \/>\n<meta name=\"twitter:label1\" content=\"Est. reading time\" \/>\n\t<meta name=\"twitter:data1\" content=\"1 minute\" \/>\n<script type=\"application\/ld+json\" class=\"yoast-schema-graph\">{\"@context\":\"https:\/\/schema.org\",\"@graph\":[{\"@type\":\"WebPage\",\"@id\":\"https:\/\/cbmitrovica.org\/sq\/activities\/kampi-ned-per-fuqizimin-e-te-rinjve\/\",\"url\":\"https:\/\/cbmitrovica.org\/sq\/activities\/kampi-ned-per-fuqizimin-e-te-rinjve\/\",\"name\":\"Kampi NED p\u00ebr Fuqizimin e t\u00eb Rinjve - CBM - Community Building Mitrovica\",\"isPartOf\":{\"@id\":\"https:\/\/cbmitrovica.org\/#website\"},\"datePublished\":\"2025-12-24T10:01:31+00:00\",\"dateModified\":\"2025-12-24T10:01:32+00:00\",\"breadcrumb\":{\"@id\":\"https:\/\/cbmitrovica.org\/sq\/activities\/kampi-ned-per-fuqizimin-e-te-rinjve\/#breadcrumb\"},\"inLanguage\":\"sq-AL\",\"potentialAction\":[{\"@type\":\"ReadAction\",\"target\":[\"https:\/\/cbmitrovica.org\/sq\/activities\/kampi-ned-per-fuqizimin-e-te-rinjve\/\"]}]},{\"@type\":\"BreadcrumbList\",\"@id\":\"https:\/\/cbmitrovica.org\/sq\/activities\/kampi-ned-per-fuqizimin-e-te-rinjve\/#breadcrumb\",\"itemListElement\":[{\"@type\":\"ListItem\",\"position\":1,\"name\":\"Home\",\"item\":\"https:\/\/cbmitrovica.org\/sq\/\"},{\"@type\":\"ListItem\",\"position\":2,\"name\":\"Aktivitetet\",\"item\":\"https:\/\/cbmitrovica.org\/sq\/activities\/\"},{\"@type\":\"ListItem\",\"position\":3,\"name\":\"Kampi NED p\u00ebr Fuqizimin e t\u00eb Rinjve\"}]},{\"@type\":\"WebSite\",\"@id\":\"https:\/\/cbmitrovica.org\/#website\",\"url\":\"https:\/\/cbmitrovica.org\/\",\"name\":\"CBM - Community Building Mitrovica\",\"description\":\"\",\"potentialAction\":[{\"@type\":\"SearchAction\",\"target\":{\"@type\":\"EntryPoint\",\"urlTemplate\":\"https:\/\/cbmitrovica.org\/?s={search_term_string}\"},\"query-input\":{\"@type\":\"PropertyValueSpecification\",\"valueRequired\":true,\"valueName\":\"search_term_string\"}}],\"inLanguage\":\"sq-AL\"}]}<\/script>\n<!-- \/ Yoast SEO plugin. -->","yoast_head_json":{"title":"Kampi NED p\u00ebr Fuqizimin e t\u00eb Rinjve - CBM - Community Building Mitrovica","robots":{"index":"index","follow":"follow","max-snippet":"max-snippet:-1","max-image-preview":"max-image-preview:large","max-video-preview":"max-video-preview:-1"},"canonical":"https:\/\/cbmitrovica.org\/sq\/activities\/kampi-ned-per-fuqizimin-e-te-rinjve\/","og_locale":"sq_AL","og_type":"article","og_title":"Kampi NED p\u00ebr Fuqizimin e t\u00eb Rinjve - CBM - Community Building Mitrovica","og_description":"Kampi NED p\u00ebr Fuqizimin e t\u00eb Rinjve mblodhi t\u00eb rinj nga komunitete t\u00eb ndryshme n\u00eb Brezovic\u00eb nga data 3 deri m\u00eb 5 tetor 2025, me q\u00ebllim forcimin e aft\u00ebsive t\u00eb tyre n\u00eb hartimin dhe zbatimin e nismave t\u00eb fokusuara n\u00eb komunitet. Gjat\u00eb kampit tre-ditor, pjes\u00ebmarr\u00ebsit u angazhuan n\u00eb pun\u00ebtori interaktive dhe ushtrime ekipore, t\u00eb dizajnuara [&hellip;]","og_url":"https:\/\/cbmitrovica.org\/sq\/activities\/kampi-ned-per-fuqizimin-e-te-rinjve\/","og_site_name":"CBM - Community Building Mitrovica","article_modified_time":"2025-12-24T10:01:32+00:00","og_image":[{"width":1600,"height":900,"url":"https:\/\/cbmitrovica.org\/wp-content\/uploads\/2021\/12\/viber-image-2021-12-21-15-40-54-153.jpg","type":"image\/jpeg"}],"twitter_card":"summary_large_image","twitter_misc":{"Est. reading time":"1 minute"},"schema":{"@context":"https:\/\/schema.org","@graph":[{"@type":"WebPage","@id":"https:\/\/cbmitrovica.org\/sq\/activities\/kampi-ned-per-fuqizimin-e-te-rinjve\/","url":"https:\/\/cbmitrovica.org\/sq\/activities\/kampi-ned-per-fuqizimin-e-te-rinjve\/","name":"Kampi NED p\u00ebr Fuqizimin e t\u00eb Rinjve - CBM - Community Building Mitrovica","isPartOf":{"@id":"https:\/\/cbmitrovica.org\/#website"},"datePublished":"2025-12-24T10:01:31+00:00","dateModified":"2025-12-24T10:01:32+00:00","breadcrumb":{"@id":"https:\/\/cbmitrovica.org\/sq\/activities\/kampi-ned-per-fuqizimin-e-te-rinjve\/#breadcrumb"},"inLanguage":"sq-AL","potentialAction":[{"@type":"ReadAction","target":["https:\/\/cbmitrovica.org\/sq\/activities\/kampi-ned-per-fuqizimin-e-te-rinjve\/"]}]},{"@type":"BreadcrumbList","@id":"https:\/\/cbmitrovica.org\/sq\/activities\/kampi-ned-per-fuqizimin-e-te-rinjve\/#breadcrumb","itemListElement":[{"@type":"ListItem","position":1,"name":"Home","item":"https:\/\/cbmitrovica.org\/sq\/"},{"@type":"ListItem","position":2,"name":"Aktivitetet","item":"https:\/\/cbmitrovica.org\/sq\/activities\/"},{"@type":"ListItem","position":3,"name":"Kampi NED p\u00ebr Fuqizimin e t\u00eb Rinjve"}]},{"@type":"WebSite","@id":"https:\/\/cbmitrovica.org\/#website","url":"https:\/\/cbmitrovica.org\/","name":"CBM - Community Building Mitrovica","description":"","potentialAction":[{"@type":"SearchAction","target":{"@type":"EntryPoint","urlTemplate":"https:\/\/cbmitrovica.org\/?s={search_term_string}"},"query-input":{"@type":"PropertyValueSpecification","valueRequired":true,"valueName":"search_term_string"}}],"inLanguage":"sq-AL"}]}},"_links":{"self":[{"href":"https:\/\/cbmitrovica.org\/sq\/wp-json\/wp\/v2\/pages\/382076","targetHints":{"allow":["GET"]}}],"collection":[{"href":"https:\/\/cbmitrovica.org\/sq\/wp-json\/wp\/v2\/pages"}],"about":[{"href":"https:\/\/cbmitrovica.org\/sq\/wp-json\/wp\/v2\/types\/page"}],"author":[{"embeddable":true,"href":"https:\/\/cbmitrovica.org\/sq\/wp-json\/wp\/v2\/users\/298"}],"replies":[{"embeddable":true,"href":"https:\/\/cbmitrovica.org\/sq\/wp-json\/wp\/v2\/comments?post=382076"}],"version-history":[{"count":2,"href":"https:\/\/cbmitrovica.org\/sq\/wp-json\/wp\/v2\/pages\/382076\/revisions"}],"predecessor-version":[{"id":382078,"href":"https:\/\/cbmitrovica.org\/sq\/wp-json\/wp\/v2\/pages\/382076\/revisions\/382078"}],"up":[{"embeddable":true,"href":"https:\/\/cbmitrovica.org\/sq\/wp-json\/wp\/v2\/pages\/215"}],"wp:attachment":[{"href":"https:\/\/cbmitrovica.org\/sq\/wp-json\/wp\/v2\/media?parent=382076"}],"curies":[{"name":"wp","href":"https:\/\/api.w.org\/{rel}","templated":true}]}}