{"id":381934,"date":"2025-12-22T13:06:09","date_gmt":"2025-12-22T13:06:09","guid":{"rendered":"https:\/\/cdb.eav.mybluehost.me\/cbm-rct\/?page_id=381934"},"modified":"2025-12-22T13:06:10","modified_gmt":"2025-12-22T13:06:10","slug":"bashkepunimi-nderetnik-nepermjet-shigjetarise","status":"publish","type":"page","link":"https:\/\/cbmitrovica.org\/sq\/projects\/bashkepunimi-nderetnik-nepermjet-shigjetarise\/","title":{"rendered":"Bashk\u00ebpunimi Nd\u00ebretnik n\u00ebp\u00ebrmjet Shigjetaris\u00eb"},"content":{"rendered":"\n<p>Si pjes\u00eb e aktiviteteve t\u00eb saj t\u00eb vazhdueshme, CBM organizoi nj\u00eb iniciativ\u00eb gjith\u00ebp\u00ebrfshir\u00ebse bazuar n\u00eb sport, e cila bashkoi t\u00eb rinj nga komunitete etnike t\u00eb ndryshme, duke krijuar nj\u00eb hap\u00ebsir\u00eb t\u00eb sigurt dhe mikprit\u00ebse p\u00ebr lidhje dhe nd\u00ebrveprim.<\/p>\n\n\n\n<p>Aktiviteti siguroi mund\u00ebsi t\u00eb barabarta p\u00ebr t\u00eb gjith\u00eb pjes\u00ebmarr\u00ebsit dhe promovoi n\u00eb m\u00ebnyr\u00eb aktive bashk\u00ebpunimin nd\u00ebretnik p\u00ebrmes sportit. Pjes\u00ebmarr\u00ebsit u njoh\u00ebn me bazat e shigjetaris\u00eb, duke p\u00ebrfshir\u00eb q\u00ebndrimin e duhur, teknikat e synimit dhe r\u00ebnd\u00ebsin\u00eb e fokusit dhe durimit.<\/p>\n\n\n\n<p>Gjat\u00eb sesioneve, u vu theksi i madh te puna n\u00eb grup, inkurajimi dhe mb\u00ebshtetja reciproke. Aktiviteti p\u00ebrfshiu gjithashtu nj\u00eb gar\u00eb miq\u00ebsore, duke nxjerr\u00eb n\u00eb pah si aft\u00ebsit\u00eb individuale ashtu edhe bashk\u00ebpunimin.<\/p>\n\n\n\n<p>Iniciativa p\u00ebrfundoi me njohjen e performancave t\u00eb shk\u00eblqyera dhe forcimin e vlerave ky\u00e7e si bashk\u00ebpunimi, respekti reciprok dhe barazia p\u00ebrmes sportit.<\/p>\n\n\n\n<p><\/p>\n\n\n\n<p><\/p>\n","protected":false},"excerpt":{"rendered":"<p>Si pjes\u00eb e aktiviteteve t\u00eb saj t\u00eb vazhdueshme, CBM organizoi nj\u00eb iniciativ\u00eb gjith\u00ebp\u00ebrfshir\u00ebse bazuar n\u00eb sport, e cila bashkoi t\u00eb rinj nga komunitete etnike t\u00eb ndryshme, duke krijuar nj\u00eb hap\u00ebsir\u00eb t\u00eb sigurt dhe mikprit\u00ebse p\u00ebr lidhje dhe nd\u00ebrveprim. Aktiviteti siguroi mund\u00ebsi t\u00eb barabarta p\u00ebr t\u00eb gjith\u00eb pjes\u00ebmarr\u00ebsit dhe promovoi n\u00eb m\u00ebnyr\u00eb aktive bashk\u00ebpunimin nd\u00ebretnik p\u00ebrmes [&hellip;]<\/p>\n","protected":false},"author":298,"featured_media":0,"parent":83,"menu_order":0,"comment_status":"closed","ping_status":"closed","template":"template-singleactiviti.php","meta":{"_bbp_topic_count":0,"_bbp_reply_count":0,"_bbp_total_topic_count":0,"_bbp_total_reply_count":0,"_bbp_voice_count":0,"_bbp_anonymous_reply_count":0,"_bbp_topic_count_hidden":0,"_bbp_reply_count_hidden":0,"_bbp_forum_subforum_count":0,"_monsterinsights_skip_tracking":false,"_monsterinsights_sitenote_active":false,"_monsterinsights_sitenote_note":"","_monsterinsights_sitenote_category":0,"footnotes":""},"class_list":["post-381934","page","type-page","status-publish","hentry"],"acf":[],"yoast_head":"<!-- This site is optimized with the Yoast SEO plugin v24.2 - https:\/\/yoast.com\/wordpress\/plugins\/seo\/ -->\n<title>Bashk\u00ebpunimi Nd\u00ebretnik n\u00ebp\u00ebrmjet Shigjetaris\u00eb - CBM - Community Building Mitrovica<\/title>\n<meta name=\"robots\" content=\"index, follow, max-snippet:-1, max-image-preview:large, max-video-preview:-1\" \/>\n<link rel=\"canonical\" href=\"https:\/\/cbmitrovica.org\/sq\/projects\/bashkepunimi-nderetnik-nepermjet-shigjetarise\/\" \/>\n<meta property=\"og:locale\" content=\"sq_AL\" \/>\n<meta property=\"og:type\" content=\"article\" \/>\n<meta property=\"og:title\" content=\"Bashk\u00ebpunimi Nd\u00ebretnik n\u00ebp\u00ebrmjet Shigjetaris\u00eb - CBM - Community Building Mitrovica\" \/>\n<meta property=\"og:description\" content=\"Si pjes\u00eb e aktiviteteve t\u00eb saj t\u00eb vazhdueshme, CBM organizoi nj\u00eb iniciativ\u00eb gjith\u00ebp\u00ebrfshir\u00ebse bazuar n\u00eb sport, e cila bashkoi t\u00eb rinj nga komunitete etnike t\u00eb ndryshme, duke krijuar nj\u00eb hap\u00ebsir\u00eb t\u00eb sigurt dhe mikprit\u00ebse p\u00ebr lidhje dhe nd\u00ebrveprim. Aktiviteti siguroi mund\u00ebsi t\u00eb barabarta p\u00ebr t\u00eb gjith\u00eb pjes\u00ebmarr\u00ebsit dhe promovoi n\u00eb m\u00ebnyr\u00eb aktive bashk\u00ebpunimin nd\u00ebretnik p\u00ebrmes [&hellip;]\" \/>\n<meta property=\"og:url\" content=\"https:\/\/cbmitrovica.org\/sq\/projects\/bashkepunimi-nderetnik-nepermjet-shigjetarise\/\" \/>\n<meta property=\"og:site_name\" content=\"CBM - Community Building Mitrovica\" \/>\n<meta property=\"article:modified_time\" content=\"2025-12-22T13:06:10+00:00\" \/>\n<meta property=\"og:image\" content=\"https:\/\/cbmitrovica.org\/wp-content\/uploads\/2021\/12\/viber-image-2021-12-21-15-40-54-153.jpg\" \/>\n\t<meta property=\"og:image:width\" content=\"1600\" \/>\n\t<meta property=\"og:image:height\" content=\"900\" \/>\n\t<meta property=\"og:image:type\" content=\"image\/jpeg\" \/>\n<meta name=\"twitter:card\" content=\"summary_large_image\" \/>\n<meta name=\"twitter:label1\" content=\"Est. reading time\" \/>\n\t<meta name=\"twitter:data1\" content=\"1 minute\" \/>\n<script type=\"application\/ld+json\" class=\"yoast-schema-graph\">{\"@context\":\"https:\/\/schema.org\",\"@graph\":[{\"@type\":\"WebPage\",\"@id\":\"https:\/\/cbmitrovica.org\/sq\/projects\/bashkepunimi-nderetnik-nepermjet-shigjetarise\/\",\"url\":\"https:\/\/cbmitrovica.org\/sq\/projects\/bashkepunimi-nderetnik-nepermjet-shigjetarise\/\",\"name\":\"Bashk\u00ebpunimi Nd\u00ebretnik n\u00ebp\u00ebrmjet Shigjetaris\u00eb - CBM - Community Building Mitrovica\",\"isPartOf\":{\"@id\":\"https:\/\/cbmitrovica.org\/#website\"},\"datePublished\":\"2025-12-22T13:06:09+00:00\",\"dateModified\":\"2025-12-22T13:06:10+00:00\",\"breadcrumb\":{\"@id\":\"https:\/\/cbmitrovica.org\/sq\/projects\/bashkepunimi-nderetnik-nepermjet-shigjetarise\/#breadcrumb\"},\"inLanguage\":\"sq-AL\",\"potentialAction\":[{\"@type\":\"ReadAction\",\"target\":[\"https:\/\/cbmitrovica.org\/sq\/projects\/bashkepunimi-nderetnik-nepermjet-shigjetarise\/\"]}]},{\"@type\":\"BreadcrumbList\",\"@id\":\"https:\/\/cbmitrovica.org\/sq\/projects\/bashkepunimi-nderetnik-nepermjet-shigjetarise\/#breadcrumb\",\"itemListElement\":[{\"@type\":\"ListItem\",\"position\":1,\"name\":\"Home\",\"item\":\"https:\/\/cbmitrovica.org\/sq\/\"},{\"@type\":\"ListItem\",\"position\":2,\"name\":\"Activities\",\"item\":\"https:\/\/cbmitrovica.org\/projects\/\"},{\"@type\":\"ListItem\",\"position\":3,\"name\":\"Bashk\u00ebpunimi Nd\u00ebretnik n\u00ebp\u00ebrmjet Shigjetaris\u00eb\"}]},{\"@type\":\"WebSite\",\"@id\":\"https:\/\/cbmitrovica.org\/#website\",\"url\":\"https:\/\/cbmitrovica.org\/\",\"name\":\"CBM - Community Building Mitrovica\",\"description\":\"\",\"potentialAction\":[{\"@type\":\"SearchAction\",\"target\":{\"@type\":\"EntryPoint\",\"urlTemplate\":\"https:\/\/cbmitrovica.org\/?s={search_term_string}\"},\"query-input\":{\"@type\":\"PropertyValueSpecification\",\"valueRequired\":true,\"valueName\":\"search_term_string\"}}],\"inLanguage\":\"sq-AL\"}]}<\/script>\n<!-- \/ Yoast SEO plugin. -->","yoast_head_json":{"title":"Bashk\u00ebpunimi Nd\u00ebretnik n\u00ebp\u00ebrmjet Shigjetaris\u00eb - CBM - Community Building Mitrovica","robots":{"index":"index","follow":"follow","max-snippet":"max-snippet:-1","max-image-preview":"max-image-preview:large","max-video-preview":"max-video-preview:-1"},"canonical":"https:\/\/cbmitrovica.org\/sq\/projects\/bashkepunimi-nderetnik-nepermjet-shigjetarise\/","og_locale":"sq_AL","og_type":"article","og_title":"Bashk\u00ebpunimi Nd\u00ebretnik n\u00ebp\u00ebrmjet Shigjetaris\u00eb - CBM - Community Building Mitrovica","og_description":"Si pjes\u00eb e aktiviteteve t\u00eb saj t\u00eb vazhdueshme, CBM organizoi nj\u00eb iniciativ\u00eb gjith\u00ebp\u00ebrfshir\u00ebse bazuar n\u00eb sport, e cila bashkoi t\u00eb rinj nga komunitete etnike t\u00eb ndryshme, duke krijuar nj\u00eb hap\u00ebsir\u00eb t\u00eb sigurt dhe mikprit\u00ebse p\u00ebr lidhje dhe nd\u00ebrveprim. Aktiviteti siguroi mund\u00ebsi t\u00eb barabarta p\u00ebr t\u00eb gjith\u00eb pjes\u00ebmarr\u00ebsit dhe promovoi n\u00eb m\u00ebnyr\u00eb aktive bashk\u00ebpunimin nd\u00ebretnik p\u00ebrmes [&hellip;]","og_url":"https:\/\/cbmitrovica.org\/sq\/projects\/bashkepunimi-nderetnik-nepermjet-shigjetarise\/","og_site_name":"CBM - Community Building Mitrovica","article_modified_time":"2025-12-22T13:06:10+00:00","og_image":[{"width":1600,"height":900,"url":"https:\/\/cbmitrovica.org\/wp-content\/uploads\/2021\/12\/viber-image-2021-12-21-15-40-54-153.jpg","type":"image\/jpeg"}],"twitter_card":"summary_large_image","twitter_misc":{"Est. reading time":"1 minute"},"schema":{"@context":"https:\/\/schema.org","@graph":[{"@type":"WebPage","@id":"https:\/\/cbmitrovica.org\/sq\/projects\/bashkepunimi-nderetnik-nepermjet-shigjetarise\/","url":"https:\/\/cbmitrovica.org\/sq\/projects\/bashkepunimi-nderetnik-nepermjet-shigjetarise\/","name":"Bashk\u00ebpunimi Nd\u00ebretnik n\u00ebp\u00ebrmjet Shigjetaris\u00eb - CBM - Community Building Mitrovica","isPartOf":{"@id":"https:\/\/cbmitrovica.org\/#website"},"datePublished":"2025-12-22T13:06:09+00:00","dateModified":"2025-12-22T13:06:10+00:00","breadcrumb":{"@id":"https:\/\/cbmitrovica.org\/sq\/projects\/bashkepunimi-nderetnik-nepermjet-shigjetarise\/#breadcrumb"},"inLanguage":"sq-AL","potentialAction":[{"@type":"ReadAction","target":["https:\/\/cbmitrovica.org\/sq\/projects\/bashkepunimi-nderetnik-nepermjet-shigjetarise\/"]}]},{"@type":"BreadcrumbList","@id":"https:\/\/cbmitrovica.org\/sq\/projects\/bashkepunimi-nderetnik-nepermjet-shigjetarise\/#breadcrumb","itemListElement":[{"@type":"ListItem","position":1,"name":"Home","item":"https:\/\/cbmitrovica.org\/sq\/"},{"@type":"ListItem","position":2,"name":"Activities","item":"https:\/\/cbmitrovica.org\/projects\/"},{"@type":"ListItem","position":3,"name":"Bashk\u00ebpunimi Nd\u00ebretnik n\u00ebp\u00ebrmjet Shigjetaris\u00eb"}]},{"@type":"WebSite","@id":"https:\/\/cbmitrovica.org\/#website","url":"https:\/\/cbmitrovica.org\/","name":"CBM - Community Building Mitrovica","description":"","potentialAction":[{"@type":"SearchAction","target":{"@type":"EntryPoint","urlTemplate":"https:\/\/cbmitrovica.org\/?s={search_term_string}"},"query-input":{"@type":"PropertyValueSpecification","valueRequired":true,"valueName":"search_term_string"}}],"inLanguage":"sq-AL"}]}},"_links":{"self":[{"href":"https:\/\/cbmitrovica.org\/sq\/wp-json\/wp\/v2\/pages\/381934","targetHints":{"allow":["GET"]}}],"collection":[{"href":"https:\/\/cbmitrovica.org\/sq\/wp-json\/wp\/v2\/pages"}],"about":[{"href":"https:\/\/cbmitrovica.org\/sq\/wp-json\/wp\/v2\/types\/page"}],"author":[{"embeddable":true,"href":"https:\/\/cbmitrovica.org\/sq\/wp-json\/wp\/v2\/users\/298"}],"replies":[{"embeddable":true,"href":"https:\/\/cbmitrovica.org\/sq\/wp-json\/wp\/v2\/comments?post=381934"}],"version-history":[{"count":2,"href":"https:\/\/cbmitrovica.org\/sq\/wp-json\/wp\/v2\/pages\/381934\/revisions"}],"predecessor-version":[{"id":381954,"href":"https:\/\/cbmitrovica.org\/sq\/wp-json\/wp\/v2\/pages\/381934\/revisions\/381954"}],"up":[{"embeddable":true,"href":"https:\/\/cbmitrovica.org\/sq\/wp-json\/wp\/v2\/pages\/83"}],"wp:attachment":[{"href":"https:\/\/cbmitrovica.org\/sq\/wp-json\/wp\/v2\/media?parent=381934"}],"curies":[{"name":"wp","href":"https:\/\/api.w.org\/{rel}","templated":true}]}}