{"id":381908,"date":"2025-12-22T12:40:07","date_gmt":"2025-12-22T12:40:07","guid":{"rendered":"https:\/\/cdb.eav.mybluehost.me\/cbm-rct\/?page_id=381908"},"modified":"2025-12-22T12:40:08","modified_gmt":"2025-12-22T12:40:08","slug":"sesion-informues-per-grantet-e-vullnetarizmit-i-mbajtur-ne-mitrovicen-e-veriut","status":"publish","type":"page","link":"https:\/\/cbmitrovica.org\/sq\/projects\/sesion-informues-per-grantet-e-vullnetarizmit-i-mbajtur-ne-mitrovicen-e-veriut\/","title":{"rendered":"Sesion informues p\u00ebr grantet e vullnetarizmit i mbajtur n\u00eb Mitrovic\u00ebn e Veriut"},"content":{"rendered":"\n<p>Sesioni i dyt\u00eb informues p\u00ebr thirrjen e hapur p\u00ebr grantet e vullnetarizmit u mbajt n\u00eb EU Info House n\u00eb Mitrovic\u00ebn e Veriut, duke bashkuar p\u00ebrfaq\u00ebsues t\u00eb shoq\u00ebris\u00eb civile dhe aktivist\u00eb. Pjes\u00ebmarr\u00ebsit u njoh\u00ebn me objektivat e programit, mund\u00ebsit\u00eb p\u00ebr mb\u00ebshtetjen e vullnetarizmit dhe angazhimit qytetar, si dhe me procesin e aplikimit. Ekipet nga KCSF dhe Community Building Mitrovica (CBM) prezantuan kriteret dhe procedurat kryesore, iu p\u00ebrgjigj\u00ebn pyetjeve dhe ofruan udh\u00ebzime praktike p\u00ebr organizatat dhe iniciativat e interesuara.<br><\/p>\n\n\n\n<p><\/p>\n\n\n\n<p><\/p>\n","protected":false},"excerpt":{"rendered":"<p>Sesioni i dyt\u00eb informues p\u00ebr thirrjen e hapur p\u00ebr grantet e vullnetarizmit u mbajt n\u00eb EU Info House n\u00eb Mitrovic\u00ebn e Veriut, duke bashkuar p\u00ebrfaq\u00ebsues t\u00eb shoq\u00ebris\u00eb civile dhe aktivist\u00eb. Pjes\u00ebmarr\u00ebsit u njoh\u00ebn me objektivat e programit, mund\u00ebsit\u00eb p\u00ebr mb\u00ebshtetjen e vullnetarizmit dhe angazhimit qytetar, si dhe me procesin e aplikimit. Ekipet nga KCSF dhe [&hellip;]<\/p>\n","protected":false},"author":298,"featured_media":0,"parent":83,"menu_order":0,"comment_status":"closed","ping_status":"closed","template":"template-singleactiviti.php","meta":{"_bbp_topic_count":0,"_bbp_reply_count":0,"_bbp_total_topic_count":0,"_bbp_total_reply_count":0,"_bbp_voice_count":0,"_bbp_anonymous_reply_count":0,"_bbp_topic_count_hidden":0,"_bbp_reply_count_hidden":0,"_bbp_forum_subforum_count":0,"_monsterinsights_skip_tracking":false,"_monsterinsights_sitenote_active":false,"_monsterinsights_sitenote_note":"","_monsterinsights_sitenote_category":0,"footnotes":""},"class_list":["post-381908","page","type-page","status-publish","hentry"],"acf":[],"yoast_head":"<!-- This site is optimized with the Yoast SEO plugin v24.2 - https:\/\/yoast.com\/wordpress\/plugins\/seo\/ -->\n<title>Sesion informues p\u00ebr grantet e vullnetarizmit i mbajtur n\u00eb Mitrovic\u00ebn e Veriut - CBM - Community Building Mitrovica<\/title>\n<meta name=\"robots\" content=\"index, follow, max-snippet:-1, max-image-preview:large, max-video-preview:-1\" \/>\n<link rel=\"canonical\" href=\"https:\/\/cbmitrovica.org\/sq\/projects\/sesion-informues-per-grantet-e-vullnetarizmit-i-mbajtur-ne-mitrovicen-e-veriut\/\" \/>\n<meta property=\"og:locale\" content=\"sq_AL\" \/>\n<meta property=\"og:type\" content=\"article\" \/>\n<meta property=\"og:title\" content=\"Sesion informues p\u00ebr grantet e vullnetarizmit i mbajtur n\u00eb Mitrovic\u00ebn e Veriut - CBM - Community Building Mitrovica\" \/>\n<meta property=\"og:description\" content=\"Sesioni i dyt\u00eb informues p\u00ebr thirrjen e hapur p\u00ebr grantet e vullnetarizmit u mbajt n\u00eb EU Info House n\u00eb Mitrovic\u00ebn e Veriut, duke bashkuar p\u00ebrfaq\u00ebsues t\u00eb shoq\u00ebris\u00eb civile dhe aktivist\u00eb. Pjes\u00ebmarr\u00ebsit u njoh\u00ebn me objektivat e programit, mund\u00ebsit\u00eb p\u00ebr mb\u00ebshtetjen e vullnetarizmit dhe angazhimit qytetar, si dhe me procesin e aplikimit. Ekipet nga KCSF dhe [&hellip;]\" \/>\n<meta property=\"og:url\" content=\"https:\/\/cbmitrovica.org\/sq\/projects\/sesion-informues-per-grantet-e-vullnetarizmit-i-mbajtur-ne-mitrovicen-e-veriut\/\" \/>\n<meta property=\"og:site_name\" content=\"CBM - Community Building Mitrovica\" \/>\n<meta property=\"article:modified_time\" content=\"2025-12-22T12:40:08+00:00\" \/>\n<meta property=\"og:image\" content=\"https:\/\/cbmitrovica.org\/wp-content\/uploads\/2021\/12\/viber-image-2021-12-21-15-40-54-153.jpg\" \/>\n\t<meta property=\"og:image:width\" content=\"1600\" \/>\n\t<meta property=\"og:image:height\" content=\"900\" \/>\n\t<meta property=\"og:image:type\" content=\"image\/jpeg\" \/>\n<meta name=\"twitter:card\" content=\"summary_large_image\" \/>\n<meta name=\"twitter:label1\" content=\"Est. reading time\" \/>\n\t<meta name=\"twitter:data1\" content=\"1 minute\" \/>\n<script type=\"application\/ld+json\" class=\"yoast-schema-graph\">{\"@context\":\"https:\/\/schema.org\",\"@graph\":[{\"@type\":\"WebPage\",\"@id\":\"https:\/\/cbmitrovica.org\/sq\/projects\/sesion-informues-per-grantet-e-vullnetarizmit-i-mbajtur-ne-mitrovicen-e-veriut\/\",\"url\":\"https:\/\/cbmitrovica.org\/sq\/projects\/sesion-informues-per-grantet-e-vullnetarizmit-i-mbajtur-ne-mitrovicen-e-veriut\/\",\"name\":\"Sesion informues p\u00ebr grantet e vullnetarizmit i mbajtur n\u00eb Mitrovic\u00ebn e Veriut - CBM - Community Building Mitrovica\",\"isPartOf\":{\"@id\":\"https:\/\/cbmitrovica.org\/#website\"},\"datePublished\":\"2025-12-22T12:40:07+00:00\",\"dateModified\":\"2025-12-22T12:40:08+00:00\",\"breadcrumb\":{\"@id\":\"https:\/\/cbmitrovica.org\/sq\/projects\/sesion-informues-per-grantet-e-vullnetarizmit-i-mbajtur-ne-mitrovicen-e-veriut\/#breadcrumb\"},\"inLanguage\":\"sq-AL\",\"potentialAction\":[{\"@type\":\"ReadAction\",\"target\":[\"https:\/\/cbmitrovica.org\/sq\/projects\/sesion-informues-per-grantet-e-vullnetarizmit-i-mbajtur-ne-mitrovicen-e-veriut\/\"]}]},{\"@type\":\"BreadcrumbList\",\"@id\":\"https:\/\/cbmitrovica.org\/sq\/projects\/sesion-informues-per-grantet-e-vullnetarizmit-i-mbajtur-ne-mitrovicen-e-veriut\/#breadcrumb\",\"itemListElement\":[{\"@type\":\"ListItem\",\"position\":1,\"name\":\"Home\",\"item\":\"https:\/\/cbmitrovica.org\/sq\/\"},{\"@type\":\"ListItem\",\"position\":2,\"name\":\"Activities\",\"item\":\"https:\/\/cbmitrovica.org\/projects\/\"},{\"@type\":\"ListItem\",\"position\":3,\"name\":\"Sesion informues p\u00ebr grantet e vullnetarizmit i mbajtur n\u00eb Mitrovic\u00ebn e Veriut\"}]},{\"@type\":\"WebSite\",\"@id\":\"https:\/\/cbmitrovica.org\/#website\",\"url\":\"https:\/\/cbmitrovica.org\/\",\"name\":\"CBM - Community Building Mitrovica\",\"description\":\"\",\"potentialAction\":[{\"@type\":\"SearchAction\",\"target\":{\"@type\":\"EntryPoint\",\"urlTemplate\":\"https:\/\/cbmitrovica.org\/?s={search_term_string}\"},\"query-input\":{\"@type\":\"PropertyValueSpecification\",\"valueRequired\":true,\"valueName\":\"search_term_string\"}}],\"inLanguage\":\"sq-AL\"}]}<\/script>\n<!-- \/ Yoast SEO plugin. -->","yoast_head_json":{"title":"Sesion informues p\u00ebr grantet e vullnetarizmit i mbajtur n\u00eb Mitrovic\u00ebn e Veriut - CBM - Community Building Mitrovica","robots":{"index":"index","follow":"follow","max-snippet":"max-snippet:-1","max-image-preview":"max-image-preview:large","max-video-preview":"max-video-preview:-1"},"canonical":"https:\/\/cbmitrovica.org\/sq\/projects\/sesion-informues-per-grantet-e-vullnetarizmit-i-mbajtur-ne-mitrovicen-e-veriut\/","og_locale":"sq_AL","og_type":"article","og_title":"Sesion informues p\u00ebr grantet e vullnetarizmit i mbajtur n\u00eb Mitrovic\u00ebn e Veriut - CBM - Community Building Mitrovica","og_description":"Sesioni i dyt\u00eb informues p\u00ebr thirrjen e hapur p\u00ebr grantet e vullnetarizmit u mbajt n\u00eb EU Info House n\u00eb Mitrovic\u00ebn e Veriut, duke bashkuar p\u00ebrfaq\u00ebsues t\u00eb shoq\u00ebris\u00eb civile dhe aktivist\u00eb. Pjes\u00ebmarr\u00ebsit u njoh\u00ebn me objektivat e programit, mund\u00ebsit\u00eb p\u00ebr mb\u00ebshtetjen e vullnetarizmit dhe angazhimit qytetar, si dhe me procesin e aplikimit. Ekipet nga KCSF dhe [&hellip;]","og_url":"https:\/\/cbmitrovica.org\/sq\/projects\/sesion-informues-per-grantet-e-vullnetarizmit-i-mbajtur-ne-mitrovicen-e-veriut\/","og_site_name":"CBM - Community Building Mitrovica","article_modified_time":"2025-12-22T12:40:08+00:00","og_image":[{"width":1600,"height":900,"url":"https:\/\/cbmitrovica.org\/wp-content\/uploads\/2021\/12\/viber-image-2021-12-21-15-40-54-153.jpg","type":"image\/jpeg"}],"twitter_card":"summary_large_image","twitter_misc":{"Est. reading time":"1 minute"},"schema":{"@context":"https:\/\/schema.org","@graph":[{"@type":"WebPage","@id":"https:\/\/cbmitrovica.org\/sq\/projects\/sesion-informues-per-grantet-e-vullnetarizmit-i-mbajtur-ne-mitrovicen-e-veriut\/","url":"https:\/\/cbmitrovica.org\/sq\/projects\/sesion-informues-per-grantet-e-vullnetarizmit-i-mbajtur-ne-mitrovicen-e-veriut\/","name":"Sesion informues p\u00ebr grantet e vullnetarizmit i mbajtur n\u00eb Mitrovic\u00ebn e Veriut - CBM - Community Building Mitrovica","isPartOf":{"@id":"https:\/\/cbmitrovica.org\/#website"},"datePublished":"2025-12-22T12:40:07+00:00","dateModified":"2025-12-22T12:40:08+00:00","breadcrumb":{"@id":"https:\/\/cbmitrovica.org\/sq\/projects\/sesion-informues-per-grantet-e-vullnetarizmit-i-mbajtur-ne-mitrovicen-e-veriut\/#breadcrumb"},"inLanguage":"sq-AL","potentialAction":[{"@type":"ReadAction","target":["https:\/\/cbmitrovica.org\/sq\/projects\/sesion-informues-per-grantet-e-vullnetarizmit-i-mbajtur-ne-mitrovicen-e-veriut\/"]}]},{"@type":"BreadcrumbList","@id":"https:\/\/cbmitrovica.org\/sq\/projects\/sesion-informues-per-grantet-e-vullnetarizmit-i-mbajtur-ne-mitrovicen-e-veriut\/#breadcrumb","itemListElement":[{"@type":"ListItem","position":1,"name":"Home","item":"https:\/\/cbmitrovica.org\/sq\/"},{"@type":"ListItem","position":2,"name":"Activities","item":"https:\/\/cbmitrovica.org\/projects\/"},{"@type":"ListItem","position":3,"name":"Sesion informues p\u00ebr grantet e vullnetarizmit i mbajtur n\u00eb Mitrovic\u00ebn e Veriut"}]},{"@type":"WebSite","@id":"https:\/\/cbmitrovica.org\/#website","url":"https:\/\/cbmitrovica.org\/","name":"CBM - Community Building Mitrovica","description":"","potentialAction":[{"@type":"SearchAction","target":{"@type":"EntryPoint","urlTemplate":"https:\/\/cbmitrovica.org\/?s={search_term_string}"},"query-input":{"@type":"PropertyValueSpecification","valueRequired":true,"valueName":"search_term_string"}}],"inLanguage":"sq-AL"}]}},"_links":{"self":[{"href":"https:\/\/cbmitrovica.org\/sq\/wp-json\/wp\/v2\/pages\/381908","targetHints":{"allow":["GET"]}}],"collection":[{"href":"https:\/\/cbmitrovica.org\/sq\/wp-json\/wp\/v2\/pages"}],"about":[{"href":"https:\/\/cbmitrovica.org\/sq\/wp-json\/wp\/v2\/types\/page"}],"author":[{"embeddable":true,"href":"https:\/\/cbmitrovica.org\/sq\/wp-json\/wp\/v2\/users\/298"}],"replies":[{"embeddable":true,"href":"https:\/\/cbmitrovica.org\/sq\/wp-json\/wp\/v2\/comments?post=381908"}],"version-history":[{"count":2,"href":"https:\/\/cbmitrovica.org\/sq\/wp-json\/wp\/v2\/pages\/381908\/revisions"}],"predecessor-version":[{"id":381912,"href":"https:\/\/cbmitrovica.org\/sq\/wp-json\/wp\/v2\/pages\/381908\/revisions\/381912"}],"up":[{"embeddable":true,"href":"https:\/\/cbmitrovica.org\/sq\/wp-json\/wp\/v2\/pages\/83"}],"wp:attachment":[{"href":"https:\/\/cbmitrovica.org\/sq\/wp-json\/wp\/v2\/media?parent=381908"}],"curies":[{"name":"wp","href":"https:\/\/api.w.org\/{rel}","templated":true}]}}