{"id":381828,"date":"2025-12-19T10:12:51","date_gmt":"2025-12-19T10:12:51","guid":{"rendered":"https:\/\/cdb.eav.mybluehost.me\/cbm-rct\/?page_id=381828"},"modified":"2025-12-19T10:12:52","modified_gmt":"2025-12-19T10:12:52","slug":"permbyllja-e-critical-voices-media-literacy-for-resilient-youth-in-mitrovica","status":"publish","type":"page","link":"https:\/\/cbmitrovica.org\/sq\/activities\/permbyllja-e-critical-voices-media-literacy-for-resilient-youth-in-mitrovica\/","title":{"rendered":"P\u00ebrmbyllja e \u2018Critical Voices: Media Literacy for Resilient Youth in Mitrovica\u2019"},"content":{"rendered":"\n<p>Mbr\u00ebm\u00eb, pjes\u00ebmarr\u00ebsit e pun\u00ebtorive tona p\u00ebr edukim medial mor\u00ebn pjes\u00eb n\u00eb nj\u00eb ngjarje reflektuese p\u00ebrmbyll\u00ebse nj\u00eb hap\u00ebsir\u00eb p\u00ebr t\u2019u rikthyer te ajo q\u00eb m\u00ebsuan, p\u00ebr t\u00eb ndar\u00eb p\u00ebrvojat e tyre dhe p\u00ebr t\u00eb reflektuar mbi m\u00ebnyr\u00ebn se si u ka ndryshuar qasja ndaj mediave gjat\u00eb k\u00ebsaj periudhe.<\/p>\n\n\n\n<p>S\u00eb bashku me gazetaret Jelena Cvetanovi\u0107 dhe Daniela Toma\u0161evi\u0107 nga Radio Kontakt Plus, biseduam edhe nj\u00eb her\u00eb mbi m\u00ebnyr\u00ebn se si t\u00eb rinjt\u00eb tashm\u00eb po i qasen lajmeve me m\u00eb shum\u00eb mendim kritik: duke v\u00ebn\u00eb n\u00eb dyshim burimet, duke identifikuar dezinformimin dhe duke njohur anshm\u00ebrin\u00eb mediale. Reflektimet e tyre treguan qart\u00eb se sa shum\u00eb kan\u00eb p\u00ebrparuar gjat\u00eb muajve t\u00eb fundit nga kuptimi i lajmeve t\u00eb rreme dhe gazetaris\u00eb etike, deri te nd\u00ebrtimi i siguris\u00eb p\u00ebr t\u00eb lundruar n\u00eb peizazhe mediale komplekse.<\/p>\n\n\n\n<p>Diskutimi na konfirmoi se njohurit\u00eb e fituara gjat\u00eb k\u00ebtij projekti do t\u00eb ken\u00eb nj\u00eb ndikim t\u00eb q\u00ebndruesh\u00ebm. T\u00eb rinjt\u00eb tani jan\u00eb m\u00eb t\u00eb p\u00ebrgatitur t\u00eb mendojn\u00eb n\u00eb m\u00ebnyr\u00eb kritike, t\u00eb komunikojn\u00eb me p\u00ebrgjegj\u00ebsi dhe t\u00eb mbeten t\u00eb q\u00ebndruesh\u00ebm n\u00eb nj\u00eb mjedis sfidues dhe shpesh t\u00eb polarizuar.<\/p>\n\n\n\n<p>Nj\u00eb fal\u00ebnderim i madh shkon p\u00ebr Zyr\u00ebn e K\u00ebshillit t\u00eb Evrop\u00ebs n\u00eb Prishtin\u00eb p\u00ebr mb\u00ebshtetjen e vazhdueshme, si dhe p\u00ebr Radio Kontakt Plus p\u00ebr partneritetin e shk\u00eblqyer. Dhe sigurisht, mir\u00ebnjohje t\u00eb ve\u00e7ant\u00eb p\u00ebr Jelena dhe Daniela p\u00ebr p\u00ebrkushtimin, profesionalizmin dhe pun\u00ebn frym\u00ebzuese me t\u00eb rinjt\u00eb.<\/p>\n\n\n\n<p>Kjo ngjarje mb\u00ebshtetet nga Zyra e K\u00ebshillit t\u00eb Evrop\u00ebs n\u00eb Prishtin\u00eb, n\u00eb kuad\u00ebr t\u00eb projektit \u201cFostering societal cohesion by reinforcing minority rights and minority languages\u201d<\/p>\n\n\n\n<p><\/p>\n","protected":false},"excerpt":{"rendered":"<p>Mbr\u00ebm\u00eb, pjes\u00ebmarr\u00ebsit e pun\u00ebtorive tona p\u00ebr edukim medial mor\u00ebn pjes\u00eb n\u00eb nj\u00eb ngjarje reflektuese p\u00ebrmbyll\u00ebse nj\u00eb hap\u00ebsir\u00eb p\u00ebr t\u2019u rikthyer te ajo q\u00eb m\u00ebsuan, p\u00ebr t\u00eb ndar\u00eb p\u00ebrvojat e tyre dhe p\u00ebr t\u00eb reflektuar mbi m\u00ebnyr\u00ebn se si u ka ndryshuar qasja ndaj mediave gjat\u00eb k\u00ebsaj periudhe. S\u00eb bashku me gazetaret Jelena Cvetanovi\u0107 dhe Daniela [&hellip;]<\/p>\n","protected":false},"author":298,"featured_media":0,"parent":215,"menu_order":0,"comment_status":"closed","ping_status":"closed","template":"template-singleactiviti.php","meta":{"_bbp_topic_count":0,"_bbp_reply_count":0,"_bbp_total_topic_count":0,"_bbp_total_reply_count":0,"_bbp_voice_count":0,"_bbp_anonymous_reply_count":0,"_bbp_topic_count_hidden":0,"_bbp_reply_count_hidden":0,"_bbp_forum_subforum_count":0,"_monsterinsights_skip_tracking":false,"_monsterinsights_sitenote_active":false,"_monsterinsights_sitenote_note":"","_monsterinsights_sitenote_category":0,"footnotes":""},"class_list":["post-381828","page","type-page","status-publish","hentry"],"acf":[],"yoast_head":"<!-- This site is optimized with the Yoast SEO plugin v24.2 - https:\/\/yoast.com\/wordpress\/plugins\/seo\/ -->\n<title>P\u00ebrmbyllja e \u2018Critical Voices: Media Literacy for Resilient Youth in Mitrovica\u2019 - CBM - Community Building Mitrovica<\/title>\n<meta name=\"robots\" content=\"index, follow, max-snippet:-1, max-image-preview:large, max-video-preview:-1\" \/>\n<link rel=\"canonical\" href=\"https:\/\/cbmitrovica.org\/sq\/activities\/permbyllja-e-critical-voices-media-literacy-for-resilient-youth-in-mitrovica\/\" \/>\n<meta property=\"og:locale\" content=\"sq_AL\" \/>\n<meta property=\"og:type\" content=\"article\" \/>\n<meta property=\"og:title\" content=\"P\u00ebrmbyllja e \u2018Critical Voices: Media Literacy for Resilient Youth in Mitrovica\u2019 - CBM - Community Building Mitrovica\" \/>\n<meta property=\"og:description\" content=\"Mbr\u00ebm\u00eb, pjes\u00ebmarr\u00ebsit e pun\u00ebtorive tona p\u00ebr edukim medial mor\u00ebn pjes\u00eb n\u00eb nj\u00eb ngjarje reflektuese p\u00ebrmbyll\u00ebse nj\u00eb hap\u00ebsir\u00eb p\u00ebr t\u2019u rikthyer te ajo q\u00eb m\u00ebsuan, p\u00ebr t\u00eb ndar\u00eb p\u00ebrvojat e tyre dhe p\u00ebr t\u00eb reflektuar mbi m\u00ebnyr\u00ebn se si u ka ndryshuar qasja ndaj mediave gjat\u00eb k\u00ebsaj periudhe. S\u00eb bashku me gazetaret Jelena Cvetanovi\u0107 dhe Daniela [&hellip;]\" \/>\n<meta property=\"og:url\" content=\"https:\/\/cbmitrovica.org\/sq\/activities\/permbyllja-e-critical-voices-media-literacy-for-resilient-youth-in-mitrovica\/\" \/>\n<meta property=\"og:site_name\" content=\"CBM - Community Building Mitrovica\" \/>\n<meta property=\"article:modified_time\" content=\"2025-12-19T10:12:52+00:00\" \/>\n<meta property=\"og:image\" content=\"https:\/\/cbmitrovica.org\/wp-content\/uploads\/2021\/12\/viber-image-2021-12-21-15-40-54-153.jpg\" \/>\n\t<meta property=\"og:image:width\" content=\"1600\" \/>\n\t<meta property=\"og:image:height\" content=\"900\" \/>\n\t<meta property=\"og:image:type\" content=\"image\/jpeg\" \/>\n<meta name=\"twitter:card\" content=\"summary_large_image\" \/>\n<meta name=\"twitter:label1\" content=\"Est. reading time\" \/>\n\t<meta name=\"twitter:data1\" content=\"2 minutes\" \/>\n<script type=\"application\/ld+json\" class=\"yoast-schema-graph\">{\"@context\":\"https:\/\/schema.org\",\"@graph\":[{\"@type\":\"WebPage\",\"@id\":\"https:\/\/cbmitrovica.org\/sq\/activities\/permbyllja-e-critical-voices-media-literacy-for-resilient-youth-in-mitrovica\/\",\"url\":\"https:\/\/cbmitrovica.org\/sq\/activities\/permbyllja-e-critical-voices-media-literacy-for-resilient-youth-in-mitrovica\/\",\"name\":\"P\u00ebrmbyllja e \u2018Critical Voices: Media Literacy for Resilient Youth in Mitrovica\u2019 - CBM - Community Building Mitrovica\",\"isPartOf\":{\"@id\":\"https:\/\/cbmitrovica.org\/#website\"},\"datePublished\":\"2025-12-19T10:12:51+00:00\",\"dateModified\":\"2025-12-19T10:12:52+00:00\",\"breadcrumb\":{\"@id\":\"https:\/\/cbmitrovica.org\/sq\/activities\/permbyllja-e-critical-voices-media-literacy-for-resilient-youth-in-mitrovica\/#breadcrumb\"},\"inLanguage\":\"sq-AL\",\"potentialAction\":[{\"@type\":\"ReadAction\",\"target\":[\"https:\/\/cbmitrovica.org\/sq\/activities\/permbyllja-e-critical-voices-media-literacy-for-resilient-youth-in-mitrovica\/\"]}]},{\"@type\":\"BreadcrumbList\",\"@id\":\"https:\/\/cbmitrovica.org\/sq\/activities\/permbyllja-e-critical-voices-media-literacy-for-resilient-youth-in-mitrovica\/#breadcrumb\",\"itemListElement\":[{\"@type\":\"ListItem\",\"position\":1,\"name\":\"Home\",\"item\":\"https:\/\/cbmitrovica.org\/sq\/\"},{\"@type\":\"ListItem\",\"position\":2,\"name\":\"Aktivitetet\",\"item\":\"https:\/\/cbmitrovica.org\/sq\/activities\/\"},{\"@type\":\"ListItem\",\"position\":3,\"name\":\"P\u00ebrmbyllja e \u2018Critical Voices: Media Literacy for Resilient Youth in Mitrovica\u2019\"}]},{\"@type\":\"WebSite\",\"@id\":\"https:\/\/cbmitrovica.org\/#website\",\"url\":\"https:\/\/cbmitrovica.org\/\",\"name\":\"CBM - Community Building Mitrovica\",\"description\":\"\",\"potentialAction\":[{\"@type\":\"SearchAction\",\"target\":{\"@type\":\"EntryPoint\",\"urlTemplate\":\"https:\/\/cbmitrovica.org\/?s={search_term_string}\"},\"query-input\":{\"@type\":\"PropertyValueSpecification\",\"valueRequired\":true,\"valueName\":\"search_term_string\"}}],\"inLanguage\":\"sq-AL\"}]}<\/script>\n<!-- \/ Yoast SEO plugin. -->","yoast_head_json":{"title":"P\u00ebrmbyllja e \u2018Critical Voices: Media Literacy for Resilient Youth in Mitrovica\u2019 - CBM - Community Building Mitrovica","robots":{"index":"index","follow":"follow","max-snippet":"max-snippet:-1","max-image-preview":"max-image-preview:large","max-video-preview":"max-video-preview:-1"},"canonical":"https:\/\/cbmitrovica.org\/sq\/activities\/permbyllja-e-critical-voices-media-literacy-for-resilient-youth-in-mitrovica\/","og_locale":"sq_AL","og_type":"article","og_title":"P\u00ebrmbyllja e \u2018Critical Voices: Media Literacy for Resilient Youth in Mitrovica\u2019 - CBM - Community Building Mitrovica","og_description":"Mbr\u00ebm\u00eb, pjes\u00ebmarr\u00ebsit e pun\u00ebtorive tona p\u00ebr edukim medial mor\u00ebn pjes\u00eb n\u00eb nj\u00eb ngjarje reflektuese p\u00ebrmbyll\u00ebse nj\u00eb hap\u00ebsir\u00eb p\u00ebr t\u2019u rikthyer te ajo q\u00eb m\u00ebsuan, p\u00ebr t\u00eb ndar\u00eb p\u00ebrvojat e tyre dhe p\u00ebr t\u00eb reflektuar mbi m\u00ebnyr\u00ebn se si u ka ndryshuar qasja ndaj mediave gjat\u00eb k\u00ebsaj periudhe. S\u00eb bashku me gazetaret Jelena Cvetanovi\u0107 dhe Daniela [&hellip;]","og_url":"https:\/\/cbmitrovica.org\/sq\/activities\/permbyllja-e-critical-voices-media-literacy-for-resilient-youth-in-mitrovica\/","og_site_name":"CBM - Community Building Mitrovica","article_modified_time":"2025-12-19T10:12:52+00:00","og_image":[{"width":1600,"height":900,"url":"https:\/\/cbmitrovica.org\/wp-content\/uploads\/2021\/12\/viber-image-2021-12-21-15-40-54-153.jpg","type":"image\/jpeg"}],"twitter_card":"summary_large_image","twitter_misc":{"Est. reading time":"2 minutes"},"schema":{"@context":"https:\/\/schema.org","@graph":[{"@type":"WebPage","@id":"https:\/\/cbmitrovica.org\/sq\/activities\/permbyllja-e-critical-voices-media-literacy-for-resilient-youth-in-mitrovica\/","url":"https:\/\/cbmitrovica.org\/sq\/activities\/permbyllja-e-critical-voices-media-literacy-for-resilient-youth-in-mitrovica\/","name":"P\u00ebrmbyllja e \u2018Critical Voices: Media Literacy for Resilient Youth in Mitrovica\u2019 - CBM - Community Building Mitrovica","isPartOf":{"@id":"https:\/\/cbmitrovica.org\/#website"},"datePublished":"2025-12-19T10:12:51+00:00","dateModified":"2025-12-19T10:12:52+00:00","breadcrumb":{"@id":"https:\/\/cbmitrovica.org\/sq\/activities\/permbyllja-e-critical-voices-media-literacy-for-resilient-youth-in-mitrovica\/#breadcrumb"},"inLanguage":"sq-AL","potentialAction":[{"@type":"ReadAction","target":["https:\/\/cbmitrovica.org\/sq\/activities\/permbyllja-e-critical-voices-media-literacy-for-resilient-youth-in-mitrovica\/"]}]},{"@type":"BreadcrumbList","@id":"https:\/\/cbmitrovica.org\/sq\/activities\/permbyllja-e-critical-voices-media-literacy-for-resilient-youth-in-mitrovica\/#breadcrumb","itemListElement":[{"@type":"ListItem","position":1,"name":"Home","item":"https:\/\/cbmitrovica.org\/sq\/"},{"@type":"ListItem","position":2,"name":"Aktivitetet","item":"https:\/\/cbmitrovica.org\/sq\/activities\/"},{"@type":"ListItem","position":3,"name":"P\u00ebrmbyllja e \u2018Critical Voices: Media Literacy for Resilient Youth in Mitrovica\u2019"}]},{"@type":"WebSite","@id":"https:\/\/cbmitrovica.org\/#website","url":"https:\/\/cbmitrovica.org\/","name":"CBM - Community Building Mitrovica","description":"","potentialAction":[{"@type":"SearchAction","target":{"@type":"EntryPoint","urlTemplate":"https:\/\/cbmitrovica.org\/?s={search_term_string}"},"query-input":{"@type":"PropertyValueSpecification","valueRequired":true,"valueName":"search_term_string"}}],"inLanguage":"sq-AL"}]}},"_links":{"self":[{"href":"https:\/\/cbmitrovica.org\/sq\/wp-json\/wp\/v2\/pages\/381828","targetHints":{"allow":["GET"]}}],"collection":[{"href":"https:\/\/cbmitrovica.org\/sq\/wp-json\/wp\/v2\/pages"}],"about":[{"href":"https:\/\/cbmitrovica.org\/sq\/wp-json\/wp\/v2\/types\/page"}],"author":[{"embeddable":true,"href":"https:\/\/cbmitrovica.org\/sq\/wp-json\/wp\/v2\/users\/298"}],"replies":[{"embeddable":true,"href":"https:\/\/cbmitrovica.org\/sq\/wp-json\/wp\/v2\/comments?post=381828"}],"version-history":[{"count":2,"href":"https:\/\/cbmitrovica.org\/sq\/wp-json\/wp\/v2\/pages\/381828\/revisions"}],"predecessor-version":[{"id":381830,"href":"https:\/\/cbmitrovica.org\/sq\/wp-json\/wp\/v2\/pages\/381828\/revisions\/381830"}],"up":[{"embeddable":true,"href":"https:\/\/cbmitrovica.org\/sq\/wp-json\/wp\/v2\/pages\/215"}],"wp:attachment":[{"href":"https:\/\/cbmitrovica.org\/sq\/wp-json\/wp\/v2\/media?parent=381828"}],"curies":[{"name":"wp","href":"https:\/\/api.w.org\/{rel}","templated":true}]}}